{"id":9798,"date":"2024-01-27T17:42:26","date_gmt":"2024-01-27T17:42:26","guid":{"rendered":"https:\/\/ariale.ro\/?post_type=product&#038;p=9798"},"modified":"2025-10-15T23:39:43","modified_gmt":"2025-10-15T23:39:43","slug":"lenjerie-de-pat-zenith-blush-ariale-pentru-2-persoane-4-piese-bumbac-ranforce-multicolor","status":"publish","type":"product","link":"https:\/\/ariale.ro\/index.php\/product\/lenjerie-de-pat-zenith-blush-ariale-pentru-2-persoane-4-piese-bumbac-ranforce-multicolor\/","title":{"rendered":"Lenjerie de pat Zenith Blush Ariale, pentru 2 persoane, 4 piese, bumbac ranforce, Multicolor"},"content":{"rendered":"<p>Lenjeria de pat pentru Zenith Blush ARIALE este o alegere rafinat\u0103 \u0219i luxoas\u0103 pentru orice dormitor. Fabricat\u0103 din bumbac ranforce, aceast\u0103 lenjerie \u00eembin\u0103 elegan\u021ba cu confortul. Materialele naturale de excep\u021bie din care este confec\u021bionat\u0103 asigur\u0103 o senza\u021bie pl\u0103cut\u0103 la atingere \u0219i ofer\u0103 un somn odihnitor.<\/p>\n<p>Tes\u0103tura fin\u0103, realizat\u0103 cu mare pricepere, confer\u0103 lenjeriei rezisten\u021b\u0103 \u0219i durabilitate remarcabile. Aceast\u0103 lenjerie de pat nu doar impresioneaz\u0103 prin estetic\u0103, ci \u0219i prin capacitatea sa de a rezista \u00een timp f\u0103r\u0103 s\u0103-\u0219i piard\u0103 din str\u0103lucire \u0219i luminozitate. Cu aten\u021bie la detalii \u0219i o execu\u021bie impecabil\u0103, fiecare pies\u0103 din lenjerie adaug\u0103 un plus de elegan\u021b\u0103 \u0219i rafinament dormitorului t\u0103u.<\/p>\n<p>Experimenteaz\u0103 senza\u021bia pl\u0103cut\u0103 a unui somn odihnitor \u00eenvelit \u00een aceast\u0103 lenjerie de pat de calitate superioar\u0103. Designul atr\u0103g\u0103tor \u0219i calitatea excep\u021bional\u0103 fac din lenjeria Zenith Blush ARIALE un element deosebit \u00een decorul dormitorului t\u0103u, care va r\u0103m\u00e2ne o alegere inspirat\u0103 pentru mult timp \u00een viitor.<\/p>\n<p>Produs\u0103 cu grij\u0103 in atelierul nostru Ariale, aceast\u0103 lenjerie ofer\u0103 o experien\u021b\u0103 de somn f\u0103r\u0103 egal. Setul include un cearceaf de pat 220&#215;240 cm, un cearceaf de pilota 200x220cm \u0219i 2\u00a0fete\u00a0de pern\u0103 de 50x70cm.<\/p>\n<p>Bumbacul ranforce, utilizat in fabricarea acestui set, adaug\u0103 o senza\u021bie de catifelare \u0219i rezisten\u021b\u0103 la lenjerie, oferindu-\u021bi astfel nu doar confort, ci \u0219i durabilitate in timp. Culorile rezistente la sp\u0103lare men\u021bin prospe\u021bimea \u0219i str\u0103lucirea setului.<\/p>\n<p>Destinatie:<\/p>\n<p>uz domestic, pentru acasa<br \/>\nCaracteristici material:<\/p>\n<p>Compozitie material 100% bumbac, tip ranforce<br \/>\nDensitate 120 g\/m2<br \/>\nConstructie tesatura: 144 fire\/inch2<br \/>\nSamforizat, adica are contractii foarte reduse la spalari repetate la temperatura inalta de spalare<br \/>\nUtilizare indelungata<br \/>\nComponentele si dimensiunile setului de lenjerie de pat bumbac:<br \/>\n1 x Cearceaf de pat 220 x\u00a0240cm,<br \/>\n1 x Cearceaf pentru pilota 200 x 220cm,<br \/>\n2 x Fata\u00a0de perna 50 x 70 cm (total 4\u00a0piese, pentru 2\u00a0persoane).<br \/>\nIntretinere:<\/p>\n<p>Spalare: automata sau manuala la temperatura maxima de 40 \u00b0C,<br \/>\nUscare: la uscatorul electric sau in aer liber,<br \/>\nCalcare: se poate calca conform temperaturilor pretabile pentru bumbac: 200 \u00b0C, cu sau fara abur.<\/p>\n","protected":false},"excerpt":{"rendered":"<p>Lenjeria de pat pentru Zenith Blush ARIALE este o alegere rafinat\u0103 \u0219i luxoas\u0103 pentru orice dormitor. Fabricat\u0103 din bumbac ranforce, aceast\u0103 lenjerie imbin\u0103 elegan\u021ba cu confortul. Materialele naturale de excep\u021bie din care este confec\u021bionat\u0103 asigur\u0103 o senza\u021bie pl\u0103cut\u0103 la atingere \u0219i ofer\u0103 un somn odihnitor.<\/p>\n<p>Componentele si dimensiunile setului de lenjerie de pat bumbac:<br \/>\n1 x Cearceaf de pat 220 x 240cm,<br \/>\n1 x Cearceaf pentru pilota 200 x 220cm,<br \/>\n2 x Fata de perna 50 x 70 cm (total 4 piese, pentru 2 persoane).<\/p>\n","protected":false},"featured_media":9821,"comment_status":"open","ping_status":"closed","template":"","meta":[],"product_brand":[],"product_cat":[73],"product_tag":[],"class_list":{"0":"post-9798","1":"product","2":"type-product","3":"status-publish","4":"has-post-thumbnail","6":"product_cat-lenjerii-clasice","8":"first","9":"instock","10":"shipping-taxable","11":"purchasable","12":"product-type-simple"},"yoast_head":"<!-- This site is optimized with the Yoast SEO plugin v27.2 - https:\/\/yoast.com\/product\/yoast-seo-wordpress\/ -->\n<title>Lenjerie de pat Zenith Blush Ariale, pentru 2 persoane, 4 piese, bumbac ranforce, Multicolor - Handmade Constanta<\/title>\n<meta name=\"description\" content=\"Bine a\u021bi venit in lumea fermecat\u0103 a acestei lenjerii de pat premium &quot;Arome de Poveste&quot;, unde fiecare detaliu este sculptat cu grij\u0103 \u0219i aten\u021bie folosind tehnologia de imprimare laser. Puteti experimenta confortul suprem \u0219i elegan\u021ba rafinat\u0103 oferite de aceasta lenjerie!\" \/>\n<meta name=\"robots\" content=\"index, follow, max-snippet:-1, max-image-preview:large, max-video-preview:-1\" \/>\n<link rel=\"canonical\" href=\"https:\/\/ariale.ro\/index.php\/product\/lenjerie-de-pat-zenith-blush-ariale-pentru-2-persoane-4-piese-bumbac-ranforce-multicolor\/\" \/>\n<meta property=\"og:locale\" content=\"ro_RO\" \/>\n<meta property=\"og:type\" content=\"article\" \/>\n<meta property=\"og:title\" content=\"Lenjerie de pat Zenith Blush Ariale, pentru 2 persoane, 4 piese, bumbac ranforce, Multicolor - Handmade Constanta\" \/>\n<meta property=\"og:description\" content=\"Bine a\u021bi venit in lumea fermecat\u0103 a acestei lenjerii de pat premium &quot;Arome de Poveste&quot;, unde fiecare detaliu este sculptat cu grij\u0103 \u0219i aten\u021bie folosind tehnologia de imprimare laser. Puteti experimenta confortul suprem \u0219i elegan\u021ba rafinat\u0103 oferite de aceasta lenjerie!\" \/>\n<meta property=\"og:url\" content=\"https:\/\/ariale.ro\/index.php\/product\/lenjerie-de-pat-zenith-blush-ariale-pentru-2-persoane-4-piese-bumbac-ranforce-multicolor\/\" \/>\n<meta property=\"og:site_name\" content=\"Handmade Constanta\" \/>\n<meta property=\"article:modified_time\" content=\"2025-10-15T23:39:43+00:00\" \/>\n<meta property=\"og:image\" content=\"https:\/\/ariale.ro\/wp-content\/uploads\/2024\/01\/23-1.jpg\" \/>\n\t<meta property=\"og:image:width\" content=\"800\" \/>\n\t<meta property=\"og:image:height\" content=\"700\" \/>\n\t<meta property=\"og:image:type\" content=\"image\/jpeg\" \/>\n<meta name=\"twitter:card\" content=\"summary_large_image\" \/>\n<meta name=\"twitter:label1\" content=\"Timp estimat pentru citire\" \/>\n\t<meta name=\"twitter:data1\" content=\"3 minute\" \/>\n<script type=\"application\/ld+json\" class=\"yoast-schema-graph\">{\"@context\":\"https:\/\/schema.org\",\"@graph\":[{\"@type\":\"WebPage\",\"@id\":\"https:\/\/ariale.ro\/index.php\/product\/lenjerie-de-pat-zenith-blush-ariale-pentru-2-persoane-4-piese-bumbac-ranforce-multicolor\/\",\"url\":\"https:\/\/ariale.ro\/index.php\/product\/lenjerie-de-pat-zenith-blush-ariale-pentru-2-persoane-4-piese-bumbac-ranforce-multicolor\/\",\"name\":\"Lenjerie de pat Zenith Blush Ariale, pentru 2 persoane, 4 piese, bumbac ranforce, Multicolor - Handmade Constanta\",\"isPartOf\":{\"@id\":\"https:\/\/ariale.ro\/#website\"},\"primaryImageOfPage\":{\"@id\":\"https:\/\/ariale.ro\/index.php\/product\/lenjerie-de-pat-zenith-blush-ariale-pentru-2-persoane-4-piese-bumbac-ranforce-multicolor\/#primaryimage\"},\"image\":{\"@id\":\"https:\/\/ariale.ro\/index.php\/product\/lenjerie-de-pat-zenith-blush-ariale-pentru-2-persoane-4-piese-bumbac-ranforce-multicolor\/#primaryimage\"},\"thumbnailUrl\":\"https:\/\/ariale.ro\/wp-content\/uploads\/2024\/01\/23-1.jpg\",\"datePublished\":\"2024-01-27T17:42:26+00:00\",\"dateModified\":\"2025-10-15T23:39:43+00:00\",\"description\":\"Bine a\u021bi venit in lumea fermecat\u0103 a acestei lenjerii de pat premium \\\"Arome de Poveste\\\", unde fiecare detaliu este sculptat cu grij\u0103 \u0219i aten\u021bie folosind tehnologia de imprimare laser. Puteti experimenta confortul suprem \u0219i elegan\u021ba rafinat\u0103 oferite de aceasta lenjerie!\",\"breadcrumb\":{\"@id\":\"https:\/\/ariale.ro\/index.php\/product\/lenjerie-de-pat-zenith-blush-ariale-pentru-2-persoane-4-piese-bumbac-ranforce-multicolor\/#breadcrumb\"},\"inLanguage\":\"ro-RO\",\"potentialAction\":[{\"@type\":\"ReadAction\",\"target\":[\"https:\/\/ariale.ro\/index.php\/product\/lenjerie-de-pat-zenith-blush-ariale-pentru-2-persoane-4-piese-bumbac-ranforce-multicolor\/\"]}]},{\"@type\":\"ImageObject\",\"inLanguage\":\"ro-RO\",\"@id\":\"https:\/\/ariale.ro\/index.php\/product\/lenjerie-de-pat-zenith-blush-ariale-pentru-2-persoane-4-piese-bumbac-ranforce-multicolor\/#primaryimage\",\"url\":\"https:\/\/ariale.ro\/wp-content\/uploads\/2024\/01\/23-1.jpg\",\"contentUrl\":\"https:\/\/ariale.ro\/wp-content\/uploads\/2024\/01\/23-1.jpg\",\"width\":800,\"height\":700},{\"@type\":\"BreadcrumbList\",\"@id\":\"https:\/\/ariale.ro\/index.php\/product\/lenjerie-de-pat-zenith-blush-ariale-pentru-2-persoane-4-piese-bumbac-ranforce-multicolor\/#breadcrumb\",\"itemListElement\":[{\"@type\":\"ListItem\",\"position\":1,\"name\":\"Prima pagin\u0103\",\"item\":\"https:\/\/ariale.ro\/\"},{\"@type\":\"ListItem\",\"position\":2,\"name\":\"Shop\",\"item\":\"https:\/\/ariale.ro\/index.php\/shop\/\"},{\"@type\":\"ListItem\",\"position\":3,\"name\":\"Lenjerie de pat Zenith Blush Ariale, pentru 2 persoane, 4 piese, bumbac ranforce, Multicolor\"}]},{\"@type\":\"WebSite\",\"@id\":\"https:\/\/ariale.ro\/#website\",\"url\":\"https:\/\/ariale.ro\/\",\"name\":\"Handmade Constanta\",\"description\":\"Magazin online cu articole lucrate manual in Romania! Transport rapid! Preturi mici! Livrare din Stoc!\",\"potentialAction\":[{\"@type\":\"SearchAction\",\"target\":{\"@type\":\"EntryPoint\",\"urlTemplate\":\"https:\/\/ariale.ro\/?s={search_term_string}\"},\"query-input\":{\"@type\":\"PropertyValueSpecification\",\"valueRequired\":true,\"valueName\":\"search_term_string\"}}],\"inLanguage\":\"ro-RO\"}]}<\/script>\n<!-- \/ Yoast SEO plugin. -->","yoast_head_json":{"title":"Lenjerie de pat Zenith Blush Ariale, pentru 2 persoane, 4 piese, bumbac ranforce, Multicolor - Handmade Constanta","description":"Bine a\u021bi venit in lumea fermecat\u0103 a acestei lenjerii de pat premium \"Arome de Poveste\", unde fiecare detaliu este sculptat cu grij\u0103 \u0219i aten\u021bie folosind tehnologia de imprimare laser. Puteti experimenta confortul suprem \u0219i elegan\u021ba rafinat\u0103 oferite de aceasta lenjerie!","robots":{"index":"index","follow":"follow","max-snippet":"max-snippet:-1","max-image-preview":"max-image-preview:large","max-video-preview":"max-video-preview:-1"},"canonical":"https:\/\/ariale.ro\/index.php\/product\/lenjerie-de-pat-zenith-blush-ariale-pentru-2-persoane-4-piese-bumbac-ranforce-multicolor\/","og_locale":"ro_RO","og_type":"article","og_title":"Lenjerie de pat Zenith Blush Ariale, pentru 2 persoane, 4 piese, bumbac ranforce, Multicolor - Handmade Constanta","og_description":"Bine a\u021bi venit in lumea fermecat\u0103 a acestei lenjerii de pat premium \"Arome de Poveste\", unde fiecare detaliu este sculptat cu grij\u0103 \u0219i aten\u021bie folosind tehnologia de imprimare laser. Puteti experimenta confortul suprem \u0219i elegan\u021ba rafinat\u0103 oferite de aceasta lenjerie!","og_url":"https:\/\/ariale.ro\/index.php\/product\/lenjerie-de-pat-zenith-blush-ariale-pentru-2-persoane-4-piese-bumbac-ranforce-multicolor\/","og_site_name":"Handmade Constanta","article_modified_time":"2025-10-15T23:39:43+00:00","og_image":[{"width":800,"height":700,"url":"https:\/\/ariale.ro\/wp-content\/uploads\/2024\/01\/23-1.jpg","type":"image\/jpeg"}],"twitter_card":"summary_large_image","twitter_misc":{"Timp estimat pentru citire":"3 minute"},"schema":{"@context":"https:\/\/schema.org","@graph":[{"@type":"WebPage","@id":"https:\/\/ariale.ro\/index.php\/product\/lenjerie-de-pat-zenith-blush-ariale-pentru-2-persoane-4-piese-bumbac-ranforce-multicolor\/","url":"https:\/\/ariale.ro\/index.php\/product\/lenjerie-de-pat-zenith-blush-ariale-pentru-2-persoane-4-piese-bumbac-ranforce-multicolor\/","name":"Lenjerie de pat Zenith Blush Ariale, pentru 2 persoane, 4 piese, bumbac ranforce, Multicolor - Handmade Constanta","isPartOf":{"@id":"https:\/\/ariale.ro\/#website"},"primaryImageOfPage":{"@id":"https:\/\/ariale.ro\/index.php\/product\/lenjerie-de-pat-zenith-blush-ariale-pentru-2-persoane-4-piese-bumbac-ranforce-multicolor\/#primaryimage"},"image":{"@id":"https:\/\/ariale.ro\/index.php\/product\/lenjerie-de-pat-zenith-blush-ariale-pentru-2-persoane-4-piese-bumbac-ranforce-multicolor\/#primaryimage"},"thumbnailUrl":"https:\/\/ariale.ro\/wp-content\/uploads\/2024\/01\/23-1.jpg","datePublished":"2024-01-27T17:42:26+00:00","dateModified":"2025-10-15T23:39:43+00:00","description":"Bine a\u021bi venit in lumea fermecat\u0103 a acestei lenjerii de pat premium \"Arome de Poveste\", unde fiecare detaliu este sculptat cu grij\u0103 \u0219i aten\u021bie folosind tehnologia de imprimare laser. Puteti experimenta confortul suprem \u0219i elegan\u021ba rafinat\u0103 oferite de aceasta lenjerie!","breadcrumb":{"@id":"https:\/\/ariale.ro\/index.php\/product\/lenjerie-de-pat-zenith-blush-ariale-pentru-2-persoane-4-piese-bumbac-ranforce-multicolor\/#breadcrumb"},"inLanguage":"ro-RO","potentialAction":[{"@type":"ReadAction","target":["https:\/\/ariale.ro\/index.php\/product\/lenjerie-de-pat-zenith-blush-ariale-pentru-2-persoane-4-piese-bumbac-ranforce-multicolor\/"]}]},{"@type":"ImageObject","inLanguage":"ro-RO","@id":"https:\/\/ariale.ro\/index.php\/product\/lenjerie-de-pat-zenith-blush-ariale-pentru-2-persoane-4-piese-bumbac-ranforce-multicolor\/#primaryimage","url":"https:\/\/ariale.ro\/wp-content\/uploads\/2024\/01\/23-1.jpg","contentUrl":"https:\/\/ariale.ro\/wp-content\/uploads\/2024\/01\/23-1.jpg","width":800,"height":700},{"@type":"BreadcrumbList","@id":"https:\/\/ariale.ro\/index.php\/product\/lenjerie-de-pat-zenith-blush-ariale-pentru-2-persoane-4-piese-bumbac-ranforce-multicolor\/#breadcrumb","itemListElement":[{"@type":"ListItem","position":1,"name":"Prima pagin\u0103","item":"https:\/\/ariale.ro\/"},{"@type":"ListItem","position":2,"name":"Shop","item":"https:\/\/ariale.ro\/index.php\/shop\/"},{"@type":"ListItem","position":3,"name":"Lenjerie de pat Zenith Blush Ariale, pentru 2 persoane, 4 piese, bumbac ranforce, Multicolor"}]},{"@type":"WebSite","@id":"https:\/\/ariale.ro\/#website","url":"https:\/\/ariale.ro\/","name":"Handmade Constanta","description":"Magazin online cu articole lucrate manual in Romania! Transport rapid! Preturi mici! Livrare din Stoc!","potentialAction":[{"@type":"SearchAction","target":{"@type":"EntryPoint","urlTemplate":"https:\/\/ariale.ro\/?s={search_term_string}"},"query-input":{"@type":"PropertyValueSpecification","valueRequired":true,"valueName":"search_term_string"}}],"inLanguage":"ro-RO"}]}},"_links":{"self":[{"href":"https:\/\/ariale.ro\/index.php\/wp-json\/wp\/v2\/product\/9798","targetHints":{"allow":["GET"]}}],"collection":[{"href":"https:\/\/ariale.ro\/index.php\/wp-json\/wp\/v2\/product"}],"about":[{"href":"https:\/\/ariale.ro\/index.php\/wp-json\/wp\/v2\/types\/product"}],"replies":[{"embeddable":true,"href":"https:\/\/ariale.ro\/index.php\/wp-json\/wp\/v2\/comments?post=9798"}],"wp:featuredmedia":[{"embeddable":true,"href":"https:\/\/ariale.ro\/index.php\/wp-json\/wp\/v2\/media\/9821"}],"wp:attachment":[{"href":"https:\/\/ariale.ro\/index.php\/wp-json\/wp\/v2\/media?parent=9798"}],"wp:term":[{"taxonomy":"product_brand","embeddable":true,"href":"https:\/\/ariale.ro\/index.php\/wp-json\/wp\/v2\/product_brand?post=9798"},{"taxonomy":"product_cat","embeddable":true,"href":"https:\/\/ariale.ro\/index.php\/wp-json\/wp\/v2\/product_cat?post=9798"},{"taxonomy":"product_tag","embeddable":true,"href":"https:\/\/ariale.ro\/index.php\/wp-json\/wp\/v2\/product_tag?post=9798"}],"curies":[{"name":"wp","href":"https:\/\/api.w.org\/{rel}","templated":true}]}}