{"id":9640,"date":"2023-11-22T22:46:06","date_gmt":"2023-11-22T22:46:06","guid":{"rendered":"https:\/\/ariale.ro\/?post_type=product&#038;p=9640"},"modified":"2025-11-03T17:26:24","modified_gmt":"2025-11-03T17:26:24","slug":"lenjerie-pentru-patut-bebelusi-60-x-120-cm-din-bumbac-ranforce-trei-piese-ariale-baloane","status":"publish","type":"product","link":"https:\/\/ariale.ro\/index.php\/product\/lenjerie-pentru-patut-bebelusi-60-x-120-cm-din-bumbac-ranforce-trei-piese-ariale-baloane\/","title":{"rendered":"Lenjerie pentru patut bebelusi 60 x 120 cm, din bumbac ranforce, trei piese, Ariale, Baloane"},"content":{"rendered":"<p>Transforma\u021bi camera copilului \u00eentr-un loc vesel \u0219i confortabil cu ajutorul setului nostru de lenjerie Ariale. Acest set practic con\u021bine un cearceaf de pat (170x115cm) \u0219i o fa\u021b\u0103 de pern\u0103 (40x60cm) \u00een culori vesele \u0219i cu un adorabil imprimeu de baloane pe un fond bleu plin de energie pozitiv\u0103.<\/p>\n<p>Caracteristicile principale ale acestui set fac din el alegerea perfect\u0103 pentru copiii dvs. Materialele de cea mai bun\u0103 calitate sunt certificate pentru a nu provoca alergii, asigur\u00e2nd un somn lini\u0219tit \u0219i s\u0103n\u0103tos pentru cei mici. Croite \u0219i cusute cu aten\u021bie pentru detalii, lenjeria noastr\u0103 este durabil\u0103 \u0219i poate fi folosit\u0103 pe termen lung.<\/p>\n<p>Designul elegant \u0219i imprimeul simpatic cu baloane aduc o not\u0103 de farmec \u0219i veselie \u00een camera copilului, transform\u00e2nd un simplu patut \u00eentr-un loc deosebit. Setul vine \u00eenso\u021bit de un sacule\u021b de depozitare pentru lenjerie, ad\u0103ug\u00e2nd practicitate la stil.<\/p>\n<p>Acest set de lenjerie reprezint\u0103 cadoul ideal pentru un nou-n\u0103scut \u0219i p\u0103rin\u021bi, fiind o alegere util\u0103 \u0219i plin\u0103 de farmec pentru petrecerile de tip baby shower sau botez. Bucura\u021bi-v\u0103 de calitate \u0219i stil cu lenjeria Ariale pentru cei mici!<\/p>\n<p>Setul include:<\/p>\n<ul>\n<li>fata de perna 40\u00d760 cm,<\/li>\n<li>cearceaf 170x115cm,<\/li>\n<li>1 saculet depozitare lenjerie.<\/li>\n<\/ul>\n<p>Caracteristici principale:<\/p>\n<ul>\n<li>Materiale de calitate certificate \u2013 nu vor provoca alergii si vor asigura copiilor dvs. un somn linistit si sanatos<\/li>\n<li>Folosinta indelungata \u2013 Croite si cusute cu atentie pentru detalii, setul de lenjerie poate fi folosit o perioada lunga de timp.<\/li>\n<li>Design elegant si imprimeu simpatic \u2013 Caracteristica distinctiva a setului de lenjerie ARIALE este data de materialul ce ii confera o nota de eleganta si implicit transforma orice patut banal intr-un model deosebit.<\/li>\n<li>Cadoul ideal pentru nou-nascut si parinti \u2013 un cadou util ce poate deveni cadoul perfect pentru un bebelus la petrecerea de tip baby shower sau la botez.<\/li>\n<\/ul>\n","protected":false},"excerpt":{"rendered":"<p>Transforma\u021bi camera copilului \u00eentr-un loc vesel \u0219i confortabil cu ajutorul setului nostru de lenjerie Ariale. Acest set practic con\u021bine un cearceaf de pat (170x115cm) \u0219i o fa\u021b\u0103 de pern\u0103 (40x60cm) \u00een culori vesele \u0219i cu un adorabil imprimeu de baloane pe un fond bleu plin de energie pozitiv\u0103.<\/p>\n","protected":false},"featured_media":9642,"comment_status":"open","ping_status":"closed","template":"","meta":[],"product_brand":[],"product_cat":[292],"product_tag":[],"class_list":{"0":"post-9640","1":"product","2":"type-product","3":"status-publish","4":"has-post-thumbnail","6":"product_cat-soldare","8":"first","9":"instock","10":"sale","11":"shipping-taxable","12":"purchasable","13":"product-type-simple"},"yoast_head":"<!-- This site is optimized with the Yoast SEO plugin v27.2 - https:\/\/yoast.com\/product\/yoast-seo-wordpress\/ -->\n<title>Lenjerie pentru patut bebelusi 60 x 120 cm, din bumbac ranforce, trei piese, Ariale, Baloane - Handmade Constanta<\/title>\n<meta name=\"description\" content=\"Lenjerie pentru patut bebelusi 60 x 120 cm, din bumbac ranforce, trei piese, Ariale, Baloane-Transforma\u021bi camera copilului \u00eentr-un loc vesel \u0219i confortabil.\" \/>\n<meta name=\"robots\" content=\"index, follow, max-snippet:-1, max-image-preview:large, max-video-preview:-1\" \/>\n<link rel=\"canonical\" href=\"https:\/\/ariale.ro\/index.php\/product\/lenjerie-pentru-patut-bebelusi-60-x-120-cm-din-bumbac-ranforce-trei-piese-ariale-baloane\/\" \/>\n<meta property=\"og:locale\" content=\"ro_RO\" \/>\n<meta property=\"og:type\" content=\"article\" \/>\n<meta property=\"og:title\" content=\"Lenjerie pentru patut bebelusi 60 x 120 cm, din bumbac ranforce, trei piese, Ariale, Baloane - Handmade Constanta\" \/>\n<meta property=\"og:description\" content=\"Lenjerie pentru patut bebelusi 60 x 120 cm, din bumbac ranforce, trei piese, Ariale, Baloane-Transforma\u021bi camera copilului \u00eentr-un loc vesel \u0219i confortabil.\" \/>\n<meta property=\"og:url\" content=\"https:\/\/ariale.ro\/index.php\/product\/lenjerie-pentru-patut-bebelusi-60-x-120-cm-din-bumbac-ranforce-trei-piese-ariale-baloane\/\" \/>\n<meta property=\"og:site_name\" content=\"Handmade Constanta\" \/>\n<meta property=\"article:modified_time\" content=\"2025-11-03T17:26:24+00:00\" \/>\n<meta property=\"og:image\" content=\"https:\/\/ariale.ro\/wp-content\/uploads\/2023\/11\/3-19.jpg\" \/>\n\t<meta property=\"og:image:width\" content=\"800\" \/>\n\t<meta property=\"og:image:height\" content=\"700\" \/>\n\t<meta property=\"og:image:type\" content=\"image\/jpeg\" \/>\n<meta name=\"twitter:card\" content=\"summary_large_image\" \/>\n<meta name=\"twitter:label1\" content=\"Timp estimat pentru citire\" \/>\n\t<meta name=\"twitter:data1\" content=\"2 minute\" \/>\n<script type=\"application\/ld+json\" class=\"yoast-schema-graph\">{\"@context\":\"https:\/\/schema.org\",\"@graph\":[{\"@type\":\"WebPage\",\"@id\":\"https:\/\/ariale.ro\/index.php\/product\/lenjerie-pentru-patut-bebelusi-60-x-120-cm-din-bumbac-ranforce-trei-piese-ariale-baloane\/\",\"url\":\"https:\/\/ariale.ro\/index.php\/product\/lenjerie-pentru-patut-bebelusi-60-x-120-cm-din-bumbac-ranforce-trei-piese-ariale-baloane\/\",\"name\":\"Lenjerie pentru patut bebelusi 60 x 120 cm, din bumbac ranforce, trei piese, Ariale, Baloane - Handmade Constanta\",\"isPartOf\":{\"@id\":\"https:\/\/ariale.ro\/#website\"},\"primaryImageOfPage\":{\"@id\":\"https:\/\/ariale.ro\/index.php\/product\/lenjerie-pentru-patut-bebelusi-60-x-120-cm-din-bumbac-ranforce-trei-piese-ariale-baloane\/#primaryimage\"},\"image\":{\"@id\":\"https:\/\/ariale.ro\/index.php\/product\/lenjerie-pentru-patut-bebelusi-60-x-120-cm-din-bumbac-ranforce-trei-piese-ariale-baloane\/#primaryimage\"},\"thumbnailUrl\":\"https:\/\/ariale.ro\/wp-content\/uploads\/2023\/11\/3-19.jpg\",\"datePublished\":\"2023-11-22T22:46:06+00:00\",\"dateModified\":\"2025-11-03T17:26:24+00:00\",\"description\":\"Lenjerie pentru patut bebelusi 60 x 120 cm, din bumbac ranforce, trei piese, Ariale, Baloane-Transforma\u021bi camera copilului \u00eentr-un loc vesel \u0219i confortabil.\",\"breadcrumb\":{\"@id\":\"https:\/\/ariale.ro\/index.php\/product\/lenjerie-pentru-patut-bebelusi-60-x-120-cm-din-bumbac-ranforce-trei-piese-ariale-baloane\/#breadcrumb\"},\"inLanguage\":\"ro-RO\",\"potentialAction\":[{\"@type\":\"ReadAction\",\"target\":[\"https:\/\/ariale.ro\/index.php\/product\/lenjerie-pentru-patut-bebelusi-60-x-120-cm-din-bumbac-ranforce-trei-piese-ariale-baloane\/\"]}]},{\"@type\":\"ImageObject\",\"inLanguage\":\"ro-RO\",\"@id\":\"https:\/\/ariale.ro\/index.php\/product\/lenjerie-pentru-patut-bebelusi-60-x-120-cm-din-bumbac-ranforce-trei-piese-ariale-baloane\/#primaryimage\",\"url\":\"https:\/\/ariale.ro\/wp-content\/uploads\/2023\/11\/3-19.jpg\",\"contentUrl\":\"https:\/\/ariale.ro\/wp-content\/uploads\/2023\/11\/3-19.jpg\",\"width\":800,\"height\":700},{\"@type\":\"BreadcrumbList\",\"@id\":\"https:\/\/ariale.ro\/index.php\/product\/lenjerie-pentru-patut-bebelusi-60-x-120-cm-din-bumbac-ranforce-trei-piese-ariale-baloane\/#breadcrumb\",\"itemListElement\":[{\"@type\":\"ListItem\",\"position\":1,\"name\":\"Prima pagin\u0103\",\"item\":\"https:\/\/ariale.ro\/\"},{\"@type\":\"ListItem\",\"position\":2,\"name\":\"Shop\",\"item\":\"https:\/\/ariale.ro\/index.php\/shop\/\"},{\"@type\":\"ListItem\",\"position\":3,\"name\":\"Lenjerie pentru patut bebelusi 60 x 120 cm, din bumbac ranforce, trei piese, Ariale, Baloane\"}]},{\"@type\":\"WebSite\",\"@id\":\"https:\/\/ariale.ro\/#website\",\"url\":\"https:\/\/ariale.ro\/\",\"name\":\"Handmade Constanta\",\"description\":\"Magazin online cu articole lucrate manual in Romania! Transport rapid! Preturi mici! Livrare din Stoc!\",\"potentialAction\":[{\"@type\":\"SearchAction\",\"target\":{\"@type\":\"EntryPoint\",\"urlTemplate\":\"https:\/\/ariale.ro\/?s={search_term_string}\"},\"query-input\":{\"@type\":\"PropertyValueSpecification\",\"valueRequired\":true,\"valueName\":\"search_term_string\"}}],\"inLanguage\":\"ro-RO\"}]}<\/script>\n<!-- \/ Yoast SEO plugin. -->","yoast_head_json":{"title":"Lenjerie pentru patut bebelusi 60 x 120 cm, din bumbac ranforce, trei piese, Ariale, Baloane - Handmade Constanta","description":"Lenjerie pentru patut bebelusi 60 x 120 cm, din bumbac ranforce, trei piese, Ariale, Baloane-Transforma\u021bi camera copilului \u00eentr-un loc vesel \u0219i confortabil.","robots":{"index":"index","follow":"follow","max-snippet":"max-snippet:-1","max-image-preview":"max-image-preview:large","max-video-preview":"max-video-preview:-1"},"canonical":"https:\/\/ariale.ro\/index.php\/product\/lenjerie-pentru-patut-bebelusi-60-x-120-cm-din-bumbac-ranforce-trei-piese-ariale-baloane\/","og_locale":"ro_RO","og_type":"article","og_title":"Lenjerie pentru patut bebelusi 60 x 120 cm, din bumbac ranforce, trei piese, Ariale, Baloane - Handmade Constanta","og_description":"Lenjerie pentru patut bebelusi 60 x 120 cm, din bumbac ranforce, trei piese, Ariale, Baloane-Transforma\u021bi camera copilului \u00eentr-un loc vesel \u0219i confortabil.","og_url":"https:\/\/ariale.ro\/index.php\/product\/lenjerie-pentru-patut-bebelusi-60-x-120-cm-din-bumbac-ranforce-trei-piese-ariale-baloane\/","og_site_name":"Handmade Constanta","article_modified_time":"2025-11-03T17:26:24+00:00","og_image":[{"width":800,"height":700,"url":"https:\/\/ariale.ro\/wp-content\/uploads\/2023\/11\/3-19.jpg","type":"image\/jpeg"}],"twitter_card":"summary_large_image","twitter_misc":{"Timp estimat pentru citire":"2 minute"},"schema":{"@context":"https:\/\/schema.org","@graph":[{"@type":"WebPage","@id":"https:\/\/ariale.ro\/index.php\/product\/lenjerie-pentru-patut-bebelusi-60-x-120-cm-din-bumbac-ranforce-trei-piese-ariale-baloane\/","url":"https:\/\/ariale.ro\/index.php\/product\/lenjerie-pentru-patut-bebelusi-60-x-120-cm-din-bumbac-ranforce-trei-piese-ariale-baloane\/","name":"Lenjerie pentru patut bebelusi 60 x 120 cm, din bumbac ranforce, trei piese, Ariale, Baloane - Handmade Constanta","isPartOf":{"@id":"https:\/\/ariale.ro\/#website"},"primaryImageOfPage":{"@id":"https:\/\/ariale.ro\/index.php\/product\/lenjerie-pentru-patut-bebelusi-60-x-120-cm-din-bumbac-ranforce-trei-piese-ariale-baloane\/#primaryimage"},"image":{"@id":"https:\/\/ariale.ro\/index.php\/product\/lenjerie-pentru-patut-bebelusi-60-x-120-cm-din-bumbac-ranforce-trei-piese-ariale-baloane\/#primaryimage"},"thumbnailUrl":"https:\/\/ariale.ro\/wp-content\/uploads\/2023\/11\/3-19.jpg","datePublished":"2023-11-22T22:46:06+00:00","dateModified":"2025-11-03T17:26:24+00:00","description":"Lenjerie pentru patut bebelusi 60 x 120 cm, din bumbac ranforce, trei piese, Ariale, Baloane-Transforma\u021bi camera copilului \u00eentr-un loc vesel \u0219i confortabil.","breadcrumb":{"@id":"https:\/\/ariale.ro\/index.php\/product\/lenjerie-pentru-patut-bebelusi-60-x-120-cm-din-bumbac-ranforce-trei-piese-ariale-baloane\/#breadcrumb"},"inLanguage":"ro-RO","potentialAction":[{"@type":"ReadAction","target":["https:\/\/ariale.ro\/index.php\/product\/lenjerie-pentru-patut-bebelusi-60-x-120-cm-din-bumbac-ranforce-trei-piese-ariale-baloane\/"]}]},{"@type":"ImageObject","inLanguage":"ro-RO","@id":"https:\/\/ariale.ro\/index.php\/product\/lenjerie-pentru-patut-bebelusi-60-x-120-cm-din-bumbac-ranforce-trei-piese-ariale-baloane\/#primaryimage","url":"https:\/\/ariale.ro\/wp-content\/uploads\/2023\/11\/3-19.jpg","contentUrl":"https:\/\/ariale.ro\/wp-content\/uploads\/2023\/11\/3-19.jpg","width":800,"height":700},{"@type":"BreadcrumbList","@id":"https:\/\/ariale.ro\/index.php\/product\/lenjerie-pentru-patut-bebelusi-60-x-120-cm-din-bumbac-ranforce-trei-piese-ariale-baloane\/#breadcrumb","itemListElement":[{"@type":"ListItem","position":1,"name":"Prima pagin\u0103","item":"https:\/\/ariale.ro\/"},{"@type":"ListItem","position":2,"name":"Shop","item":"https:\/\/ariale.ro\/index.php\/shop\/"},{"@type":"ListItem","position":3,"name":"Lenjerie pentru patut bebelusi 60 x 120 cm, din bumbac ranforce, trei piese, Ariale, Baloane"}]},{"@type":"WebSite","@id":"https:\/\/ariale.ro\/#website","url":"https:\/\/ariale.ro\/","name":"Handmade Constanta","description":"Magazin online cu articole lucrate manual in Romania! Transport rapid! Preturi mici! Livrare din Stoc!","potentialAction":[{"@type":"SearchAction","target":{"@type":"EntryPoint","urlTemplate":"https:\/\/ariale.ro\/?s={search_term_string}"},"query-input":{"@type":"PropertyValueSpecification","valueRequired":true,"valueName":"search_term_string"}}],"inLanguage":"ro-RO"}]}},"_links":{"self":[{"href":"https:\/\/ariale.ro\/index.php\/wp-json\/wp\/v2\/product\/9640","targetHints":{"allow":["GET"]}}],"collection":[{"href":"https:\/\/ariale.ro\/index.php\/wp-json\/wp\/v2\/product"}],"about":[{"href":"https:\/\/ariale.ro\/index.php\/wp-json\/wp\/v2\/types\/product"}],"replies":[{"embeddable":true,"href":"https:\/\/ariale.ro\/index.php\/wp-json\/wp\/v2\/comments?post=9640"}],"wp:featuredmedia":[{"embeddable":true,"href":"https:\/\/ariale.ro\/index.php\/wp-json\/wp\/v2\/media\/9642"}],"wp:attachment":[{"href":"https:\/\/ariale.ro\/index.php\/wp-json\/wp\/v2\/media?parent=9640"}],"wp:term":[{"taxonomy":"product_brand","embeddable":true,"href":"https:\/\/ariale.ro\/index.php\/wp-json\/wp\/v2\/product_brand?post=9640"},{"taxonomy":"product_cat","embeddable":true,"href":"https:\/\/ariale.ro\/index.php\/wp-json\/wp\/v2\/product_cat?post=9640"},{"taxonomy":"product_tag","embeddable":true,"href":"https:\/\/ariale.ro\/index.php\/wp-json\/wp\/v2\/product_tag?post=9640"}],"curies":[{"name":"wp","href":"https:\/\/api.w.org\/{rel}","templated":true}]}}