{"id":9592,"date":"2023-11-22T20:45:31","date_gmt":"2023-11-22T20:45:31","guid":{"rendered":"https:\/\/ariale.ro\/?post_type=product&#038;p=9592"},"modified":"2025-10-15T23:13:44","modified_gmt":"2025-10-15T23:13:44","slug":"cearceaf-de-pat-cu-elastic-green-bliss-ariale-bumbac-ranforce-verde","status":"publish","type":"product","link":"https:\/\/ariale.ro\/index.php\/product\/cearceaf-de-pat-cu-elastic-green-bliss-ariale-bumbac-ranforce-verde\/","title":{"rendered":"Cearceaf de pat cu elastic Green Bliss Ariale, bumbac ranforce, Verde"},"content":{"rendered":"<p>Experimenteaz\u0103 o experien\u021b\u0103 de somn f\u0103r\u0103 griji cu noul nostru cearceaf de pat Ariale. Confec\u021bionat din bumbac ranforce de \u00eenalt\u0103 calitate \u0219i \u00eentr-o nuan\u021b\u0103 proasp\u0103t\u0103 de verde crud, acest cearceaf adaug\u0103 un strop de rafinament \u00een dormitorul t\u0103u.<\/p>\n<p>Produc\u021bia atent monitorizat\u0103 \u00een atelierul nostru Ariale garanteaz\u0103 calitatea superioar\u0103 a acestui produs. Un aspect important al acestui cearceaf este elasticul integral, plasat cu grij\u0103 \u00een jurul \u00eentregii margini, asigur\u00e2ndu-se astfel c\u0103 nu se va deplasa sau aluneca de pe saltea. Nu mai este nevoie s\u0103 ajustezi cearceafurile \u00een fiecare diminea\u021b\u0103!<\/p>\n<p>Bumbacul ranforce, materialul ales pentru acest cearceaf, ofer\u0103 nu doar confort \u0219i prospe\u021bime, ci \u0219i rezisten\u021b\u0103 \u00een timp. Transform\u0103-\u021bi patul \u00eentr-un col\u021b de rai cu cearceafurile noastre, \u0219i bucur\u0103-te de lini\u0219te \u0219i odihn\u0103 odihnitoare \u00een fiecare noapte.<\/p>\n<p><strong>DETALII PRODUS<\/strong><\/p>\n<ul>\n<li>Setul contine 1 piesa:- 1 cearsaf de pat cu elastic (de jur-imprejur) recomandat pentru saltea cu inaltimea de\u00a0 maxim 20 cm.<\/li>\n<\/ul>\n<p>Mod ambalare: punga pvc.<\/p>\n<p><strong>INSTRUCTIUNI<\/strong><\/p>\n<p>Temperatura maxima de spalare 40\u00b0C, actiune mecanica normala, clatire normala, centrifugare normala. Clorinare interzisa. Culorile inchise se recomanda a fi spalate separat.<\/p>\n<p>Orice alte dimensiuni sunt posibile la comanda. O comanda dureaza intre 3 si 7 zile. Livrarea se face prin curier, oriunde in tara!<\/p>\n","protected":false},"excerpt":{"rendered":"<p>Experimenteaz\u0103 o experien\u021b\u0103 de somn f\u0103r\u0103 griji cu noul nostru cearceaf de pat Ariale. Confec\u021bionat din bumbac ranforce de \u00eenalt\u0103 calitate \u0219i \u00eentr-o nuan\u021b\u0103 proasp\u0103t\u0103 de verde crud, acest cearceaf adaug\u0103 un strop de rafinament \u00een dormitorul t\u0103u.<\/p>\n","protected":false},"featured_media":9567,"comment_status":"open","ping_status":"closed","template":"","meta":[],"product_brand":[],"product_cat":[29],"product_tag":[],"class_list":{"0":"post-9592","1":"product","2":"type-product","3":"status-publish","4":"has-post-thumbnail","6":"product_cat-seturi-fete-perna","8":"first","9":"instock","10":"featured","11":"shipping-taxable","12":"purchasable","13":"product-type-variable"},"yoast_head":"<!-- This site is optimized with the Yoast SEO plugin v27.2 - https:\/\/yoast.com\/product\/yoast-seo-wordpress\/ -->\n<title>Cearceaf de pat cu elastic Green Bliss Ariale, bumbac ranforce, Verde - Handmade Constanta<\/title>\n<meta name=\"description\" content=\"Cearceaf de pat cu elastic Green Bliss Ariale, bumbac ranforce, Nu mai este nevoie s\u0103 ajustezi cearceafurile \u00een fiecare diminea\u021b\u0103!\" \/>\n<meta name=\"robots\" content=\"index, follow, max-snippet:-1, max-image-preview:large, max-video-preview:-1\" \/>\n<link rel=\"canonical\" href=\"https:\/\/ariale.ro\/index.php\/product\/cearceaf-de-pat-cu-elastic-green-bliss-ariale-bumbac-ranforce-verde\/\" \/>\n<meta property=\"og:locale\" content=\"ro_RO\" \/>\n<meta property=\"og:type\" content=\"article\" \/>\n<meta property=\"og:title\" content=\"Cearceaf de pat cu elastic Green Bliss Ariale, bumbac ranforce, Verde - Handmade Constanta\" \/>\n<meta property=\"og:description\" content=\"Cearceaf de pat cu elastic Green Bliss Ariale, bumbac ranforce, Nu mai este nevoie s\u0103 ajustezi cearceafurile \u00een fiecare diminea\u021b\u0103!\" \/>\n<meta property=\"og:url\" content=\"https:\/\/ariale.ro\/index.php\/product\/cearceaf-de-pat-cu-elastic-green-bliss-ariale-bumbac-ranforce-verde\/\" \/>\n<meta property=\"og:site_name\" content=\"Handmade Constanta\" \/>\n<meta property=\"article:modified_time\" content=\"2025-10-15T23:13:44+00:00\" \/>\n<meta property=\"og:image\" content=\"https:\/\/ariale.ro\/wp-content\/uploads\/2023\/11\/1-17.jpg\" \/>\n\t<meta property=\"og:image:width\" content=\"800\" \/>\n\t<meta property=\"og:image:height\" content=\"700\" \/>\n\t<meta property=\"og:image:type\" content=\"image\/jpeg\" \/>\n<meta name=\"twitter:card\" content=\"summary_large_image\" \/>\n<meta name=\"twitter:label1\" content=\"Timp estimat pentru citire\" \/>\n\t<meta name=\"twitter:data1\" content=\"2 minute\" \/>\n<script type=\"application\/ld+json\" class=\"yoast-schema-graph\">{\"@context\":\"https:\/\/schema.org\",\"@graph\":[{\"@type\":\"WebPage\",\"@id\":\"https:\/\/ariale.ro\/index.php\/product\/cearceaf-de-pat-cu-elastic-green-bliss-ariale-bumbac-ranforce-verde\/\",\"url\":\"https:\/\/ariale.ro\/index.php\/product\/cearceaf-de-pat-cu-elastic-green-bliss-ariale-bumbac-ranforce-verde\/\",\"name\":\"Cearceaf de pat cu elastic Green Bliss Ariale, bumbac ranforce, Verde - Handmade Constanta\",\"isPartOf\":{\"@id\":\"https:\/\/ariale.ro\/#website\"},\"primaryImageOfPage\":{\"@id\":\"https:\/\/ariale.ro\/index.php\/product\/cearceaf-de-pat-cu-elastic-green-bliss-ariale-bumbac-ranforce-verde\/#primaryimage\"},\"image\":{\"@id\":\"https:\/\/ariale.ro\/index.php\/product\/cearceaf-de-pat-cu-elastic-green-bliss-ariale-bumbac-ranforce-verde\/#primaryimage\"},\"thumbnailUrl\":\"https:\/\/ariale.ro\/wp-content\/uploads\/2023\/11\/1-17.jpg\",\"datePublished\":\"2023-11-22T20:45:31+00:00\",\"dateModified\":\"2025-10-15T23:13:44+00:00\",\"description\":\"Cearceaf de pat cu elastic Green Bliss Ariale, bumbac ranforce, Nu mai este nevoie s\u0103 ajustezi cearceafurile \u00een fiecare diminea\u021b\u0103!\",\"breadcrumb\":{\"@id\":\"https:\/\/ariale.ro\/index.php\/product\/cearceaf-de-pat-cu-elastic-green-bliss-ariale-bumbac-ranforce-verde\/#breadcrumb\"},\"inLanguage\":\"ro-RO\",\"potentialAction\":[{\"@type\":\"ReadAction\",\"target\":[\"https:\/\/ariale.ro\/index.php\/product\/cearceaf-de-pat-cu-elastic-green-bliss-ariale-bumbac-ranforce-verde\/\"]}]},{\"@type\":\"ImageObject\",\"inLanguage\":\"ro-RO\",\"@id\":\"https:\/\/ariale.ro\/index.php\/product\/cearceaf-de-pat-cu-elastic-green-bliss-ariale-bumbac-ranforce-verde\/#primaryimage\",\"url\":\"https:\/\/ariale.ro\/wp-content\/uploads\/2023\/11\/1-17.jpg\",\"contentUrl\":\"https:\/\/ariale.ro\/wp-content\/uploads\/2023\/11\/1-17.jpg\",\"width\":800,\"height\":700},{\"@type\":\"BreadcrumbList\",\"@id\":\"https:\/\/ariale.ro\/index.php\/product\/cearceaf-de-pat-cu-elastic-green-bliss-ariale-bumbac-ranforce-verde\/#breadcrumb\",\"itemListElement\":[{\"@type\":\"ListItem\",\"position\":1,\"name\":\"Prima pagin\u0103\",\"item\":\"https:\/\/ariale.ro\/\"},{\"@type\":\"ListItem\",\"position\":2,\"name\":\"Shop\",\"item\":\"https:\/\/ariale.ro\/index.php\/shop\/\"},{\"@type\":\"ListItem\",\"position\":3,\"name\":\"Cearceaf de pat cu elastic Green Bliss Ariale, bumbac ranforce, Verde\"}]},{\"@type\":\"WebSite\",\"@id\":\"https:\/\/ariale.ro\/#website\",\"url\":\"https:\/\/ariale.ro\/\",\"name\":\"Handmade Constanta\",\"description\":\"Magazin online cu articole lucrate manual in Romania! Transport rapid! Preturi mici! Livrare din Stoc!\",\"potentialAction\":[{\"@type\":\"SearchAction\",\"target\":{\"@type\":\"EntryPoint\",\"urlTemplate\":\"https:\/\/ariale.ro\/?s={search_term_string}\"},\"query-input\":{\"@type\":\"PropertyValueSpecification\",\"valueRequired\":true,\"valueName\":\"search_term_string\"}}],\"inLanguage\":\"ro-RO\"}]}<\/script>\n<!-- \/ Yoast SEO plugin. -->","yoast_head_json":{"title":"Cearceaf de pat cu elastic Green Bliss Ariale, bumbac ranforce, Verde - Handmade Constanta","description":"Cearceaf de pat cu elastic Green Bliss Ariale, bumbac ranforce, Nu mai este nevoie s\u0103 ajustezi cearceafurile \u00een fiecare diminea\u021b\u0103!","robots":{"index":"index","follow":"follow","max-snippet":"max-snippet:-1","max-image-preview":"max-image-preview:large","max-video-preview":"max-video-preview:-1"},"canonical":"https:\/\/ariale.ro\/index.php\/product\/cearceaf-de-pat-cu-elastic-green-bliss-ariale-bumbac-ranforce-verde\/","og_locale":"ro_RO","og_type":"article","og_title":"Cearceaf de pat cu elastic Green Bliss Ariale, bumbac ranforce, Verde - Handmade Constanta","og_description":"Cearceaf de pat cu elastic Green Bliss Ariale, bumbac ranforce, Nu mai este nevoie s\u0103 ajustezi cearceafurile \u00een fiecare diminea\u021b\u0103!","og_url":"https:\/\/ariale.ro\/index.php\/product\/cearceaf-de-pat-cu-elastic-green-bliss-ariale-bumbac-ranforce-verde\/","og_site_name":"Handmade Constanta","article_modified_time":"2025-10-15T23:13:44+00:00","og_image":[{"width":800,"height":700,"url":"https:\/\/ariale.ro\/wp-content\/uploads\/2023\/11\/1-17.jpg","type":"image\/jpeg"}],"twitter_card":"summary_large_image","twitter_misc":{"Timp estimat pentru citire":"2 minute"},"schema":{"@context":"https:\/\/schema.org","@graph":[{"@type":"WebPage","@id":"https:\/\/ariale.ro\/index.php\/product\/cearceaf-de-pat-cu-elastic-green-bliss-ariale-bumbac-ranforce-verde\/","url":"https:\/\/ariale.ro\/index.php\/product\/cearceaf-de-pat-cu-elastic-green-bliss-ariale-bumbac-ranforce-verde\/","name":"Cearceaf de pat cu elastic Green Bliss Ariale, bumbac ranforce, Verde - Handmade Constanta","isPartOf":{"@id":"https:\/\/ariale.ro\/#website"},"primaryImageOfPage":{"@id":"https:\/\/ariale.ro\/index.php\/product\/cearceaf-de-pat-cu-elastic-green-bliss-ariale-bumbac-ranforce-verde\/#primaryimage"},"image":{"@id":"https:\/\/ariale.ro\/index.php\/product\/cearceaf-de-pat-cu-elastic-green-bliss-ariale-bumbac-ranforce-verde\/#primaryimage"},"thumbnailUrl":"https:\/\/ariale.ro\/wp-content\/uploads\/2023\/11\/1-17.jpg","datePublished":"2023-11-22T20:45:31+00:00","dateModified":"2025-10-15T23:13:44+00:00","description":"Cearceaf de pat cu elastic Green Bliss Ariale, bumbac ranforce, Nu mai este nevoie s\u0103 ajustezi cearceafurile \u00een fiecare diminea\u021b\u0103!","breadcrumb":{"@id":"https:\/\/ariale.ro\/index.php\/product\/cearceaf-de-pat-cu-elastic-green-bliss-ariale-bumbac-ranforce-verde\/#breadcrumb"},"inLanguage":"ro-RO","potentialAction":[{"@type":"ReadAction","target":["https:\/\/ariale.ro\/index.php\/product\/cearceaf-de-pat-cu-elastic-green-bliss-ariale-bumbac-ranforce-verde\/"]}]},{"@type":"ImageObject","inLanguage":"ro-RO","@id":"https:\/\/ariale.ro\/index.php\/product\/cearceaf-de-pat-cu-elastic-green-bliss-ariale-bumbac-ranforce-verde\/#primaryimage","url":"https:\/\/ariale.ro\/wp-content\/uploads\/2023\/11\/1-17.jpg","contentUrl":"https:\/\/ariale.ro\/wp-content\/uploads\/2023\/11\/1-17.jpg","width":800,"height":700},{"@type":"BreadcrumbList","@id":"https:\/\/ariale.ro\/index.php\/product\/cearceaf-de-pat-cu-elastic-green-bliss-ariale-bumbac-ranforce-verde\/#breadcrumb","itemListElement":[{"@type":"ListItem","position":1,"name":"Prima pagin\u0103","item":"https:\/\/ariale.ro\/"},{"@type":"ListItem","position":2,"name":"Shop","item":"https:\/\/ariale.ro\/index.php\/shop\/"},{"@type":"ListItem","position":3,"name":"Cearceaf de pat cu elastic Green Bliss Ariale, bumbac ranforce, Verde"}]},{"@type":"WebSite","@id":"https:\/\/ariale.ro\/#website","url":"https:\/\/ariale.ro\/","name":"Handmade Constanta","description":"Magazin online cu articole lucrate manual in Romania! Transport rapid! Preturi mici! Livrare din Stoc!","potentialAction":[{"@type":"SearchAction","target":{"@type":"EntryPoint","urlTemplate":"https:\/\/ariale.ro\/?s={search_term_string}"},"query-input":{"@type":"PropertyValueSpecification","valueRequired":true,"valueName":"search_term_string"}}],"inLanguage":"ro-RO"}]}},"_links":{"self":[{"href":"https:\/\/ariale.ro\/index.php\/wp-json\/wp\/v2\/product\/9592","targetHints":{"allow":["GET"]}}],"collection":[{"href":"https:\/\/ariale.ro\/index.php\/wp-json\/wp\/v2\/product"}],"about":[{"href":"https:\/\/ariale.ro\/index.php\/wp-json\/wp\/v2\/types\/product"}],"replies":[{"embeddable":true,"href":"https:\/\/ariale.ro\/index.php\/wp-json\/wp\/v2\/comments?post=9592"}],"wp:featuredmedia":[{"embeddable":true,"href":"https:\/\/ariale.ro\/index.php\/wp-json\/wp\/v2\/media\/9567"}],"wp:attachment":[{"href":"https:\/\/ariale.ro\/index.php\/wp-json\/wp\/v2\/media?parent=9592"}],"wp:term":[{"taxonomy":"product_brand","embeddable":true,"href":"https:\/\/ariale.ro\/index.php\/wp-json\/wp\/v2\/product_brand?post=9592"},{"taxonomy":"product_cat","embeddable":true,"href":"https:\/\/ariale.ro\/index.php\/wp-json\/wp\/v2\/product_cat?post=9592"},{"taxonomy":"product_tag","embeddable":true,"href":"https:\/\/ariale.ro\/index.php\/wp-json\/wp\/v2\/product_tag?post=9592"}],"curies":[{"name":"wp","href":"https:\/\/api.w.org\/{rel}","templated":true}]}}