{"id":9517,"date":"2023-11-21T10:44:08","date_gmt":"2023-11-21T10:44:08","guid":{"rendered":"https:\/\/ariale.ro\/?post_type=product&#038;p=9517"},"modified":"2024-01-18T07:20:59","modified_gmt":"2024-01-18T07:20:59","slug":"ornament-brad-brodat-clopotel-ariale-rosu","status":"publish","type":"product","link":"https:\/\/ariale.ro\/index.php\/product\/ornament-brad-brodat-clopotel-ariale-rosu\/","title":{"rendered":"Ornament brad brodat Clopotel Ariale, rosu"},"content":{"rendered":"<p>Cu bucurie v\u0103 prezint un ornament deosebit pentru brad, confec\u021bionat cu pricepere \u0219i pasiune in atelierul Ariale. Acest ornament, in forma delicat\u0103 a unui clopo\u021bel, eman\u0103 farmec \u0219i elegan\u021b\u0103, aducand o not\u0103 festiv\u0103 \u0219i cald\u0103 in decorul dumneavoastr\u0103 de Cr\u0103ciun.<\/p>\n<p>Ornamentul este brodat cu grij\u0103 \u0219i aten\u021bie la detalii, reflectand m\u0103iestria me\u0219te\u0219ugarilor din atelierul Ariale. Culoarea vibrant\u0103, ro\u0219ie, adaug\u0103 un strop de c\u0103ldur\u0103 \u0219i bucurie in orice imprejurare festiv\u0103. Dimensiunea sa aproximativ\u0103 de 9&#215;6 cm il face potrivit pentru a fi amplasat cu u\u0219urin\u021b\u0103 pe crengu\u021bele bradului, ad\u0103ugand un plus de frumuse\u021be \u0219i rafinament.<\/p>\n<p>Acest ornament nu este doar o pies\u0103 de decor, ci \u0219i o expresie a tradi\u021biei \u0219i calit\u0103\u021bii artizanale. Fie c\u0103 il a\u0219eza\u021bi in centrul aten\u021biei sau il incorpora\u021bi intr-un ansamblu mai amplu de decora\u021biuni, acest clopo\u021bel brodat va aduce o atmosfer\u0103 cald\u0103 \u0219i festiv\u0103 in casa dumneavoastr\u0103 in perioada s\u0103rb\u0103torilor.<\/p>\n<p>Alege\u021bi calitatea \u0219i unicitatea atunci cand v\u0103 decora\u021bi casa de Cr\u0103ciun cu acest ornament de brad brodat, creat cu pasiune \u0219i talent in atelierul Ariale.<\/p>\n","protected":false},"excerpt":{"rendered":"<p>Acest ornament nu este doar o pies\u0103 de decor, ci \u0219i o expresie a tradi\u021biei \u0219i calit\u0103\u021bii artizanale. Fie c\u0103 il a\u0219eza\u021bi in centrul aten\u021biei sau il incorpora\u021bi intr-un ansamblu mai amplu de decora\u021biuni, acest clopo\u021bel brodat va aduce o atmosfer\u0103 cald\u0103 \u0219i festiv\u0103 in casa dumneavoastr\u0103 in perioada s\u0103rb\u0103torilor.<\/p>\n","protected":false},"featured_media":9520,"comment_status":"open","ping_status":"closed","template":"","meta":[],"product_brand":[],"product_cat":[180],"product_tag":[],"class_list":{"0":"post-9517","1":"product","2":"type-product","3":"status-publish","4":"has-post-thumbnail","6":"product_cat-craciun","8":"first","9":"instock","10":"shipping-taxable","11":"purchasable","12":"product-type-simple"},"yoast_head":"<!-- This site is optimized with the Yoast SEO plugin v27.2 - https:\/\/yoast.com\/product\/yoast-seo-wordpress\/ -->\n<title>Ornament brad brodat Clopotel Ariale, rosu - Handmade Constanta<\/title>\n<meta name=\"description\" content=\"Ornament brad brodat Clopotel Ariale, rosu este un ornament deosebit pentru brad, confec\u021bionat cu pricepere \u0219i pasiune in atelierul Ariale\" \/>\n<meta name=\"robots\" content=\"index, follow, max-snippet:-1, max-image-preview:large, max-video-preview:-1\" \/>\n<link rel=\"canonical\" href=\"https:\/\/ariale.ro\/index.php\/product\/ornament-brad-brodat-clopotel-ariale-rosu\/\" \/>\n<meta property=\"og:locale\" content=\"ro_RO\" \/>\n<meta property=\"og:type\" content=\"article\" \/>\n<meta property=\"og:title\" content=\"Ornament brad brodat Clopotel Ariale, rosu - Handmade Constanta\" \/>\n<meta property=\"og:description\" content=\"Ornament brad brodat Clopotel Ariale, rosu este un ornament deosebit pentru brad, confec\u021bionat cu pricepere \u0219i pasiune in atelierul Ariale\" \/>\n<meta property=\"og:url\" content=\"https:\/\/ariale.ro\/index.php\/product\/ornament-brad-brodat-clopotel-ariale-rosu\/\" \/>\n<meta property=\"og:site_name\" content=\"Handmade Constanta\" \/>\n<meta property=\"article:modified_time\" content=\"2024-01-18T07:20:59+00:00\" \/>\n<meta property=\"og:image\" content=\"https:\/\/ariale.ro\/wp-content\/uploads\/2023\/11\/3-15.jpg\" \/>\n\t<meta property=\"og:image:width\" content=\"450\" \/>\n\t<meta property=\"og:image:height\" content=\"450\" \/>\n\t<meta property=\"og:image:type\" content=\"image\/jpeg\" \/>\n<meta name=\"twitter:card\" content=\"summary_large_image\" \/>\n<meta name=\"twitter:label1\" content=\"Timp estimat pentru citire\" \/>\n\t<meta name=\"twitter:data1\" content=\"1 minut\" \/>\n<script type=\"application\/ld+json\" class=\"yoast-schema-graph\">{\"@context\":\"https:\/\/schema.org\",\"@graph\":[{\"@type\":\"WebPage\",\"@id\":\"https:\/\/ariale.ro\/index.php\/product\/ornament-brad-brodat-clopotel-ariale-rosu\/\",\"url\":\"https:\/\/ariale.ro\/index.php\/product\/ornament-brad-brodat-clopotel-ariale-rosu\/\",\"name\":\"Ornament brad brodat Clopotel Ariale, rosu - Handmade Constanta\",\"isPartOf\":{\"@id\":\"https:\/\/ariale.ro\/#website\"},\"primaryImageOfPage\":{\"@id\":\"https:\/\/ariale.ro\/index.php\/product\/ornament-brad-brodat-clopotel-ariale-rosu\/#primaryimage\"},\"image\":{\"@id\":\"https:\/\/ariale.ro\/index.php\/product\/ornament-brad-brodat-clopotel-ariale-rosu\/#primaryimage\"},\"thumbnailUrl\":\"https:\/\/ariale.ro\/wp-content\/uploads\/2023\/11\/3-15.jpg\",\"datePublished\":\"2023-11-21T10:44:08+00:00\",\"dateModified\":\"2024-01-18T07:20:59+00:00\",\"description\":\"Ornament brad brodat Clopotel Ariale, rosu este un ornament deosebit pentru brad, confec\u021bionat cu pricepere \u0219i pasiune in atelierul Ariale\",\"breadcrumb\":{\"@id\":\"https:\/\/ariale.ro\/index.php\/product\/ornament-brad-brodat-clopotel-ariale-rosu\/#breadcrumb\"},\"inLanguage\":\"ro-RO\",\"potentialAction\":[{\"@type\":\"ReadAction\",\"target\":[\"https:\/\/ariale.ro\/index.php\/product\/ornament-brad-brodat-clopotel-ariale-rosu\/\"]}]},{\"@type\":\"ImageObject\",\"inLanguage\":\"ro-RO\",\"@id\":\"https:\/\/ariale.ro\/index.php\/product\/ornament-brad-brodat-clopotel-ariale-rosu\/#primaryimage\",\"url\":\"https:\/\/ariale.ro\/wp-content\/uploads\/2023\/11\/3-15.jpg\",\"contentUrl\":\"https:\/\/ariale.ro\/wp-content\/uploads\/2023\/11\/3-15.jpg\",\"width\":450,\"height\":450},{\"@type\":\"BreadcrumbList\",\"@id\":\"https:\/\/ariale.ro\/index.php\/product\/ornament-brad-brodat-clopotel-ariale-rosu\/#breadcrumb\",\"itemListElement\":[{\"@type\":\"ListItem\",\"position\":1,\"name\":\"Prima pagin\u0103\",\"item\":\"https:\/\/ariale.ro\/\"},{\"@type\":\"ListItem\",\"position\":2,\"name\":\"Shop\",\"item\":\"https:\/\/ariale.ro\/index.php\/shop\/\"},{\"@type\":\"ListItem\",\"position\":3,\"name\":\"Ornament brad brodat Clopotel Ariale, rosu\"}]},{\"@type\":\"WebSite\",\"@id\":\"https:\/\/ariale.ro\/#website\",\"url\":\"https:\/\/ariale.ro\/\",\"name\":\"Handmade Constanta\",\"description\":\"Magazin online cu articole lucrate manual in Romania! Transport rapid! Preturi mici! Livrare din Stoc!\",\"potentialAction\":[{\"@type\":\"SearchAction\",\"target\":{\"@type\":\"EntryPoint\",\"urlTemplate\":\"https:\/\/ariale.ro\/?s={search_term_string}\"},\"query-input\":{\"@type\":\"PropertyValueSpecification\",\"valueRequired\":true,\"valueName\":\"search_term_string\"}}],\"inLanguage\":\"ro-RO\"}]}<\/script>\n<!-- \/ Yoast SEO plugin. -->","yoast_head_json":{"title":"Ornament brad brodat Clopotel Ariale, rosu - Handmade Constanta","description":"Ornament brad brodat Clopotel Ariale, rosu este un ornament deosebit pentru brad, confec\u021bionat cu pricepere \u0219i pasiune in atelierul Ariale","robots":{"index":"index","follow":"follow","max-snippet":"max-snippet:-1","max-image-preview":"max-image-preview:large","max-video-preview":"max-video-preview:-1"},"canonical":"https:\/\/ariale.ro\/index.php\/product\/ornament-brad-brodat-clopotel-ariale-rosu\/","og_locale":"ro_RO","og_type":"article","og_title":"Ornament brad brodat Clopotel Ariale, rosu - Handmade Constanta","og_description":"Ornament brad brodat Clopotel Ariale, rosu este un ornament deosebit pentru brad, confec\u021bionat cu pricepere \u0219i pasiune in atelierul Ariale","og_url":"https:\/\/ariale.ro\/index.php\/product\/ornament-brad-brodat-clopotel-ariale-rosu\/","og_site_name":"Handmade Constanta","article_modified_time":"2024-01-18T07:20:59+00:00","og_image":[{"width":450,"height":450,"url":"https:\/\/ariale.ro\/wp-content\/uploads\/2023\/11\/3-15.jpg","type":"image\/jpeg"}],"twitter_card":"summary_large_image","twitter_misc":{"Timp estimat pentru citire":"1 minut"},"schema":{"@context":"https:\/\/schema.org","@graph":[{"@type":"WebPage","@id":"https:\/\/ariale.ro\/index.php\/product\/ornament-brad-brodat-clopotel-ariale-rosu\/","url":"https:\/\/ariale.ro\/index.php\/product\/ornament-brad-brodat-clopotel-ariale-rosu\/","name":"Ornament brad brodat Clopotel Ariale, rosu - Handmade Constanta","isPartOf":{"@id":"https:\/\/ariale.ro\/#website"},"primaryImageOfPage":{"@id":"https:\/\/ariale.ro\/index.php\/product\/ornament-brad-brodat-clopotel-ariale-rosu\/#primaryimage"},"image":{"@id":"https:\/\/ariale.ro\/index.php\/product\/ornament-brad-brodat-clopotel-ariale-rosu\/#primaryimage"},"thumbnailUrl":"https:\/\/ariale.ro\/wp-content\/uploads\/2023\/11\/3-15.jpg","datePublished":"2023-11-21T10:44:08+00:00","dateModified":"2024-01-18T07:20:59+00:00","description":"Ornament brad brodat Clopotel Ariale, rosu este un ornament deosebit pentru brad, confec\u021bionat cu pricepere \u0219i pasiune in atelierul Ariale","breadcrumb":{"@id":"https:\/\/ariale.ro\/index.php\/product\/ornament-brad-brodat-clopotel-ariale-rosu\/#breadcrumb"},"inLanguage":"ro-RO","potentialAction":[{"@type":"ReadAction","target":["https:\/\/ariale.ro\/index.php\/product\/ornament-brad-brodat-clopotel-ariale-rosu\/"]}]},{"@type":"ImageObject","inLanguage":"ro-RO","@id":"https:\/\/ariale.ro\/index.php\/product\/ornament-brad-brodat-clopotel-ariale-rosu\/#primaryimage","url":"https:\/\/ariale.ro\/wp-content\/uploads\/2023\/11\/3-15.jpg","contentUrl":"https:\/\/ariale.ro\/wp-content\/uploads\/2023\/11\/3-15.jpg","width":450,"height":450},{"@type":"BreadcrumbList","@id":"https:\/\/ariale.ro\/index.php\/product\/ornament-brad-brodat-clopotel-ariale-rosu\/#breadcrumb","itemListElement":[{"@type":"ListItem","position":1,"name":"Prima pagin\u0103","item":"https:\/\/ariale.ro\/"},{"@type":"ListItem","position":2,"name":"Shop","item":"https:\/\/ariale.ro\/index.php\/shop\/"},{"@type":"ListItem","position":3,"name":"Ornament brad brodat Clopotel Ariale, rosu"}]},{"@type":"WebSite","@id":"https:\/\/ariale.ro\/#website","url":"https:\/\/ariale.ro\/","name":"Handmade Constanta","description":"Magazin online cu articole lucrate manual in Romania! Transport rapid! Preturi mici! Livrare din Stoc!","potentialAction":[{"@type":"SearchAction","target":{"@type":"EntryPoint","urlTemplate":"https:\/\/ariale.ro\/?s={search_term_string}"},"query-input":{"@type":"PropertyValueSpecification","valueRequired":true,"valueName":"search_term_string"}}],"inLanguage":"ro-RO"}]}},"_links":{"self":[{"href":"https:\/\/ariale.ro\/index.php\/wp-json\/wp\/v2\/product\/9517","targetHints":{"allow":["GET"]}}],"collection":[{"href":"https:\/\/ariale.ro\/index.php\/wp-json\/wp\/v2\/product"}],"about":[{"href":"https:\/\/ariale.ro\/index.php\/wp-json\/wp\/v2\/types\/product"}],"replies":[{"embeddable":true,"href":"https:\/\/ariale.ro\/index.php\/wp-json\/wp\/v2\/comments?post=9517"}],"wp:featuredmedia":[{"embeddable":true,"href":"https:\/\/ariale.ro\/index.php\/wp-json\/wp\/v2\/media\/9520"}],"wp:attachment":[{"href":"https:\/\/ariale.ro\/index.php\/wp-json\/wp\/v2\/media?parent=9517"}],"wp:term":[{"taxonomy":"product_brand","embeddable":true,"href":"https:\/\/ariale.ro\/index.php\/wp-json\/wp\/v2\/product_brand?post=9517"},{"taxonomy":"product_cat","embeddable":true,"href":"https:\/\/ariale.ro\/index.php\/wp-json\/wp\/v2\/product_cat?post=9517"},{"taxonomy":"product_tag","embeddable":true,"href":"https:\/\/ariale.ro\/index.php\/wp-json\/wp\/v2\/product_tag?post=9517"}],"curies":[{"name":"wp","href":"https:\/\/api.w.org\/{rel}","templated":true}]}}