{"id":9489,"date":"2023-11-21T07:15:45","date_gmt":"2023-11-21T07:15:45","guid":{"rendered":"https:\/\/ariale.ro\/?post_type=product&#038;p=9489"},"modified":"2024-04-27T08:49:24","modified_gmt":"2024-04-27T08:49:24","slug":"ariale-cercei-brodati-teardrop-lacrima-rosu","status":"publish","type":"product","link":"https:\/\/ariale.ro\/index.php\/product\/ariale-cercei-brodati-teardrop-lacrima-rosu\/","title":{"rendered":"ARIALE &#8211; Cercei Brodati Teardrop, lacrima, rosu"},"content":{"rendered":"<p><b>D<\/b>escoperiti elegan\u021ba purtat\u0103 la nivelul urm\u0103tor cu cerceii no\u0219tri Teardrop de la ARIALE. Cu o dimensiune aproximativ\u0103 de 7 x 4 cm, ace\u0219ti cercei remarcabili sunt meticulos broda\u021bi \u00een atelierul nostru pentru a aduce o not\u0103 distinct\u0103 oric\u0103rei \u021binute.<\/p>\n<p><strong>Caracteristici:<\/strong><\/p>\n<ul>\n<li><strong>Design Unic:<\/strong> Forma delicat\u0103 de lacrim\u0103 adaug\u0103 o not\u0103 de rafinament \u0219i emo\u021bie la aspectul t\u0103u.<\/li>\n<li><strong>Broderie Manual\u0103:<\/strong> Fiecare pereche este creat\u0103 cu grij\u0103 de me\u0219terii no\u0219tri, eviden\u021biind calitatea \u0219i aten\u021bia la detalii.<\/li>\n<li><strong>Culoare Vibrant\u0103:<\/strong> Disponibili \u00eentr-o nuan\u021b\u0103 atr\u0103g\u0103toare de ro\u0219u, ace\u0219ti cercei sunt un punct focal perfect pentru orice ocazie.<\/li>\n<li><strong>Pot Fi Oferi\u021bi Cadou:<\/strong> Ambalaj elegant \u0219i posibilitatea de a fi oferi\u021bi ca un cadou special pentru cei dragi.<\/li>\n<li><strong>Versatilitate:<\/strong> Se asorteaz\u0103 cu u\u0219urin\u021b\u0103 cu orice \u021binut\u0103, de la casual la elegant.<\/li>\n<\/ul>\n<p>Transform\u0103-\u021bi stilul cu ace\u0219ti cercei Teardrop ARIALE, expresia perfect\u0103 a frumuse\u021bii \u0219i rafinamentului. Pot fi cadoul ideal pentru a eviden\u021bia personalitatea \u0219i elegan\u021ba oric\u0103rei femei.<\/p>\n","protected":false},"excerpt":{"rendered":"<p>Transform\u0103-\u021bi stilul cu ace\u0219ti cercei Teardrop ARIALE, expresia perfect\u0103 a frumuse\u021bii \u0219i rafinamentului. Pot fi cadoul ideal pentru a eviden\u021bia personalitatea \u0219i elegan\u021ba oric\u0103rei femei.<\/p>\n","protected":false},"featured_media":9456,"comment_status":"open","ping_status":"closed","template":"","meta":[],"product_brand":[],"product_cat":[70],"product_tag":[],"class_list":{"0":"post-9489","1":"product","2":"type-product","3":"status-publish","4":"has-post-thumbnail","6":"product_cat-cadouri-brodate","8":"first","9":"instock","10":"shipping-taxable","11":"purchasable","12":"product-type-variable"},"yoast_head":"<!-- This site is optimized with the Yoast SEO plugin v27.2 - https:\/\/yoast.com\/product\/yoast-seo-wordpress\/ -->\n<title>ARIALE - Cercei Brodati Teardrop, lacrima, rosu - Handmade Constanta<\/title>\n<meta name=\"description\" content=\"ARIALE - Cercei Brodati Teardrop, lacrima, rosu -ace\u0219ti cercei sunt meticulos broda\u021bi \u00een atelierul nostru pentru a aduce o not\u0103 distinct\u0103 oric\u0103rei \u021binute.\" \/>\n<meta name=\"robots\" content=\"index, follow, max-snippet:-1, max-image-preview:large, max-video-preview:-1\" \/>\n<link rel=\"canonical\" href=\"https:\/\/ariale.ro\/index.php\/product\/ariale-cercei-brodati-teardrop-lacrima-rosu\/\" \/>\n<meta property=\"og:locale\" content=\"ro_RO\" \/>\n<meta property=\"og:type\" content=\"article\" \/>\n<meta property=\"og:title\" content=\"ARIALE - Cercei Brodati Teardrop, lacrima, rosu - Handmade Constanta\" \/>\n<meta property=\"og:description\" content=\"ARIALE - Cercei Brodati Teardrop, lacrima, rosu -ace\u0219ti cercei sunt meticulos broda\u021bi \u00een atelierul nostru pentru a aduce o not\u0103 distinct\u0103 oric\u0103rei \u021binute.\" \/>\n<meta property=\"og:url\" content=\"https:\/\/ariale.ro\/index.php\/product\/ariale-cercei-brodati-teardrop-lacrima-rosu\/\" \/>\n<meta property=\"og:site_name\" content=\"Handmade Constanta\" \/>\n<meta property=\"article:modified_time\" content=\"2024-04-27T08:49:24+00:00\" \/>\n<meta property=\"og:image\" content=\"https:\/\/ariale.ro\/wp-content\/uploads\/2023\/11\/32-1.jpg\" \/>\n\t<meta property=\"og:image:width\" content=\"450\" \/>\n\t<meta property=\"og:image:height\" content=\"450\" \/>\n\t<meta property=\"og:image:type\" content=\"image\/jpeg\" \/>\n<meta name=\"twitter:card\" content=\"summary_large_image\" \/>\n<meta name=\"twitter:label1\" content=\"Timp estimat pentru citire\" \/>\n\t<meta name=\"twitter:data1\" content=\"1 minut\" \/>\n<script type=\"application\/ld+json\" class=\"yoast-schema-graph\">{\"@context\":\"https:\/\/schema.org\",\"@graph\":[{\"@type\":\"WebPage\",\"@id\":\"https:\/\/ariale.ro\/index.php\/product\/ariale-cercei-brodati-teardrop-lacrima-rosu\/\",\"url\":\"https:\/\/ariale.ro\/index.php\/product\/ariale-cercei-brodati-teardrop-lacrima-rosu\/\",\"name\":\"ARIALE - Cercei Brodati Teardrop, lacrima, rosu - Handmade Constanta\",\"isPartOf\":{\"@id\":\"https:\/\/ariale.ro\/#website\"},\"primaryImageOfPage\":{\"@id\":\"https:\/\/ariale.ro\/index.php\/product\/ariale-cercei-brodati-teardrop-lacrima-rosu\/#primaryimage\"},\"image\":{\"@id\":\"https:\/\/ariale.ro\/index.php\/product\/ariale-cercei-brodati-teardrop-lacrima-rosu\/#primaryimage\"},\"thumbnailUrl\":\"https:\/\/ariale.ro\/wp-content\/uploads\/2023\/11\/32-1.jpg\",\"datePublished\":\"2023-11-21T07:15:45+00:00\",\"dateModified\":\"2024-04-27T08:49:24+00:00\",\"description\":\"ARIALE - Cercei Brodati Teardrop, lacrima, rosu -ace\u0219ti cercei sunt meticulos broda\u021bi \u00een atelierul nostru pentru a aduce o not\u0103 distinct\u0103 oric\u0103rei \u021binute.\",\"breadcrumb\":{\"@id\":\"https:\/\/ariale.ro\/index.php\/product\/ariale-cercei-brodati-teardrop-lacrima-rosu\/#breadcrumb\"},\"inLanguage\":\"ro-RO\",\"potentialAction\":[{\"@type\":\"ReadAction\",\"target\":[\"https:\/\/ariale.ro\/index.php\/product\/ariale-cercei-brodati-teardrop-lacrima-rosu\/\"]}]},{\"@type\":\"ImageObject\",\"inLanguage\":\"ro-RO\",\"@id\":\"https:\/\/ariale.ro\/index.php\/product\/ariale-cercei-brodati-teardrop-lacrima-rosu\/#primaryimage\",\"url\":\"https:\/\/ariale.ro\/wp-content\/uploads\/2023\/11\/32-1.jpg\",\"contentUrl\":\"https:\/\/ariale.ro\/wp-content\/uploads\/2023\/11\/32-1.jpg\",\"width\":450,\"height\":450},{\"@type\":\"BreadcrumbList\",\"@id\":\"https:\/\/ariale.ro\/index.php\/product\/ariale-cercei-brodati-teardrop-lacrima-rosu\/#breadcrumb\",\"itemListElement\":[{\"@type\":\"ListItem\",\"position\":1,\"name\":\"Prima pagin\u0103\",\"item\":\"https:\/\/ariale.ro\/\"},{\"@type\":\"ListItem\",\"position\":2,\"name\":\"Shop\",\"item\":\"https:\/\/ariale.ro\/index.php\/shop\/\"},{\"@type\":\"ListItem\",\"position\":3,\"name\":\"ARIALE &#8211; Cercei Brodati Teardrop, lacrima, rosu\"}]},{\"@type\":\"WebSite\",\"@id\":\"https:\/\/ariale.ro\/#website\",\"url\":\"https:\/\/ariale.ro\/\",\"name\":\"Handmade Constanta\",\"description\":\"Magazin online cu articole lucrate manual in Romania! Transport rapid! Preturi mici! Livrare din Stoc!\",\"potentialAction\":[{\"@type\":\"SearchAction\",\"target\":{\"@type\":\"EntryPoint\",\"urlTemplate\":\"https:\/\/ariale.ro\/?s={search_term_string}\"},\"query-input\":{\"@type\":\"PropertyValueSpecification\",\"valueRequired\":true,\"valueName\":\"search_term_string\"}}],\"inLanguage\":\"ro-RO\"}]}<\/script>\n<!-- \/ Yoast SEO plugin. -->","yoast_head_json":{"title":"ARIALE - Cercei Brodati Teardrop, lacrima, rosu - Handmade Constanta","description":"ARIALE - Cercei Brodati Teardrop, lacrima, rosu -ace\u0219ti cercei sunt meticulos broda\u021bi \u00een atelierul nostru pentru a aduce o not\u0103 distinct\u0103 oric\u0103rei \u021binute.","robots":{"index":"index","follow":"follow","max-snippet":"max-snippet:-1","max-image-preview":"max-image-preview:large","max-video-preview":"max-video-preview:-1"},"canonical":"https:\/\/ariale.ro\/index.php\/product\/ariale-cercei-brodati-teardrop-lacrima-rosu\/","og_locale":"ro_RO","og_type":"article","og_title":"ARIALE - Cercei Brodati Teardrop, lacrima, rosu - Handmade Constanta","og_description":"ARIALE - Cercei Brodati Teardrop, lacrima, rosu -ace\u0219ti cercei sunt meticulos broda\u021bi \u00een atelierul nostru pentru a aduce o not\u0103 distinct\u0103 oric\u0103rei \u021binute.","og_url":"https:\/\/ariale.ro\/index.php\/product\/ariale-cercei-brodati-teardrop-lacrima-rosu\/","og_site_name":"Handmade Constanta","article_modified_time":"2024-04-27T08:49:24+00:00","og_image":[{"width":450,"height":450,"url":"https:\/\/ariale.ro\/wp-content\/uploads\/2023\/11\/32-1.jpg","type":"image\/jpeg"}],"twitter_card":"summary_large_image","twitter_misc":{"Timp estimat pentru citire":"1 minut"},"schema":{"@context":"https:\/\/schema.org","@graph":[{"@type":"WebPage","@id":"https:\/\/ariale.ro\/index.php\/product\/ariale-cercei-brodati-teardrop-lacrima-rosu\/","url":"https:\/\/ariale.ro\/index.php\/product\/ariale-cercei-brodati-teardrop-lacrima-rosu\/","name":"ARIALE - Cercei Brodati Teardrop, lacrima, rosu - Handmade Constanta","isPartOf":{"@id":"https:\/\/ariale.ro\/#website"},"primaryImageOfPage":{"@id":"https:\/\/ariale.ro\/index.php\/product\/ariale-cercei-brodati-teardrop-lacrima-rosu\/#primaryimage"},"image":{"@id":"https:\/\/ariale.ro\/index.php\/product\/ariale-cercei-brodati-teardrop-lacrima-rosu\/#primaryimage"},"thumbnailUrl":"https:\/\/ariale.ro\/wp-content\/uploads\/2023\/11\/32-1.jpg","datePublished":"2023-11-21T07:15:45+00:00","dateModified":"2024-04-27T08:49:24+00:00","description":"ARIALE - Cercei Brodati Teardrop, lacrima, rosu -ace\u0219ti cercei sunt meticulos broda\u021bi \u00een atelierul nostru pentru a aduce o not\u0103 distinct\u0103 oric\u0103rei \u021binute.","breadcrumb":{"@id":"https:\/\/ariale.ro\/index.php\/product\/ariale-cercei-brodati-teardrop-lacrima-rosu\/#breadcrumb"},"inLanguage":"ro-RO","potentialAction":[{"@type":"ReadAction","target":["https:\/\/ariale.ro\/index.php\/product\/ariale-cercei-brodati-teardrop-lacrima-rosu\/"]}]},{"@type":"ImageObject","inLanguage":"ro-RO","@id":"https:\/\/ariale.ro\/index.php\/product\/ariale-cercei-brodati-teardrop-lacrima-rosu\/#primaryimage","url":"https:\/\/ariale.ro\/wp-content\/uploads\/2023\/11\/32-1.jpg","contentUrl":"https:\/\/ariale.ro\/wp-content\/uploads\/2023\/11\/32-1.jpg","width":450,"height":450},{"@type":"BreadcrumbList","@id":"https:\/\/ariale.ro\/index.php\/product\/ariale-cercei-brodati-teardrop-lacrima-rosu\/#breadcrumb","itemListElement":[{"@type":"ListItem","position":1,"name":"Prima pagin\u0103","item":"https:\/\/ariale.ro\/"},{"@type":"ListItem","position":2,"name":"Shop","item":"https:\/\/ariale.ro\/index.php\/shop\/"},{"@type":"ListItem","position":3,"name":"ARIALE &#8211; Cercei Brodati Teardrop, lacrima, rosu"}]},{"@type":"WebSite","@id":"https:\/\/ariale.ro\/#website","url":"https:\/\/ariale.ro\/","name":"Handmade Constanta","description":"Magazin online cu articole lucrate manual in Romania! Transport rapid! Preturi mici! Livrare din Stoc!","potentialAction":[{"@type":"SearchAction","target":{"@type":"EntryPoint","urlTemplate":"https:\/\/ariale.ro\/?s={search_term_string}"},"query-input":{"@type":"PropertyValueSpecification","valueRequired":true,"valueName":"search_term_string"}}],"inLanguage":"ro-RO"}]}},"_links":{"self":[{"href":"https:\/\/ariale.ro\/index.php\/wp-json\/wp\/v2\/product\/9489","targetHints":{"allow":["GET"]}}],"collection":[{"href":"https:\/\/ariale.ro\/index.php\/wp-json\/wp\/v2\/product"}],"about":[{"href":"https:\/\/ariale.ro\/index.php\/wp-json\/wp\/v2\/types\/product"}],"replies":[{"embeddable":true,"href":"https:\/\/ariale.ro\/index.php\/wp-json\/wp\/v2\/comments?post=9489"}],"wp:featuredmedia":[{"embeddable":true,"href":"https:\/\/ariale.ro\/index.php\/wp-json\/wp\/v2\/media\/9456"}],"wp:attachment":[{"href":"https:\/\/ariale.ro\/index.php\/wp-json\/wp\/v2\/media?parent=9489"}],"wp:term":[{"taxonomy":"product_brand","embeddable":true,"href":"https:\/\/ariale.ro\/index.php\/wp-json\/wp\/v2\/product_brand?post=9489"},{"taxonomy":"product_cat","embeddable":true,"href":"https:\/\/ariale.ro\/index.php\/wp-json\/wp\/v2\/product_cat?post=9489"},{"taxonomy":"product_tag","embeddable":true,"href":"https:\/\/ariale.ro\/index.php\/wp-json\/wp\/v2\/product_tag?post=9489"}],"curies":[{"name":"wp","href":"https:\/\/api.w.org\/{rel}","templated":true}]}}