{"id":9087,"date":"2023-11-17T20:13:23","date_gmt":"2023-11-17T20:13:23","guid":{"rendered":"https:\/\/ariale.ro\/?post_type=product&#038;p=9087"},"modified":"2024-01-26T18:28:46","modified_gmt":"2024-01-26T18:28:46","slug":"lenjerie-de-pat-pentru-2-persoane-4-piese-mos-craciun-design-by-ariale-bumbac-ranforce-multicolor","status":"publish","type":"product","link":"https:\/\/ariale.ro\/index.php\/product\/lenjerie-de-pat-pentru-2-persoane-4-piese-mos-craciun-design-by-ariale-bumbac-ranforce-multicolor\/","title":{"rendered":"Lenjerie de pat pentru 2 persoane, 4 piese, Mos Craciun Design by ARIALE, bumbac ranforce, Multicolor"},"content":{"rendered":"<div class=\"w-full text-token-text-primary border-b border-black\/10 gizmo:border-0 dark:border-gray-900\/50 gizmo:dark:border-0 bg-gray-50 gizmo:bg-transparent dark:bg-[#444654] gizmo:dark:bg-transparent\" data-testid=\"conversation-turn-5\">\n<div class=\"p-4 gizmo:py-2 justify-center text-base md:gap-6 md:py-6 m-auto\">\n<div class=\"flex flex-1 gap-4 text-base mx-auto md:gap-6 gizmo:gap-3 gizmo:md:px-5 gizmo:lg:px-1 gizmo:xl:px-5 md:max-w-2xl lg:max-w-[38rem] gizmo:md:max-w-3xl gizmo:lg:max-w-[40rem] gizmo:xl:max-w-[48rem] xl:max-w-3xl } group final-completion\">\n<div class=\"relative flex w-[calc(100%-50px)] flex-col gizmo:w-full lg:w-[calc(100%-115px)] agent-turn\">\n<div class=\"flex-col gap-1 md:gap-3\">\n<div class=\"flex flex-grow flex-col max-w-full gap-3 gizmo:gap-0\">\n<div class=\"min-h-[20px] text-message flex flex-col items-start gap-3 whitespace-pre-wrap break-words [.text-message+&amp;]:mt-5 overflow-x-auto\" data-message-author-role=\"assistant\" data-message-id=\"f5ac5371-29fe-4dd4-a4de-e640e748c000\">\n<div class=\"markdown prose w-full break-words dark:prose-invert dark\">\n<p>Aceasta lenjerie de pat pentru 2 persoane, cu un design festiv Mos Cr\u0103ciun creat de ARIALE, este conceput\u0103 pentru a aduce un aer de s\u0103rb\u0103toare \u00een dormitorul t\u0103u sau pentru a fi oferit\u0103 drept cadou special. Realizat\u0103 din bumbac ranforce de \u00eenalt\u0103 calitate, aceast\u0103 lenjerie vine \u00eentr-un set de 4 piese, perfecte pentru a infrumuse\u021ba \u0219i a completa atmosfera din dormitor.<\/p>\n<p><strong>Caracteristici Principale:<\/strong><\/p>\n<ul>\n<li><strong>Design Mos Cr\u0103ciun by ARIALE:<\/strong> Aduc\u00e2nd atmosfera magic\u0103 a s\u0103rb\u0103torilor direct \u00een dormitor, acest set de lenjerie de pat este decorat cu un design festiv Mos Cr\u0103ciun.<\/li>\n<li><strong>Material Natural de Calitate:<\/strong> Confectionat\u0103 din 100% bumbac ranforce, aceast\u0103 lenjerie ofer\u0103 o senza\u021bie pl\u0103cut\u0103 la atingere \u0219i asigur\u0103 o rezisten\u021b\u0103 sporit\u0103 \u00een timp.<\/li>\n<li><strong>Durabilitate:<\/strong> Datorit\u0103 tes\u0103turii fine \u0219i a execu\u021biei de \u00eenalt\u0103 calitate, aceast\u0103 lenjerie este extrem de rezistent\u0103 \u0219i men\u021bine str\u0103lucirea \u0219i luminozitatea chiar \u0219i \u00een timpul utiliz\u0103rii \u00eendelungate.<\/li>\n<li><strong>Samforizat:<\/strong> Materialul este tratat pentru a avea contrac\u021bii reduse la sp\u0103l\u0103ri repetate la temperaturi ridicate, asigur\u00e2nd o utilizare \u00eendelungat\u0103 \u0219i men\u021bin\u00e2ndu-\u0219i forma ini\u021bial\u0103.<\/li>\n<li><strong>Destina\u021bie:<\/strong> Potrivit\u0103 pentru uz domestic, acest set de lenjerie adaug\u0103 un strop de magie \u0219i confort \u00een camera ta sau poate fi un cadou minunat pentru cei dragi.<\/li>\n<\/ul>\n<p><strong>Componente \u0219i Dimensiuni:<\/strong><\/p>\n<ul>\n<li>1 x Cearceaf de pat: 220&#215;240 cm<\/li>\n<li>1 x Cearceaf pentru pilot\u0103: 200&#215;220 cm<\/li>\n<li>2 x Fe\u021be de pern\u0103: 50 x 70 cm (total 4 piese, pentru 2 persoane)<\/li>\n<\/ul>\n<p>Cu aceste caracteristici, lenjeria de pat Mos Cr\u0103ciun Design by ARIALE nu numai c\u0103 adaug\u0103 un aspect festiv dormitorului, dar ofer\u0103 \u0219i confortul \u0219i calitatea necesare pentru a fi apreciat\u0103 \u00een fiecare sezon.<\/p>\n<\/div>\n<\/div>\n<\/div>\n<div class=\"flex justify-between empty:hidden gizmo:mt-1 gizmo:justify-start gizmo:gap-3 lg:block gizmo:lg:flex\">\n<div class=\"text-gray-400 flex self-end lg:self-center justify-center gizmo:lg:justify-start mt-2 gizmo:mt-0 visible gap-1\"><button class=\"flex ml-auto gizmo:ml-0 gap-1 items-center rounded-md p-1 text-xs gizmo:gap-1.5 gizmo:pl-0 dark:text-gray-400 dark:hover:text-gray-200 disabled:dark:hover:text-gray-400 hover:text-gray-950 md:invisible md:group-hover:visible md:group-[.final-completion]:visible\"><\/button><\/p>\n<div class=\"flex gap-1\"><\/div>\n<div class=\"flex items-center gap-1.5 text-xs\"><\/div>\n<\/div>\n<\/div>\n<\/div>\n<\/div>\n<\/div>\n<\/div>\n<\/div>\n<div class=\"mx-auto\">\n<div data-projection-id=\"49\">\n<div class=\"mx-auto mt-2 inline-flex rounded-xl border border-gray-100 dark:border-gray-700\"><\/div>\n<\/div>\n<\/div>\n","protected":false},"excerpt":{"rendered":"<p><strong>Componente \u0219i Dimensiuni:<\/strong><\/p>\n<ul>\n<li>1 x Cearceaf de pat: 220&#215;240 cm<\/li>\n<li>1 x Cearceaf pentru pilot\u0103: 200&#215;220 cm<\/li>\n<li>2 x Fe\u021be de pern\u0103: 50 x 70 cm (total 4 piese, pentru 2 persoane)<\/li>\n<\/ul>\n","protected":false},"featured_media":9092,"comment_status":"open","ping_status":"closed","template":"","meta":[],"product_brand":[],"product_cat":[180],"product_tag":[],"class_list":{"0":"post-9087","1":"product","2":"type-product","3":"status-publish","4":"has-post-thumbnail","6":"product_cat-craciun","8":"first","9":"outofstock","10":"sale","11":"shipping-taxable","12":"purchasable","13":"product-type-simple"},"yoast_head":"<!-- This site is optimized with the Yoast SEO plugin v27.2 - https:\/\/yoast.com\/product\/yoast-seo-wordpress\/ -->\n<title>Lenjerie de pat pentru 2 persoane, 4 piese, Mos Craciun Design by ARIALE, bumbac ranforce, Multicolor - Handmade Constanta<\/title>\n<meta name=\"description\" content=\"Aceasta lenjerie de pat, cu un design festiv Mos Cr\u0103ciun creat de ARIALE, este conceput\u0103 pentru a aduce un aer de s\u0103rb\u0103toare \u00een dormitorul t\u0103u sau pentru a fi oferit\u0103 drept cadou special!\" \/>\n<meta name=\"robots\" content=\"index, follow, max-snippet:-1, max-image-preview:large, max-video-preview:-1\" \/>\n<link rel=\"canonical\" href=\"https:\/\/ariale.ro\/index.php\/product\/lenjerie-de-pat-pentru-2-persoane-4-piese-mos-craciun-design-by-ariale-bumbac-ranforce-multicolor\/\" \/>\n<meta property=\"og:locale\" content=\"ro_RO\" \/>\n<meta property=\"og:type\" content=\"article\" \/>\n<meta property=\"og:title\" content=\"Lenjerie de pat pentru 2 persoane, 4 piese, Mos Craciun Design by ARIALE, bumbac ranforce, Multicolor - Handmade Constanta\" \/>\n<meta property=\"og:description\" content=\"Aceasta lenjerie de pat, cu un design festiv Mos Cr\u0103ciun creat de ARIALE, este conceput\u0103 pentru a aduce un aer de s\u0103rb\u0103toare \u00een dormitorul t\u0103u sau pentru a fi oferit\u0103 drept cadou special!\" \/>\n<meta property=\"og:url\" content=\"https:\/\/ariale.ro\/index.php\/product\/lenjerie-de-pat-pentru-2-persoane-4-piese-mos-craciun-design-by-ariale-bumbac-ranforce-multicolor\/\" \/>\n<meta property=\"og:site_name\" content=\"Handmade Constanta\" \/>\n<meta property=\"article:modified_time\" content=\"2024-01-26T18:28:46+00:00\" \/>\n<meta property=\"og:image\" content=\"https:\/\/ariale.ro\/wp-content\/uploads\/2023\/11\/20221004_131146.jpg\" \/>\n\t<meta property=\"og:image:width\" content=\"700\" \/>\n\t<meta property=\"og:image:height\" content=\"800\" \/>\n\t<meta property=\"og:image:type\" content=\"image\/jpeg\" \/>\n<meta name=\"twitter:card\" content=\"summary_large_image\" \/>\n<meta name=\"twitter:label1\" content=\"Timp estimat pentru citire\" \/>\n\t<meta name=\"twitter:data1\" content=\"2 minute\" \/>\n<script type=\"application\/ld+json\" class=\"yoast-schema-graph\">{\"@context\":\"https:\/\/schema.org\",\"@graph\":[{\"@type\":\"WebPage\",\"@id\":\"https:\/\/ariale.ro\/index.php\/product\/lenjerie-de-pat-pentru-2-persoane-4-piese-mos-craciun-design-by-ariale-bumbac-ranforce-multicolor\/\",\"url\":\"https:\/\/ariale.ro\/index.php\/product\/lenjerie-de-pat-pentru-2-persoane-4-piese-mos-craciun-design-by-ariale-bumbac-ranforce-multicolor\/\",\"name\":\"Lenjerie de pat pentru 2 persoane, 4 piese, Mos Craciun Design by ARIALE, bumbac ranforce, Multicolor - Handmade Constanta\",\"isPartOf\":{\"@id\":\"https:\/\/ariale.ro\/#website\"},\"primaryImageOfPage\":{\"@id\":\"https:\/\/ariale.ro\/index.php\/product\/lenjerie-de-pat-pentru-2-persoane-4-piese-mos-craciun-design-by-ariale-bumbac-ranforce-multicolor\/#primaryimage\"},\"image\":{\"@id\":\"https:\/\/ariale.ro\/index.php\/product\/lenjerie-de-pat-pentru-2-persoane-4-piese-mos-craciun-design-by-ariale-bumbac-ranforce-multicolor\/#primaryimage\"},\"thumbnailUrl\":\"https:\/\/ariale.ro\/wp-content\/uploads\/2023\/11\/20221004_131146.jpg\",\"datePublished\":\"2023-11-17T20:13:23+00:00\",\"dateModified\":\"2024-01-26T18:28:46+00:00\",\"description\":\"Aceasta lenjerie de pat, cu un design festiv Mos Cr\u0103ciun creat de ARIALE, este conceput\u0103 pentru a aduce un aer de s\u0103rb\u0103toare \u00een dormitorul t\u0103u sau pentru a fi oferit\u0103 drept cadou special!\",\"breadcrumb\":{\"@id\":\"https:\/\/ariale.ro\/index.php\/product\/lenjerie-de-pat-pentru-2-persoane-4-piese-mos-craciun-design-by-ariale-bumbac-ranforce-multicolor\/#breadcrumb\"},\"inLanguage\":\"ro-RO\",\"potentialAction\":[{\"@type\":\"ReadAction\",\"target\":[\"https:\/\/ariale.ro\/index.php\/product\/lenjerie-de-pat-pentru-2-persoane-4-piese-mos-craciun-design-by-ariale-bumbac-ranforce-multicolor\/\"]}]},{\"@type\":\"ImageObject\",\"inLanguage\":\"ro-RO\",\"@id\":\"https:\/\/ariale.ro\/index.php\/product\/lenjerie-de-pat-pentru-2-persoane-4-piese-mos-craciun-design-by-ariale-bumbac-ranforce-multicolor\/#primaryimage\",\"url\":\"https:\/\/ariale.ro\/wp-content\/uploads\/2023\/11\/20221004_131146.jpg\",\"contentUrl\":\"https:\/\/ariale.ro\/wp-content\/uploads\/2023\/11\/20221004_131146.jpg\",\"width\":700,\"height\":800},{\"@type\":\"BreadcrumbList\",\"@id\":\"https:\/\/ariale.ro\/index.php\/product\/lenjerie-de-pat-pentru-2-persoane-4-piese-mos-craciun-design-by-ariale-bumbac-ranforce-multicolor\/#breadcrumb\",\"itemListElement\":[{\"@type\":\"ListItem\",\"position\":1,\"name\":\"Prima pagin\u0103\",\"item\":\"https:\/\/ariale.ro\/\"},{\"@type\":\"ListItem\",\"position\":2,\"name\":\"Shop\",\"item\":\"https:\/\/ariale.ro\/index.php\/shop\/\"},{\"@type\":\"ListItem\",\"position\":3,\"name\":\"Lenjerie de pat pentru 2 persoane, 4 piese, Mos Craciun Design by ARIALE, bumbac ranforce, Multicolor\"}]},{\"@type\":\"WebSite\",\"@id\":\"https:\/\/ariale.ro\/#website\",\"url\":\"https:\/\/ariale.ro\/\",\"name\":\"Handmade Constanta\",\"description\":\"Magazin online cu articole lucrate manual in Romania! Transport rapid! Preturi mici! Livrare din Stoc!\",\"potentialAction\":[{\"@type\":\"SearchAction\",\"target\":{\"@type\":\"EntryPoint\",\"urlTemplate\":\"https:\/\/ariale.ro\/?s={search_term_string}\"},\"query-input\":{\"@type\":\"PropertyValueSpecification\",\"valueRequired\":true,\"valueName\":\"search_term_string\"}}],\"inLanguage\":\"ro-RO\"}]}<\/script>\n<!-- \/ Yoast SEO plugin. -->","yoast_head_json":{"title":"Lenjerie de pat pentru 2 persoane, 4 piese, Mos Craciun Design by ARIALE, bumbac ranforce, Multicolor - Handmade Constanta","description":"Aceasta lenjerie de pat, cu un design festiv Mos Cr\u0103ciun creat de ARIALE, este conceput\u0103 pentru a aduce un aer de s\u0103rb\u0103toare \u00een dormitorul t\u0103u sau pentru a fi oferit\u0103 drept cadou special!","robots":{"index":"index","follow":"follow","max-snippet":"max-snippet:-1","max-image-preview":"max-image-preview:large","max-video-preview":"max-video-preview:-1"},"canonical":"https:\/\/ariale.ro\/index.php\/product\/lenjerie-de-pat-pentru-2-persoane-4-piese-mos-craciun-design-by-ariale-bumbac-ranforce-multicolor\/","og_locale":"ro_RO","og_type":"article","og_title":"Lenjerie de pat pentru 2 persoane, 4 piese, Mos Craciun Design by ARIALE, bumbac ranforce, Multicolor - Handmade Constanta","og_description":"Aceasta lenjerie de pat, cu un design festiv Mos Cr\u0103ciun creat de ARIALE, este conceput\u0103 pentru a aduce un aer de s\u0103rb\u0103toare \u00een dormitorul t\u0103u sau pentru a fi oferit\u0103 drept cadou special!","og_url":"https:\/\/ariale.ro\/index.php\/product\/lenjerie-de-pat-pentru-2-persoane-4-piese-mos-craciun-design-by-ariale-bumbac-ranforce-multicolor\/","og_site_name":"Handmade Constanta","article_modified_time":"2024-01-26T18:28:46+00:00","og_image":[{"width":700,"height":800,"url":"https:\/\/ariale.ro\/wp-content\/uploads\/2023\/11\/20221004_131146.jpg","type":"image\/jpeg"}],"twitter_card":"summary_large_image","twitter_misc":{"Timp estimat pentru citire":"2 minute"},"schema":{"@context":"https:\/\/schema.org","@graph":[{"@type":"WebPage","@id":"https:\/\/ariale.ro\/index.php\/product\/lenjerie-de-pat-pentru-2-persoane-4-piese-mos-craciun-design-by-ariale-bumbac-ranforce-multicolor\/","url":"https:\/\/ariale.ro\/index.php\/product\/lenjerie-de-pat-pentru-2-persoane-4-piese-mos-craciun-design-by-ariale-bumbac-ranforce-multicolor\/","name":"Lenjerie de pat pentru 2 persoane, 4 piese, Mos Craciun Design by ARIALE, bumbac ranforce, Multicolor - Handmade Constanta","isPartOf":{"@id":"https:\/\/ariale.ro\/#website"},"primaryImageOfPage":{"@id":"https:\/\/ariale.ro\/index.php\/product\/lenjerie-de-pat-pentru-2-persoane-4-piese-mos-craciun-design-by-ariale-bumbac-ranforce-multicolor\/#primaryimage"},"image":{"@id":"https:\/\/ariale.ro\/index.php\/product\/lenjerie-de-pat-pentru-2-persoane-4-piese-mos-craciun-design-by-ariale-bumbac-ranforce-multicolor\/#primaryimage"},"thumbnailUrl":"https:\/\/ariale.ro\/wp-content\/uploads\/2023\/11\/20221004_131146.jpg","datePublished":"2023-11-17T20:13:23+00:00","dateModified":"2024-01-26T18:28:46+00:00","description":"Aceasta lenjerie de pat, cu un design festiv Mos Cr\u0103ciun creat de ARIALE, este conceput\u0103 pentru a aduce un aer de s\u0103rb\u0103toare \u00een dormitorul t\u0103u sau pentru a fi oferit\u0103 drept cadou special!","breadcrumb":{"@id":"https:\/\/ariale.ro\/index.php\/product\/lenjerie-de-pat-pentru-2-persoane-4-piese-mos-craciun-design-by-ariale-bumbac-ranforce-multicolor\/#breadcrumb"},"inLanguage":"ro-RO","potentialAction":[{"@type":"ReadAction","target":["https:\/\/ariale.ro\/index.php\/product\/lenjerie-de-pat-pentru-2-persoane-4-piese-mos-craciun-design-by-ariale-bumbac-ranforce-multicolor\/"]}]},{"@type":"ImageObject","inLanguage":"ro-RO","@id":"https:\/\/ariale.ro\/index.php\/product\/lenjerie-de-pat-pentru-2-persoane-4-piese-mos-craciun-design-by-ariale-bumbac-ranforce-multicolor\/#primaryimage","url":"https:\/\/ariale.ro\/wp-content\/uploads\/2023\/11\/20221004_131146.jpg","contentUrl":"https:\/\/ariale.ro\/wp-content\/uploads\/2023\/11\/20221004_131146.jpg","width":700,"height":800},{"@type":"BreadcrumbList","@id":"https:\/\/ariale.ro\/index.php\/product\/lenjerie-de-pat-pentru-2-persoane-4-piese-mos-craciun-design-by-ariale-bumbac-ranforce-multicolor\/#breadcrumb","itemListElement":[{"@type":"ListItem","position":1,"name":"Prima pagin\u0103","item":"https:\/\/ariale.ro\/"},{"@type":"ListItem","position":2,"name":"Shop","item":"https:\/\/ariale.ro\/index.php\/shop\/"},{"@type":"ListItem","position":3,"name":"Lenjerie de pat pentru 2 persoane, 4 piese, Mos Craciun Design by ARIALE, bumbac ranforce, Multicolor"}]},{"@type":"WebSite","@id":"https:\/\/ariale.ro\/#website","url":"https:\/\/ariale.ro\/","name":"Handmade Constanta","description":"Magazin online cu articole lucrate manual in Romania! Transport rapid! Preturi mici! Livrare din Stoc!","potentialAction":[{"@type":"SearchAction","target":{"@type":"EntryPoint","urlTemplate":"https:\/\/ariale.ro\/?s={search_term_string}"},"query-input":{"@type":"PropertyValueSpecification","valueRequired":true,"valueName":"search_term_string"}}],"inLanguage":"ro-RO"}]}},"_links":{"self":[{"href":"https:\/\/ariale.ro\/index.php\/wp-json\/wp\/v2\/product\/9087","targetHints":{"allow":["GET"]}}],"collection":[{"href":"https:\/\/ariale.ro\/index.php\/wp-json\/wp\/v2\/product"}],"about":[{"href":"https:\/\/ariale.ro\/index.php\/wp-json\/wp\/v2\/types\/product"}],"replies":[{"embeddable":true,"href":"https:\/\/ariale.ro\/index.php\/wp-json\/wp\/v2\/comments?post=9087"}],"wp:featuredmedia":[{"embeddable":true,"href":"https:\/\/ariale.ro\/index.php\/wp-json\/wp\/v2\/media\/9092"}],"wp:attachment":[{"href":"https:\/\/ariale.ro\/index.php\/wp-json\/wp\/v2\/media?parent=9087"}],"wp:term":[{"taxonomy":"product_brand","embeddable":true,"href":"https:\/\/ariale.ro\/index.php\/wp-json\/wp\/v2\/product_brand?post=9087"},{"taxonomy":"product_cat","embeddable":true,"href":"https:\/\/ariale.ro\/index.php\/wp-json\/wp\/v2\/product_cat?post=9087"},{"taxonomy":"product_tag","embeddable":true,"href":"https:\/\/ariale.ro\/index.php\/wp-json\/wp\/v2\/product_tag?post=9087"}],"curies":[{"name":"wp","href":"https:\/\/api.w.org\/{rel}","templated":true}]}}