{"id":9085,"date":"2023-11-17T20:02:38","date_gmt":"2023-11-17T20:02:38","guid":{"rendered":"https:\/\/ariale.ro\/?post_type=product&#038;p=9085"},"modified":"2025-11-13T15:02:22","modified_gmt":"2025-11-13T15:02:22","slug":"lenjerie-de-pat-pentru-2-persoane-4-piese-craciun-design-cu-verde-by-ariale-bumbac-ranforce-multicolor-copiaza","status":"publish","type":"product","link":"https:\/\/ariale.ro\/index.php\/product\/lenjerie-de-pat-pentru-2-persoane-4-piese-craciun-design-cu-verde-by-ariale-bumbac-ranforce-multicolor-copiaza\/","title":{"rendered":"Lenjerie de pat pentru o persoana, 3 piese, Craciun Design by ARIALE, bumbac ranforce, Multicolor"},"content":{"rendered":"<p>Lenjeria de pat pentru o persoana, 3 piese, Cr\u0103ciun Design by ARIALE, confec\u021bionat\u0103 din bumbac ranforce, se distinge prin elegan\u021ba \u0219i calitatea sa excep\u021bional\u0103. Cu un design de Cr\u0103ciun multicolor, aceast\u0103 lenjerie adaug\u0103 o not\u0103 festiv\u0103 dormitorului, fiind, de asemenea, o op\u021biune perfect\u0103 pentru a fi oferit\u0103 drept cadou.<\/p>\n<p>Materialul de \u00eenalt\u0103 calitate, 100% bumbac tip ranforce, confer\u0103 lenjeriei rezisten\u021b\u0103 \u0219i durabilitate remarcabile. Tes\u0103tura fin\u0103, realizat\u0103 cu pricepere, asigur\u0103 un aspect proasp\u0103t \u0219i o senza\u021bie pl\u0103cut\u0103 la atingere. Lenjeria r\u0103m\u00e2ne str\u0103lucitoare \u0219i luminoas\u0103 chiar \u0219i dup\u0103 utilizare \u00eendelungat\u0103, gra\u021bie materialelor naturale \u0219i execu\u021biei atente.<\/p>\n<p>Destinat\u0103 pentru uzul domestic, aceast\u0103 lenjerie este potrivit\u0103 pentru a infrumuse\u021ba atmosfera din propriul dormitor sau pentru a fi oferit\u0103 cu drag drept cadou. Materialele de excep\u021bie \u0219i construc\u021bia tes\u0103turii, cu o densitate de 120 g\/m2 \u0219i 144 fire\/inch2, adaug\u0103 un plus de confort \u0219i calitate experien\u021bei de dormit.<\/p>\n<p>Lenjeria de pat este samforizat\u0103, ceea ce \u00eenseamn\u0103 c\u0103 are contractii foarte reduse la sp\u0103l\u0103rile repetate la temperaturi \u00eenalte. Astfel, r\u0103m\u00e2ne \u00een condi\u021bii optime chiar \u0219i dup\u0103 numeroase cicluri de sp\u0103lare.<\/p>\n<p>Setul cuprinde:<\/p>\n<ul>\n<li>1 x Cearceaf de pat de dimensiuni 140&#215;240 cm,<\/li>\n<li>1 x Cearceaf pentru pilot\u0103 de dimensiuni 140&#215;200 cm,<\/li>\n<li>1 x Fata de pern\u0103 de dimensiuni 50 x 70 cm.<\/li>\n<\/ul>\n<p>Cu aceast\u0103 lenjerie, ve\u021bi transforma dormitorul \u00eentr-un spa\u021biu primitor \u0219i elegant, beneficiind de confortul oferit de materialele naturale \u0219i de designul festiv potrivit pentru sezonul Cr\u0103ciunului.<\/p>\n","protected":false},"excerpt":{"rendered":"<p>Setul cuprinde:<\/p>\n<ul>\n<li>1 x Cearceaf de pat de dimensiuni 140&#215;240 cm,<\/li>\n<li>1 x Cearceaf pentru pilot\u0103 de dimensiuni 140&#215;200 cm,<\/li>\n<li>1 x Fata de pern\u0103 de dimensiuni 50 x 70 cm.<\/li>\n<\/ul>\n","protected":false},"featured_media":9058,"comment_status":"open","ping_status":"closed","template":"","meta":[],"product_brand":[],"product_cat":[180],"product_tag":[],"class_list":{"0":"post-9085","1":"product","2":"type-product","3":"status-publish","4":"has-post-thumbnail","6":"product_cat-craciun","8":"first","9":"outofstock","10":"shipping-taxable","11":"purchasable","12":"product-type-simple"},"yoast_head":"<!-- This site is optimized with the Yoast SEO plugin v27.2 - https:\/\/yoast.com\/product\/yoast-seo-wordpress\/ -->\n<title>Lenjerie de pat pentru o persoana, 3 piese, Craciun Design by ARIALE, bumbac ranforce, Multicolor - Handmade Constanta<\/title>\n<meta name=\"description\" content=\"Lenjeria de pat pentru 2 persoane, 4 piese, Cr\u0103ciun Design by ARIALE, confec\u021bionat\u0103 din bumbac ranforce, se distinge prin elegan\u021ba \u0219i calitatea sa excep\u021bional\u0103. Cu un design de Cr\u0103ciun multicolor, aceast\u0103 lenjerie adaug\u0103 o not\u0103 festiv\u0103 dormitorului, fiind, de asemenea, o op\u021biune perfect\u0103 pentru a fi oferit\u0103 drept cadou.\" \/>\n<meta name=\"robots\" content=\"index, follow, max-snippet:-1, max-image-preview:large, max-video-preview:-1\" \/>\n<link rel=\"canonical\" href=\"https:\/\/ariale.ro\/index.php\/product\/lenjerie-de-pat-pentru-2-persoane-4-piese-craciun-design-cu-verde-by-ariale-bumbac-ranforce-multicolor-copiaza\/\" \/>\n<meta property=\"og:locale\" content=\"ro_RO\" \/>\n<meta property=\"og:type\" content=\"article\" \/>\n<meta property=\"og:title\" content=\"Lenjerie de pat pentru o persoana, 3 piese, Craciun Design by ARIALE, bumbac ranforce, Multicolor - Handmade Constanta\" \/>\n<meta property=\"og:description\" content=\"Lenjeria de pat pentru 2 persoane, 4 piese, Cr\u0103ciun Design by ARIALE, confec\u021bionat\u0103 din bumbac ranforce, se distinge prin elegan\u021ba \u0219i calitatea sa excep\u021bional\u0103. Cu un design de Cr\u0103ciun multicolor, aceast\u0103 lenjerie adaug\u0103 o not\u0103 festiv\u0103 dormitorului, fiind, de asemenea, o op\u021biune perfect\u0103 pentru a fi oferit\u0103 drept cadou.\" \/>\n<meta property=\"og:url\" content=\"https:\/\/ariale.ro\/index.php\/product\/lenjerie-de-pat-pentru-2-persoane-4-piese-craciun-design-cu-verde-by-ariale-bumbac-ranforce-multicolor-copiaza\/\" \/>\n<meta property=\"og:site_name\" content=\"Handmade Constanta\" \/>\n<meta property=\"article:modified_time\" content=\"2025-11-13T15:02:22+00:00\" \/>\n<meta property=\"og:image\" content=\"https:\/\/ariale.ro\/wp-content\/uploads\/2023\/11\/20220923_131053.jpg\" \/>\n\t<meta property=\"og:image:width\" content=\"700\" \/>\n\t<meta property=\"og:image:height\" content=\"800\" \/>\n\t<meta property=\"og:image:type\" content=\"image\/jpeg\" \/>\n<meta name=\"twitter:card\" content=\"summary_large_image\" \/>\n<meta name=\"twitter:label1\" content=\"Timp estimat pentru citire\" \/>\n\t<meta name=\"twitter:data1\" content=\"2 minute\" \/>\n<script type=\"application\/ld+json\" class=\"yoast-schema-graph\">{\"@context\":\"https:\/\/schema.org\",\"@graph\":[{\"@type\":\"WebPage\",\"@id\":\"https:\/\/ariale.ro\/index.php\/product\/lenjerie-de-pat-pentru-2-persoane-4-piese-craciun-design-cu-verde-by-ariale-bumbac-ranforce-multicolor-copiaza\/\",\"url\":\"https:\/\/ariale.ro\/index.php\/product\/lenjerie-de-pat-pentru-2-persoane-4-piese-craciun-design-cu-verde-by-ariale-bumbac-ranforce-multicolor-copiaza\/\",\"name\":\"Lenjerie de pat pentru o persoana, 3 piese, Craciun Design by ARIALE, bumbac ranforce, Multicolor - Handmade Constanta\",\"isPartOf\":{\"@id\":\"https:\/\/ariale.ro\/#website\"},\"primaryImageOfPage\":{\"@id\":\"https:\/\/ariale.ro\/index.php\/product\/lenjerie-de-pat-pentru-2-persoane-4-piese-craciun-design-cu-verde-by-ariale-bumbac-ranforce-multicolor-copiaza\/#primaryimage\"},\"image\":{\"@id\":\"https:\/\/ariale.ro\/index.php\/product\/lenjerie-de-pat-pentru-2-persoane-4-piese-craciun-design-cu-verde-by-ariale-bumbac-ranforce-multicolor-copiaza\/#primaryimage\"},\"thumbnailUrl\":\"https:\/\/ariale.ro\/wp-content\/uploads\/2023\/11\/20220923_131053.jpg\",\"datePublished\":\"2023-11-17T20:02:38+00:00\",\"dateModified\":\"2025-11-13T15:02:22+00:00\",\"description\":\"Lenjeria de pat pentru 2 persoane, 4 piese, Cr\u0103ciun Design by ARIALE, confec\u021bionat\u0103 din bumbac ranforce, se distinge prin elegan\u021ba \u0219i calitatea sa excep\u021bional\u0103. Cu un design de Cr\u0103ciun multicolor, aceast\u0103 lenjerie adaug\u0103 o not\u0103 festiv\u0103 dormitorului, fiind, de asemenea, o op\u021biune perfect\u0103 pentru a fi oferit\u0103 drept cadou.\",\"breadcrumb\":{\"@id\":\"https:\/\/ariale.ro\/index.php\/product\/lenjerie-de-pat-pentru-2-persoane-4-piese-craciun-design-cu-verde-by-ariale-bumbac-ranforce-multicolor-copiaza\/#breadcrumb\"},\"inLanguage\":\"ro-RO\",\"potentialAction\":[{\"@type\":\"ReadAction\",\"target\":[\"https:\/\/ariale.ro\/index.php\/product\/lenjerie-de-pat-pentru-2-persoane-4-piese-craciun-design-cu-verde-by-ariale-bumbac-ranforce-multicolor-copiaza\/\"]}]},{\"@type\":\"ImageObject\",\"inLanguage\":\"ro-RO\",\"@id\":\"https:\/\/ariale.ro\/index.php\/product\/lenjerie-de-pat-pentru-2-persoane-4-piese-craciun-design-cu-verde-by-ariale-bumbac-ranforce-multicolor-copiaza\/#primaryimage\",\"url\":\"https:\/\/ariale.ro\/wp-content\/uploads\/2023\/11\/20220923_131053.jpg\",\"contentUrl\":\"https:\/\/ariale.ro\/wp-content\/uploads\/2023\/11\/20220923_131053.jpg\",\"width\":700,\"height\":800},{\"@type\":\"BreadcrumbList\",\"@id\":\"https:\/\/ariale.ro\/index.php\/product\/lenjerie-de-pat-pentru-2-persoane-4-piese-craciun-design-cu-verde-by-ariale-bumbac-ranforce-multicolor-copiaza\/#breadcrumb\",\"itemListElement\":[{\"@type\":\"ListItem\",\"position\":1,\"name\":\"Prima pagin\u0103\",\"item\":\"https:\/\/ariale.ro\/\"},{\"@type\":\"ListItem\",\"position\":2,\"name\":\"Shop\",\"item\":\"https:\/\/ariale.ro\/index.php\/shop\/\"},{\"@type\":\"ListItem\",\"position\":3,\"name\":\"Lenjerie de pat pentru o persoana, 3 piese, Craciun Design by ARIALE, bumbac ranforce, Multicolor\"}]},{\"@type\":\"WebSite\",\"@id\":\"https:\/\/ariale.ro\/#website\",\"url\":\"https:\/\/ariale.ro\/\",\"name\":\"Handmade Constanta\",\"description\":\"Magazin online cu articole lucrate manual in Romania! Transport rapid! Preturi mici! Livrare din Stoc!\",\"potentialAction\":[{\"@type\":\"SearchAction\",\"target\":{\"@type\":\"EntryPoint\",\"urlTemplate\":\"https:\/\/ariale.ro\/?s={search_term_string}\"},\"query-input\":{\"@type\":\"PropertyValueSpecification\",\"valueRequired\":true,\"valueName\":\"search_term_string\"}}],\"inLanguage\":\"ro-RO\"}]}<\/script>\n<!-- \/ Yoast SEO plugin. -->","yoast_head_json":{"title":"Lenjerie de pat pentru o persoana, 3 piese, Craciun Design by ARIALE, bumbac ranforce, Multicolor - Handmade Constanta","description":"Lenjeria de pat pentru 2 persoane, 4 piese, Cr\u0103ciun Design by ARIALE, confec\u021bionat\u0103 din bumbac ranforce, se distinge prin elegan\u021ba \u0219i calitatea sa excep\u021bional\u0103. Cu un design de Cr\u0103ciun multicolor, aceast\u0103 lenjerie adaug\u0103 o not\u0103 festiv\u0103 dormitorului, fiind, de asemenea, o op\u021biune perfect\u0103 pentru a fi oferit\u0103 drept cadou.","robots":{"index":"index","follow":"follow","max-snippet":"max-snippet:-1","max-image-preview":"max-image-preview:large","max-video-preview":"max-video-preview:-1"},"canonical":"https:\/\/ariale.ro\/index.php\/product\/lenjerie-de-pat-pentru-2-persoane-4-piese-craciun-design-cu-verde-by-ariale-bumbac-ranforce-multicolor-copiaza\/","og_locale":"ro_RO","og_type":"article","og_title":"Lenjerie de pat pentru o persoana, 3 piese, Craciun Design by ARIALE, bumbac ranforce, Multicolor - Handmade Constanta","og_description":"Lenjeria de pat pentru 2 persoane, 4 piese, Cr\u0103ciun Design by ARIALE, confec\u021bionat\u0103 din bumbac ranforce, se distinge prin elegan\u021ba \u0219i calitatea sa excep\u021bional\u0103. Cu un design de Cr\u0103ciun multicolor, aceast\u0103 lenjerie adaug\u0103 o not\u0103 festiv\u0103 dormitorului, fiind, de asemenea, o op\u021biune perfect\u0103 pentru a fi oferit\u0103 drept cadou.","og_url":"https:\/\/ariale.ro\/index.php\/product\/lenjerie-de-pat-pentru-2-persoane-4-piese-craciun-design-cu-verde-by-ariale-bumbac-ranforce-multicolor-copiaza\/","og_site_name":"Handmade Constanta","article_modified_time":"2025-11-13T15:02:22+00:00","og_image":[{"width":700,"height":800,"url":"https:\/\/ariale.ro\/wp-content\/uploads\/2023\/11\/20220923_131053.jpg","type":"image\/jpeg"}],"twitter_card":"summary_large_image","twitter_misc":{"Timp estimat pentru citire":"2 minute"},"schema":{"@context":"https:\/\/schema.org","@graph":[{"@type":"WebPage","@id":"https:\/\/ariale.ro\/index.php\/product\/lenjerie-de-pat-pentru-2-persoane-4-piese-craciun-design-cu-verde-by-ariale-bumbac-ranforce-multicolor-copiaza\/","url":"https:\/\/ariale.ro\/index.php\/product\/lenjerie-de-pat-pentru-2-persoane-4-piese-craciun-design-cu-verde-by-ariale-bumbac-ranforce-multicolor-copiaza\/","name":"Lenjerie de pat pentru o persoana, 3 piese, Craciun Design by ARIALE, bumbac ranforce, Multicolor - Handmade Constanta","isPartOf":{"@id":"https:\/\/ariale.ro\/#website"},"primaryImageOfPage":{"@id":"https:\/\/ariale.ro\/index.php\/product\/lenjerie-de-pat-pentru-2-persoane-4-piese-craciun-design-cu-verde-by-ariale-bumbac-ranforce-multicolor-copiaza\/#primaryimage"},"image":{"@id":"https:\/\/ariale.ro\/index.php\/product\/lenjerie-de-pat-pentru-2-persoane-4-piese-craciun-design-cu-verde-by-ariale-bumbac-ranforce-multicolor-copiaza\/#primaryimage"},"thumbnailUrl":"https:\/\/ariale.ro\/wp-content\/uploads\/2023\/11\/20220923_131053.jpg","datePublished":"2023-11-17T20:02:38+00:00","dateModified":"2025-11-13T15:02:22+00:00","description":"Lenjeria de pat pentru 2 persoane, 4 piese, Cr\u0103ciun Design by ARIALE, confec\u021bionat\u0103 din bumbac ranforce, se distinge prin elegan\u021ba \u0219i calitatea sa excep\u021bional\u0103. Cu un design de Cr\u0103ciun multicolor, aceast\u0103 lenjerie adaug\u0103 o not\u0103 festiv\u0103 dormitorului, fiind, de asemenea, o op\u021biune perfect\u0103 pentru a fi oferit\u0103 drept cadou.","breadcrumb":{"@id":"https:\/\/ariale.ro\/index.php\/product\/lenjerie-de-pat-pentru-2-persoane-4-piese-craciun-design-cu-verde-by-ariale-bumbac-ranforce-multicolor-copiaza\/#breadcrumb"},"inLanguage":"ro-RO","potentialAction":[{"@type":"ReadAction","target":["https:\/\/ariale.ro\/index.php\/product\/lenjerie-de-pat-pentru-2-persoane-4-piese-craciun-design-cu-verde-by-ariale-bumbac-ranforce-multicolor-copiaza\/"]}]},{"@type":"ImageObject","inLanguage":"ro-RO","@id":"https:\/\/ariale.ro\/index.php\/product\/lenjerie-de-pat-pentru-2-persoane-4-piese-craciun-design-cu-verde-by-ariale-bumbac-ranforce-multicolor-copiaza\/#primaryimage","url":"https:\/\/ariale.ro\/wp-content\/uploads\/2023\/11\/20220923_131053.jpg","contentUrl":"https:\/\/ariale.ro\/wp-content\/uploads\/2023\/11\/20220923_131053.jpg","width":700,"height":800},{"@type":"BreadcrumbList","@id":"https:\/\/ariale.ro\/index.php\/product\/lenjerie-de-pat-pentru-2-persoane-4-piese-craciun-design-cu-verde-by-ariale-bumbac-ranforce-multicolor-copiaza\/#breadcrumb","itemListElement":[{"@type":"ListItem","position":1,"name":"Prima pagin\u0103","item":"https:\/\/ariale.ro\/"},{"@type":"ListItem","position":2,"name":"Shop","item":"https:\/\/ariale.ro\/index.php\/shop\/"},{"@type":"ListItem","position":3,"name":"Lenjerie de pat pentru o persoana, 3 piese, Craciun Design by ARIALE, bumbac ranforce, Multicolor"}]},{"@type":"WebSite","@id":"https:\/\/ariale.ro\/#website","url":"https:\/\/ariale.ro\/","name":"Handmade Constanta","description":"Magazin online cu articole lucrate manual in Romania! Transport rapid! Preturi mici! Livrare din Stoc!","potentialAction":[{"@type":"SearchAction","target":{"@type":"EntryPoint","urlTemplate":"https:\/\/ariale.ro\/?s={search_term_string}"},"query-input":{"@type":"PropertyValueSpecification","valueRequired":true,"valueName":"search_term_string"}}],"inLanguage":"ro-RO"}]}},"_links":{"self":[{"href":"https:\/\/ariale.ro\/index.php\/wp-json\/wp\/v2\/product\/9085","targetHints":{"allow":["GET"]}}],"collection":[{"href":"https:\/\/ariale.ro\/index.php\/wp-json\/wp\/v2\/product"}],"about":[{"href":"https:\/\/ariale.ro\/index.php\/wp-json\/wp\/v2\/types\/product"}],"replies":[{"embeddable":true,"href":"https:\/\/ariale.ro\/index.php\/wp-json\/wp\/v2\/comments?post=9085"}],"wp:featuredmedia":[{"embeddable":true,"href":"https:\/\/ariale.ro\/index.php\/wp-json\/wp\/v2\/media\/9058"}],"wp:attachment":[{"href":"https:\/\/ariale.ro\/index.php\/wp-json\/wp\/v2\/media?parent=9085"}],"wp:term":[{"taxonomy":"product_brand","embeddable":true,"href":"https:\/\/ariale.ro\/index.php\/wp-json\/wp\/v2\/product_brand?post=9085"},{"taxonomy":"product_cat","embeddable":true,"href":"https:\/\/ariale.ro\/index.php\/wp-json\/wp\/v2\/product_cat?post=9085"},{"taxonomy":"product_tag","embeddable":true,"href":"https:\/\/ariale.ro\/index.php\/wp-json\/wp\/v2\/product_tag?post=9085"}],"curies":[{"name":"wp","href":"https:\/\/api.w.org\/{rel}","templated":true}]}}