{"id":8889,"date":"2023-11-02T22:08:17","date_gmt":"2023-11-02T22:08:17","guid":{"rendered":"https:\/\/ariale.ro\/?post_type=product&#038;p=8889"},"modified":"2024-01-26T18:57:01","modified_gmt":"2024-01-26T18:57:01","slug":"cercei-brodati-ariale-zambetul-zapezii-fulgi-de-nea-verde-smarald","status":"publish","type":"product","link":"https:\/\/ariale.ro\/index.php\/product\/cercei-brodati-ariale-zambetul-zapezii-fulgi-de-nea-verde-smarald\/","title":{"rendered":"Cercei Brodati Ariale Zambetul Zapezii , fulgi de nea, verde smarald"},"content":{"rendered":"<p>Dac\u0103 sunte\u021bi in c\u0103utarea unor cercei cu un farmec iernatic, atunci &#8222;Cercei Broda\u021bi Ariale Zambetul Z\u0103pezii&#8221; cu detalii subtile de fulgi de nea \u0219i un elegant nuan\u021b\u0103 de verde smarald sunt alegerea perfect\u0103. Ace\u0219ti cercei sunt o adev\u0103rat\u0103 oper\u0103 de art\u0103, creat\u0103 manual pentru a aduce frumuse\u021bea \u0219i delicate\u021bea iernii in fiecare purtare.<\/p>\n<p>Fulgii de z\u0103pad\u0103 broda\u021bi adaug\u0103 un element distinct de elegan\u021b\u0103 \u0219i farmec, f\u0103candu-i s\u0103 str\u0103luceasc\u0103 ca z\u0103pezile proaspete pe un peisaj de iarn\u0103. Nuan\u021ba verde smarald adaug\u0103 un contrast subtil \u0219i un iz de natur\u0103 la design, f\u0103candu-i potrivi\u021bi pentru a fi purta\u021bi in diverse ocazii, de la evenimente festive pan\u0103 la intalniri romantice.<\/p>\n<p>Dimensiunile generoase ale acestor cercei, cu o lungime de 3.3 cm \u0219i o in\u0103l\u021bime de 5.1 cm, ii fac s\u0103 ias\u0103 in eviden\u021b\u0103 \u0219i s\u0103 ofere o prezen\u021b\u0103 remarcabil\u0103. Cu o grosime de maxim 2mm, ace\u0219ti cercei sunt u\u0219ori \u0219i confortabili de purtat.<\/p>\n<p>&#8222;Cercei Broda\u021bi Ariale Zambetul Z\u0103pezii&#8221; sunt o expresie a frumuse\u021bii naturii iernii, imortalizat\u0103 intr-un accesoriu elegant. Ei vor ad\u0103uga un farmec subtil oric\u0103rei \u021binute \u0219i vor atrage aten\u021bia intr-un mod subtil \u0219i sofisticat. Alege\u021bi ace\u0219ti cercei pentru a v\u0103 incanta \u0219i a v\u0103 completa look-ul cu un strop de magie iernatic\u0103.<\/p>\n","protected":false},"excerpt":{"rendered":"<p>Cercei Broda\u021bi Ariale Zambetul Z\u0103pezii sunt o expresie a frumuse\u021bii naturii iernii, imortalizat\u0103 intr-un accesoriu elegant. Ei vor ad\u0103uga un farmec subtil oric\u0103rei \u021binute \u0219i vor atrage aten\u021bia intr-un mod subtil \u0219i sofisticat.<\/p>\n","protected":false},"featured_media":8875,"comment_status":"open","ping_status":"closed","template":"","meta":[],"product_brand":[],"product_cat":[180],"product_tag":[],"class_list":{"0":"post-8889","1":"product","2":"type-product","3":"status-publish","4":"has-post-thumbnail","6":"product_cat-craciun","8":"first","9":"instock","10":"shipping-taxable","11":"purchasable","12":"product-type-simple"},"yoast_head":"<!-- This site is optimized with the Yoast SEO plugin v27.2 - https:\/\/yoast.com\/product\/yoast-seo-wordpress\/ -->\n<title>Cercei Brodati Ariale Zambetul Zapezii , fulgi de nea, verde smarald - Handmade Constanta<\/title>\n<meta name=\"description\" content=\"Cercei Broda\u021bi Ariale Zambetul Z\u0103pezii sunt o expresie a frumuse\u021bii naturii iernii, imortalizat\u0103 intr-un accesoriu elegant. Ei vor ad\u0103uga un farmec subtil oric\u0103rei \u021binute \u0219i vor atrage aten\u021bia intr-un mod subtil \u0219i sofisticat.\" \/>\n<meta name=\"robots\" content=\"index, follow, max-snippet:-1, max-image-preview:large, max-video-preview:-1\" \/>\n<link rel=\"canonical\" href=\"https:\/\/ariale.ro\/index.php\/product\/cercei-brodati-ariale-zambetul-zapezii-fulgi-de-nea-verde-smarald\/\" \/>\n<meta property=\"og:locale\" content=\"ro_RO\" \/>\n<meta property=\"og:type\" content=\"article\" \/>\n<meta property=\"og:title\" content=\"Cercei Brodati Ariale Zambetul Zapezii , fulgi de nea, verde smarald - Handmade Constanta\" \/>\n<meta property=\"og:description\" content=\"Cercei Broda\u021bi Ariale Zambetul Z\u0103pezii sunt o expresie a frumuse\u021bii naturii iernii, imortalizat\u0103 intr-un accesoriu elegant. Ei vor ad\u0103uga un farmec subtil oric\u0103rei \u021binute \u0219i vor atrage aten\u021bia intr-un mod subtil \u0219i sofisticat.\" \/>\n<meta property=\"og:url\" content=\"https:\/\/ariale.ro\/index.php\/product\/cercei-brodati-ariale-zambetul-zapezii-fulgi-de-nea-verde-smarald\/\" \/>\n<meta property=\"og:site_name\" content=\"Handmade Constanta\" \/>\n<meta property=\"article:modified_time\" content=\"2024-01-26T18:57:01+00:00\" \/>\n<meta property=\"og:image\" content=\"https:\/\/ariale.ro\/wp-content\/uploads\/2023\/11\/5-1.jpg\" \/>\n\t<meta property=\"og:image:width\" content=\"450\" \/>\n\t<meta property=\"og:image:height\" content=\"450\" \/>\n\t<meta property=\"og:image:type\" content=\"image\/jpeg\" \/>\n<meta name=\"twitter:card\" content=\"summary_large_image\" \/>\n<meta name=\"twitter:label1\" content=\"Timp estimat pentru citire\" \/>\n\t<meta name=\"twitter:data1\" content=\"2 minute\" \/>\n<script type=\"application\/ld+json\" class=\"yoast-schema-graph\">{\"@context\":\"https:\/\/schema.org\",\"@graph\":[{\"@type\":\"WebPage\",\"@id\":\"https:\/\/ariale.ro\/index.php\/product\/cercei-brodati-ariale-zambetul-zapezii-fulgi-de-nea-verde-smarald\/\",\"url\":\"https:\/\/ariale.ro\/index.php\/product\/cercei-brodati-ariale-zambetul-zapezii-fulgi-de-nea-verde-smarald\/\",\"name\":\"Cercei Brodati Ariale Zambetul Zapezii , fulgi de nea, verde smarald - Handmade Constanta\",\"isPartOf\":{\"@id\":\"https:\/\/ariale.ro\/#website\"},\"primaryImageOfPage\":{\"@id\":\"https:\/\/ariale.ro\/index.php\/product\/cercei-brodati-ariale-zambetul-zapezii-fulgi-de-nea-verde-smarald\/#primaryimage\"},\"image\":{\"@id\":\"https:\/\/ariale.ro\/index.php\/product\/cercei-brodati-ariale-zambetul-zapezii-fulgi-de-nea-verde-smarald\/#primaryimage\"},\"thumbnailUrl\":\"https:\/\/ariale.ro\/wp-content\/uploads\/2023\/11\/5-1.jpg\",\"datePublished\":\"2023-11-02T22:08:17+00:00\",\"dateModified\":\"2024-01-26T18:57:01+00:00\",\"description\":\"Cercei Broda\u021bi Ariale Zambetul Z\u0103pezii sunt o expresie a frumuse\u021bii naturii iernii, imortalizat\u0103 intr-un accesoriu elegant. Ei vor ad\u0103uga un farmec subtil oric\u0103rei \u021binute \u0219i vor atrage aten\u021bia intr-un mod subtil \u0219i sofisticat.\",\"breadcrumb\":{\"@id\":\"https:\/\/ariale.ro\/index.php\/product\/cercei-brodati-ariale-zambetul-zapezii-fulgi-de-nea-verde-smarald\/#breadcrumb\"},\"inLanguage\":\"ro-RO\",\"potentialAction\":[{\"@type\":\"ReadAction\",\"target\":[\"https:\/\/ariale.ro\/index.php\/product\/cercei-brodati-ariale-zambetul-zapezii-fulgi-de-nea-verde-smarald\/\"]}]},{\"@type\":\"ImageObject\",\"inLanguage\":\"ro-RO\",\"@id\":\"https:\/\/ariale.ro\/index.php\/product\/cercei-brodati-ariale-zambetul-zapezii-fulgi-de-nea-verde-smarald\/#primaryimage\",\"url\":\"https:\/\/ariale.ro\/wp-content\/uploads\/2023\/11\/5-1.jpg\",\"contentUrl\":\"https:\/\/ariale.ro\/wp-content\/uploads\/2023\/11\/5-1.jpg\",\"width\":450,\"height\":450},{\"@type\":\"BreadcrumbList\",\"@id\":\"https:\/\/ariale.ro\/index.php\/product\/cercei-brodati-ariale-zambetul-zapezii-fulgi-de-nea-verde-smarald\/#breadcrumb\",\"itemListElement\":[{\"@type\":\"ListItem\",\"position\":1,\"name\":\"Prima pagin\u0103\",\"item\":\"https:\/\/ariale.ro\/\"},{\"@type\":\"ListItem\",\"position\":2,\"name\":\"Shop\",\"item\":\"https:\/\/ariale.ro\/index.php\/shop\/\"},{\"@type\":\"ListItem\",\"position\":3,\"name\":\"Cercei Brodati Ariale Zambetul Zapezii , fulgi de nea, verde smarald\"}]},{\"@type\":\"WebSite\",\"@id\":\"https:\/\/ariale.ro\/#website\",\"url\":\"https:\/\/ariale.ro\/\",\"name\":\"Handmade Constanta\",\"description\":\"Magazin online cu articole lucrate manual in Romania! Transport rapid! Preturi mici! Livrare din Stoc!\",\"potentialAction\":[{\"@type\":\"SearchAction\",\"target\":{\"@type\":\"EntryPoint\",\"urlTemplate\":\"https:\/\/ariale.ro\/?s={search_term_string}\"},\"query-input\":{\"@type\":\"PropertyValueSpecification\",\"valueRequired\":true,\"valueName\":\"search_term_string\"}}],\"inLanguage\":\"ro-RO\"}]}<\/script>\n<!-- \/ Yoast SEO plugin. -->","yoast_head_json":{"title":"Cercei Brodati Ariale Zambetul Zapezii , fulgi de nea, verde smarald - Handmade Constanta","description":"Cercei Broda\u021bi Ariale Zambetul Z\u0103pezii sunt o expresie a frumuse\u021bii naturii iernii, imortalizat\u0103 intr-un accesoriu elegant. Ei vor ad\u0103uga un farmec subtil oric\u0103rei \u021binute \u0219i vor atrage aten\u021bia intr-un mod subtil \u0219i sofisticat.","robots":{"index":"index","follow":"follow","max-snippet":"max-snippet:-1","max-image-preview":"max-image-preview:large","max-video-preview":"max-video-preview:-1"},"canonical":"https:\/\/ariale.ro\/index.php\/product\/cercei-brodati-ariale-zambetul-zapezii-fulgi-de-nea-verde-smarald\/","og_locale":"ro_RO","og_type":"article","og_title":"Cercei Brodati Ariale Zambetul Zapezii , fulgi de nea, verde smarald - Handmade Constanta","og_description":"Cercei Broda\u021bi Ariale Zambetul Z\u0103pezii sunt o expresie a frumuse\u021bii naturii iernii, imortalizat\u0103 intr-un accesoriu elegant. Ei vor ad\u0103uga un farmec subtil oric\u0103rei \u021binute \u0219i vor atrage aten\u021bia intr-un mod subtil \u0219i sofisticat.","og_url":"https:\/\/ariale.ro\/index.php\/product\/cercei-brodati-ariale-zambetul-zapezii-fulgi-de-nea-verde-smarald\/","og_site_name":"Handmade Constanta","article_modified_time":"2024-01-26T18:57:01+00:00","og_image":[{"width":450,"height":450,"url":"https:\/\/ariale.ro\/wp-content\/uploads\/2023\/11\/5-1.jpg","type":"image\/jpeg"}],"twitter_card":"summary_large_image","twitter_misc":{"Timp estimat pentru citire":"2 minute"},"schema":{"@context":"https:\/\/schema.org","@graph":[{"@type":"WebPage","@id":"https:\/\/ariale.ro\/index.php\/product\/cercei-brodati-ariale-zambetul-zapezii-fulgi-de-nea-verde-smarald\/","url":"https:\/\/ariale.ro\/index.php\/product\/cercei-brodati-ariale-zambetul-zapezii-fulgi-de-nea-verde-smarald\/","name":"Cercei Brodati Ariale Zambetul Zapezii , fulgi de nea, verde smarald - Handmade Constanta","isPartOf":{"@id":"https:\/\/ariale.ro\/#website"},"primaryImageOfPage":{"@id":"https:\/\/ariale.ro\/index.php\/product\/cercei-brodati-ariale-zambetul-zapezii-fulgi-de-nea-verde-smarald\/#primaryimage"},"image":{"@id":"https:\/\/ariale.ro\/index.php\/product\/cercei-brodati-ariale-zambetul-zapezii-fulgi-de-nea-verde-smarald\/#primaryimage"},"thumbnailUrl":"https:\/\/ariale.ro\/wp-content\/uploads\/2023\/11\/5-1.jpg","datePublished":"2023-11-02T22:08:17+00:00","dateModified":"2024-01-26T18:57:01+00:00","description":"Cercei Broda\u021bi Ariale Zambetul Z\u0103pezii sunt o expresie a frumuse\u021bii naturii iernii, imortalizat\u0103 intr-un accesoriu elegant. Ei vor ad\u0103uga un farmec subtil oric\u0103rei \u021binute \u0219i vor atrage aten\u021bia intr-un mod subtil \u0219i sofisticat.","breadcrumb":{"@id":"https:\/\/ariale.ro\/index.php\/product\/cercei-brodati-ariale-zambetul-zapezii-fulgi-de-nea-verde-smarald\/#breadcrumb"},"inLanguage":"ro-RO","potentialAction":[{"@type":"ReadAction","target":["https:\/\/ariale.ro\/index.php\/product\/cercei-brodati-ariale-zambetul-zapezii-fulgi-de-nea-verde-smarald\/"]}]},{"@type":"ImageObject","inLanguage":"ro-RO","@id":"https:\/\/ariale.ro\/index.php\/product\/cercei-brodati-ariale-zambetul-zapezii-fulgi-de-nea-verde-smarald\/#primaryimage","url":"https:\/\/ariale.ro\/wp-content\/uploads\/2023\/11\/5-1.jpg","contentUrl":"https:\/\/ariale.ro\/wp-content\/uploads\/2023\/11\/5-1.jpg","width":450,"height":450},{"@type":"BreadcrumbList","@id":"https:\/\/ariale.ro\/index.php\/product\/cercei-brodati-ariale-zambetul-zapezii-fulgi-de-nea-verde-smarald\/#breadcrumb","itemListElement":[{"@type":"ListItem","position":1,"name":"Prima pagin\u0103","item":"https:\/\/ariale.ro\/"},{"@type":"ListItem","position":2,"name":"Shop","item":"https:\/\/ariale.ro\/index.php\/shop\/"},{"@type":"ListItem","position":3,"name":"Cercei Brodati Ariale Zambetul Zapezii , fulgi de nea, verde smarald"}]},{"@type":"WebSite","@id":"https:\/\/ariale.ro\/#website","url":"https:\/\/ariale.ro\/","name":"Handmade Constanta","description":"Magazin online cu articole lucrate manual in Romania! Transport rapid! Preturi mici! Livrare din Stoc!","potentialAction":[{"@type":"SearchAction","target":{"@type":"EntryPoint","urlTemplate":"https:\/\/ariale.ro\/?s={search_term_string}"},"query-input":{"@type":"PropertyValueSpecification","valueRequired":true,"valueName":"search_term_string"}}],"inLanguage":"ro-RO"}]}},"_links":{"self":[{"href":"https:\/\/ariale.ro\/index.php\/wp-json\/wp\/v2\/product\/8889","targetHints":{"allow":["GET"]}}],"collection":[{"href":"https:\/\/ariale.ro\/index.php\/wp-json\/wp\/v2\/product"}],"about":[{"href":"https:\/\/ariale.ro\/index.php\/wp-json\/wp\/v2\/types\/product"}],"replies":[{"embeddable":true,"href":"https:\/\/ariale.ro\/index.php\/wp-json\/wp\/v2\/comments?post=8889"}],"wp:featuredmedia":[{"embeddable":true,"href":"https:\/\/ariale.ro\/index.php\/wp-json\/wp\/v2\/media\/8875"}],"wp:attachment":[{"href":"https:\/\/ariale.ro\/index.php\/wp-json\/wp\/v2\/media?parent=8889"}],"wp:term":[{"taxonomy":"product_brand","embeddable":true,"href":"https:\/\/ariale.ro\/index.php\/wp-json\/wp\/v2\/product_brand?post=8889"},{"taxonomy":"product_cat","embeddable":true,"href":"https:\/\/ariale.ro\/index.php\/wp-json\/wp\/v2\/product_cat?post=8889"},{"taxonomy":"product_tag","embeddable":true,"href":"https:\/\/ariale.ro\/index.php\/wp-json\/wp\/v2\/product_tag?post=8889"}],"curies":[{"name":"wp","href":"https:\/\/api.w.org\/{rel}","templated":true}]}}