{"id":8598,"date":"2023-10-16T21:33:14","date_gmt":"2023-10-16T21:33:14","guid":{"rendered":"https:\/\/ariale.ro\/?post_type=product&#038;p=8598"},"modified":"2025-10-15T23:58:00","modified_gmt":"2025-10-15T23:58:00","slug":"semn-de-carte-brodat-nemtisori-2-ariale","status":"publish","type":"product","link":"https:\/\/ariale.ro\/index.php\/product\/semn-de-carte-brodat-nemtisori-2-ariale\/","title":{"rendered":"Semn de carte brodat Nemtisori 2 ARIALE"},"content":{"rendered":"<p>Semnul de carte brodat in totalitate, creat in serie limitat\u0103 de atelierul Ariale, este o bijuterie a lecturii. Cu fire de calitate superioar\u0103 \u0219i o munc\u0103 meticuloas\u0103 de broderie, acest semn de carte este o expresie a frumuse\u021bii \u0219i aten\u021biei la detalii. Cu dimensiunile sale aproximative de 8 x 17 cm, este o pies\u0103 practic\u0103 \u0219i elegant\u0103.<\/p>\n<p>Motivul broderiei, floarea nem\u021bilor \u0219i fluturele, este ales cu grij\u0103 pentru a transmite semnifica\u021bii profunde. Floarea nem\u021bilor, cunoscut\u0103 \u0219i sub numele de &#8222;nem\u021bisor,&#8221; este o floare delicat\u0103, care inseamn\u0103 in general speran\u021b\u0103 \u0219i prim\u0103var\u0103 in limbajul florilor. In contextul semnului de carte, ea poate reprezenta inceputul unei noi aventuri literare sau bucuria de a descoperi noi lumi prin lectur\u0103. Simbolul fluturelui, cu transform\u0103rile sale de la stadiul de larv\u0103 la cel de insect\u0103 zbur\u0103toare, sugereaz\u0103 evolu\u021bia \u0219i cre\u0219terea personal\u0103. In citit, aceasta poate insemna c\u0103 fiecare carte citit\u0103 ne poate schimba \u0219i dezvolta, la fel cum fluturele se transform\u0103.<\/p>\n<p>Acest semn de carte nu este doar un mijloc de a marca paginile unei c\u0103r\u021bi; el este o invita\u021bie la explorarea \u0219i in\u0103l\u021barea prin lectur\u0103. Incurajeaz\u0103 cititul \u0219i ofer\u0103 o experien\u021b\u0103 deosebit\u0103 in fiecare pagin\u0103 citit\u0103. Ca un cadou special pentru iubitorii de c\u0103r\u021bi, acest semn de carte brodat adaug\u0103 o not\u0103 de frumuse\u021be \u0219i semnifica\u021bie fiec\u0103rei lecturi \u0219i poate fi o modalitate minunat\u0103 de a aprecia pasiunea pentru c\u0103r\u021bi a persoanelor dragi.<\/p>\n","protected":false},"excerpt":{"rendered":"<p>Motivul broderiei, floarea nem\u021bilor \u0219i fluturele, este ales cu grij\u0103 pentru a transmite semnifica\u021bii profunde. Floarea nem\u021bilor, cunoscut\u0103 \u0219i sub numele de &#8222;nem\u021bisor,&#8221; este o floare delicat\u0103, care inseamn\u0103 in general speran\u021b\u0103 \u0219i prim\u0103var\u0103 in limbajul florilor. In contextul semnului de carte, ea poate reprezenta inceputul unei noi aventuri literare sau bucuria de a descoperi noi lumi prin lectur\u0103. Simbolul fluturelui, cu transform\u0103rile sale de la stadiul de larv\u0103 la cel de insect\u0103 zbur\u0103toare, sugereaz\u0103 evolu\u021bia \u0219i cre\u0219terea personal\u0103. In citit, aceasta poate insemna c\u0103 fiecare carte citit\u0103 ne poate schimba \u0219i dezvolta, la fel cum fluturele se transform\u0103.<\/p>\n","protected":false},"featured_media":8572,"comment_status":"open","ping_status":"closed","template":"","meta":[],"product_brand":[],"product_cat":[70],"product_tag":[],"class_list":{"0":"post-8598","1":"product","2":"type-product","3":"status-publish","4":"has-post-thumbnail","6":"product_cat-cadouri-brodate","8":"first","9":"instock","10":"shipping-taxable","11":"purchasable","12":"product-type-simple"},"yoast_head":"<!-- This site is optimized with the Yoast SEO plugin v27.2 - https:\/\/yoast.com\/product\/yoast-seo-wordpress\/ -->\n<title>Semn de carte brodat Nemtisori 2 ARIALE - Handmade Constanta<\/title>\n<meta name=\"description\" content=\"Semnul de carte Nemtisori Ariale brodat in totalitate si creat in serie limitat\u0103 de atelierul Ariale, este o bijuterie a lecturii.\" \/>\n<meta name=\"robots\" content=\"index, follow, max-snippet:-1, max-image-preview:large, max-video-preview:-1\" \/>\n<link rel=\"canonical\" href=\"https:\/\/ariale.ro\/index.php\/product\/semn-de-carte-brodat-nemtisori-2-ariale\/\" \/>\n<meta property=\"og:locale\" content=\"ro_RO\" \/>\n<meta property=\"og:type\" content=\"article\" \/>\n<meta property=\"og:title\" content=\"Semn de carte brodat Nemtisori 2 ARIALE - Handmade Constanta\" \/>\n<meta property=\"og:description\" content=\"Semnul de carte Nemtisori Ariale brodat in totalitate si creat in serie limitat\u0103 de atelierul Ariale, este o bijuterie a lecturii.\" \/>\n<meta property=\"og:url\" content=\"https:\/\/ariale.ro\/index.php\/product\/semn-de-carte-brodat-nemtisori-2-ariale\/\" \/>\n<meta property=\"og:site_name\" content=\"Handmade Constanta\" \/>\n<meta property=\"article:modified_time\" content=\"2025-10-15T23:58:00+00:00\" \/>\n<meta property=\"og:image\" content=\"https:\/\/ariale.ro\/wp-content\/uploads\/2023\/10\/31.jpg\" \/>\n\t<meta property=\"og:image:width\" content=\"800\" \/>\n\t<meta property=\"og:image:height\" content=\"700\" \/>\n\t<meta property=\"og:image:type\" content=\"image\/jpeg\" \/>\n<meta name=\"twitter:card\" content=\"summary_large_image\" \/>\n<meta name=\"twitter:label1\" content=\"Timp estimat pentru citire\" \/>\n\t<meta name=\"twitter:data1\" content=\"2 minute\" \/>\n<script type=\"application\/ld+json\" class=\"yoast-schema-graph\">{\"@context\":\"https:\/\/schema.org\",\"@graph\":[{\"@type\":\"WebPage\",\"@id\":\"https:\/\/ariale.ro\/index.php\/product\/semn-de-carte-brodat-nemtisori-2-ariale\/\",\"url\":\"https:\/\/ariale.ro\/index.php\/product\/semn-de-carte-brodat-nemtisori-2-ariale\/\",\"name\":\"Semn de carte brodat Nemtisori 2 ARIALE - Handmade Constanta\",\"isPartOf\":{\"@id\":\"https:\/\/ariale.ro\/#website\"},\"primaryImageOfPage\":{\"@id\":\"https:\/\/ariale.ro\/index.php\/product\/semn-de-carte-brodat-nemtisori-2-ariale\/#primaryimage\"},\"image\":{\"@id\":\"https:\/\/ariale.ro\/index.php\/product\/semn-de-carte-brodat-nemtisori-2-ariale\/#primaryimage\"},\"thumbnailUrl\":\"https:\/\/ariale.ro\/wp-content\/uploads\/2023\/10\/31.jpg\",\"datePublished\":\"2023-10-16T21:33:14+00:00\",\"dateModified\":\"2025-10-15T23:58:00+00:00\",\"description\":\"Semnul de carte Nemtisori Ariale brodat in totalitate si creat in serie limitat\u0103 de atelierul Ariale, este o bijuterie a lecturii.\",\"breadcrumb\":{\"@id\":\"https:\/\/ariale.ro\/index.php\/product\/semn-de-carte-brodat-nemtisori-2-ariale\/#breadcrumb\"},\"inLanguage\":\"ro-RO\",\"potentialAction\":[{\"@type\":\"ReadAction\",\"target\":[\"https:\/\/ariale.ro\/index.php\/product\/semn-de-carte-brodat-nemtisori-2-ariale\/\"]}]},{\"@type\":\"ImageObject\",\"inLanguage\":\"ro-RO\",\"@id\":\"https:\/\/ariale.ro\/index.php\/product\/semn-de-carte-brodat-nemtisori-2-ariale\/#primaryimage\",\"url\":\"https:\/\/ariale.ro\/wp-content\/uploads\/2023\/10\/31.jpg\",\"contentUrl\":\"https:\/\/ariale.ro\/wp-content\/uploads\/2023\/10\/31.jpg\",\"width\":800,\"height\":700},{\"@type\":\"BreadcrumbList\",\"@id\":\"https:\/\/ariale.ro\/index.php\/product\/semn-de-carte-brodat-nemtisori-2-ariale\/#breadcrumb\",\"itemListElement\":[{\"@type\":\"ListItem\",\"position\":1,\"name\":\"Prima pagin\u0103\",\"item\":\"https:\/\/ariale.ro\/\"},{\"@type\":\"ListItem\",\"position\":2,\"name\":\"Shop\",\"item\":\"https:\/\/ariale.ro\/index.php\/shop\/\"},{\"@type\":\"ListItem\",\"position\":3,\"name\":\"Semn de carte brodat Nemtisori 2 ARIALE\"}]},{\"@type\":\"WebSite\",\"@id\":\"https:\/\/ariale.ro\/#website\",\"url\":\"https:\/\/ariale.ro\/\",\"name\":\"Handmade Constanta\",\"description\":\"Magazin online cu articole lucrate manual in Romania! Transport rapid! Preturi mici! Livrare din Stoc!\",\"potentialAction\":[{\"@type\":\"SearchAction\",\"target\":{\"@type\":\"EntryPoint\",\"urlTemplate\":\"https:\/\/ariale.ro\/?s={search_term_string}\"},\"query-input\":{\"@type\":\"PropertyValueSpecification\",\"valueRequired\":true,\"valueName\":\"search_term_string\"}}],\"inLanguage\":\"ro-RO\"}]}<\/script>\n<!-- \/ Yoast SEO plugin. -->","yoast_head_json":{"title":"Semn de carte brodat Nemtisori 2 ARIALE - Handmade Constanta","description":"Semnul de carte Nemtisori Ariale brodat in totalitate si creat in serie limitat\u0103 de atelierul Ariale, este o bijuterie a lecturii.","robots":{"index":"index","follow":"follow","max-snippet":"max-snippet:-1","max-image-preview":"max-image-preview:large","max-video-preview":"max-video-preview:-1"},"canonical":"https:\/\/ariale.ro\/index.php\/product\/semn-de-carte-brodat-nemtisori-2-ariale\/","og_locale":"ro_RO","og_type":"article","og_title":"Semn de carte brodat Nemtisori 2 ARIALE - Handmade Constanta","og_description":"Semnul de carte Nemtisori Ariale brodat in totalitate si creat in serie limitat\u0103 de atelierul Ariale, este o bijuterie a lecturii.","og_url":"https:\/\/ariale.ro\/index.php\/product\/semn-de-carte-brodat-nemtisori-2-ariale\/","og_site_name":"Handmade Constanta","article_modified_time":"2025-10-15T23:58:00+00:00","og_image":[{"width":800,"height":700,"url":"https:\/\/ariale.ro\/wp-content\/uploads\/2023\/10\/31.jpg","type":"image\/jpeg"}],"twitter_card":"summary_large_image","twitter_misc":{"Timp estimat pentru citire":"2 minute"},"schema":{"@context":"https:\/\/schema.org","@graph":[{"@type":"WebPage","@id":"https:\/\/ariale.ro\/index.php\/product\/semn-de-carte-brodat-nemtisori-2-ariale\/","url":"https:\/\/ariale.ro\/index.php\/product\/semn-de-carte-brodat-nemtisori-2-ariale\/","name":"Semn de carte brodat Nemtisori 2 ARIALE - Handmade Constanta","isPartOf":{"@id":"https:\/\/ariale.ro\/#website"},"primaryImageOfPage":{"@id":"https:\/\/ariale.ro\/index.php\/product\/semn-de-carte-brodat-nemtisori-2-ariale\/#primaryimage"},"image":{"@id":"https:\/\/ariale.ro\/index.php\/product\/semn-de-carte-brodat-nemtisori-2-ariale\/#primaryimage"},"thumbnailUrl":"https:\/\/ariale.ro\/wp-content\/uploads\/2023\/10\/31.jpg","datePublished":"2023-10-16T21:33:14+00:00","dateModified":"2025-10-15T23:58:00+00:00","description":"Semnul de carte Nemtisori Ariale brodat in totalitate si creat in serie limitat\u0103 de atelierul Ariale, este o bijuterie a lecturii.","breadcrumb":{"@id":"https:\/\/ariale.ro\/index.php\/product\/semn-de-carte-brodat-nemtisori-2-ariale\/#breadcrumb"},"inLanguage":"ro-RO","potentialAction":[{"@type":"ReadAction","target":["https:\/\/ariale.ro\/index.php\/product\/semn-de-carte-brodat-nemtisori-2-ariale\/"]}]},{"@type":"ImageObject","inLanguage":"ro-RO","@id":"https:\/\/ariale.ro\/index.php\/product\/semn-de-carte-brodat-nemtisori-2-ariale\/#primaryimage","url":"https:\/\/ariale.ro\/wp-content\/uploads\/2023\/10\/31.jpg","contentUrl":"https:\/\/ariale.ro\/wp-content\/uploads\/2023\/10\/31.jpg","width":800,"height":700},{"@type":"BreadcrumbList","@id":"https:\/\/ariale.ro\/index.php\/product\/semn-de-carte-brodat-nemtisori-2-ariale\/#breadcrumb","itemListElement":[{"@type":"ListItem","position":1,"name":"Prima pagin\u0103","item":"https:\/\/ariale.ro\/"},{"@type":"ListItem","position":2,"name":"Shop","item":"https:\/\/ariale.ro\/index.php\/shop\/"},{"@type":"ListItem","position":3,"name":"Semn de carte brodat Nemtisori 2 ARIALE"}]},{"@type":"WebSite","@id":"https:\/\/ariale.ro\/#website","url":"https:\/\/ariale.ro\/","name":"Handmade Constanta","description":"Magazin online cu articole lucrate manual in Romania! Transport rapid! Preturi mici! Livrare din Stoc!","potentialAction":[{"@type":"SearchAction","target":{"@type":"EntryPoint","urlTemplate":"https:\/\/ariale.ro\/?s={search_term_string}"},"query-input":{"@type":"PropertyValueSpecification","valueRequired":true,"valueName":"search_term_string"}}],"inLanguage":"ro-RO"}]}},"_links":{"self":[{"href":"https:\/\/ariale.ro\/index.php\/wp-json\/wp\/v2\/product\/8598","targetHints":{"allow":["GET"]}}],"collection":[{"href":"https:\/\/ariale.ro\/index.php\/wp-json\/wp\/v2\/product"}],"about":[{"href":"https:\/\/ariale.ro\/index.php\/wp-json\/wp\/v2\/types\/product"}],"replies":[{"embeddable":true,"href":"https:\/\/ariale.ro\/index.php\/wp-json\/wp\/v2\/comments?post=8598"}],"wp:featuredmedia":[{"embeddable":true,"href":"https:\/\/ariale.ro\/index.php\/wp-json\/wp\/v2\/media\/8572"}],"wp:attachment":[{"href":"https:\/\/ariale.ro\/index.php\/wp-json\/wp\/v2\/media?parent=8598"}],"wp:term":[{"taxonomy":"product_brand","embeddable":true,"href":"https:\/\/ariale.ro\/index.php\/wp-json\/wp\/v2\/product_brand?post=8598"},{"taxonomy":"product_cat","embeddable":true,"href":"https:\/\/ariale.ro\/index.php\/wp-json\/wp\/v2\/product_cat?post=8598"},{"taxonomy":"product_tag","embeddable":true,"href":"https:\/\/ariale.ro\/index.php\/wp-json\/wp\/v2\/product_tag?post=8598"}],"curies":[{"name":"wp","href":"https:\/\/api.w.org\/{rel}","templated":true}]}}