{"id":8594,"date":"2023-10-16T21:23:56","date_gmt":"2023-10-16T21:23:56","guid":{"rendered":"https:\/\/ariale.ro\/?post_type=product&#038;p=8594"},"modified":"2025-10-15T23:58:21","modified_gmt":"2025-10-15T23:58:21","slug":"semn-de-carte-brodat-garofite-ariale","status":"publish","type":"product","link":"https:\/\/ariale.ro\/index.php\/product\/semn-de-carte-brodat-garofite-ariale\/","title":{"rendered":"Semn de carte brodat Garofite ARIALE"},"content":{"rendered":"<p>Semnul de carte brodat in totalitate, produs in serie limitat\u0103 in atelierul Ariale, reprezint\u0103 o bijuterie a artizanatului. Fiecare detaliu al acestui semn de carte reflect\u0103 m\u0103iestria \u0219i pasiunea care intr\u0103 in crearea lui, utilizand fire de cea mai inalt\u0103 calitate pentru a produce un obiect de art\u0103 unic. Cu o dimensiune aproximativ\u0103 de 8 x 17 cm, este o adev\u0103rat\u0103 oper\u0103 de art\u0103 la scar\u0103 mic\u0103.<\/p>\n<p>Motivul principal al broderiei este garofi\u021ba \u0219i un fluture, dou\u0103 elemente cu semnifica\u021bii profunde. Garofi\u021ba este adesea asociat\u0103 cu dragostea, pasiunea \u0219i devotamentul. In anumite culturi, garofi\u021ba este considerat\u0103 un simbol al iubirii \u0219i al rela\u021biilor romantice, fiind folosit\u0103 \u0219i in buchetele de nunt\u0103. Prin urmare, alegerea unei garofi\u021be ca motiv principal poate s\u0103 aduc\u0103 o not\u0103 de romantism \u0219i afec\u021biune.<\/p>\n<p>Fluturele este un simbol universal al transform\u0103rii \u0219i al schimb\u0103rii. Acesta trece prin stadii de dezvoltare de la stadiul de larv\u0103 la pup\u0103 \u0219i apoi la forma final\u0103 de fluture. Prin urmare, in contextul cititului, fluturele poate simboliza evolu\u021bia, inv\u0103\u021barea \u0219i dezvoltarea personal\u0103. Cand cititorii deschid o carte \u0219i folosesc acest semn de carte, ei i\u0219i pot aminti c\u0103 fiecare pagin\u0103 citit\u0103 ii ajut\u0103 s\u0103 creasc\u0103 \u0219i s\u0103 se schimbe, asemenea unui fluture care i\u0219i dezvolt\u0103 aripile.<\/p>\n<p>Acest semn de carte nu este doar un accesoriu practic pentru c\u0103r\u021bi, ci \u0219i un obiect de art\u0103 care poate inspira \u0219i incuraja cititorii s\u0103 continue s\u0103 exploreze lumea c\u0103r\u021bilor. Este un cadou deosebit pentru oricine iube\u0219te s\u0103 citeasc\u0103, aducand cu sine nu doar o marc\u0103 pentru paginile c\u0103r\u021bilor, ci \u0219i o doz\u0103 de frumuse\u021be \u0219i semnifica\u021bie in fiecare aventur\u0103 literar\u0103.<\/p>\n","protected":false},"excerpt":{"rendered":"<p>Motivul principal al broderiei este garofi\u021ba \u0219i un fluture, dou\u0103 elemente cu semnifica\u021bii profunde. Garofi\u021ba este adesea asociat\u0103 cu dragostea, pasiunea \u0219i devotamentul. In anumite culturi, garofi\u021ba este considerat\u0103 un simbol al iubirii \u0219i al rela\u021biilor romantice, fiind folosit\u0103 \u0219i in buchetele de nunt\u0103. Prin urmare, alegerea unei garofi\u021be ca motiv principal poate s\u0103 aduc\u0103 o not\u0103 de romantism \u0219i afec\u021biune.<\/p>\n<p>Fluturele este un simbol universal al transform\u0103rii \u0219i al schimb\u0103rii. Acesta trece prin stadii de dezvoltare de la stadiul de larv\u0103 la pup\u0103 \u0219i apoi la forma final\u0103 de fluture. Prin urmare, in contextul cititului, fluturele poate simboliza evolu\u021bia, inv\u0103\u021barea \u0219i dezvoltarea personal\u0103.<\/p>\n","protected":false},"featured_media":8568,"comment_status":"open","ping_status":"closed","template":"","meta":[],"product_brand":[],"product_cat":[70],"product_tag":[],"class_list":{"0":"post-8594","1":"product","2":"type-product","3":"status-publish","4":"has-post-thumbnail","6":"product_cat-cadouri-brodate","8":"first","9":"instock","10":"shipping-taxable","11":"purchasable","12":"product-type-simple"},"yoast_head":"<!-- This site is optimized with the Yoast SEO plugin v27.2 - https:\/\/yoast.com\/product\/yoast-seo-wordpress\/ -->\n<title>Semn de carte brodat Garofite ARIALE - Handmade Constanta<\/title>\n<meta name=\"description\" content=\"Semnul de carte brodat in totalitate, produs in serie limitat\u0103 in atelierul Ariale, reprezint\u0103 o bijuterie a artizanatului, fiind un cadou deosebit!\" \/>\n<meta name=\"robots\" content=\"index, follow, max-snippet:-1, max-image-preview:large, max-video-preview:-1\" \/>\n<link rel=\"canonical\" href=\"https:\/\/ariale.ro\/index.php\/product\/semn-de-carte-brodat-garofite-ariale\/\" \/>\n<meta property=\"og:locale\" content=\"ro_RO\" \/>\n<meta property=\"og:type\" content=\"article\" \/>\n<meta property=\"og:title\" content=\"Semn de carte brodat Garofite ARIALE - Handmade Constanta\" \/>\n<meta property=\"og:description\" content=\"Semnul de carte brodat in totalitate, produs in serie limitat\u0103 in atelierul Ariale, reprezint\u0103 o bijuterie a artizanatului, fiind un cadou deosebit!\" \/>\n<meta property=\"og:url\" content=\"https:\/\/ariale.ro\/index.php\/product\/semn-de-carte-brodat-garofite-ariale\/\" \/>\n<meta property=\"og:site_name\" content=\"Handmade Constanta\" \/>\n<meta property=\"article:modified_time\" content=\"2025-10-15T23:58:21+00:00\" \/>\n<meta property=\"og:image\" content=\"https:\/\/ariale.ro\/wp-content\/uploads\/2023\/10\/27.jpg\" \/>\n\t<meta property=\"og:image:width\" content=\"800\" \/>\n\t<meta property=\"og:image:height\" content=\"700\" \/>\n\t<meta property=\"og:image:type\" content=\"image\/jpeg\" \/>\n<meta name=\"twitter:card\" content=\"summary_large_image\" \/>\n<meta name=\"twitter:label1\" content=\"Timp estimat pentru citire\" \/>\n\t<meta name=\"twitter:data1\" content=\"2 minute\" \/>\n<script type=\"application\/ld+json\" class=\"yoast-schema-graph\">{\"@context\":\"https:\/\/schema.org\",\"@graph\":[{\"@type\":\"WebPage\",\"@id\":\"https:\/\/ariale.ro\/index.php\/product\/semn-de-carte-brodat-garofite-ariale\/\",\"url\":\"https:\/\/ariale.ro\/index.php\/product\/semn-de-carte-brodat-garofite-ariale\/\",\"name\":\"Semn de carte brodat Garofite ARIALE - Handmade Constanta\",\"isPartOf\":{\"@id\":\"https:\/\/ariale.ro\/#website\"},\"primaryImageOfPage\":{\"@id\":\"https:\/\/ariale.ro\/index.php\/product\/semn-de-carte-brodat-garofite-ariale\/#primaryimage\"},\"image\":{\"@id\":\"https:\/\/ariale.ro\/index.php\/product\/semn-de-carte-brodat-garofite-ariale\/#primaryimage\"},\"thumbnailUrl\":\"https:\/\/ariale.ro\/wp-content\/uploads\/2023\/10\/27.jpg\",\"datePublished\":\"2023-10-16T21:23:56+00:00\",\"dateModified\":\"2025-10-15T23:58:21+00:00\",\"description\":\"Semnul de carte brodat in totalitate, produs in serie limitat\u0103 in atelierul Ariale, reprezint\u0103 o bijuterie a artizanatului, fiind un cadou deosebit!\",\"breadcrumb\":{\"@id\":\"https:\/\/ariale.ro\/index.php\/product\/semn-de-carte-brodat-garofite-ariale\/#breadcrumb\"},\"inLanguage\":\"ro-RO\",\"potentialAction\":[{\"@type\":\"ReadAction\",\"target\":[\"https:\/\/ariale.ro\/index.php\/product\/semn-de-carte-brodat-garofite-ariale\/\"]}]},{\"@type\":\"ImageObject\",\"inLanguage\":\"ro-RO\",\"@id\":\"https:\/\/ariale.ro\/index.php\/product\/semn-de-carte-brodat-garofite-ariale\/#primaryimage\",\"url\":\"https:\/\/ariale.ro\/wp-content\/uploads\/2023\/10\/27.jpg\",\"contentUrl\":\"https:\/\/ariale.ro\/wp-content\/uploads\/2023\/10\/27.jpg\",\"width\":800,\"height\":700},{\"@type\":\"BreadcrumbList\",\"@id\":\"https:\/\/ariale.ro\/index.php\/product\/semn-de-carte-brodat-garofite-ariale\/#breadcrumb\",\"itemListElement\":[{\"@type\":\"ListItem\",\"position\":1,\"name\":\"Prima pagin\u0103\",\"item\":\"https:\/\/ariale.ro\/\"},{\"@type\":\"ListItem\",\"position\":2,\"name\":\"Shop\",\"item\":\"https:\/\/ariale.ro\/index.php\/shop\/\"},{\"@type\":\"ListItem\",\"position\":3,\"name\":\"Semn de carte brodat Garofite ARIALE\"}]},{\"@type\":\"WebSite\",\"@id\":\"https:\/\/ariale.ro\/#website\",\"url\":\"https:\/\/ariale.ro\/\",\"name\":\"Handmade Constanta\",\"description\":\"Magazin online cu articole lucrate manual in Romania! Transport rapid! Preturi mici! Livrare din Stoc!\",\"potentialAction\":[{\"@type\":\"SearchAction\",\"target\":{\"@type\":\"EntryPoint\",\"urlTemplate\":\"https:\/\/ariale.ro\/?s={search_term_string}\"},\"query-input\":{\"@type\":\"PropertyValueSpecification\",\"valueRequired\":true,\"valueName\":\"search_term_string\"}}],\"inLanguage\":\"ro-RO\"}]}<\/script>\n<!-- \/ Yoast SEO plugin. -->","yoast_head_json":{"title":"Semn de carte brodat Garofite ARIALE - Handmade Constanta","description":"Semnul de carte brodat in totalitate, produs in serie limitat\u0103 in atelierul Ariale, reprezint\u0103 o bijuterie a artizanatului, fiind un cadou deosebit!","robots":{"index":"index","follow":"follow","max-snippet":"max-snippet:-1","max-image-preview":"max-image-preview:large","max-video-preview":"max-video-preview:-1"},"canonical":"https:\/\/ariale.ro\/index.php\/product\/semn-de-carte-brodat-garofite-ariale\/","og_locale":"ro_RO","og_type":"article","og_title":"Semn de carte brodat Garofite ARIALE - Handmade Constanta","og_description":"Semnul de carte brodat in totalitate, produs in serie limitat\u0103 in atelierul Ariale, reprezint\u0103 o bijuterie a artizanatului, fiind un cadou deosebit!","og_url":"https:\/\/ariale.ro\/index.php\/product\/semn-de-carte-brodat-garofite-ariale\/","og_site_name":"Handmade Constanta","article_modified_time":"2025-10-15T23:58:21+00:00","og_image":[{"width":800,"height":700,"url":"https:\/\/ariale.ro\/wp-content\/uploads\/2023\/10\/27.jpg","type":"image\/jpeg"}],"twitter_card":"summary_large_image","twitter_misc":{"Timp estimat pentru citire":"2 minute"},"schema":{"@context":"https:\/\/schema.org","@graph":[{"@type":"WebPage","@id":"https:\/\/ariale.ro\/index.php\/product\/semn-de-carte-brodat-garofite-ariale\/","url":"https:\/\/ariale.ro\/index.php\/product\/semn-de-carte-brodat-garofite-ariale\/","name":"Semn de carte brodat Garofite ARIALE - Handmade Constanta","isPartOf":{"@id":"https:\/\/ariale.ro\/#website"},"primaryImageOfPage":{"@id":"https:\/\/ariale.ro\/index.php\/product\/semn-de-carte-brodat-garofite-ariale\/#primaryimage"},"image":{"@id":"https:\/\/ariale.ro\/index.php\/product\/semn-de-carte-brodat-garofite-ariale\/#primaryimage"},"thumbnailUrl":"https:\/\/ariale.ro\/wp-content\/uploads\/2023\/10\/27.jpg","datePublished":"2023-10-16T21:23:56+00:00","dateModified":"2025-10-15T23:58:21+00:00","description":"Semnul de carte brodat in totalitate, produs in serie limitat\u0103 in atelierul Ariale, reprezint\u0103 o bijuterie a artizanatului, fiind un cadou deosebit!","breadcrumb":{"@id":"https:\/\/ariale.ro\/index.php\/product\/semn-de-carte-brodat-garofite-ariale\/#breadcrumb"},"inLanguage":"ro-RO","potentialAction":[{"@type":"ReadAction","target":["https:\/\/ariale.ro\/index.php\/product\/semn-de-carte-brodat-garofite-ariale\/"]}]},{"@type":"ImageObject","inLanguage":"ro-RO","@id":"https:\/\/ariale.ro\/index.php\/product\/semn-de-carte-brodat-garofite-ariale\/#primaryimage","url":"https:\/\/ariale.ro\/wp-content\/uploads\/2023\/10\/27.jpg","contentUrl":"https:\/\/ariale.ro\/wp-content\/uploads\/2023\/10\/27.jpg","width":800,"height":700},{"@type":"BreadcrumbList","@id":"https:\/\/ariale.ro\/index.php\/product\/semn-de-carte-brodat-garofite-ariale\/#breadcrumb","itemListElement":[{"@type":"ListItem","position":1,"name":"Prima pagin\u0103","item":"https:\/\/ariale.ro\/"},{"@type":"ListItem","position":2,"name":"Shop","item":"https:\/\/ariale.ro\/index.php\/shop\/"},{"@type":"ListItem","position":3,"name":"Semn de carte brodat Garofite ARIALE"}]},{"@type":"WebSite","@id":"https:\/\/ariale.ro\/#website","url":"https:\/\/ariale.ro\/","name":"Handmade Constanta","description":"Magazin online cu articole lucrate manual in Romania! Transport rapid! Preturi mici! Livrare din Stoc!","potentialAction":[{"@type":"SearchAction","target":{"@type":"EntryPoint","urlTemplate":"https:\/\/ariale.ro\/?s={search_term_string}"},"query-input":{"@type":"PropertyValueSpecification","valueRequired":true,"valueName":"search_term_string"}}],"inLanguage":"ro-RO"}]}},"_links":{"self":[{"href":"https:\/\/ariale.ro\/index.php\/wp-json\/wp\/v2\/product\/8594","targetHints":{"allow":["GET"]}}],"collection":[{"href":"https:\/\/ariale.ro\/index.php\/wp-json\/wp\/v2\/product"}],"about":[{"href":"https:\/\/ariale.ro\/index.php\/wp-json\/wp\/v2\/types\/product"}],"replies":[{"embeddable":true,"href":"https:\/\/ariale.ro\/index.php\/wp-json\/wp\/v2\/comments?post=8594"}],"wp:featuredmedia":[{"embeddable":true,"href":"https:\/\/ariale.ro\/index.php\/wp-json\/wp\/v2\/media\/8568"}],"wp:attachment":[{"href":"https:\/\/ariale.ro\/index.php\/wp-json\/wp\/v2\/media?parent=8594"}],"wp:term":[{"taxonomy":"product_brand","embeddable":true,"href":"https:\/\/ariale.ro\/index.php\/wp-json\/wp\/v2\/product_brand?post=8594"},{"taxonomy":"product_cat","embeddable":true,"href":"https:\/\/ariale.ro\/index.php\/wp-json\/wp\/v2\/product_cat?post=8594"},{"taxonomy":"product_tag","embeddable":true,"href":"https:\/\/ariale.ro\/index.php\/wp-json\/wp\/v2\/product_tag?post=8594"}],"curies":[{"name":"wp","href":"https:\/\/api.w.org\/{rel}","templated":true}]}}