{"id":8232,"date":"2023-07-28T17:30:03","date_gmt":"2023-07-28T17:30:03","guid":{"rendered":"https:\/\/ariale.ro\/?post_type=product&#038;p=8232"},"modified":"2023-07-28T17:31:12","modified_gmt":"2023-07-28T17:31:12","slug":"cearceaf-impermeabil-saltea-ariale-160-x-200cm-alb","status":"publish","type":"product","link":"https:\/\/ariale.ro\/index.php\/product\/cearceaf-impermeabil-saltea-ariale-160-x-200cm-alb\/","title":{"rendered":"Cearceaf impermeabil saltea ARIALE, 160 x 200cm, Alb"},"content":{"rendered":"<p>Cearceaful impermeabil sau husa impermeabil\u0103 ARIALE\u00a0 este un cearceaf special conceput pentru a proteja patul \u00eempotriva scurgerilor \u0219i a altor accidente, oferind \u00een acela\u0219i timp confort \u0219i fixare pe toat\u0103 durata nop\u021bii datorit\u0103 elasticului din jurul marginilor.<\/p>\n<p>Caracteristici ale cearcefului impermeabil cu elastic ARIALE:<\/p>\n<ol>\n<li>Material: Este fabricat dintr-un material special, compus din bumbac 100% frotirat, care are o absorb\u021bie rapid\u0103, fiind moale \u0219i confortabil la atingere. Pe partea interioar\u0103, acest material este combinat cu cauciuc impermeabil pentru a oferi o protec\u021bie eficient\u0103 saltelei \u00eempotriva scurgerilor \u0219i petelor.<\/li>\n<li>Ventila\u021bie: Lateralele cearcefului sunt realizate din bumbac satinat, ceea ce permite aerului s\u0103 circule. Acest aspect contribuie la prevenirea supraincalzirii corpului \u0219i men\u021bine o senza\u021bie pl\u0103cut\u0103 \u00een timpul somnului.<\/li>\n<li>Elastic: Elasticul plasat de jur \u00eemprejurul cearcefului asigur\u0103 o fixare mai bun\u0103 pe saltea, astfel \u00eenc\u00e2t cearceaful s\u0103 r\u0103m\u00e2n\u0103 \u00een pozi\u021bie pe toat\u0103 durata nop\u021bii. Acest aspect este deosebit de util, deoarece previne alunecarea sau mi\u0219carea cearcefului \u00een timpul somnului.<\/li>\n<li>Protec\u021bie pentru saltea: Husa impermeabil\u0103 ofer\u0103 o protec\u021bie eficient\u0103 \u00eempotriva scurgerilor, petelor \u0219i altor accidente care pot afecta salteaua. Acest lucru poate fi deosebit de util pentru persoanele care au copii mici sau care doresc o protec\u021bie suplimentar\u0103 pentru patul lor.<\/li>\n<\/ol>\n<p>Detalii despre produs:<\/p>\n<ul>\n<li>Setul con\u021bine 1 cearsaf de pat cu elastic plasat de jur \u00eemprejur, recomandat pentru saltele cu dimensiunea de 160 x 200 cm \u0219i cu o grosime de p\u00e2n\u0103 \u00een 25 cm.<\/li>\n<li>Mod ambalare: Punga PVC.<\/li>\n<\/ul>\n<p>Instruc\u021biuni de \u00eengrijire:<\/p>\n<ul>\n<li>Se recomand\u0103 sp\u0103larea cearcefului la o temperatur\u0103 maxim\u0103 de 40\u00b0C, cu ac\u021biune mecanic\u0103 normal\u0103, cl\u0103tire normal\u0103 \u0219i centrifugare normal\u0103.<\/li>\n<li>Se recomand\u0103 sp\u0103larea separat\u0103 a culorilor \u00eenchise pentru a preveni eventualele scurgeri de culoare.<\/li>\n<\/ul>\n<p>\u00cen concluzie, acest cearceaf de pat impermeabil cu elastic ARIALE pare a fi o alegere excelent\u0103 pentru persoanele care caut\u0103 o protec\u021bie eficient\u0103 \u00eempotriva scurgerilor sau petelor, dar \u0219i pentru a beneficia de confort \u0219i fixare pe saltea pe toat\u0103 durata nop\u021bii.<\/p>\n","protected":false},"excerpt":{"rendered":"<p>Cearceaful impermeabil sau husa impermeabil\u0103 ARIALE\u00a0 este un cearceaf special conceput pentru a proteja patul \u00eempotriva scurgerilor \u0219i a altor<\/p>\n","protected":false},"featured_media":8207,"comment_status":"open","ping_status":"closed","template":"","meta":[],"product_brand":[],"product_cat":[71,29],"product_tag":[],"class_list":{"0":"post-8232","1":"product","2":"type-product","3":"status-publish","4":"has-post-thumbnail","6":"product_cat-articole-copii","7":"product_cat-seturi-fete-perna","9":"first","10":"instock","11":"shipping-taxable","12":"purchasable","13":"product-type-simple"},"yoast_head":"<!-- This site is optimized with the Yoast SEO plugin v27.2 - https:\/\/yoast.com\/product\/yoast-seo-wordpress\/ -->\n<title>Cearceaf impermeabil saltea ARIALE, 160 x 200cm, Alb - Handmade Constanta<\/title>\n<meta name=\"description\" content=\"Cearceaful impermeabil ARIALE este un cearceaf special conceput pentru a proteja patul \u00eempotriva scurgerilor \u0219i a altor accidente, oferind \u00een acela\u0219i timp confort \u0219i fixare pe toat\u0103 durata nop\u021bii datorit\u0103 elasticului din jurul marginilor.\" \/>\n<meta name=\"robots\" content=\"index, follow, max-snippet:-1, max-image-preview:large, max-video-preview:-1\" \/>\n<link rel=\"canonical\" href=\"https:\/\/ariale.ro\/index.php\/product\/cearceaf-impermeabil-saltea-ariale-160-x-200cm-alb\/\" \/>\n<meta property=\"og:locale\" content=\"ro_RO\" \/>\n<meta property=\"og:type\" content=\"article\" \/>\n<meta property=\"og:title\" content=\"Cearceaf impermeabil saltea ARIALE, 160 x 200cm, Alb - Handmade Constanta\" \/>\n<meta property=\"og:description\" content=\"Cearceaful impermeabil ARIALE este un cearceaf special conceput pentru a proteja patul \u00eempotriva scurgerilor \u0219i a altor accidente, oferind \u00een acela\u0219i timp confort \u0219i fixare pe toat\u0103 durata nop\u021bii datorit\u0103 elasticului din jurul marginilor.\" \/>\n<meta property=\"og:url\" content=\"https:\/\/ariale.ro\/index.php\/product\/cearceaf-impermeabil-saltea-ariale-160-x-200cm-alb\/\" \/>\n<meta property=\"og:site_name\" content=\"Handmade Constanta\" \/>\n<meta property=\"article:modified_time\" content=\"2023-07-28T17:31:12+00:00\" \/>\n<meta property=\"og:image\" content=\"https:\/\/ariale.ro\/wp-content\/uploads\/2023\/07\/1-3.jpg\" \/>\n\t<meta property=\"og:image:width\" content=\"800\" \/>\n\t<meta property=\"og:image:height\" content=\"700\" \/>\n\t<meta property=\"og:image:type\" content=\"image\/jpeg\" \/>\n<meta name=\"twitter:card\" content=\"summary_large_image\" \/>\n<meta name=\"twitter:label1\" content=\"Timp estimat pentru citire\" \/>\n\t<meta name=\"twitter:data1\" content=\"2 minute\" \/>\n<script type=\"application\/ld+json\" class=\"yoast-schema-graph\">{\"@context\":\"https:\/\/schema.org\",\"@graph\":[{\"@type\":\"WebPage\",\"@id\":\"https:\/\/ariale.ro\/index.php\/product\/cearceaf-impermeabil-saltea-ariale-160-x-200cm-alb\/\",\"url\":\"https:\/\/ariale.ro\/index.php\/product\/cearceaf-impermeabil-saltea-ariale-160-x-200cm-alb\/\",\"name\":\"Cearceaf impermeabil saltea ARIALE, 160 x 200cm, Alb - Handmade Constanta\",\"isPartOf\":{\"@id\":\"https:\/\/ariale.ro\/#website\"},\"primaryImageOfPage\":{\"@id\":\"https:\/\/ariale.ro\/index.php\/product\/cearceaf-impermeabil-saltea-ariale-160-x-200cm-alb\/#primaryimage\"},\"image\":{\"@id\":\"https:\/\/ariale.ro\/index.php\/product\/cearceaf-impermeabil-saltea-ariale-160-x-200cm-alb\/#primaryimage\"},\"thumbnailUrl\":\"https:\/\/ariale.ro\/wp-content\/uploads\/2023\/07\/1-3.jpg\",\"datePublished\":\"2023-07-28T17:30:03+00:00\",\"dateModified\":\"2023-07-28T17:31:12+00:00\",\"description\":\"Cearceaful impermeabil ARIALE este un cearceaf special conceput pentru a proteja patul \u00eempotriva scurgerilor \u0219i a altor accidente, oferind \u00een acela\u0219i timp confort \u0219i fixare pe toat\u0103 durata nop\u021bii datorit\u0103 elasticului din jurul marginilor.\",\"breadcrumb\":{\"@id\":\"https:\/\/ariale.ro\/index.php\/product\/cearceaf-impermeabil-saltea-ariale-160-x-200cm-alb\/#breadcrumb\"},\"inLanguage\":\"ro-RO\",\"potentialAction\":[{\"@type\":\"ReadAction\",\"target\":[\"https:\/\/ariale.ro\/index.php\/product\/cearceaf-impermeabil-saltea-ariale-160-x-200cm-alb\/\"]}]},{\"@type\":\"ImageObject\",\"inLanguage\":\"ro-RO\",\"@id\":\"https:\/\/ariale.ro\/index.php\/product\/cearceaf-impermeabil-saltea-ariale-160-x-200cm-alb\/#primaryimage\",\"url\":\"https:\/\/ariale.ro\/wp-content\/uploads\/2023\/07\/1-3.jpg\",\"contentUrl\":\"https:\/\/ariale.ro\/wp-content\/uploads\/2023\/07\/1-3.jpg\",\"width\":800,\"height\":700},{\"@type\":\"BreadcrumbList\",\"@id\":\"https:\/\/ariale.ro\/index.php\/product\/cearceaf-impermeabil-saltea-ariale-160-x-200cm-alb\/#breadcrumb\",\"itemListElement\":[{\"@type\":\"ListItem\",\"position\":1,\"name\":\"Prima pagin\u0103\",\"item\":\"https:\/\/ariale.ro\/\"},{\"@type\":\"ListItem\",\"position\":2,\"name\":\"Shop\",\"item\":\"https:\/\/ariale.ro\/index.php\/shop\/\"},{\"@type\":\"ListItem\",\"position\":3,\"name\":\"Cearceaf impermeabil saltea ARIALE, 160 x 200cm, Alb\"}]},{\"@type\":\"WebSite\",\"@id\":\"https:\/\/ariale.ro\/#website\",\"url\":\"https:\/\/ariale.ro\/\",\"name\":\"Handmade Constanta\",\"description\":\"Magazin online cu articole lucrate manual in Romania! Transport rapid! Preturi mici! Livrare din Stoc!\",\"potentialAction\":[{\"@type\":\"SearchAction\",\"target\":{\"@type\":\"EntryPoint\",\"urlTemplate\":\"https:\/\/ariale.ro\/?s={search_term_string}\"},\"query-input\":{\"@type\":\"PropertyValueSpecification\",\"valueRequired\":true,\"valueName\":\"search_term_string\"}}],\"inLanguage\":\"ro-RO\"}]}<\/script>\n<!-- \/ Yoast SEO plugin. -->","yoast_head_json":{"title":"Cearceaf impermeabil saltea ARIALE, 160 x 200cm, Alb - Handmade Constanta","description":"Cearceaful impermeabil ARIALE este un cearceaf special conceput pentru a proteja patul \u00eempotriva scurgerilor \u0219i a altor accidente, oferind \u00een acela\u0219i timp confort \u0219i fixare pe toat\u0103 durata nop\u021bii datorit\u0103 elasticului din jurul marginilor.","robots":{"index":"index","follow":"follow","max-snippet":"max-snippet:-1","max-image-preview":"max-image-preview:large","max-video-preview":"max-video-preview:-1"},"canonical":"https:\/\/ariale.ro\/index.php\/product\/cearceaf-impermeabil-saltea-ariale-160-x-200cm-alb\/","og_locale":"ro_RO","og_type":"article","og_title":"Cearceaf impermeabil saltea ARIALE, 160 x 200cm, Alb - Handmade Constanta","og_description":"Cearceaful impermeabil ARIALE este un cearceaf special conceput pentru a proteja patul \u00eempotriva scurgerilor \u0219i a altor accidente, oferind \u00een acela\u0219i timp confort \u0219i fixare pe toat\u0103 durata nop\u021bii datorit\u0103 elasticului din jurul marginilor.","og_url":"https:\/\/ariale.ro\/index.php\/product\/cearceaf-impermeabil-saltea-ariale-160-x-200cm-alb\/","og_site_name":"Handmade Constanta","article_modified_time":"2023-07-28T17:31:12+00:00","og_image":[{"width":800,"height":700,"url":"https:\/\/ariale.ro\/wp-content\/uploads\/2023\/07\/1-3.jpg","type":"image\/jpeg"}],"twitter_card":"summary_large_image","twitter_misc":{"Timp estimat pentru citire":"2 minute"},"schema":{"@context":"https:\/\/schema.org","@graph":[{"@type":"WebPage","@id":"https:\/\/ariale.ro\/index.php\/product\/cearceaf-impermeabil-saltea-ariale-160-x-200cm-alb\/","url":"https:\/\/ariale.ro\/index.php\/product\/cearceaf-impermeabil-saltea-ariale-160-x-200cm-alb\/","name":"Cearceaf impermeabil saltea ARIALE, 160 x 200cm, Alb - Handmade Constanta","isPartOf":{"@id":"https:\/\/ariale.ro\/#website"},"primaryImageOfPage":{"@id":"https:\/\/ariale.ro\/index.php\/product\/cearceaf-impermeabil-saltea-ariale-160-x-200cm-alb\/#primaryimage"},"image":{"@id":"https:\/\/ariale.ro\/index.php\/product\/cearceaf-impermeabil-saltea-ariale-160-x-200cm-alb\/#primaryimage"},"thumbnailUrl":"https:\/\/ariale.ro\/wp-content\/uploads\/2023\/07\/1-3.jpg","datePublished":"2023-07-28T17:30:03+00:00","dateModified":"2023-07-28T17:31:12+00:00","description":"Cearceaful impermeabil ARIALE este un cearceaf special conceput pentru a proteja patul \u00eempotriva scurgerilor \u0219i a altor accidente, oferind \u00een acela\u0219i timp confort \u0219i fixare pe toat\u0103 durata nop\u021bii datorit\u0103 elasticului din jurul marginilor.","breadcrumb":{"@id":"https:\/\/ariale.ro\/index.php\/product\/cearceaf-impermeabil-saltea-ariale-160-x-200cm-alb\/#breadcrumb"},"inLanguage":"ro-RO","potentialAction":[{"@type":"ReadAction","target":["https:\/\/ariale.ro\/index.php\/product\/cearceaf-impermeabil-saltea-ariale-160-x-200cm-alb\/"]}]},{"@type":"ImageObject","inLanguage":"ro-RO","@id":"https:\/\/ariale.ro\/index.php\/product\/cearceaf-impermeabil-saltea-ariale-160-x-200cm-alb\/#primaryimage","url":"https:\/\/ariale.ro\/wp-content\/uploads\/2023\/07\/1-3.jpg","contentUrl":"https:\/\/ariale.ro\/wp-content\/uploads\/2023\/07\/1-3.jpg","width":800,"height":700},{"@type":"BreadcrumbList","@id":"https:\/\/ariale.ro\/index.php\/product\/cearceaf-impermeabil-saltea-ariale-160-x-200cm-alb\/#breadcrumb","itemListElement":[{"@type":"ListItem","position":1,"name":"Prima pagin\u0103","item":"https:\/\/ariale.ro\/"},{"@type":"ListItem","position":2,"name":"Shop","item":"https:\/\/ariale.ro\/index.php\/shop\/"},{"@type":"ListItem","position":3,"name":"Cearceaf impermeabil saltea ARIALE, 160 x 200cm, Alb"}]},{"@type":"WebSite","@id":"https:\/\/ariale.ro\/#website","url":"https:\/\/ariale.ro\/","name":"Handmade Constanta","description":"Magazin online cu articole lucrate manual in Romania! Transport rapid! Preturi mici! Livrare din Stoc!","potentialAction":[{"@type":"SearchAction","target":{"@type":"EntryPoint","urlTemplate":"https:\/\/ariale.ro\/?s={search_term_string}"},"query-input":{"@type":"PropertyValueSpecification","valueRequired":true,"valueName":"search_term_string"}}],"inLanguage":"ro-RO"}]}},"_links":{"self":[{"href":"https:\/\/ariale.ro\/index.php\/wp-json\/wp\/v2\/product\/8232","targetHints":{"allow":["GET"]}}],"collection":[{"href":"https:\/\/ariale.ro\/index.php\/wp-json\/wp\/v2\/product"}],"about":[{"href":"https:\/\/ariale.ro\/index.php\/wp-json\/wp\/v2\/types\/product"}],"replies":[{"embeddable":true,"href":"https:\/\/ariale.ro\/index.php\/wp-json\/wp\/v2\/comments?post=8232"}],"wp:featuredmedia":[{"embeddable":true,"href":"https:\/\/ariale.ro\/index.php\/wp-json\/wp\/v2\/media\/8207"}],"wp:attachment":[{"href":"https:\/\/ariale.ro\/index.php\/wp-json\/wp\/v2\/media?parent=8232"}],"wp:term":[{"taxonomy":"product_brand","embeddable":true,"href":"https:\/\/ariale.ro\/index.php\/wp-json\/wp\/v2\/product_brand?post=8232"},{"taxonomy":"product_cat","embeddable":true,"href":"https:\/\/ariale.ro\/index.php\/wp-json\/wp\/v2\/product_cat?post=8232"},{"taxonomy":"product_tag","embeddable":true,"href":"https:\/\/ariale.ro\/index.php\/wp-json\/wp\/v2\/product_tag?post=8232"}],"curies":[{"name":"wp","href":"https:\/\/api.w.org\/{rel}","templated":true}]}}