{"id":12698,"date":"2026-03-24T14:49:13","date_gmt":"2026-03-24T14:49:13","guid":{"rendered":"https:\/\/ariale.ro\/?post_type=product&#038;p=12698"},"modified":"2026-03-24T15:00:14","modified_gmt":"2026-03-24T15:00:14","slug":"set-lenjerie-cearceaf-cu-elastic-9019025-o-persoana-ariale-2-piese-bumbac-ranforce-multicolor","status":"publish","type":"product","link":"https:\/\/ariale.ro\/index.php\/product\/set-lenjerie-cearceaf-cu-elastic-9019025-o-persoana-ariale-2-piese-bumbac-ranforce-multicolor\/","title":{"rendered":"Set Lenjerie- cearceaf cu elastic 90*190*25,  o persoana, Ariale, 2 piese, bumbac ranforce, Multicolor"},"content":{"rendered":"<p data-start=\"594\" data-end=\"904\">Adu un plus de caracter \u0219i stil dormitorului t\u0103u cu\u00a0<strong data-start=\"646\" data-end=\"680\">setul de pat <\/strong>, realizat din <strong data-start=\"696\" data-end=\"738\">bumbac ranforce de calitate superioar\u0103<\/strong>.<\/p>\n<p data-start=\"594\" data-end=\"904\">Around the World Ariale este alegerea perfect\u0103 pentru cei care apreciaz\u0103 <strong data-start=\"970\" data-end=\"1006\">stilul urban, casual \u0219i autentic<\/strong>, dar nu fac compromisuri c\u00e2nd vine vorba de confort. Imprimeul este bine definit, cu culori rezistente, care \u00ee\u0219i p\u0103streaz\u0103 intensitatea \u00een timp.<\/p>\n<p data-start=\"1153\" data-end=\"1480\">Bumbacul ranforce este un material natural, recunoscut pentru\u00a0<strong data-start=\"1215\" data-end=\"1271\">durabilitatea sa, textura pl\u0103cut\u0103 \u0219i respirabilitate<\/strong>. Permite pielii s\u0103 respire, men\u021bine un climat optim \u00een timpul somnului \u0219i ofer\u0103 o senza\u021bie de prospe\u021bime \u00een orice anotimp. \u021aes\u0103tura dens\u0103 asigur\u0103 rezisten\u021b\u0103 la sp\u0103l\u0103ri repetate \u0219i p\u0103strarea formei produsului.<\/p>\n<p data-start=\"1482\" data-end=\"1614\">Aceast\u0103 lenjerie este ideal\u0103 at\u00e2t pentru uz zilnic, c\u00e2t \u0219i pentru cei care doresc un dormitor cu\u00a0<strong data-start=\"1579\" data-end=\"1613\">personalitate \u0219i stil distinct<\/strong>.<\/p>\n<p><strong>Destinatie:<\/strong><\/p>\n<ul>\n<li>uz domestic, pentru acasa<\/li>\n<\/ul>\n<p><strong>Caracteristici material:<\/strong><\/p>\n<ul>\n<li>Compozitie material 100% bumbac, tip ranforce<\/li>\n<li>Densitate 120 g\/m<sup>2<\/sup><\/li>\n<li>Constructie tesatura: 144 fire\/inch<sup>2<\/sup><\/li>\n<li>Samforizat, adica are contractii foarte reduse la spalari repetate la temperatura inalta de spalare<\/li>\n<li>Utilizare indelungata<\/li>\n<\/ul>\n<h2>Componentele si dimensiunile setului de lenjerie de pat bumbac:<\/h2>\n<ul>\n<li>1 x Cearceaf de pat cu elastic 90 x 190 x 25cm bleu,<\/li>\n<li>1 x Fata de perna 50 x 70 cm (total 2 piese).<\/li>\n<\/ul>\n<p><strong>Intretinere:<\/strong><\/p>\n<ul>\n<li><strong>Spalare<\/strong>: automata sau manuala la temperatura maxima de 40 \u00b0C,<\/li>\n<li><strong>Uscare<\/strong>: la uscatorul electric sau in aer liber,<\/li>\n<li><strong>Calcare<\/strong>: se poate calca conform temperaturilor pretabile pentru bumbac: 200 \u00b0C, cu sau fara abur.<\/li>\n<\/ul>\n","protected":false},"excerpt":{"rendered":"<p>Adu un plus de caracter \u0219i stil dormitorului t\u0103u cu\u00a0<strong data-start=\"646\" data-end=\"680\">setul de pat Around the World Ariale<\/strong>, realizat\u0103 din\u00a0<strong data-start=\"696\" data-end=\"738\">bumbac ranforce de calitate superioar\u0103<\/strong>. Modelul este inspirat din estetica clasic\u0103, combin\u00e2nd elemente grafice vintage \u0219i simboluri iconice \u00eentr-un design dinamic \u0219i expresiv.<\/p>\n<h2>Componentele si dimensiunile setului de lenjerie de pat bumbac:<\/h2>\n<ul>\n<li>1 x Cearceaf de pat cu elastic 90 x 190 x 25cm bleu,<\/li>\n<li>1 x Fata de perna 50 x 70 cm (total 2 piese).<\/li>\n<\/ul>\n","protected":false},"featured_media":12699,"comment_status":"open","ping_status":"closed","template":"","meta":[],"product_brand":[],"product_cat":[292],"product_tag":[],"class_list":{"0":"post-12698","1":"product","2":"type-product","3":"status-publish","4":"has-post-thumbnail","6":"product_cat-soldare","8":"first","9":"instock","10":"sale","11":"shipping-taxable","12":"purchasable","13":"product-type-simple"},"yoast_head":"<!-- This site is optimized with the Yoast SEO plugin v27.2 - https:\/\/yoast.com\/product\/yoast-seo-wordpress\/ -->\n<title>Set Lenjerie- cearceaf cu elastic 90*190*25, o persoana, Ariale, 2 piese, bumbac ranforce, Multicolor - Handmade Constanta<\/title>\n<meta name=\"description\" content=\"Bine a\u021bi venit in lumea fermecat\u0103 a acestei lenjerii de pat premium unde fiecare detaliu este sculptat cu grij\u0103 \u0219i aten\u021bie!\" \/>\n<meta name=\"robots\" content=\"index, follow, max-snippet:-1, max-image-preview:large, max-video-preview:-1\" \/>\n<link rel=\"canonical\" href=\"https:\/\/ariale.ro\/index.php\/product\/set-lenjerie-cearceaf-cu-elastic-9019025-o-persoana-ariale-2-piese-bumbac-ranforce-multicolor\/\" \/>\n<meta property=\"og:locale\" content=\"ro_RO\" \/>\n<meta property=\"og:type\" content=\"article\" \/>\n<meta property=\"og:title\" content=\"Set Lenjerie- cearceaf cu elastic 90*190*25, o persoana, Ariale, 2 piese, bumbac ranforce, Multicolor - Handmade Constanta\" \/>\n<meta property=\"og:description\" content=\"Bine a\u021bi venit in lumea fermecat\u0103 a acestei lenjerii de pat premium unde fiecare detaliu este sculptat cu grij\u0103 \u0219i aten\u021bie!\" \/>\n<meta property=\"og:url\" content=\"https:\/\/ariale.ro\/index.php\/product\/set-lenjerie-cearceaf-cu-elastic-9019025-o-persoana-ariale-2-piese-bumbac-ranforce-multicolor\/\" \/>\n<meta property=\"og:site_name\" content=\"Handmade Constanta\" \/>\n<meta property=\"article:modified_time\" content=\"2026-03-24T15:00:14+00:00\" \/>\n<meta property=\"og:image\" content=\"https:\/\/ariale.ro\/wp-content\/uploads\/2026\/03\/2-4.jpg\" \/>\n\t<meta property=\"og:image:width\" content=\"800\" \/>\n\t<meta property=\"og:image:height\" content=\"800\" \/>\n\t<meta property=\"og:image:type\" content=\"image\/jpeg\" \/>\n<meta name=\"twitter:card\" content=\"summary_large_image\" \/>\n<meta name=\"twitter:label1\" content=\"Timp estimat pentru citire\" \/>\n\t<meta name=\"twitter:data1\" content=\"2 minute\" \/>\n<script type=\"application\/ld+json\" class=\"yoast-schema-graph\">{\"@context\":\"https:\/\/schema.org\",\"@graph\":[{\"@type\":\"WebPage\",\"@id\":\"https:\/\/ariale.ro\/index.php\/product\/set-lenjerie-cearceaf-cu-elastic-9019025-o-persoana-ariale-2-piese-bumbac-ranforce-multicolor\/\",\"url\":\"https:\/\/ariale.ro\/index.php\/product\/set-lenjerie-cearceaf-cu-elastic-9019025-o-persoana-ariale-2-piese-bumbac-ranforce-multicolor\/\",\"name\":\"Set Lenjerie- cearceaf cu elastic 90*190*25, o persoana, Ariale, 2 piese, bumbac ranforce, Multicolor - Handmade Constanta\",\"isPartOf\":{\"@id\":\"https:\/\/ariale.ro\/#website\"},\"primaryImageOfPage\":{\"@id\":\"https:\/\/ariale.ro\/index.php\/product\/set-lenjerie-cearceaf-cu-elastic-9019025-o-persoana-ariale-2-piese-bumbac-ranforce-multicolor\/#primaryimage\"},\"image\":{\"@id\":\"https:\/\/ariale.ro\/index.php\/product\/set-lenjerie-cearceaf-cu-elastic-9019025-o-persoana-ariale-2-piese-bumbac-ranforce-multicolor\/#primaryimage\"},\"thumbnailUrl\":\"https:\/\/ariale.ro\/wp-content\/uploads\/2026\/03\/2-4.jpg\",\"datePublished\":\"2026-03-24T14:49:13+00:00\",\"dateModified\":\"2026-03-24T15:00:14+00:00\",\"description\":\"Bine a\u021bi venit in lumea fermecat\u0103 a acestei lenjerii de pat premium unde fiecare detaliu este sculptat cu grij\u0103 \u0219i aten\u021bie!\",\"breadcrumb\":{\"@id\":\"https:\/\/ariale.ro\/index.php\/product\/set-lenjerie-cearceaf-cu-elastic-9019025-o-persoana-ariale-2-piese-bumbac-ranforce-multicolor\/#breadcrumb\"},\"inLanguage\":\"ro-RO\",\"potentialAction\":[{\"@type\":\"ReadAction\",\"target\":[\"https:\/\/ariale.ro\/index.php\/product\/set-lenjerie-cearceaf-cu-elastic-9019025-o-persoana-ariale-2-piese-bumbac-ranforce-multicolor\/\"]}]},{\"@type\":\"ImageObject\",\"inLanguage\":\"ro-RO\",\"@id\":\"https:\/\/ariale.ro\/index.php\/product\/set-lenjerie-cearceaf-cu-elastic-9019025-o-persoana-ariale-2-piese-bumbac-ranforce-multicolor\/#primaryimage\",\"url\":\"https:\/\/ariale.ro\/wp-content\/uploads\/2026\/03\/2-4.jpg\",\"contentUrl\":\"https:\/\/ariale.ro\/wp-content\/uploads\/2026\/03\/2-4.jpg\",\"width\":800,\"height\":800},{\"@type\":\"BreadcrumbList\",\"@id\":\"https:\/\/ariale.ro\/index.php\/product\/set-lenjerie-cearceaf-cu-elastic-9019025-o-persoana-ariale-2-piese-bumbac-ranforce-multicolor\/#breadcrumb\",\"itemListElement\":[{\"@type\":\"ListItem\",\"position\":1,\"name\":\"Prima pagin\u0103\",\"item\":\"https:\/\/ariale.ro\/\"},{\"@type\":\"ListItem\",\"position\":2,\"name\":\"Shop\",\"item\":\"https:\/\/ariale.ro\/index.php\/shop\/\"},{\"@type\":\"ListItem\",\"position\":3,\"name\":\"Set Lenjerie- cearceaf cu elastic 90*190*25, o persoana, Ariale, 2 piese, bumbac ranforce, Multicolor\"}]},{\"@type\":\"WebSite\",\"@id\":\"https:\/\/ariale.ro\/#website\",\"url\":\"https:\/\/ariale.ro\/\",\"name\":\"Handmade Constanta\",\"description\":\"Magazin online cu articole lucrate manual in Romania! Transport rapid! Preturi mici! Livrare din Stoc!\",\"potentialAction\":[{\"@type\":\"SearchAction\",\"target\":{\"@type\":\"EntryPoint\",\"urlTemplate\":\"https:\/\/ariale.ro\/?s={search_term_string}\"},\"query-input\":{\"@type\":\"PropertyValueSpecification\",\"valueRequired\":true,\"valueName\":\"search_term_string\"}}],\"inLanguage\":\"ro-RO\"}]}<\/script>\n<!-- \/ Yoast SEO plugin. -->","yoast_head_json":{"title":"Set Lenjerie- cearceaf cu elastic 90*190*25, o persoana, Ariale, 2 piese, bumbac ranforce, Multicolor - Handmade Constanta","description":"Bine a\u021bi venit in lumea fermecat\u0103 a acestei lenjerii de pat premium unde fiecare detaliu este sculptat cu grij\u0103 \u0219i aten\u021bie!","robots":{"index":"index","follow":"follow","max-snippet":"max-snippet:-1","max-image-preview":"max-image-preview:large","max-video-preview":"max-video-preview:-1"},"canonical":"https:\/\/ariale.ro\/index.php\/product\/set-lenjerie-cearceaf-cu-elastic-9019025-o-persoana-ariale-2-piese-bumbac-ranforce-multicolor\/","og_locale":"ro_RO","og_type":"article","og_title":"Set Lenjerie- cearceaf cu elastic 90*190*25, o persoana, Ariale, 2 piese, bumbac ranforce, Multicolor - Handmade Constanta","og_description":"Bine a\u021bi venit in lumea fermecat\u0103 a acestei lenjerii de pat premium unde fiecare detaliu este sculptat cu grij\u0103 \u0219i aten\u021bie!","og_url":"https:\/\/ariale.ro\/index.php\/product\/set-lenjerie-cearceaf-cu-elastic-9019025-o-persoana-ariale-2-piese-bumbac-ranforce-multicolor\/","og_site_name":"Handmade Constanta","article_modified_time":"2026-03-24T15:00:14+00:00","og_image":[{"width":800,"height":800,"url":"https:\/\/ariale.ro\/wp-content\/uploads\/2026\/03\/2-4.jpg","type":"image\/jpeg"}],"twitter_card":"summary_large_image","twitter_misc":{"Timp estimat pentru citire":"2 minute"},"schema":{"@context":"https:\/\/schema.org","@graph":[{"@type":"WebPage","@id":"https:\/\/ariale.ro\/index.php\/product\/set-lenjerie-cearceaf-cu-elastic-9019025-o-persoana-ariale-2-piese-bumbac-ranforce-multicolor\/","url":"https:\/\/ariale.ro\/index.php\/product\/set-lenjerie-cearceaf-cu-elastic-9019025-o-persoana-ariale-2-piese-bumbac-ranforce-multicolor\/","name":"Set Lenjerie- cearceaf cu elastic 90*190*25, o persoana, Ariale, 2 piese, bumbac ranforce, Multicolor - Handmade Constanta","isPartOf":{"@id":"https:\/\/ariale.ro\/#website"},"primaryImageOfPage":{"@id":"https:\/\/ariale.ro\/index.php\/product\/set-lenjerie-cearceaf-cu-elastic-9019025-o-persoana-ariale-2-piese-bumbac-ranforce-multicolor\/#primaryimage"},"image":{"@id":"https:\/\/ariale.ro\/index.php\/product\/set-lenjerie-cearceaf-cu-elastic-9019025-o-persoana-ariale-2-piese-bumbac-ranforce-multicolor\/#primaryimage"},"thumbnailUrl":"https:\/\/ariale.ro\/wp-content\/uploads\/2026\/03\/2-4.jpg","datePublished":"2026-03-24T14:49:13+00:00","dateModified":"2026-03-24T15:00:14+00:00","description":"Bine a\u021bi venit in lumea fermecat\u0103 a acestei lenjerii de pat premium unde fiecare detaliu este sculptat cu grij\u0103 \u0219i aten\u021bie!","breadcrumb":{"@id":"https:\/\/ariale.ro\/index.php\/product\/set-lenjerie-cearceaf-cu-elastic-9019025-o-persoana-ariale-2-piese-bumbac-ranforce-multicolor\/#breadcrumb"},"inLanguage":"ro-RO","potentialAction":[{"@type":"ReadAction","target":["https:\/\/ariale.ro\/index.php\/product\/set-lenjerie-cearceaf-cu-elastic-9019025-o-persoana-ariale-2-piese-bumbac-ranforce-multicolor\/"]}]},{"@type":"ImageObject","inLanguage":"ro-RO","@id":"https:\/\/ariale.ro\/index.php\/product\/set-lenjerie-cearceaf-cu-elastic-9019025-o-persoana-ariale-2-piese-bumbac-ranforce-multicolor\/#primaryimage","url":"https:\/\/ariale.ro\/wp-content\/uploads\/2026\/03\/2-4.jpg","contentUrl":"https:\/\/ariale.ro\/wp-content\/uploads\/2026\/03\/2-4.jpg","width":800,"height":800},{"@type":"BreadcrumbList","@id":"https:\/\/ariale.ro\/index.php\/product\/set-lenjerie-cearceaf-cu-elastic-9019025-o-persoana-ariale-2-piese-bumbac-ranforce-multicolor\/#breadcrumb","itemListElement":[{"@type":"ListItem","position":1,"name":"Prima pagin\u0103","item":"https:\/\/ariale.ro\/"},{"@type":"ListItem","position":2,"name":"Shop","item":"https:\/\/ariale.ro\/index.php\/shop\/"},{"@type":"ListItem","position":3,"name":"Set Lenjerie- cearceaf cu elastic 90*190*25, o persoana, Ariale, 2 piese, bumbac ranforce, Multicolor"}]},{"@type":"WebSite","@id":"https:\/\/ariale.ro\/#website","url":"https:\/\/ariale.ro\/","name":"Handmade Constanta","description":"Magazin online cu articole lucrate manual in Romania! Transport rapid! Preturi mici! Livrare din Stoc!","potentialAction":[{"@type":"SearchAction","target":{"@type":"EntryPoint","urlTemplate":"https:\/\/ariale.ro\/?s={search_term_string}"},"query-input":{"@type":"PropertyValueSpecification","valueRequired":true,"valueName":"search_term_string"}}],"inLanguage":"ro-RO"}]}},"_links":{"self":[{"href":"https:\/\/ariale.ro\/index.php\/wp-json\/wp\/v2\/product\/12698","targetHints":{"allow":["GET"]}}],"collection":[{"href":"https:\/\/ariale.ro\/index.php\/wp-json\/wp\/v2\/product"}],"about":[{"href":"https:\/\/ariale.ro\/index.php\/wp-json\/wp\/v2\/types\/product"}],"replies":[{"embeddable":true,"href":"https:\/\/ariale.ro\/index.php\/wp-json\/wp\/v2\/comments?post=12698"}],"wp:featuredmedia":[{"embeddable":true,"href":"https:\/\/ariale.ro\/index.php\/wp-json\/wp\/v2\/media\/12699"}],"wp:attachment":[{"href":"https:\/\/ariale.ro\/index.php\/wp-json\/wp\/v2\/media?parent=12698"}],"wp:term":[{"taxonomy":"product_brand","embeddable":true,"href":"https:\/\/ariale.ro\/index.php\/wp-json\/wp\/v2\/product_brand?post=12698"},{"taxonomy":"product_cat","embeddable":true,"href":"https:\/\/ariale.ro\/index.php\/wp-json\/wp\/v2\/product_cat?post=12698"},{"taxonomy":"product_tag","embeddable":true,"href":"https:\/\/ariale.ro\/index.php\/wp-json\/wp\/v2\/product_tag?post=12698"}],"curies":[{"name":"wp","href":"https:\/\/api.w.org\/{rel}","templated":true}]}}