{"id":12606,"date":"2026-03-03T20:26:04","date_gmt":"2026-03-03T20:26:04","guid":{"rendered":"https:\/\/ariale.ro\/?post_type=product&#038;p=12606"},"modified":"2026-03-03T20:29:26","modified_gmt":"2026-03-03T20:29:26","slug":"fata-de-perna-50x70cm-margarete-pe-fond-galben-ariale-bumbac","status":"publish","type":"product","link":"https:\/\/ariale.ro\/index.php\/product\/fata-de-perna-50x70cm-margarete-pe-fond-galben-ariale-bumbac\/","title":{"rendered":"Fata de perna 50x70cm, Margarete pe fond Galben, Ariale, Bumbac"},"content":{"rendered":"<p data-start=\"0\" data-end=\"173\">F\u0103-\u021bi dormitorul mai luminos \u0219i mai primitor cu <strong data-start=\"48\" data-end=\"86\">Fa\u021ba de pern\u0103 50&#215;70 cm \u2013 Margarete<\/strong>, un accesoriu delicat \u0219i elegant, inspirat din frumuse\u021bea natural\u0103 a florilor de c\u00e2mp.<\/p>\n<p data-start=\"175\" data-end=\"532\">Realizat\u0103 din <strong data-start=\"189\" data-end=\"208\">bumbac ranforce<\/strong>, aceast\u0103 fa\u021b\u0103 de pern\u0103 este moale, pl\u0103cut\u0103 la atingere \u0219i rezistent\u0103 \u00een timp. \u021aes\u0103tura ranforce este apreciat\u0103 pentru durabilitate, respirabilitate \u0219i confort sporit, fiind ideal\u0103 pentru utilizare zilnic\u0103. Materialul permite pielii s\u0103 respire \u0219i \u00ee\u0219i p\u0103streaz\u0103 forma \u0219i intensitatea culorilor chiar \u0219i dup\u0103 sp\u0103l\u0103ri repetate.<\/p>\n<p data-start=\"534\" data-end=\"696\">Modelul cu <strong data-start=\"545\" data-end=\"558\">margarete<\/strong> aduce un aer proasp\u0103t \u0219i romantic \u00een orice dormitor, potrivindu-se perfect at\u00e2t \u00eentr-un decor modern, c\u00e2t \u0219i \u00eentr-unul clasic sau rustic.<\/p>\n<p><strong>Destinatie:<\/strong><\/p>\n<ul>\n<li>uz domestic, pentru acasa<\/li>\n<\/ul>\n<p><strong>Caracteristici material:<\/strong><\/p>\n<ul>\n<li>Compozitie material 100% bumbac, tip ranforce<\/li>\n<li>Densitate 120 g\/m<sup>2<\/sup><\/li>\n<li>Constructie tesatura: 144 fire\/inch<sup>2<\/sup><\/li>\n<li>Samforizat, adica are contractii foarte reduse la spalari repetate la temperatura inalta de spalare<\/li>\n<li>Utilizare indelungata<\/li>\n<\/ul>\n<h2>Componentele si dimensiuni:<\/h2>\n<ul>\n<li>1 x Fata de perna 50 x 70 cm.<\/li>\n<\/ul>\n<ul>\n<li><strong>Spalare<\/strong>: automata sau manuala la temperatura maxima de 40 \u00b0C,<\/li>\n<li><strong>Uscare<\/strong>: la uscatorul electric sau in aer liber,<\/li>\n<li><strong>Calcare<\/strong>: se poate calca conform temperaturilor pretabile pentru bumbac: 200 \u00b0C, cu sau fara abur.<\/li>\n<\/ul>\n<p>Livrarea se face prin curier, oriunde in tara!<\/p>\n","protected":false},"excerpt":{"rendered":"<p>F\u0103-\u021bi dormitorul mai luminos \u0219i mai primitor cu <strong data-start=\"48\" data-end=\"86\">Fa\u021ba de pern\u0103 50&#215;70 cm \u2013 Margarete<\/strong>, un accesoriu delicat \u0219i elegant, inspirat din frumuse\u021bea natural\u0103 a florilor de c\u00e2mp.<\/p>\n","protected":false},"featured_media":12609,"comment_status":"open","ping_status":"closed","template":"","meta":[],"product_brand":[],"product_cat":[292],"product_tag":[],"class_list":{"0":"post-12606","1":"product","2":"type-product","3":"status-publish","4":"has-post-thumbnail","6":"product_cat-soldare","8":"first","9":"instock","10":"sale","11":"featured","12":"shipping-taxable","13":"purchasable","14":"product-type-simple"},"yoast_head":"<!-- This site is optimized with the Yoast SEO plugin v27.2 - https:\/\/yoast.com\/product\/yoast-seo-wordpress\/ -->\n<title>Fata de perna 50x70cm, Margarete pe fond Galben, Ariale, Bumbac - Handmade Constanta<\/title>\n<meta name=\"description\" content=\"Fata de perna 50x70cm, Unicorni, bumbac ranforce 100%\" \/>\n<meta name=\"robots\" content=\"index, follow, max-snippet:-1, max-image-preview:large, max-video-preview:-1\" \/>\n<link rel=\"canonical\" href=\"https:\/\/ariale.ro\/index.php\/product\/fata-de-perna-50x70cm-margarete-pe-fond-galben-ariale-bumbac\/\" \/>\n<meta property=\"og:locale\" content=\"ro_RO\" \/>\n<meta property=\"og:type\" content=\"article\" \/>\n<meta property=\"og:title\" content=\"Fata de perna 50x70cm, Margarete pe fond Galben, Ariale, Bumbac - Handmade Constanta\" \/>\n<meta property=\"og:description\" content=\"Fata de perna 50x70cm, Unicorni, bumbac ranforce 100%\" \/>\n<meta property=\"og:url\" content=\"https:\/\/ariale.ro\/index.php\/product\/fata-de-perna-50x70cm-margarete-pe-fond-galben-ariale-bumbac\/\" \/>\n<meta property=\"og:site_name\" content=\"Handmade Constanta\" \/>\n<meta property=\"article:modified_time\" content=\"2026-03-03T20:29:26+00:00\" \/>\n<meta property=\"og:image\" content=\"https:\/\/ariale.ro\/wp-content\/uploads\/2026\/03\/3.jpg\" \/>\n\t<meta property=\"og:image:width\" content=\"800\" \/>\n\t<meta property=\"og:image:height\" content=\"800\" \/>\n\t<meta property=\"og:image:type\" content=\"image\/jpeg\" \/>\n<meta name=\"twitter:card\" content=\"summary_large_image\" \/>\n<meta name=\"twitter:label1\" content=\"Timp estimat pentru citire\" \/>\n\t<meta name=\"twitter:data1\" content=\"2 minute\" \/>\n<script type=\"application\/ld+json\" class=\"yoast-schema-graph\">{\"@context\":\"https:\/\/schema.org\",\"@graph\":[{\"@type\":\"WebPage\",\"@id\":\"https:\/\/ariale.ro\/index.php\/product\/fata-de-perna-50x70cm-margarete-pe-fond-galben-ariale-bumbac\/\",\"url\":\"https:\/\/ariale.ro\/index.php\/product\/fata-de-perna-50x70cm-margarete-pe-fond-galben-ariale-bumbac\/\",\"name\":\"Fata de perna 50x70cm, Margarete pe fond Galben, Ariale, Bumbac - Handmade Constanta\",\"isPartOf\":{\"@id\":\"https:\/\/ariale.ro\/#website\"},\"primaryImageOfPage\":{\"@id\":\"https:\/\/ariale.ro\/index.php\/product\/fata-de-perna-50x70cm-margarete-pe-fond-galben-ariale-bumbac\/#primaryimage\"},\"image\":{\"@id\":\"https:\/\/ariale.ro\/index.php\/product\/fata-de-perna-50x70cm-margarete-pe-fond-galben-ariale-bumbac\/#primaryimage\"},\"thumbnailUrl\":\"https:\/\/ariale.ro\/wp-content\/uploads\/2026\/03\/3.jpg\",\"datePublished\":\"2026-03-03T20:26:04+00:00\",\"dateModified\":\"2026-03-03T20:29:26+00:00\",\"description\":\"Fata de perna 50x70cm, Unicorni, bumbac ranforce 100%\",\"breadcrumb\":{\"@id\":\"https:\/\/ariale.ro\/index.php\/product\/fata-de-perna-50x70cm-margarete-pe-fond-galben-ariale-bumbac\/#breadcrumb\"},\"inLanguage\":\"ro-RO\",\"potentialAction\":[{\"@type\":\"ReadAction\",\"target\":[\"https:\/\/ariale.ro\/index.php\/product\/fata-de-perna-50x70cm-margarete-pe-fond-galben-ariale-bumbac\/\"]}]},{\"@type\":\"ImageObject\",\"inLanguage\":\"ro-RO\",\"@id\":\"https:\/\/ariale.ro\/index.php\/product\/fata-de-perna-50x70cm-margarete-pe-fond-galben-ariale-bumbac\/#primaryimage\",\"url\":\"https:\/\/ariale.ro\/wp-content\/uploads\/2026\/03\/3.jpg\",\"contentUrl\":\"https:\/\/ariale.ro\/wp-content\/uploads\/2026\/03\/3.jpg\",\"width\":800,\"height\":800},{\"@type\":\"BreadcrumbList\",\"@id\":\"https:\/\/ariale.ro\/index.php\/product\/fata-de-perna-50x70cm-margarete-pe-fond-galben-ariale-bumbac\/#breadcrumb\",\"itemListElement\":[{\"@type\":\"ListItem\",\"position\":1,\"name\":\"Prima pagin\u0103\",\"item\":\"https:\/\/ariale.ro\/\"},{\"@type\":\"ListItem\",\"position\":2,\"name\":\"Shop\",\"item\":\"https:\/\/ariale.ro\/index.php\/shop\/\"},{\"@type\":\"ListItem\",\"position\":3,\"name\":\"Fata de perna 50x70cm, Margarete pe fond Galben, Ariale, Bumbac\"}]},{\"@type\":\"WebSite\",\"@id\":\"https:\/\/ariale.ro\/#website\",\"url\":\"https:\/\/ariale.ro\/\",\"name\":\"Handmade Constanta\",\"description\":\"Magazin online cu articole lucrate manual in Romania! Transport rapid! Preturi mici! Livrare din Stoc!\",\"potentialAction\":[{\"@type\":\"SearchAction\",\"target\":{\"@type\":\"EntryPoint\",\"urlTemplate\":\"https:\/\/ariale.ro\/?s={search_term_string}\"},\"query-input\":{\"@type\":\"PropertyValueSpecification\",\"valueRequired\":true,\"valueName\":\"search_term_string\"}}],\"inLanguage\":\"ro-RO\"}]}<\/script>\n<!-- \/ Yoast SEO plugin. -->","yoast_head_json":{"title":"Fata de perna 50x70cm, Margarete pe fond Galben, Ariale, Bumbac - Handmade Constanta","description":"Fata de perna 50x70cm, Unicorni, bumbac ranforce 100%","robots":{"index":"index","follow":"follow","max-snippet":"max-snippet:-1","max-image-preview":"max-image-preview:large","max-video-preview":"max-video-preview:-1"},"canonical":"https:\/\/ariale.ro\/index.php\/product\/fata-de-perna-50x70cm-margarete-pe-fond-galben-ariale-bumbac\/","og_locale":"ro_RO","og_type":"article","og_title":"Fata de perna 50x70cm, Margarete pe fond Galben, Ariale, Bumbac - Handmade Constanta","og_description":"Fata de perna 50x70cm, Unicorni, bumbac ranforce 100%","og_url":"https:\/\/ariale.ro\/index.php\/product\/fata-de-perna-50x70cm-margarete-pe-fond-galben-ariale-bumbac\/","og_site_name":"Handmade Constanta","article_modified_time":"2026-03-03T20:29:26+00:00","og_image":[{"width":800,"height":800,"url":"https:\/\/ariale.ro\/wp-content\/uploads\/2026\/03\/3.jpg","type":"image\/jpeg"}],"twitter_card":"summary_large_image","twitter_misc":{"Timp estimat pentru citire":"2 minute"},"schema":{"@context":"https:\/\/schema.org","@graph":[{"@type":"WebPage","@id":"https:\/\/ariale.ro\/index.php\/product\/fata-de-perna-50x70cm-margarete-pe-fond-galben-ariale-bumbac\/","url":"https:\/\/ariale.ro\/index.php\/product\/fata-de-perna-50x70cm-margarete-pe-fond-galben-ariale-bumbac\/","name":"Fata de perna 50x70cm, Margarete pe fond Galben, Ariale, Bumbac - Handmade Constanta","isPartOf":{"@id":"https:\/\/ariale.ro\/#website"},"primaryImageOfPage":{"@id":"https:\/\/ariale.ro\/index.php\/product\/fata-de-perna-50x70cm-margarete-pe-fond-galben-ariale-bumbac\/#primaryimage"},"image":{"@id":"https:\/\/ariale.ro\/index.php\/product\/fata-de-perna-50x70cm-margarete-pe-fond-galben-ariale-bumbac\/#primaryimage"},"thumbnailUrl":"https:\/\/ariale.ro\/wp-content\/uploads\/2026\/03\/3.jpg","datePublished":"2026-03-03T20:26:04+00:00","dateModified":"2026-03-03T20:29:26+00:00","description":"Fata de perna 50x70cm, Unicorni, bumbac ranforce 100%","breadcrumb":{"@id":"https:\/\/ariale.ro\/index.php\/product\/fata-de-perna-50x70cm-margarete-pe-fond-galben-ariale-bumbac\/#breadcrumb"},"inLanguage":"ro-RO","potentialAction":[{"@type":"ReadAction","target":["https:\/\/ariale.ro\/index.php\/product\/fata-de-perna-50x70cm-margarete-pe-fond-galben-ariale-bumbac\/"]}]},{"@type":"ImageObject","inLanguage":"ro-RO","@id":"https:\/\/ariale.ro\/index.php\/product\/fata-de-perna-50x70cm-margarete-pe-fond-galben-ariale-bumbac\/#primaryimage","url":"https:\/\/ariale.ro\/wp-content\/uploads\/2026\/03\/3.jpg","contentUrl":"https:\/\/ariale.ro\/wp-content\/uploads\/2026\/03\/3.jpg","width":800,"height":800},{"@type":"BreadcrumbList","@id":"https:\/\/ariale.ro\/index.php\/product\/fata-de-perna-50x70cm-margarete-pe-fond-galben-ariale-bumbac\/#breadcrumb","itemListElement":[{"@type":"ListItem","position":1,"name":"Prima pagin\u0103","item":"https:\/\/ariale.ro\/"},{"@type":"ListItem","position":2,"name":"Shop","item":"https:\/\/ariale.ro\/index.php\/shop\/"},{"@type":"ListItem","position":3,"name":"Fata de perna 50x70cm, Margarete pe fond Galben, Ariale, Bumbac"}]},{"@type":"WebSite","@id":"https:\/\/ariale.ro\/#website","url":"https:\/\/ariale.ro\/","name":"Handmade Constanta","description":"Magazin online cu articole lucrate manual in Romania! Transport rapid! Preturi mici! Livrare din Stoc!","potentialAction":[{"@type":"SearchAction","target":{"@type":"EntryPoint","urlTemplate":"https:\/\/ariale.ro\/?s={search_term_string}"},"query-input":{"@type":"PropertyValueSpecification","valueRequired":true,"valueName":"search_term_string"}}],"inLanguage":"ro-RO"}]}},"_links":{"self":[{"href":"https:\/\/ariale.ro\/index.php\/wp-json\/wp\/v2\/product\/12606","targetHints":{"allow":["GET"]}}],"collection":[{"href":"https:\/\/ariale.ro\/index.php\/wp-json\/wp\/v2\/product"}],"about":[{"href":"https:\/\/ariale.ro\/index.php\/wp-json\/wp\/v2\/types\/product"}],"replies":[{"embeddable":true,"href":"https:\/\/ariale.ro\/index.php\/wp-json\/wp\/v2\/comments?post=12606"}],"wp:featuredmedia":[{"embeddable":true,"href":"https:\/\/ariale.ro\/index.php\/wp-json\/wp\/v2\/media\/12609"}],"wp:attachment":[{"href":"https:\/\/ariale.ro\/index.php\/wp-json\/wp\/v2\/media?parent=12606"}],"wp:term":[{"taxonomy":"product_brand","embeddable":true,"href":"https:\/\/ariale.ro\/index.php\/wp-json\/wp\/v2\/product_brand?post=12606"},{"taxonomy":"product_cat","embeddable":true,"href":"https:\/\/ariale.ro\/index.php\/wp-json\/wp\/v2\/product_cat?post=12606"},{"taxonomy":"product_tag","embeddable":true,"href":"https:\/\/ariale.ro\/index.php\/wp-json\/wp\/v2\/product_tag?post=12606"}],"curies":[{"name":"wp","href":"https:\/\/api.w.org\/{rel}","templated":true}]}}