{"id":12524,"date":"2026-02-04T12:34:17","date_gmt":"2026-02-04T12:34:17","guid":{"rendered":"https:\/\/ariale.ro\/?post_type=product&#038;p=12524"},"modified":"2026-02-04T12:52:40","modified_gmt":"2026-02-04T12:52:40","slug":"fata-de-masa-grey-ariale-rotunda-textil-gri","status":"publish","type":"product","link":"https:\/\/ariale.ro\/index.php\/product\/fata-de-masa-grey-ariale-rotunda-textil-gri\/","title":{"rendered":"Fata de masa, Grey Ariale, Rotunda, textil, Gri"},"content":{"rendered":"<p>Fata de masa Ariale, rotunda,\u00a0 reprezint\u0103 ad\u0103ugarea perfect\u0103 pentru a transforma orice mas\u0103 \u00eentr-un spa\u021biu elegant \u0219i plin de stil.<\/p>\n<p>Construit\u0103 cu aten\u021bie la detalii \u0219i calitate, aceast\u0103 fata de masa este fabricat\u0103 dintr-un amestec de 65% bumbac \u0219i 35% poliester, oferind o densitate de 220 gr\/mp. Materialul a fost tratat pentru a rezista p\u0103trunderii lichidelor, asigur\u00e2nd c\u0103 petele pot fi \u0219terse cu u\u0219urin\u021b\u0103. Structura special\u0103 a materialului face ca lichidele s\u0103 p\u0103trund\u0103 cu greutate \u00een \u021bes\u0103tur\u0103, oferindu-v\u0103 suficient timp s\u0103 ac\u021biona\u021bi \u0219i s\u0103 cur\u0103\u021ba\u021bi fata de masa \u00een caz de accidente.<\/p>\n<p>Diferen\u021ba esen\u021bial\u0103 \u00eentre aceast\u0103 fata de masa \u0219i cele tradi\u021bionale const\u0103 \u00een rezisten\u021ba sporit\u0103 la pete. Nu mai trebuie s\u0103 v\u0103 face\u021bi griji c\u0103 orice v\u0103rsa\u021bi va deteriora iremediabil fata de masa. Aceasta poate rezista chiar \u0219i unor lichide notoriu p\u0103t\u0103toare, precum vinul ro\u0219u sau cafeaua, f\u0103r\u0103 a necesita sp\u0103lare imediat\u0103.<\/p>\n<p>Modelul adaug\u0103 un farmec festiv \u0219i elegant, f\u0103r\u0103 a fi prea ostentativ. Se integreaz\u0103 cu u\u0219urin\u021b\u0103 \u00een orice decor, aduc\u00e2nd o not\u0103 de s\u0103rb\u0103toare la evenimente formale sau la mesele obi\u0219nuite cu familia \u0219i prietenii.<\/p>\n<p><strong><span lang=\"EN-US\">Cand alegeti o fata de masa, aveti grija ca dimensiunile ei sa depaseasca fiecare latura a mesei cu cel putin 20-25 cm. Fetele de masa au tiv de 1 cm, materialul este rezistent si usor de curatat, prin urmare va puteti baza pe fata de masa un timp indelungat.<\/span><\/strong><\/p>\n<p><strong><span lang=\"EN-US\">Continut pachet:<\/span><\/strong><\/p>\n<p><strong><span lang=\"EN-US\">-1 fata de masa.<\/span><\/strong><\/p>\n<p><strong><span lang=\"EN-US\">Mod de intretinere:<\/span><\/strong><\/p>\n<p><strong><span lang=\"EN-US\">Se spala in masina de spalat, se calca la o temperatura medie.<\/span><\/strong><\/p>\n<p><strong><span lang=\"EN-US\">Se recomanda folosirea detergentilor de rufe obisnuiti si evitarea inalbitorului. Este de asemenea recomandat ca prima spalare in cazul fetelor de masa colorate sa fie realizata separat.<\/span><\/strong><\/p>\n","protected":false},"excerpt":{"rendered":"<p>Fata de masa Ariale, rotunda,\u00a0 reprezint\u0103 ad\u0103ugarea perfect\u0103 pentru a transforma orice mas\u0103 \u00eentr-un spa\u021biu elegant \u0219i plin de stil, cu un accent de s\u0103rb\u0103toare.<\/p>\n<p>Materialul a fost tratat pentru a rezista p\u0103trunderii lichidelor, asigur\u00e2nd c\u0103 petele pot fi \u0219terse cu u\u0219urin\u021b\u0103. Structura special\u0103 a materialului face ca lichidele s\u0103 p\u0103trund\u0103 cu greutate \u00een \u021bes\u0103tur\u0103, oferindu-v\u0103 suficient timp s\u0103 ac\u021biona\u021bi \u0219i s\u0103 cur\u0103\u021ba\u021bi fata de masa \u00een caz de accidente.<\/p>\n<p>\ud83d\udc49\u00a0<strong data-start=\"1631\" data-end=\"1657\">Pentru alte dimensiuni<\/strong> m\u0103 puteti contactezi prin mesaj. Termenul de livrare pentru produse personalizate este de 5-7 zile lucratoare.<\/p>\n","protected":false},"featured_media":12538,"comment_status":"open","ping_status":"closed","template":"","meta":[],"product_brand":[],"product_cat":[21],"product_tag":[],"class_list":{"0":"post-12524","1":"product","2":"type-product","3":"status-publish","4":"has-post-thumbnail","6":"product_cat-fete-de-masa","8":"first","9":"instock","10":"sale","11":"shipping-taxable","12":"purchasable","13":"product-type-variable"},"yoast_head":"<!-- This site is optimized with the Yoast SEO plugin v27.2 - https:\/\/yoast.com\/product\/yoast-seo-wordpress\/ -->\n<title>Fata de masa, Grey Ariale, Rotunda, textil, Gri - Handmade Constanta<\/title>\n<meta name=\"description\" content=\"Fata de masa Ariale, rotunda, reprezint\u0103 ad\u0103ugarea perfect\u0103 pentru a transforma orice mas\u0103 \u00eentr-un spa\u021biu elegant \u0219i plin de stil, cu un accent de s\u0103rb\u0103toare.\" \/>\n<meta name=\"robots\" content=\"index, follow, max-snippet:-1, max-image-preview:large, max-video-preview:-1\" \/>\n<link rel=\"canonical\" href=\"https:\/\/ariale.ro\/index.php\/product\/fata-de-masa-grey-ariale-rotunda-textil-gri\/\" \/>\n<meta property=\"og:locale\" content=\"ro_RO\" \/>\n<meta property=\"og:type\" content=\"article\" \/>\n<meta property=\"og:title\" content=\"Fata de masa, Grey Ariale, Rotunda, textil, Gri - Handmade Constanta\" \/>\n<meta property=\"og:description\" content=\"Fata de masa Ariale, rotunda, reprezint\u0103 ad\u0103ugarea perfect\u0103 pentru a transforma orice mas\u0103 \u00eentr-un spa\u021biu elegant \u0219i plin de stil, cu un accent de s\u0103rb\u0103toare.\" \/>\n<meta property=\"og:url\" content=\"https:\/\/ariale.ro\/index.php\/product\/fata-de-masa-grey-ariale-rotunda-textil-gri\/\" \/>\n<meta property=\"og:site_name\" content=\"Handmade Constanta\" \/>\n<meta property=\"article:modified_time\" content=\"2026-02-04T12:52:40+00:00\" \/>\n<meta property=\"og:image\" content=\"https:\/\/ariale.ro\/wp-content\/uploads\/2026\/02\/2.jpg\" \/>\n\t<meta property=\"og:image:width\" content=\"800\" \/>\n\t<meta property=\"og:image:height\" content=\"800\" \/>\n\t<meta property=\"og:image:type\" content=\"image\/jpeg\" \/>\n<meta name=\"twitter:card\" content=\"summary_large_image\" \/>\n<meta name=\"twitter:label1\" content=\"Timp estimat pentru citire\" \/>\n\t<meta name=\"twitter:data1\" content=\"2 minute\" \/>\n<script type=\"application\/ld+json\" class=\"yoast-schema-graph\">{\"@context\":\"https:\/\/schema.org\",\"@graph\":[{\"@type\":\"WebPage\",\"@id\":\"https:\/\/ariale.ro\/index.php\/product\/fata-de-masa-grey-ariale-rotunda-textil-gri\/\",\"url\":\"https:\/\/ariale.ro\/index.php\/product\/fata-de-masa-grey-ariale-rotunda-textil-gri\/\",\"name\":\"Fata de masa, Grey Ariale, Rotunda, textil, Gri - Handmade Constanta\",\"isPartOf\":{\"@id\":\"https:\/\/ariale.ro\/#website\"},\"primaryImageOfPage\":{\"@id\":\"https:\/\/ariale.ro\/index.php\/product\/fata-de-masa-grey-ariale-rotunda-textil-gri\/#primaryimage\"},\"image\":{\"@id\":\"https:\/\/ariale.ro\/index.php\/product\/fata-de-masa-grey-ariale-rotunda-textil-gri\/#primaryimage\"},\"thumbnailUrl\":\"https:\/\/ariale.ro\/wp-content\/uploads\/2026\/02\/2.jpg\",\"datePublished\":\"2026-02-04T12:34:17+00:00\",\"dateModified\":\"2026-02-04T12:52:40+00:00\",\"description\":\"Fata de masa Ariale, rotunda, reprezint\u0103 ad\u0103ugarea perfect\u0103 pentru a transforma orice mas\u0103 \u00eentr-un spa\u021biu elegant \u0219i plin de stil, cu un accent de s\u0103rb\u0103toare.\",\"breadcrumb\":{\"@id\":\"https:\/\/ariale.ro\/index.php\/product\/fata-de-masa-grey-ariale-rotunda-textil-gri\/#breadcrumb\"},\"inLanguage\":\"ro-RO\",\"potentialAction\":[{\"@type\":\"ReadAction\",\"target\":[\"https:\/\/ariale.ro\/index.php\/product\/fata-de-masa-grey-ariale-rotunda-textil-gri\/\"]}]},{\"@type\":\"ImageObject\",\"inLanguage\":\"ro-RO\",\"@id\":\"https:\/\/ariale.ro\/index.php\/product\/fata-de-masa-grey-ariale-rotunda-textil-gri\/#primaryimage\",\"url\":\"https:\/\/ariale.ro\/wp-content\/uploads\/2026\/02\/2.jpg\",\"contentUrl\":\"https:\/\/ariale.ro\/wp-content\/uploads\/2026\/02\/2.jpg\",\"width\":800,\"height\":800},{\"@type\":\"BreadcrumbList\",\"@id\":\"https:\/\/ariale.ro\/index.php\/product\/fata-de-masa-grey-ariale-rotunda-textil-gri\/#breadcrumb\",\"itemListElement\":[{\"@type\":\"ListItem\",\"position\":1,\"name\":\"Prima pagin\u0103\",\"item\":\"https:\/\/ariale.ro\/\"},{\"@type\":\"ListItem\",\"position\":2,\"name\":\"Shop\",\"item\":\"https:\/\/ariale.ro\/index.php\/shop\/\"},{\"@type\":\"ListItem\",\"position\":3,\"name\":\"Fata de masa, Grey Ariale, Rotunda, textil, Gri\"}]},{\"@type\":\"WebSite\",\"@id\":\"https:\/\/ariale.ro\/#website\",\"url\":\"https:\/\/ariale.ro\/\",\"name\":\"Handmade Constanta\",\"description\":\"Magazin online cu articole lucrate manual in Romania! Transport rapid! Preturi mici! Livrare din Stoc!\",\"potentialAction\":[{\"@type\":\"SearchAction\",\"target\":{\"@type\":\"EntryPoint\",\"urlTemplate\":\"https:\/\/ariale.ro\/?s={search_term_string}\"},\"query-input\":{\"@type\":\"PropertyValueSpecification\",\"valueRequired\":true,\"valueName\":\"search_term_string\"}}],\"inLanguage\":\"ro-RO\"}]}<\/script>\n<!-- \/ Yoast SEO plugin. -->","yoast_head_json":{"title":"Fata de masa, Grey Ariale, Rotunda, textil, Gri - Handmade Constanta","description":"Fata de masa Ariale, rotunda, reprezint\u0103 ad\u0103ugarea perfect\u0103 pentru a transforma orice mas\u0103 \u00eentr-un spa\u021biu elegant \u0219i plin de stil, cu un accent de s\u0103rb\u0103toare.","robots":{"index":"index","follow":"follow","max-snippet":"max-snippet:-1","max-image-preview":"max-image-preview:large","max-video-preview":"max-video-preview:-1"},"canonical":"https:\/\/ariale.ro\/index.php\/product\/fata-de-masa-grey-ariale-rotunda-textil-gri\/","og_locale":"ro_RO","og_type":"article","og_title":"Fata de masa, Grey Ariale, Rotunda, textil, Gri - Handmade Constanta","og_description":"Fata de masa Ariale, rotunda, reprezint\u0103 ad\u0103ugarea perfect\u0103 pentru a transforma orice mas\u0103 \u00eentr-un spa\u021biu elegant \u0219i plin de stil, cu un accent de s\u0103rb\u0103toare.","og_url":"https:\/\/ariale.ro\/index.php\/product\/fata-de-masa-grey-ariale-rotunda-textil-gri\/","og_site_name":"Handmade Constanta","article_modified_time":"2026-02-04T12:52:40+00:00","og_image":[{"width":800,"height":800,"url":"https:\/\/ariale.ro\/wp-content\/uploads\/2026\/02\/2.jpg","type":"image\/jpeg"}],"twitter_card":"summary_large_image","twitter_misc":{"Timp estimat pentru citire":"2 minute"},"schema":{"@context":"https:\/\/schema.org","@graph":[{"@type":"WebPage","@id":"https:\/\/ariale.ro\/index.php\/product\/fata-de-masa-grey-ariale-rotunda-textil-gri\/","url":"https:\/\/ariale.ro\/index.php\/product\/fata-de-masa-grey-ariale-rotunda-textil-gri\/","name":"Fata de masa, Grey Ariale, Rotunda, textil, Gri - Handmade Constanta","isPartOf":{"@id":"https:\/\/ariale.ro\/#website"},"primaryImageOfPage":{"@id":"https:\/\/ariale.ro\/index.php\/product\/fata-de-masa-grey-ariale-rotunda-textil-gri\/#primaryimage"},"image":{"@id":"https:\/\/ariale.ro\/index.php\/product\/fata-de-masa-grey-ariale-rotunda-textil-gri\/#primaryimage"},"thumbnailUrl":"https:\/\/ariale.ro\/wp-content\/uploads\/2026\/02\/2.jpg","datePublished":"2026-02-04T12:34:17+00:00","dateModified":"2026-02-04T12:52:40+00:00","description":"Fata de masa Ariale, rotunda, reprezint\u0103 ad\u0103ugarea perfect\u0103 pentru a transforma orice mas\u0103 \u00eentr-un spa\u021biu elegant \u0219i plin de stil, cu un accent de s\u0103rb\u0103toare.","breadcrumb":{"@id":"https:\/\/ariale.ro\/index.php\/product\/fata-de-masa-grey-ariale-rotunda-textil-gri\/#breadcrumb"},"inLanguage":"ro-RO","potentialAction":[{"@type":"ReadAction","target":["https:\/\/ariale.ro\/index.php\/product\/fata-de-masa-grey-ariale-rotunda-textil-gri\/"]}]},{"@type":"ImageObject","inLanguage":"ro-RO","@id":"https:\/\/ariale.ro\/index.php\/product\/fata-de-masa-grey-ariale-rotunda-textil-gri\/#primaryimage","url":"https:\/\/ariale.ro\/wp-content\/uploads\/2026\/02\/2.jpg","contentUrl":"https:\/\/ariale.ro\/wp-content\/uploads\/2026\/02\/2.jpg","width":800,"height":800},{"@type":"BreadcrumbList","@id":"https:\/\/ariale.ro\/index.php\/product\/fata-de-masa-grey-ariale-rotunda-textil-gri\/#breadcrumb","itemListElement":[{"@type":"ListItem","position":1,"name":"Prima pagin\u0103","item":"https:\/\/ariale.ro\/"},{"@type":"ListItem","position":2,"name":"Shop","item":"https:\/\/ariale.ro\/index.php\/shop\/"},{"@type":"ListItem","position":3,"name":"Fata de masa, Grey Ariale, Rotunda, textil, Gri"}]},{"@type":"WebSite","@id":"https:\/\/ariale.ro\/#website","url":"https:\/\/ariale.ro\/","name":"Handmade Constanta","description":"Magazin online cu articole lucrate manual in Romania! Transport rapid! Preturi mici! Livrare din Stoc!","potentialAction":[{"@type":"SearchAction","target":{"@type":"EntryPoint","urlTemplate":"https:\/\/ariale.ro\/?s={search_term_string}"},"query-input":{"@type":"PropertyValueSpecification","valueRequired":true,"valueName":"search_term_string"}}],"inLanguage":"ro-RO"}]}},"_links":{"self":[{"href":"https:\/\/ariale.ro\/index.php\/wp-json\/wp\/v2\/product\/12524","targetHints":{"allow":["GET"]}}],"collection":[{"href":"https:\/\/ariale.ro\/index.php\/wp-json\/wp\/v2\/product"}],"about":[{"href":"https:\/\/ariale.ro\/index.php\/wp-json\/wp\/v2\/types\/product"}],"replies":[{"embeddable":true,"href":"https:\/\/ariale.ro\/index.php\/wp-json\/wp\/v2\/comments?post=12524"}],"wp:featuredmedia":[{"embeddable":true,"href":"https:\/\/ariale.ro\/index.php\/wp-json\/wp\/v2\/media\/12538"}],"wp:attachment":[{"href":"https:\/\/ariale.ro\/index.php\/wp-json\/wp\/v2\/media?parent=12524"}],"wp:term":[{"taxonomy":"product_brand","embeddable":true,"href":"https:\/\/ariale.ro\/index.php\/wp-json\/wp\/v2\/product_brand?post=12524"},{"taxonomy":"product_cat","embeddable":true,"href":"https:\/\/ariale.ro\/index.php\/wp-json\/wp\/v2\/product_cat?post=12524"},{"taxonomy":"product_tag","embeddable":true,"href":"https:\/\/ariale.ro\/index.php\/wp-json\/wp\/v2\/product_tag?post=12524"}],"curies":[{"name":"wp","href":"https:\/\/api.w.org\/{rel}","templated":true}]}}