{"id":12379,"date":"2026-01-13T12:30:28","date_gmt":"2026-01-13T12:30:28","guid":{"rendered":"https:\/\/ariale.ro\/?post_type=product&#038;p=12379"},"modified":"2026-01-13T12:35:13","modified_gmt":"2026-01-13T12:35:13","slug":"cearceaf-de-pat-cu-elastic-inimi-rosii-ariale-bumbac","status":"publish","type":"product","link":"https:\/\/ariale.ro\/index.php\/product\/cearceaf-de-pat-cu-elastic-inimi-rosii-ariale-bumbac\/","title":{"rendered":"Cearceaf de pat cu elastic Inimi Rosii Ariale, Bumbac"},"content":{"rendered":"<p data-start=\"177\" data-end=\"415\">Descoper\u0103 confortul absolut cu cearceaful cu elastic , realizat cu grij\u0103 \u00een atelierul ARIALE. Simplitatea nuan\u021belor se \u00eembin\u0103 armonios cu fine\u021bea bumbacului 100%, pentru un somn odihnitor \u0219i un pat mereu impecabil.<\/p>\n<p data-start=\"417\" data-end=\"450\">\ud83c\udf3f <strong data-start=\"420\" data-end=\"448\">Avantajele materialului:<\/strong><\/p>\n<ul data-start=\"451\" data-end=\"631\">\n<li data-start=\"451\" data-end=\"503\">\n<p data-start=\"453\" data-end=\"503\">Bumbac 100% premium \u2013 moale \u0219i delicat cu pielea<\/p>\n<\/li>\n<li data-start=\"504\" data-end=\"568\">\n<p data-start=\"506\" data-end=\"568\">Respirabil \u0219i pl\u0103cut la atingere, ideal pentru orice anotimp<\/p>\n<\/li>\n<li data-start=\"569\" data-end=\"631\">\n<p data-start=\"571\" data-end=\"631\">Rezistent la sp\u0103l\u0103ri repetate, f\u0103r\u0103 a-\u0219i pierde frumuse\u021bea<\/p>\n<\/li>\n<\/ul>\n<p data-start=\"633\" data-end=\"665\">\u2728 <strong data-start=\"635\" data-end=\"663\">Beneficiile elasticului:<\/strong><\/p>\n<ul data-start=\"666\" data-end=\"818\">\n<li data-start=\"666\" data-end=\"731\">\n<p data-start=\"668\" data-end=\"731\">Se fixeaz\u0103 perfect pe saltea, elimin\u00e2nd cutele \u0219i deplas\u0103rile<\/p>\n<\/li>\n<li data-start=\"732\" data-end=\"761\">\n<p data-start=\"734\" data-end=\"761\">U\u0219or de a\u0219ezat \u0219i de scos<\/p>\n<\/li>\n<li data-start=\"762\" data-end=\"818\">\n<p data-start=\"764\" data-end=\"818\">Ofer\u0103 patului un aspect ordonat \u0219i elegant, zi de zi<\/p>\n<\/li>\n<\/ul>\n<p data-start=\"820\" data-end=\"1004\">\ud83e\udea1 La <strong data-start=\"826\" data-end=\"836\">ARIALE<\/strong>, fiecare cearceaf este realizat cu aten\u021bie la detalii \u0219i poate fi comandat at\u00e2t pe dimensiuni standard, c\u00e2t \u0219i personalizat, pentru a se potrivi perfect patului t\u0103u.<\/p>\n<p><strong>DETALII PRODUS<\/strong><\/p>\n<ul>\n<li>Setul contine 1 piesa:- 1 cearsaf de pat cu elastic (de jur-imprejur) recomandat pentru saltea cu inaltimea de\u00a0 maxim 20 cm.<\/li>\n<\/ul>\n<p>Mod ambalare: punga pvc.<\/p>\n<p><strong>INSTRUCTIUNI<\/strong><\/p>\n<p>Temperatura maxima de spalare 40\u00b0C, actiune mecanica normala, clatire normala, centrifugare normala. Clorinare interzisa. Culorile inchise se recomanda a fi spalate separat.<\/p>\n<p>Orice alte dimensiuni sunt posibile la comanda. O comanda dureaza intre 3 si 7 zile. Livrarea se face prin curier, oriunde in tara!<\/p>\n","protected":false},"excerpt":{"rendered":"<p>Descoper\u0103 confortul absolut cu cearceaful cu elastic <strong data-start=\"230\" data-end=\"250\">\u201eInimi Rosii\u201d<\/strong>, realizat cu grij\u0103 \u00een atelierul ARIALE. Simplitatea nuan\u021belor se \u00eembin\u0103 armonios cu fine\u021bea bumbacului 100%, pentru un somn odihnitor \u0219i un pat mereu impecabil.<\/p>\n<p><strong>DETALII PRODUS<\/strong><\/p>\n<ul>\n<li>Setul contine 1 piesa:- 1 cearsaf de pat cu elastic (de jur-imprejur) recomandat pentru saltea cu inaltimea de\u00a0 maxim 20 cm.<\/li>\n<\/ul>\n<p>\ud83d\udc49 Se pot realiza \u0219i <strong data-start=\"3980\" data-end=\"4009\">alte dimensiuni la cerere<\/strong>, prin mesaj.<\/p>\n","protected":false},"featured_media":12363,"comment_status":"open","ping_status":"closed","template":"","meta":[],"product_brand":[],"product_cat":[29],"product_tag":[215,216],"class_list":{"0":"post-12379","1":"product","2":"type-product","3":"status-publish","4":"has-post-thumbnail","6":"product_cat-seturi-fete-perna","7":"product_tag-hot","8":"product_tag-new","10":"first","11":"instock","12":"sale","13":"featured","14":"shipping-taxable","15":"purchasable","16":"product-type-variable"},"yoast_head":"<!-- This site is optimized with the Yoast SEO plugin v27.2 - https:\/\/yoast.com\/product\/yoast-seo-wordpress\/ -->\n<title>Cearceaf de pat cu elastic Inimi Rosii Ariale, Bumbac - Handmade Constanta<\/title>\n<meta name=\"description\" content=\"Descoper\u0103 confortul absolut cu cearceaful cu elastic Inimi Rosii, bumbac 100%, pentru un somn odihnitor \u0219i un pat mereu impecabil.\" \/>\n<meta name=\"robots\" content=\"index, follow, max-snippet:-1, max-image-preview:large, max-video-preview:-1\" \/>\n<link rel=\"canonical\" href=\"https:\/\/ariale.ro\/index.php\/product\/cearceaf-de-pat-cu-elastic-inimi-rosii-ariale-bumbac\/\" \/>\n<meta property=\"og:locale\" content=\"ro_RO\" \/>\n<meta property=\"og:type\" content=\"article\" \/>\n<meta property=\"og:title\" content=\"Cearceaf de pat cu elastic Inimi Rosii Ariale, Bumbac - Handmade Constanta\" \/>\n<meta property=\"og:description\" content=\"Descoper\u0103 confortul absolut cu cearceaful cu elastic Inimi Rosii, bumbac 100%, pentru un somn odihnitor \u0219i un pat mereu impecabil.\" \/>\n<meta property=\"og:url\" content=\"https:\/\/ariale.ro\/index.php\/product\/cearceaf-de-pat-cu-elastic-inimi-rosii-ariale-bumbac\/\" \/>\n<meta property=\"og:site_name\" content=\"Handmade Constanta\" \/>\n<meta property=\"article:modified_time\" content=\"2026-01-13T12:35:13+00:00\" \/>\n<meta property=\"og:image\" content=\"https:\/\/ariale.ro\/wp-content\/uploads\/2026\/01\/2-4.jpg\" \/>\n\t<meta property=\"og:image:width\" content=\"1000\" \/>\n\t<meta property=\"og:image:height\" content=\"1000\" \/>\n\t<meta property=\"og:image:type\" content=\"image\/jpeg\" \/>\n<meta name=\"twitter:card\" content=\"summary_large_image\" \/>\n<meta name=\"twitter:label1\" content=\"Timp estimat pentru citire\" \/>\n\t<meta name=\"twitter:data1\" content=\"2 minute\" \/>\n<script type=\"application\/ld+json\" class=\"yoast-schema-graph\">{\"@context\":\"https:\/\/schema.org\",\"@graph\":[{\"@type\":\"WebPage\",\"@id\":\"https:\/\/ariale.ro\/index.php\/product\/cearceaf-de-pat-cu-elastic-inimi-rosii-ariale-bumbac\/\",\"url\":\"https:\/\/ariale.ro\/index.php\/product\/cearceaf-de-pat-cu-elastic-inimi-rosii-ariale-bumbac\/\",\"name\":\"Cearceaf de pat cu elastic Inimi Rosii Ariale, Bumbac - Handmade Constanta\",\"isPartOf\":{\"@id\":\"https:\/\/ariale.ro\/#website\"},\"primaryImageOfPage\":{\"@id\":\"https:\/\/ariale.ro\/index.php\/product\/cearceaf-de-pat-cu-elastic-inimi-rosii-ariale-bumbac\/#primaryimage\"},\"image\":{\"@id\":\"https:\/\/ariale.ro\/index.php\/product\/cearceaf-de-pat-cu-elastic-inimi-rosii-ariale-bumbac\/#primaryimage\"},\"thumbnailUrl\":\"https:\/\/ariale.ro\/wp-content\/uploads\/2026\/01\/2-4.jpg\",\"datePublished\":\"2026-01-13T12:30:28+00:00\",\"dateModified\":\"2026-01-13T12:35:13+00:00\",\"description\":\"Descoper\u0103 confortul absolut cu cearceaful cu elastic Inimi Rosii, bumbac 100%, pentru un somn odihnitor \u0219i un pat mereu impecabil.\",\"breadcrumb\":{\"@id\":\"https:\/\/ariale.ro\/index.php\/product\/cearceaf-de-pat-cu-elastic-inimi-rosii-ariale-bumbac\/#breadcrumb\"},\"inLanguage\":\"ro-RO\",\"potentialAction\":[{\"@type\":\"ReadAction\",\"target\":[\"https:\/\/ariale.ro\/index.php\/product\/cearceaf-de-pat-cu-elastic-inimi-rosii-ariale-bumbac\/\"]}]},{\"@type\":\"ImageObject\",\"inLanguage\":\"ro-RO\",\"@id\":\"https:\/\/ariale.ro\/index.php\/product\/cearceaf-de-pat-cu-elastic-inimi-rosii-ariale-bumbac\/#primaryimage\",\"url\":\"https:\/\/ariale.ro\/wp-content\/uploads\/2026\/01\/2-4.jpg\",\"contentUrl\":\"https:\/\/ariale.ro\/wp-content\/uploads\/2026\/01\/2-4.jpg\",\"width\":1000,\"height\":1000},{\"@type\":\"BreadcrumbList\",\"@id\":\"https:\/\/ariale.ro\/index.php\/product\/cearceaf-de-pat-cu-elastic-inimi-rosii-ariale-bumbac\/#breadcrumb\",\"itemListElement\":[{\"@type\":\"ListItem\",\"position\":1,\"name\":\"Prima pagin\u0103\",\"item\":\"https:\/\/ariale.ro\/\"},{\"@type\":\"ListItem\",\"position\":2,\"name\":\"Shop\",\"item\":\"https:\/\/ariale.ro\/index.php\/shop\/\"},{\"@type\":\"ListItem\",\"position\":3,\"name\":\"Cearceaf de pat cu elastic Inimi Rosii Ariale, Bumbac\"}]},{\"@type\":\"WebSite\",\"@id\":\"https:\/\/ariale.ro\/#website\",\"url\":\"https:\/\/ariale.ro\/\",\"name\":\"Handmade Constanta\",\"description\":\"Magazin online cu articole lucrate manual in Romania! Transport rapid! Preturi mici! Livrare din Stoc!\",\"potentialAction\":[{\"@type\":\"SearchAction\",\"target\":{\"@type\":\"EntryPoint\",\"urlTemplate\":\"https:\/\/ariale.ro\/?s={search_term_string}\"},\"query-input\":{\"@type\":\"PropertyValueSpecification\",\"valueRequired\":true,\"valueName\":\"search_term_string\"}}],\"inLanguage\":\"ro-RO\"}]}<\/script>\n<!-- \/ Yoast SEO plugin. -->","yoast_head_json":{"title":"Cearceaf de pat cu elastic Inimi Rosii Ariale, Bumbac - Handmade Constanta","description":"Descoper\u0103 confortul absolut cu cearceaful cu elastic Inimi Rosii, bumbac 100%, pentru un somn odihnitor \u0219i un pat mereu impecabil.","robots":{"index":"index","follow":"follow","max-snippet":"max-snippet:-1","max-image-preview":"max-image-preview:large","max-video-preview":"max-video-preview:-1"},"canonical":"https:\/\/ariale.ro\/index.php\/product\/cearceaf-de-pat-cu-elastic-inimi-rosii-ariale-bumbac\/","og_locale":"ro_RO","og_type":"article","og_title":"Cearceaf de pat cu elastic Inimi Rosii Ariale, Bumbac - Handmade Constanta","og_description":"Descoper\u0103 confortul absolut cu cearceaful cu elastic Inimi Rosii, bumbac 100%, pentru un somn odihnitor \u0219i un pat mereu impecabil.","og_url":"https:\/\/ariale.ro\/index.php\/product\/cearceaf-de-pat-cu-elastic-inimi-rosii-ariale-bumbac\/","og_site_name":"Handmade Constanta","article_modified_time":"2026-01-13T12:35:13+00:00","og_image":[{"width":1000,"height":1000,"url":"https:\/\/ariale.ro\/wp-content\/uploads\/2026\/01\/2-4.jpg","type":"image\/jpeg"}],"twitter_card":"summary_large_image","twitter_misc":{"Timp estimat pentru citire":"2 minute"},"schema":{"@context":"https:\/\/schema.org","@graph":[{"@type":"WebPage","@id":"https:\/\/ariale.ro\/index.php\/product\/cearceaf-de-pat-cu-elastic-inimi-rosii-ariale-bumbac\/","url":"https:\/\/ariale.ro\/index.php\/product\/cearceaf-de-pat-cu-elastic-inimi-rosii-ariale-bumbac\/","name":"Cearceaf de pat cu elastic Inimi Rosii Ariale, Bumbac - Handmade Constanta","isPartOf":{"@id":"https:\/\/ariale.ro\/#website"},"primaryImageOfPage":{"@id":"https:\/\/ariale.ro\/index.php\/product\/cearceaf-de-pat-cu-elastic-inimi-rosii-ariale-bumbac\/#primaryimage"},"image":{"@id":"https:\/\/ariale.ro\/index.php\/product\/cearceaf-de-pat-cu-elastic-inimi-rosii-ariale-bumbac\/#primaryimage"},"thumbnailUrl":"https:\/\/ariale.ro\/wp-content\/uploads\/2026\/01\/2-4.jpg","datePublished":"2026-01-13T12:30:28+00:00","dateModified":"2026-01-13T12:35:13+00:00","description":"Descoper\u0103 confortul absolut cu cearceaful cu elastic Inimi Rosii, bumbac 100%, pentru un somn odihnitor \u0219i un pat mereu impecabil.","breadcrumb":{"@id":"https:\/\/ariale.ro\/index.php\/product\/cearceaf-de-pat-cu-elastic-inimi-rosii-ariale-bumbac\/#breadcrumb"},"inLanguage":"ro-RO","potentialAction":[{"@type":"ReadAction","target":["https:\/\/ariale.ro\/index.php\/product\/cearceaf-de-pat-cu-elastic-inimi-rosii-ariale-bumbac\/"]}]},{"@type":"ImageObject","inLanguage":"ro-RO","@id":"https:\/\/ariale.ro\/index.php\/product\/cearceaf-de-pat-cu-elastic-inimi-rosii-ariale-bumbac\/#primaryimage","url":"https:\/\/ariale.ro\/wp-content\/uploads\/2026\/01\/2-4.jpg","contentUrl":"https:\/\/ariale.ro\/wp-content\/uploads\/2026\/01\/2-4.jpg","width":1000,"height":1000},{"@type":"BreadcrumbList","@id":"https:\/\/ariale.ro\/index.php\/product\/cearceaf-de-pat-cu-elastic-inimi-rosii-ariale-bumbac\/#breadcrumb","itemListElement":[{"@type":"ListItem","position":1,"name":"Prima pagin\u0103","item":"https:\/\/ariale.ro\/"},{"@type":"ListItem","position":2,"name":"Shop","item":"https:\/\/ariale.ro\/index.php\/shop\/"},{"@type":"ListItem","position":3,"name":"Cearceaf de pat cu elastic Inimi Rosii Ariale, Bumbac"}]},{"@type":"WebSite","@id":"https:\/\/ariale.ro\/#website","url":"https:\/\/ariale.ro\/","name":"Handmade Constanta","description":"Magazin online cu articole lucrate manual in Romania! Transport rapid! Preturi mici! Livrare din Stoc!","potentialAction":[{"@type":"SearchAction","target":{"@type":"EntryPoint","urlTemplate":"https:\/\/ariale.ro\/?s={search_term_string}"},"query-input":{"@type":"PropertyValueSpecification","valueRequired":true,"valueName":"search_term_string"}}],"inLanguage":"ro-RO"}]}},"_links":{"self":[{"href":"https:\/\/ariale.ro\/index.php\/wp-json\/wp\/v2\/product\/12379","targetHints":{"allow":["GET"]}}],"collection":[{"href":"https:\/\/ariale.ro\/index.php\/wp-json\/wp\/v2\/product"}],"about":[{"href":"https:\/\/ariale.ro\/index.php\/wp-json\/wp\/v2\/types\/product"}],"replies":[{"embeddable":true,"href":"https:\/\/ariale.ro\/index.php\/wp-json\/wp\/v2\/comments?post=12379"}],"wp:featuredmedia":[{"embeddable":true,"href":"https:\/\/ariale.ro\/index.php\/wp-json\/wp\/v2\/media\/12363"}],"wp:attachment":[{"href":"https:\/\/ariale.ro\/index.php\/wp-json\/wp\/v2\/media?parent=12379"}],"wp:term":[{"taxonomy":"product_brand","embeddable":true,"href":"https:\/\/ariale.ro\/index.php\/wp-json\/wp\/v2\/product_brand?post=12379"},{"taxonomy":"product_cat","embeddable":true,"href":"https:\/\/ariale.ro\/index.php\/wp-json\/wp\/v2\/product_cat?post=12379"},{"taxonomy":"product_tag","embeddable":true,"href":"https:\/\/ariale.ro\/index.php\/wp-json\/wp\/v2\/product_tag?post=12379"}],"curies":[{"name":"wp","href":"https:\/\/api.w.org\/{rel}","templated":true}]}}