{"id":12146,"date":"2025-11-20T08:25:11","date_gmt":"2025-11-20T08:25:11","guid":{"rendered":"https:\/\/ariale.ro\/?post_type=product&#038;p=12146"},"modified":"2025-11-25T07:29:38","modified_gmt":"2025-11-25T07:29:38","slug":"set-2-fete-de-perna-stelute-gri-ariale-bumbac-40x40cm","status":"publish","type":"product","link":"https:\/\/ariale.ro\/index.php\/product\/set-2-fete-de-perna-stelute-gri-ariale-bumbac-40x40cm\/","title":{"rendered":"Set 2 fete de perna Stelute Gri Ariale, bumbac, 40x40cm"},"content":{"rendered":"<p data-start=\"469\" data-end=\"795\">Transform\u0103-\u021bi dormitorul \u00eentr-un col\u021b de natur\u0103 \u0219i rafinament cu acest <strong data-start=\"540\" data-end=\"623\">set de 2 fete de perna din bumbac.<\/strong><br data-start=\"624\" data-end=\"627\" \/>Realizat din <strong data-start=\"640\" data-end=\"663\">100% bumbac natural<\/strong>, setul ofer\u0103 un <strong data-start=\"680\" data-end=\"708\">somn pl\u0103cut \u0219i odihnitor<\/strong>, iar textura moale \u0219i respirabil\u0103 a materialului \u00ee\u021bi asigur\u0103 confort \u00een orice sezon.<\/p>\n<hr data-start=\"1098\" data-end=\"1101\" \/>\n<h3 data-start=\"1103\" data-end=\"1153\">\ud83c\udf38 <strong data-start=\"1110\" data-end=\"1153\">Avantajele setului din bumbac ranforce:<\/strong><\/h3>\n<ul data-start=\"1154\" data-end=\"1542\">\n<li data-start=\"1154\" data-end=\"1235\">\n<p data-start=\"1156\" data-end=\"1235\">\ud83c\udf3f <strong data-start=\"1159\" data-end=\"1191\">100% bumbac ranforce natural<\/strong> \u2013 moale, respirabil \u0219i pl\u0103cut la atingere<\/p>\n<\/li>\n<li data-start=\"1321\" data-end=\"1388\">\n<p data-start=\"1323\" data-end=\"1388\">\ud83d\udca7 <strong data-start=\"1326\" data-end=\"1348\">Rezisten\u021b\u0103 \u00een timp<\/strong> \u2013 nu se decoloreaz\u0103, nu se sc\u0103mo\u0219eaz\u0103<\/p>\n<\/li>\n<li data-start=\"1389\" data-end=\"1461\">\n<p data-start=\"1391\" data-end=\"1461\">\ud83e\uddf5 <strong data-start=\"1394\" data-end=\"1424\">\u021aes\u0103tur\u0103 dens\u0103 \u0219i durabil\u0103<\/strong> \u2013 confort sporit \u0219i aspect elegant<\/p>\n<\/li>\n<li data-start=\"1462\" data-end=\"1542\">\n<p data-start=\"1464\" data-end=\"1542\">\u2600\ufe0f <strong data-start=\"1467\" data-end=\"1505\">Potrivit pentru toate anotimpurile<\/strong> \u2013 men\u021bine prospe\u021bimea \u0219i confortul<\/p>\n<\/li>\n<\/ul>\n<hr data-start=\"1544\" data-end=\"1547\" \/>\n<h3 data-start=\"1549\" data-end=\"1579\">\ud83d\udce6 <strong data-start=\"1556\" data-end=\"1579\">Con\u021binutul setului:<\/strong><\/h3>\n<ul data-start=\"1580\" data-end=\"1655\">\n<li data-start=\"1620\" data-end=\"1655\">\n<p data-start=\"1622\" data-end=\"1655\">2 fe\u021be de pern\u0103 40x40cm<\/p>\n<\/li>\n<\/ul>\n<p data-start=\"1657\" data-end=\"1752\">\n","protected":false},"excerpt":{"rendered":"<p>Realizat din <strong data-start=\"640\" data-end=\"663\">100% bumbac natural<\/strong>, setul ofer\u0103 un <strong data-start=\"680\" data-end=\"708\">somn pl\u0103cut \u0219i odihnitor<\/strong>, iar textura moale \u0219i respirabil\u0103 a materialului \u00ee\u021bi asigur\u0103 confort \u00een orice sezon<\/p>\n<h3 data-start=\"1549\" data-end=\"1579\">\ud83d\udce6 <strong data-start=\"1556\" data-end=\"1579\">Con\u021binutul setului:<\/strong><\/h3>\n<ul data-start=\"1580\" data-end=\"1655\">\n<li data-start=\"1620\" data-end=\"1655\">\n<p data-start=\"1622\" data-end=\"1655\">2 fe\u021be de pern\u0103: 4<strong data-start=\"1639\" data-end=\"1653\">0 x 40 cm<\/strong><\/p>\n<\/li>\n<\/ul>\n<p data-start=\"1793\" data-end=\"2005\">\n","protected":false},"featured_media":12143,"comment_status":"open","ping_status":"closed","template":"","meta":[],"product_brand":[],"product_cat":[180],"product_tag":[],"class_list":{"0":"post-12146","1":"product","2":"type-product","3":"status-publish","4":"has-post-thumbnail","6":"product_cat-craciun","8":"first","9":"instock","10":"sale","11":"shipping-taxable","12":"purchasable","13":"product-type-simple"},"yoast_head":"<!-- This site is optimized with the Yoast SEO plugin v27.2 - https:\/\/yoast.com\/product\/yoast-seo-wordpress\/ -->\n<title>Set 2 fete de perna Stelute Gri Ariale, bumbac, 40x40cm - Handmade Constanta<\/title>\n<meta name=\"description\" content=\"Realizat din 100% bumbac natural, setul ofer\u0103 un somn pl\u0103cut \u0219i odihnitor, iar textura moale \u0219i respirabil\u0103 a materialului \u00ee\u021bi asigur\u0103 confort \u00een orice sezon\" \/>\n<meta name=\"robots\" content=\"index, follow, max-snippet:-1, max-image-preview:large, max-video-preview:-1\" \/>\n<link rel=\"canonical\" href=\"https:\/\/ariale.ro\/index.php\/product\/set-2-fete-de-perna-stelute-gri-ariale-bumbac-40x40cm\/\" \/>\n<meta property=\"og:locale\" content=\"ro_RO\" \/>\n<meta property=\"og:type\" content=\"article\" \/>\n<meta property=\"og:title\" content=\"Set 2 fete de perna Stelute Gri Ariale, bumbac, 40x40cm - Handmade Constanta\" \/>\n<meta property=\"og:description\" content=\"Realizat din 100% bumbac natural, setul ofer\u0103 un somn pl\u0103cut \u0219i odihnitor, iar textura moale \u0219i respirabil\u0103 a materialului \u00ee\u021bi asigur\u0103 confort \u00een orice sezon\" \/>\n<meta property=\"og:url\" content=\"https:\/\/ariale.ro\/index.php\/product\/set-2-fete-de-perna-stelute-gri-ariale-bumbac-40x40cm\/\" \/>\n<meta property=\"og:site_name\" content=\"Handmade Constanta\" \/>\n<meta property=\"article:modified_time\" content=\"2025-11-25T07:29:38+00:00\" \/>\n<meta property=\"og:image\" content=\"https:\/\/ariale.ro\/wp-content\/uploads\/2025\/11\/6-3.jpg\" \/>\n\t<meta property=\"og:image:width\" content=\"800\" \/>\n\t<meta property=\"og:image:height\" content=\"800\" \/>\n\t<meta property=\"og:image:type\" content=\"image\/jpeg\" \/>\n<meta name=\"twitter:card\" content=\"summary_large_image\" \/>\n<meta name=\"twitter:label1\" content=\"Timp estimat pentru citire\" \/>\n\t<meta name=\"twitter:data1\" content=\"1 minut\" \/>\n<script type=\"application\/ld+json\" class=\"yoast-schema-graph\">{\"@context\":\"https:\/\/schema.org\",\"@graph\":[{\"@type\":\"WebPage\",\"@id\":\"https:\/\/ariale.ro\/index.php\/product\/set-2-fete-de-perna-stelute-gri-ariale-bumbac-40x40cm\/\",\"url\":\"https:\/\/ariale.ro\/index.php\/product\/set-2-fete-de-perna-stelute-gri-ariale-bumbac-40x40cm\/\",\"name\":\"Set 2 fete de perna Stelute Gri Ariale, bumbac, 40x40cm - Handmade Constanta\",\"isPartOf\":{\"@id\":\"https:\/\/ariale.ro\/#website\"},\"primaryImageOfPage\":{\"@id\":\"https:\/\/ariale.ro\/index.php\/product\/set-2-fete-de-perna-stelute-gri-ariale-bumbac-40x40cm\/#primaryimage\"},\"image\":{\"@id\":\"https:\/\/ariale.ro\/index.php\/product\/set-2-fete-de-perna-stelute-gri-ariale-bumbac-40x40cm\/#primaryimage\"},\"thumbnailUrl\":\"https:\/\/ariale.ro\/wp-content\/uploads\/2025\/11\/6-3.jpg\",\"datePublished\":\"2025-11-20T08:25:11+00:00\",\"dateModified\":\"2025-11-25T07:29:38+00:00\",\"description\":\"Realizat din 100% bumbac natural, setul ofer\u0103 un somn pl\u0103cut \u0219i odihnitor, iar textura moale \u0219i respirabil\u0103 a materialului \u00ee\u021bi asigur\u0103 confort \u00een orice sezon\",\"breadcrumb\":{\"@id\":\"https:\/\/ariale.ro\/index.php\/product\/set-2-fete-de-perna-stelute-gri-ariale-bumbac-40x40cm\/#breadcrumb\"},\"inLanguage\":\"ro-RO\",\"potentialAction\":[{\"@type\":\"ReadAction\",\"target\":[\"https:\/\/ariale.ro\/index.php\/product\/set-2-fete-de-perna-stelute-gri-ariale-bumbac-40x40cm\/\"]}]},{\"@type\":\"ImageObject\",\"inLanguage\":\"ro-RO\",\"@id\":\"https:\/\/ariale.ro\/index.php\/product\/set-2-fete-de-perna-stelute-gri-ariale-bumbac-40x40cm\/#primaryimage\",\"url\":\"https:\/\/ariale.ro\/wp-content\/uploads\/2025\/11\/6-3.jpg\",\"contentUrl\":\"https:\/\/ariale.ro\/wp-content\/uploads\/2025\/11\/6-3.jpg\",\"width\":800,\"height\":800},{\"@type\":\"BreadcrumbList\",\"@id\":\"https:\/\/ariale.ro\/index.php\/product\/set-2-fete-de-perna-stelute-gri-ariale-bumbac-40x40cm\/#breadcrumb\",\"itemListElement\":[{\"@type\":\"ListItem\",\"position\":1,\"name\":\"Prima pagin\u0103\",\"item\":\"https:\/\/ariale.ro\/\"},{\"@type\":\"ListItem\",\"position\":2,\"name\":\"Shop\",\"item\":\"https:\/\/ariale.ro\/index.php\/shop\/\"},{\"@type\":\"ListItem\",\"position\":3,\"name\":\"Set 2 fete de perna Stelute Gri Ariale, bumbac, 40x40cm\"}]},{\"@type\":\"WebSite\",\"@id\":\"https:\/\/ariale.ro\/#website\",\"url\":\"https:\/\/ariale.ro\/\",\"name\":\"Handmade Constanta\",\"description\":\"Magazin online cu articole lucrate manual in Romania! Transport rapid! Preturi mici! Livrare din Stoc!\",\"potentialAction\":[{\"@type\":\"SearchAction\",\"target\":{\"@type\":\"EntryPoint\",\"urlTemplate\":\"https:\/\/ariale.ro\/?s={search_term_string}\"},\"query-input\":{\"@type\":\"PropertyValueSpecification\",\"valueRequired\":true,\"valueName\":\"search_term_string\"}}],\"inLanguage\":\"ro-RO\"}]}<\/script>\n<!-- \/ Yoast SEO plugin. -->","yoast_head_json":{"title":"Set 2 fete de perna Stelute Gri Ariale, bumbac, 40x40cm - Handmade Constanta","description":"Realizat din 100% bumbac natural, setul ofer\u0103 un somn pl\u0103cut \u0219i odihnitor, iar textura moale \u0219i respirabil\u0103 a materialului \u00ee\u021bi asigur\u0103 confort \u00een orice sezon","robots":{"index":"index","follow":"follow","max-snippet":"max-snippet:-1","max-image-preview":"max-image-preview:large","max-video-preview":"max-video-preview:-1"},"canonical":"https:\/\/ariale.ro\/index.php\/product\/set-2-fete-de-perna-stelute-gri-ariale-bumbac-40x40cm\/","og_locale":"ro_RO","og_type":"article","og_title":"Set 2 fete de perna Stelute Gri Ariale, bumbac, 40x40cm - Handmade Constanta","og_description":"Realizat din 100% bumbac natural, setul ofer\u0103 un somn pl\u0103cut \u0219i odihnitor, iar textura moale \u0219i respirabil\u0103 a materialului \u00ee\u021bi asigur\u0103 confort \u00een orice sezon","og_url":"https:\/\/ariale.ro\/index.php\/product\/set-2-fete-de-perna-stelute-gri-ariale-bumbac-40x40cm\/","og_site_name":"Handmade Constanta","article_modified_time":"2025-11-25T07:29:38+00:00","og_image":[{"width":800,"height":800,"url":"https:\/\/ariale.ro\/wp-content\/uploads\/2025\/11\/6-3.jpg","type":"image\/jpeg"}],"twitter_card":"summary_large_image","twitter_misc":{"Timp estimat pentru citire":"1 minut"},"schema":{"@context":"https:\/\/schema.org","@graph":[{"@type":"WebPage","@id":"https:\/\/ariale.ro\/index.php\/product\/set-2-fete-de-perna-stelute-gri-ariale-bumbac-40x40cm\/","url":"https:\/\/ariale.ro\/index.php\/product\/set-2-fete-de-perna-stelute-gri-ariale-bumbac-40x40cm\/","name":"Set 2 fete de perna Stelute Gri Ariale, bumbac, 40x40cm - Handmade Constanta","isPartOf":{"@id":"https:\/\/ariale.ro\/#website"},"primaryImageOfPage":{"@id":"https:\/\/ariale.ro\/index.php\/product\/set-2-fete-de-perna-stelute-gri-ariale-bumbac-40x40cm\/#primaryimage"},"image":{"@id":"https:\/\/ariale.ro\/index.php\/product\/set-2-fete-de-perna-stelute-gri-ariale-bumbac-40x40cm\/#primaryimage"},"thumbnailUrl":"https:\/\/ariale.ro\/wp-content\/uploads\/2025\/11\/6-3.jpg","datePublished":"2025-11-20T08:25:11+00:00","dateModified":"2025-11-25T07:29:38+00:00","description":"Realizat din 100% bumbac natural, setul ofer\u0103 un somn pl\u0103cut \u0219i odihnitor, iar textura moale \u0219i respirabil\u0103 a materialului \u00ee\u021bi asigur\u0103 confort \u00een orice sezon","breadcrumb":{"@id":"https:\/\/ariale.ro\/index.php\/product\/set-2-fete-de-perna-stelute-gri-ariale-bumbac-40x40cm\/#breadcrumb"},"inLanguage":"ro-RO","potentialAction":[{"@type":"ReadAction","target":["https:\/\/ariale.ro\/index.php\/product\/set-2-fete-de-perna-stelute-gri-ariale-bumbac-40x40cm\/"]}]},{"@type":"ImageObject","inLanguage":"ro-RO","@id":"https:\/\/ariale.ro\/index.php\/product\/set-2-fete-de-perna-stelute-gri-ariale-bumbac-40x40cm\/#primaryimage","url":"https:\/\/ariale.ro\/wp-content\/uploads\/2025\/11\/6-3.jpg","contentUrl":"https:\/\/ariale.ro\/wp-content\/uploads\/2025\/11\/6-3.jpg","width":800,"height":800},{"@type":"BreadcrumbList","@id":"https:\/\/ariale.ro\/index.php\/product\/set-2-fete-de-perna-stelute-gri-ariale-bumbac-40x40cm\/#breadcrumb","itemListElement":[{"@type":"ListItem","position":1,"name":"Prima pagin\u0103","item":"https:\/\/ariale.ro\/"},{"@type":"ListItem","position":2,"name":"Shop","item":"https:\/\/ariale.ro\/index.php\/shop\/"},{"@type":"ListItem","position":3,"name":"Set 2 fete de perna Stelute Gri Ariale, bumbac, 40x40cm"}]},{"@type":"WebSite","@id":"https:\/\/ariale.ro\/#website","url":"https:\/\/ariale.ro\/","name":"Handmade Constanta","description":"Magazin online cu articole lucrate manual in Romania! Transport rapid! Preturi mici! Livrare din Stoc!","potentialAction":[{"@type":"SearchAction","target":{"@type":"EntryPoint","urlTemplate":"https:\/\/ariale.ro\/?s={search_term_string}"},"query-input":{"@type":"PropertyValueSpecification","valueRequired":true,"valueName":"search_term_string"}}],"inLanguage":"ro-RO"}]}},"_links":{"self":[{"href":"https:\/\/ariale.ro\/index.php\/wp-json\/wp\/v2\/product\/12146","targetHints":{"allow":["GET"]}}],"collection":[{"href":"https:\/\/ariale.ro\/index.php\/wp-json\/wp\/v2\/product"}],"about":[{"href":"https:\/\/ariale.ro\/index.php\/wp-json\/wp\/v2\/types\/product"}],"replies":[{"embeddable":true,"href":"https:\/\/ariale.ro\/index.php\/wp-json\/wp\/v2\/comments?post=12146"}],"wp:featuredmedia":[{"embeddable":true,"href":"https:\/\/ariale.ro\/index.php\/wp-json\/wp\/v2\/media\/12143"}],"wp:attachment":[{"href":"https:\/\/ariale.ro\/index.php\/wp-json\/wp\/v2\/media?parent=12146"}],"wp:term":[{"taxonomy":"product_brand","embeddable":true,"href":"https:\/\/ariale.ro\/index.php\/wp-json\/wp\/v2\/product_brand?post=12146"},{"taxonomy":"product_cat","embeddable":true,"href":"https:\/\/ariale.ro\/index.php\/wp-json\/wp\/v2\/product_cat?post=12146"},{"taxonomy":"product_tag","embeddable":true,"href":"https:\/\/ariale.ro\/index.php\/wp-json\/wp\/v2\/product_tag?post=12146"}],"curies":[{"name":"wp","href":"https:\/\/api.w.org\/{rel}","templated":true}]}}