{"id":11199,"date":"2025-10-16T08:45:27","date_gmt":"2025-10-16T08:45:27","guid":{"rendered":"https:\/\/ariale.ro\/?post_type=product&#038;p=11199"},"modified":"2025-10-16T08:45:27","modified_gmt":"2025-10-16T08:45:27","slug":"lenjerie-fluturi-si-flori-de-camp-ariale4-piese-bumbac-ranforce-imprimat-digital","status":"publish","type":"product","link":"https:\/\/ariale.ro\/index.php\/product\/lenjerie-fluturi-si-flori-de-camp-ariale4-piese-bumbac-ranforce-imprimat-digital\/","title":{"rendered":"Lenjerie Fluturi \u0219i Flori de C\u00e2mp Ariale,4 piese, Bumbac Ranforce Imprimat Digital"},"content":{"rendered":"<p data-start=\"481\" data-end=\"852\">Lenjerie Fluturi \u0219i Flori de C\u00e2mp Ariale,4 piese, Bumbac Ranforce Imprimat Digital tranforma orice spa\u021biu \u00eentr-un col\u021b de natur\u0103 \u0219i culoare.<br data-start=\"611\" data-end=\"614\" \/>Realizat din <strong data-start=\"627\" data-end=\"650\">100% bumbac natural<\/strong>, acest material se remarc\u0103 prin <strong data-start=\"683\" data-end=\"736\">fine\u021bea \u021bes\u0103turii, rezisten\u021ba la sp\u0103l\u0103ri repetate<\/strong> \u0219i <strong data-start=\"740\" data-end=\"783\">imprimarea digital\u0103 de \u00eenalt\u0103 rezolu\u021bie<\/strong>, care p\u0103streaz\u0103 culorile vii \u0219i detaliile perfect conturate \u00een timp.<\/p>\n<p data-start=\"854\" data-end=\"1144\">Modelul vesel, cu <strong data-start=\"872\" data-end=\"919\">fluturi \u00een nuan\u021be de albastru \u0219i portocaliu<\/strong> \u0219i <strong data-start=\"923\" data-end=\"953\">mici flori de c\u00e2mp galbene<\/strong>, aduce o not\u0103 de prospe\u021bime \u0219i bucurie \u00een orice \u00eenc\u0103pere. Este alegerea ideal\u0103 pentru lenjerii de pat moderne, fe\u021be de pern\u0103, perdele u\u0219oare sau decora\u021biuni textile de inspira\u021bie natural\u0103.<\/p>\n<h3 data-start=\"1146\" data-end=\"1186\">\ud83c\udf38 Avantajele materialului Ranforce:<\/h3>\n<ul data-start=\"1187\" data-end=\"1579\">\n<li data-start=\"1187\" data-end=\"1260\">\n<p data-start=\"1189\" data-end=\"1260\">\ud83c\udf3f <strong data-start=\"1192\" data-end=\"1215\">100% bumbac natural<\/strong> \u2013 respirabil, moale \u0219i prietenos cu pielea<\/p>\n<\/li>\n<li data-start=\"1261\" data-end=\"1348\">\n<p data-start=\"1263\" data-end=\"1348\">\ud83d\udca7 <strong data-start=\"1266\" data-end=\"1307\">Imprimare digital\u0103 de \u00eenalt\u0103 calitate<\/strong> \u2013 culori intense \u0219i rezistente \u00een timp<\/p>\n<\/li>\n<li data-start=\"1349\" data-end=\"1430\">\n<p data-start=\"1351\" data-end=\"1430\">\ud83e\uddf5 <strong data-start=\"1354\" data-end=\"1386\">Densitate optim\u0103 a \u021bes\u0103turii<\/strong> \u2013 confort sporit \u0219i durabilitate crescut\u0103<\/p>\n<\/li>\n<li data-start=\"1431\" data-end=\"1497\">\n<p data-start=\"1433\" data-end=\"1497\">\ud83e\uddfa <strong data-start=\"1436\" data-end=\"1458\">U\u0219or de \u00eentre\u021binut<\/strong> \u2013 nu se decoloreaz\u0103, nu intr\u0103 la ap\u0103<\/p>\n<\/li>\n<li data-start=\"1498\" data-end=\"1579\">\n<p data-start=\"1500\" data-end=\"1579\">\u2600\ufe0f <strong data-start=\"1503\" data-end=\"1531\">Ideal pentru orice sezon<\/strong> \u2013 p\u0103streaz\u0103 senza\u021bia de prospe\u021bime \u0219i confort<\/p>\n<h3 data-start=\"911\" data-end=\"936\">Con\u021binutul setului:<\/h3>\n<ul data-start=\"937\" data-end=\"1048\">\n<li data-start=\"937\" data-end=\"974\">\n<p data-start=\"939\" data-end=\"974\">Cearceaf de pat:\u00a0<strong data-start=\"956\" data-end=\"972\">220 x 240 cm,<\/strong><\/p>\n<\/li>\n<li data-start=\"975\" data-end=\"1012\">\n<p data-start=\"977\" data-end=\"1012\">Cearceaf pilot\u0103:\u00a0<strong data-start=\"994\" data-end=\"1010\">200 x 220 cm,<\/strong><\/p>\n<\/li>\n<li data-start=\"1013\" data-end=\"1048\">\n<p data-start=\"1015\" data-end=\"1048\">2 fe\u021be de pern\u0103:\u00a0<strong data-start=\"1032\" data-end=\"1046\">50 x 70 cm.<\/strong><\/p>\n<\/li>\n<\/ul>\n<h3 data-start=\"1050\" data-end=\"1088\">De ce s\u0103 alegi atelierul ARIALE:<\/h3>\n<p data-start=\"1089\" data-end=\"1385\">Fiecare lenjerie este realizat\u0103 cu aten\u021bie deosebit\u0103 la detalii, \u00een atelierul nostru, unde trat\u0103m fiecare comand\u0103 cu grij\u0103 \u0219i respect pentru dorin\u021bele clien\u021bilor. \u00cen plus, putem realiza \u0219i dimensiuni personalizate sau cearceafuri de pat cu elastic, pentru un plus de confort \u0219i func\u021bionalitate.<\/p>\n<p data-start=\"1452\" data-end=\"1554\">\ud83d\udca4 Alege calitatea unui produs lucrat cu grij\u0103, pentru un dormitor care inspir\u0103 lini\u0219te \u0219i rafinament.<\/p>\n<\/li>\n<\/ul>\n","protected":false},"excerpt":{"rendered":"<p>Lenjerie Fluturi \u0219i Flori de C\u00e2mp Ariale,4 piese, Bumbac Ranforce Imprimat Digital tranforma orice spa\u021biu \u00eentr-un col\u021b de natur\u0103 \u0219i culoare.<br data-start=\"611\" data-end=\"614\" \/>Realizat din <strong data-start=\"627\" data-end=\"650\">100% bumbac natural<\/strong>, acest material se remarc\u0103 prin <strong data-start=\"683\" data-end=\"736\">fine\u021bea \u021bes\u0103turii, rezisten\u021ba la sp\u0103l\u0103ri repetate<\/strong> \u0219i <strong data-start=\"740\" data-end=\"783\">imprimarea digital\u0103 de \u00eenalt\u0103 rezolu\u021bie<\/strong>, care p\u0103streaz\u0103 culorile vii \u0219i detaliile perfect conturate \u00een timp.<\/p>\n<p>&nbsp;<\/p>\n<p>&nbsp;<\/p>\n","protected":false},"featured_media":11206,"comment_status":"open","ping_status":"closed","template":"","meta":[],"product_brand":[],"product_cat":[33,73],"product_tag":[],"class_list":{"0":"post-11199","1":"product","2":"type-product","3":"status-publish","4":"has-post-thumbnail","6":"product_cat-lenjerii","7":"product_cat-lenjerii-clasice","9":"first","10":"instock","11":"sale","12":"shipping-taxable","13":"purchasable","14":"product-type-simple"},"yoast_head":"<!-- This site is optimized with the Yoast SEO plugin v27.2 - https:\/\/yoast.com\/product\/yoast-seo-wordpress\/ -->\n<title>Lenjerie Fluturi \u0219i Flori de C\u00e2mp Ariale,4 piese, Bumbac Ranforce Imprimat Digital - Handmade Constanta<\/title>\n<meta name=\"description\" content=\"Lenjerie Fluturi \u0219i Flori de C\u00e2mp -bumbac ranforce 100% imprimat digital, model fluturi \u0219i flori de c\u00e2mp. \u021aes\u0103tur\u0103 fin\u0103, culori vii, rezistent la sp\u0103l\u0103ri\" \/>\n<meta name=\"robots\" content=\"index, follow, max-snippet:-1, max-image-preview:large, max-video-preview:-1\" \/>\n<link rel=\"canonical\" href=\"https:\/\/ariale.ro\/index.php\/product\/lenjerie-fluturi-si-flori-de-camp-ariale4-piese-bumbac-ranforce-imprimat-digital\/\" \/>\n<meta property=\"og:locale\" content=\"ro_RO\" \/>\n<meta property=\"og:type\" content=\"article\" \/>\n<meta property=\"og:title\" content=\"Lenjerie Fluturi \u0219i Flori de C\u00e2mp Ariale,4 piese, Bumbac Ranforce Imprimat Digital - Handmade Constanta\" \/>\n<meta property=\"og:description\" content=\"Lenjerie Fluturi \u0219i Flori de C\u00e2mp -bumbac ranforce 100% imprimat digital, model fluturi \u0219i flori de c\u00e2mp. \u021aes\u0103tur\u0103 fin\u0103, culori vii, rezistent la sp\u0103l\u0103ri\" \/>\n<meta property=\"og:url\" content=\"https:\/\/ariale.ro\/index.php\/product\/lenjerie-fluturi-si-flori-de-camp-ariale4-piese-bumbac-ranforce-imprimat-digital\/\" \/>\n<meta property=\"og:site_name\" content=\"Handmade Constanta\" \/>\n<meta property=\"og:image\" content=\"https:\/\/ariale.ro\/wp-content\/uploads\/2025\/10\/7-1.jpg\" \/>\n\t<meta property=\"og:image:width\" content=\"800\" \/>\n\t<meta property=\"og:image:height\" content=\"800\" \/>\n\t<meta property=\"og:image:type\" content=\"image\/jpeg\" \/>\n<meta name=\"twitter:card\" content=\"summary_large_image\" \/>\n<meta name=\"twitter:label1\" content=\"Timp estimat pentru citire\" \/>\n\t<meta name=\"twitter:data1\" content=\"2 minute\" \/>\n<script type=\"application\/ld+json\" class=\"yoast-schema-graph\">{\"@context\":\"https:\/\/schema.org\",\"@graph\":[{\"@type\":\"WebPage\",\"@id\":\"https:\/\/ariale.ro\/index.php\/product\/lenjerie-fluturi-si-flori-de-camp-ariale4-piese-bumbac-ranforce-imprimat-digital\/\",\"url\":\"https:\/\/ariale.ro\/index.php\/product\/lenjerie-fluturi-si-flori-de-camp-ariale4-piese-bumbac-ranforce-imprimat-digital\/\",\"name\":\"Lenjerie Fluturi \u0219i Flori de C\u00e2mp Ariale,4 piese, Bumbac Ranforce Imprimat Digital - Handmade Constanta\",\"isPartOf\":{\"@id\":\"https:\/\/ariale.ro\/#website\"},\"primaryImageOfPage\":{\"@id\":\"https:\/\/ariale.ro\/index.php\/product\/lenjerie-fluturi-si-flori-de-camp-ariale4-piese-bumbac-ranforce-imprimat-digital\/#primaryimage\"},\"image\":{\"@id\":\"https:\/\/ariale.ro\/index.php\/product\/lenjerie-fluturi-si-flori-de-camp-ariale4-piese-bumbac-ranforce-imprimat-digital\/#primaryimage\"},\"thumbnailUrl\":\"https:\/\/ariale.ro\/wp-content\/uploads\/2025\/10\/7-1.jpg\",\"datePublished\":\"2025-10-16T08:45:27+00:00\",\"description\":\"Lenjerie Fluturi \u0219i Flori de C\u00e2mp -bumbac ranforce 100% imprimat digital, model fluturi \u0219i flori de c\u00e2mp. \u021aes\u0103tur\u0103 fin\u0103, culori vii, rezistent la sp\u0103l\u0103ri\",\"breadcrumb\":{\"@id\":\"https:\/\/ariale.ro\/index.php\/product\/lenjerie-fluturi-si-flori-de-camp-ariale4-piese-bumbac-ranforce-imprimat-digital\/#breadcrumb\"},\"inLanguage\":\"ro-RO\",\"potentialAction\":[{\"@type\":\"ReadAction\",\"target\":[\"https:\/\/ariale.ro\/index.php\/product\/lenjerie-fluturi-si-flori-de-camp-ariale4-piese-bumbac-ranforce-imprimat-digital\/\"]}]},{\"@type\":\"ImageObject\",\"inLanguage\":\"ro-RO\",\"@id\":\"https:\/\/ariale.ro\/index.php\/product\/lenjerie-fluturi-si-flori-de-camp-ariale4-piese-bumbac-ranforce-imprimat-digital\/#primaryimage\",\"url\":\"https:\/\/ariale.ro\/wp-content\/uploads\/2025\/10\/7-1.jpg\",\"contentUrl\":\"https:\/\/ariale.ro\/wp-content\/uploads\/2025\/10\/7-1.jpg\",\"width\":800,\"height\":800},{\"@type\":\"BreadcrumbList\",\"@id\":\"https:\/\/ariale.ro\/index.php\/product\/lenjerie-fluturi-si-flori-de-camp-ariale4-piese-bumbac-ranforce-imprimat-digital\/#breadcrumb\",\"itemListElement\":[{\"@type\":\"ListItem\",\"position\":1,\"name\":\"Prima pagin\u0103\",\"item\":\"https:\/\/ariale.ro\/\"},{\"@type\":\"ListItem\",\"position\":2,\"name\":\"Shop\",\"item\":\"https:\/\/ariale.ro\/index.php\/shop\/\"},{\"@type\":\"ListItem\",\"position\":3,\"name\":\"Lenjerie Fluturi \u0219i Flori de C\u00e2mp Ariale,4 piese, Bumbac Ranforce Imprimat Digital\"}]},{\"@type\":\"WebSite\",\"@id\":\"https:\/\/ariale.ro\/#website\",\"url\":\"https:\/\/ariale.ro\/\",\"name\":\"Handmade Constanta\",\"description\":\"Magazin online cu articole lucrate manual in Romania! Transport rapid! Preturi mici! Livrare din Stoc!\",\"potentialAction\":[{\"@type\":\"SearchAction\",\"target\":{\"@type\":\"EntryPoint\",\"urlTemplate\":\"https:\/\/ariale.ro\/?s={search_term_string}\"},\"query-input\":{\"@type\":\"PropertyValueSpecification\",\"valueRequired\":true,\"valueName\":\"search_term_string\"}}],\"inLanguage\":\"ro-RO\"}]}<\/script>\n<!-- \/ Yoast SEO plugin. -->","yoast_head_json":{"title":"Lenjerie Fluturi \u0219i Flori de C\u00e2mp Ariale,4 piese, Bumbac Ranforce Imprimat Digital - Handmade Constanta","description":"Lenjerie Fluturi \u0219i Flori de C\u00e2mp -bumbac ranforce 100% imprimat digital, model fluturi \u0219i flori de c\u00e2mp. \u021aes\u0103tur\u0103 fin\u0103, culori vii, rezistent la sp\u0103l\u0103ri","robots":{"index":"index","follow":"follow","max-snippet":"max-snippet:-1","max-image-preview":"max-image-preview:large","max-video-preview":"max-video-preview:-1"},"canonical":"https:\/\/ariale.ro\/index.php\/product\/lenjerie-fluturi-si-flori-de-camp-ariale4-piese-bumbac-ranforce-imprimat-digital\/","og_locale":"ro_RO","og_type":"article","og_title":"Lenjerie Fluturi \u0219i Flori de C\u00e2mp Ariale,4 piese, Bumbac Ranforce Imprimat Digital - Handmade Constanta","og_description":"Lenjerie Fluturi \u0219i Flori de C\u00e2mp -bumbac ranforce 100% imprimat digital, model fluturi \u0219i flori de c\u00e2mp. \u021aes\u0103tur\u0103 fin\u0103, culori vii, rezistent la sp\u0103l\u0103ri","og_url":"https:\/\/ariale.ro\/index.php\/product\/lenjerie-fluturi-si-flori-de-camp-ariale4-piese-bumbac-ranforce-imprimat-digital\/","og_site_name":"Handmade Constanta","og_image":[{"width":800,"height":800,"url":"https:\/\/ariale.ro\/wp-content\/uploads\/2025\/10\/7-1.jpg","type":"image\/jpeg"}],"twitter_card":"summary_large_image","twitter_misc":{"Timp estimat pentru citire":"2 minute"},"schema":{"@context":"https:\/\/schema.org","@graph":[{"@type":"WebPage","@id":"https:\/\/ariale.ro\/index.php\/product\/lenjerie-fluturi-si-flori-de-camp-ariale4-piese-bumbac-ranforce-imprimat-digital\/","url":"https:\/\/ariale.ro\/index.php\/product\/lenjerie-fluturi-si-flori-de-camp-ariale4-piese-bumbac-ranforce-imprimat-digital\/","name":"Lenjerie Fluturi \u0219i Flori de C\u00e2mp Ariale,4 piese, Bumbac Ranforce Imprimat Digital - Handmade Constanta","isPartOf":{"@id":"https:\/\/ariale.ro\/#website"},"primaryImageOfPage":{"@id":"https:\/\/ariale.ro\/index.php\/product\/lenjerie-fluturi-si-flori-de-camp-ariale4-piese-bumbac-ranforce-imprimat-digital\/#primaryimage"},"image":{"@id":"https:\/\/ariale.ro\/index.php\/product\/lenjerie-fluturi-si-flori-de-camp-ariale4-piese-bumbac-ranforce-imprimat-digital\/#primaryimage"},"thumbnailUrl":"https:\/\/ariale.ro\/wp-content\/uploads\/2025\/10\/7-1.jpg","datePublished":"2025-10-16T08:45:27+00:00","description":"Lenjerie Fluturi \u0219i Flori de C\u00e2mp -bumbac ranforce 100% imprimat digital, model fluturi \u0219i flori de c\u00e2mp. \u021aes\u0103tur\u0103 fin\u0103, culori vii, rezistent la sp\u0103l\u0103ri","breadcrumb":{"@id":"https:\/\/ariale.ro\/index.php\/product\/lenjerie-fluturi-si-flori-de-camp-ariale4-piese-bumbac-ranforce-imprimat-digital\/#breadcrumb"},"inLanguage":"ro-RO","potentialAction":[{"@type":"ReadAction","target":["https:\/\/ariale.ro\/index.php\/product\/lenjerie-fluturi-si-flori-de-camp-ariale4-piese-bumbac-ranforce-imprimat-digital\/"]}]},{"@type":"ImageObject","inLanguage":"ro-RO","@id":"https:\/\/ariale.ro\/index.php\/product\/lenjerie-fluturi-si-flori-de-camp-ariale4-piese-bumbac-ranforce-imprimat-digital\/#primaryimage","url":"https:\/\/ariale.ro\/wp-content\/uploads\/2025\/10\/7-1.jpg","contentUrl":"https:\/\/ariale.ro\/wp-content\/uploads\/2025\/10\/7-1.jpg","width":800,"height":800},{"@type":"BreadcrumbList","@id":"https:\/\/ariale.ro\/index.php\/product\/lenjerie-fluturi-si-flori-de-camp-ariale4-piese-bumbac-ranforce-imprimat-digital\/#breadcrumb","itemListElement":[{"@type":"ListItem","position":1,"name":"Prima pagin\u0103","item":"https:\/\/ariale.ro\/"},{"@type":"ListItem","position":2,"name":"Shop","item":"https:\/\/ariale.ro\/index.php\/shop\/"},{"@type":"ListItem","position":3,"name":"Lenjerie Fluturi \u0219i Flori de C\u00e2mp Ariale,4 piese, Bumbac Ranforce Imprimat Digital"}]},{"@type":"WebSite","@id":"https:\/\/ariale.ro\/#website","url":"https:\/\/ariale.ro\/","name":"Handmade Constanta","description":"Magazin online cu articole lucrate manual in Romania! Transport rapid! Preturi mici! Livrare din Stoc!","potentialAction":[{"@type":"SearchAction","target":{"@type":"EntryPoint","urlTemplate":"https:\/\/ariale.ro\/?s={search_term_string}"},"query-input":{"@type":"PropertyValueSpecification","valueRequired":true,"valueName":"search_term_string"}}],"inLanguage":"ro-RO"}]}},"_links":{"self":[{"href":"https:\/\/ariale.ro\/index.php\/wp-json\/wp\/v2\/product\/11199","targetHints":{"allow":["GET"]}}],"collection":[{"href":"https:\/\/ariale.ro\/index.php\/wp-json\/wp\/v2\/product"}],"about":[{"href":"https:\/\/ariale.ro\/index.php\/wp-json\/wp\/v2\/types\/product"}],"replies":[{"embeddable":true,"href":"https:\/\/ariale.ro\/index.php\/wp-json\/wp\/v2\/comments?post=11199"}],"wp:featuredmedia":[{"embeddable":true,"href":"https:\/\/ariale.ro\/index.php\/wp-json\/wp\/v2\/media\/11206"}],"wp:attachment":[{"href":"https:\/\/ariale.ro\/index.php\/wp-json\/wp\/v2\/media?parent=11199"}],"wp:term":[{"taxonomy":"product_brand","embeddable":true,"href":"https:\/\/ariale.ro\/index.php\/wp-json\/wp\/v2\/product_brand?post=11199"},{"taxonomy":"product_cat","embeddable":true,"href":"https:\/\/ariale.ro\/index.php\/wp-json\/wp\/v2\/product_cat?post=11199"},{"taxonomy":"product_tag","embeddable":true,"href":"https:\/\/ariale.ro\/index.php\/wp-json\/wp\/v2\/product_tag?post=11199"}],"curies":[{"name":"wp","href":"https:\/\/api.w.org\/{rel}","templated":true}]}}