{"id":10890,"date":"2025-09-16T15:46:47","date_gmt":"2025-09-16T15:46:47","guid":{"rendered":"https:\/\/ariale.ro\/?post_type=product&#038;p=10890"},"modified":"2025-11-13T13:15:58","modified_gmt":"2025-11-13T13:15:58","slug":"set-2-fete-de-perna-satul-de-iarna-fermecat-5d-by-ariale-70x70cm-bumbac-imprimare-digitala-multicolor","status":"publish","type":"product","link":"https:\/\/ariale.ro\/index.php\/product\/set-2-fete-de-perna-satul-de-iarna-fermecat-5d-by-ariale-70x70cm-bumbac-imprimare-digitala-multicolor\/","title":{"rendered":"Set 2 fete de perna Satul de iarn\u0103 fermecat 5D By Ariale, 70x70cm, Bumbac, Imprimare Digital\u0103, multicolor"},"content":{"rendered":"<h2 data-start=\"140\" data-end=\"217\">Set 2 fe\u021be de pern\u0103 bumbac 100% \u2013 <strong data-start=\"177\" data-end=\"215\">Imprimeu \u201eSatul de iarn\u0103 fermecat\u201d<\/strong><\/h2>\n<p data-start=\"219\" data-end=\"497\">Completeaz\u0103-\u021bi lenjeria de pat cu acest set de 2 fe\u021be de pern\u0103 realizate din bumbac 100% de cea mai bun\u0103 calitate. Imprimeul digital 5D red\u0103 un sat de iarn\u0103 plin de magie, cu c\u0103su\u021be acoperite de z\u0103pad\u0103 \u0219i brazi argintii, aduc\u00e2nd atmosfera s\u0103rb\u0103torilor chiar \u00een dormitorul t\u0103u.<\/p>\n<p data-start=\"743\" data-end=\"920\">Produse cu grij\u0103 \u00een atelierul <strong data-start=\"773\" data-end=\"783\">ARIALE<\/strong>, fe\u021bele de pern\u0103 pot fi comandate at\u00e2t individual, c\u00e2t \u0219i al\u0103turi de lenjeria de pat complet\u0103, pentru un dormitor armonios \u0219i elegant.<\/p>\n<hr data-start=\"755\" data-end=\"758\" \/>\n<h3 data-start=\"760\" data-end=\"786\">\ud83d\udce6 Con\u021binutul setului:<\/h3>\n<ul data-start=\"788\" data-end=\"821\">\n<li data-start=\"788\" data-end=\"821\">\n<p data-start=\"790\" data-end=\"821\">2 x Fe\u021be de pern\u0103:<strong> 70&#215;70 cm<\/strong><\/p>\n<\/li>\n<\/ul>\n<hr data-start=\"823\" data-end=\"826\" \/>\n<h3 data-start=\"828\" data-end=\"849\">\u2705 Caracteristici:<\/h3>\n<ul data-start=\"851\" data-end=\"1220\">\n<li data-start=\"851\" data-end=\"915\">\n<p data-start=\"853\" data-end=\"915\"><strong data-start=\"853\" data-end=\"866\">Material:<\/strong> Bumbac 100% \u2013 moale, respirabil, hipoalergenic<\/p>\n<\/li>\n<li data-start=\"916\" data-end=\"999\">\n<p data-start=\"918\" data-end=\"999\"><strong data-start=\"918\" data-end=\"943\">Imprimare digital\u0103 5D<\/strong> \u2013 culori vii, detalii realiste, rezisten\u021b\u0103 la sp\u0103lare<\/p>\n<\/li>\n<li data-start=\"1000\" data-end=\"1075\">\n<p data-start=\"1002\" data-end=\"1075\"><strong data-start=\"1002\" data-end=\"1032\">Design romantic \u0219i rafinat<\/strong> \u2013 trandafiri roz, fluturi, tonuri pastel<\/p>\n<\/li>\n<li data-start=\"1076\" data-end=\"1173\">\n<p data-start=\"1078\" data-end=\"1173\"><strong data-start=\"1078\" data-end=\"1100\">\u00cenchidere practic\u0103<\/strong> \u2013 tip portofel\/envelop\u0103 (sau po\u021bi specifica alt tip dac\u0103 este diferit)<\/p>\n<\/li>\n<li data-start=\"1174\" data-end=\"1220\">\n<p data-start=\"1176\" data-end=\"1220\"><strong data-start=\"1176\" data-end=\"1199\">Fabricat \u00een Rom\u00e2nia<\/strong>, \u00een atelierul ARIALE<\/p>\n<\/li>\n<\/ul>\n<hr data-start=\"1222\" data-end=\"1225\" \/>\n<p data-start=\"1227\" data-end=\"1338\">\ud83d\udca4 Ideal pentru a completa seturile de lenjerie sau pentru a aduce un accent decorativ elegant oric\u0103rei camere.<\/p>\n","protected":false},"excerpt":{"rendered":"<p data-start=\"219\" data-end=\"497\">Completeaz\u0103-\u021bi lenjeria de pat cu acest set de 2 fe\u021be de pern\u0103 realizate din bumbac 100% de cea mai bun\u0103 calitate. Imprimeul digital 5D red\u0103 un sat de iarn\u0103 plin de magie, cu c\u0103su\u021be acoperite de z\u0103pad\u0103 \u0219i brazi argintii, aduc\u00e2nd atmosfera s\u0103rb\u0103torilor chiar \u00een dormitorul t\u0103u.<\/p>\n<p data-start=\"743\" data-end=\"920\">Produse cu grij\u0103 \u00een atelierul <strong data-start=\"773\" data-end=\"783\">ARIALE<\/strong>, fe\u021bele de pern\u0103 pot fi comandate at\u00e2t individual, c\u00e2t \u0219i al\u0103turi de lenjeria de pat complet\u0103, pentru un dormitor armonios \u0219i elegant.<\/p>\n<hr data-start=\"755\" data-end=\"758\" \/>\n<h3 data-start=\"760\" data-end=\"786\">\ud83d\udce6 Con\u021binutul setului:<\/h3>\n<ul data-start=\"788\" data-end=\"821\">\n<li data-start=\"788\" data-end=\"821\">\n<p data-start=\"790\" data-end=\"821\">2 x Fe\u021be de pern\u0103: <strong>70&#215;70 cm.<\/strong><\/p>\n<\/li>\n<\/ul>\n","protected":false},"featured_media":10867,"comment_status":"open","ping_status":"closed","template":"","meta":[],"product_brand":[],"product_cat":[29,180],"product_tag":[194],"class_list":{"0":"post-10890","1":"product","2":"type-product","3":"status-publish","4":"has-post-thumbnail","6":"product_cat-seturi-fete-perna","7":"product_cat-craciun","8":"product_tag-nou","10":"first","11":"instock","12":"shipping-taxable","13":"purchasable","14":"product-type-simple"},"yoast_head":"<!-- This site is optimized with the Yoast SEO plugin v27.2 - https:\/\/yoast.com\/product\/yoast-seo-wordpress\/ -->\n<title>Set 2 fete de perna Satul de iarn\u0103 fermecat 5D By Ariale, 70x70cm, Bumbac, Imprimare Digital\u0103, multicolor - Handmade Constanta<\/title>\n<meta name=\"description\" content=\"Set 2 fe\u021be de pern\u0103 50x70 cm, bumbac 100%, imprimeu 5D realist. Calitate premium, realizate \u00een Rom\u00e2nia \u00een atelierul ARIALE.\" \/>\n<meta name=\"robots\" content=\"index, follow, max-snippet:-1, max-image-preview:large, max-video-preview:-1\" \/>\n<link rel=\"canonical\" href=\"https:\/\/ariale.ro\/index.php\/product\/set-2-fete-de-perna-satul-de-iarna-fermecat-5d-by-ariale-70x70cm-bumbac-imprimare-digitala-multicolor\/\" \/>\n<meta property=\"og:locale\" content=\"ro_RO\" \/>\n<meta property=\"og:type\" content=\"article\" \/>\n<meta property=\"og:title\" content=\"Set 2 fete de perna Satul de iarn\u0103 fermecat 5D By Ariale, 70x70cm, Bumbac, Imprimare Digital\u0103, multicolor - Handmade Constanta\" \/>\n<meta property=\"og:description\" content=\"Set 2 fe\u021be de pern\u0103 50x70 cm, bumbac 100%, imprimeu 5D realist. Calitate premium, realizate \u00een Rom\u00e2nia \u00een atelierul ARIALE.\" \/>\n<meta property=\"og:url\" content=\"https:\/\/ariale.ro\/index.php\/product\/set-2-fete-de-perna-satul-de-iarna-fermecat-5d-by-ariale-70x70cm-bumbac-imprimare-digitala-multicolor\/\" \/>\n<meta property=\"og:site_name\" content=\"Handmade Constanta\" \/>\n<meta property=\"article:modified_time\" content=\"2025-11-13T13:15:58+00:00\" \/>\n<meta property=\"og:image\" content=\"https:\/\/ariale.ro\/wp-content\/uploads\/2025\/09\/7-1.jpg\" \/>\n\t<meta property=\"og:image:width\" content=\"800\" \/>\n\t<meta property=\"og:image:height\" content=\"800\" \/>\n\t<meta property=\"og:image:type\" content=\"image\/jpeg\" \/>\n<meta name=\"twitter:card\" content=\"summary_large_image\" \/>\n<meta name=\"twitter:label1\" content=\"Timp estimat pentru citire\" \/>\n\t<meta name=\"twitter:data1\" content=\"2 minute\" \/>\n<script type=\"application\/ld+json\" class=\"yoast-schema-graph\">{\"@context\":\"https:\/\/schema.org\",\"@graph\":[{\"@type\":\"WebPage\",\"@id\":\"https:\/\/ariale.ro\/index.php\/product\/set-2-fete-de-perna-satul-de-iarna-fermecat-5d-by-ariale-70x70cm-bumbac-imprimare-digitala-multicolor\/\",\"url\":\"https:\/\/ariale.ro\/index.php\/product\/set-2-fete-de-perna-satul-de-iarna-fermecat-5d-by-ariale-70x70cm-bumbac-imprimare-digitala-multicolor\/\",\"name\":\"Set 2 fete de perna Satul de iarn\u0103 fermecat 5D By Ariale, 70x70cm, Bumbac, Imprimare Digital\u0103, multicolor - Handmade Constanta\",\"isPartOf\":{\"@id\":\"https:\/\/ariale.ro\/#website\"},\"primaryImageOfPage\":{\"@id\":\"https:\/\/ariale.ro\/index.php\/product\/set-2-fete-de-perna-satul-de-iarna-fermecat-5d-by-ariale-70x70cm-bumbac-imprimare-digitala-multicolor\/#primaryimage\"},\"image\":{\"@id\":\"https:\/\/ariale.ro\/index.php\/product\/set-2-fete-de-perna-satul-de-iarna-fermecat-5d-by-ariale-70x70cm-bumbac-imprimare-digitala-multicolor\/#primaryimage\"},\"thumbnailUrl\":\"https:\/\/ariale.ro\/wp-content\/uploads\/2025\/09\/7-1.jpg\",\"datePublished\":\"2025-09-16T15:46:47+00:00\",\"dateModified\":\"2025-11-13T13:15:58+00:00\",\"description\":\"Set 2 fe\u021be de pern\u0103 50x70 cm, bumbac 100%, imprimeu 5D realist. Calitate premium, realizate \u00een Rom\u00e2nia \u00een atelierul ARIALE.\",\"breadcrumb\":{\"@id\":\"https:\/\/ariale.ro\/index.php\/product\/set-2-fete-de-perna-satul-de-iarna-fermecat-5d-by-ariale-70x70cm-bumbac-imprimare-digitala-multicolor\/#breadcrumb\"},\"inLanguage\":\"ro-RO\",\"potentialAction\":[{\"@type\":\"ReadAction\",\"target\":[\"https:\/\/ariale.ro\/index.php\/product\/set-2-fete-de-perna-satul-de-iarna-fermecat-5d-by-ariale-70x70cm-bumbac-imprimare-digitala-multicolor\/\"]}]},{\"@type\":\"ImageObject\",\"inLanguage\":\"ro-RO\",\"@id\":\"https:\/\/ariale.ro\/index.php\/product\/set-2-fete-de-perna-satul-de-iarna-fermecat-5d-by-ariale-70x70cm-bumbac-imprimare-digitala-multicolor\/#primaryimage\",\"url\":\"https:\/\/ariale.ro\/wp-content\/uploads\/2025\/09\/7-1.jpg\",\"contentUrl\":\"https:\/\/ariale.ro\/wp-content\/uploads\/2025\/09\/7-1.jpg\",\"width\":800,\"height\":800},{\"@type\":\"BreadcrumbList\",\"@id\":\"https:\/\/ariale.ro\/index.php\/product\/set-2-fete-de-perna-satul-de-iarna-fermecat-5d-by-ariale-70x70cm-bumbac-imprimare-digitala-multicolor\/#breadcrumb\",\"itemListElement\":[{\"@type\":\"ListItem\",\"position\":1,\"name\":\"Prima pagin\u0103\",\"item\":\"https:\/\/ariale.ro\/\"},{\"@type\":\"ListItem\",\"position\":2,\"name\":\"Shop\",\"item\":\"https:\/\/ariale.ro\/index.php\/shop\/\"},{\"@type\":\"ListItem\",\"position\":3,\"name\":\"Set 2 fete de perna Satul de iarn\u0103 fermecat 5D By Ariale, 70x70cm, Bumbac, Imprimare Digital\u0103, multicolor\"}]},{\"@type\":\"WebSite\",\"@id\":\"https:\/\/ariale.ro\/#website\",\"url\":\"https:\/\/ariale.ro\/\",\"name\":\"Handmade Constanta\",\"description\":\"Magazin online cu articole lucrate manual in Romania! Transport rapid! Preturi mici! Livrare din Stoc!\",\"potentialAction\":[{\"@type\":\"SearchAction\",\"target\":{\"@type\":\"EntryPoint\",\"urlTemplate\":\"https:\/\/ariale.ro\/?s={search_term_string}\"},\"query-input\":{\"@type\":\"PropertyValueSpecification\",\"valueRequired\":true,\"valueName\":\"search_term_string\"}}],\"inLanguage\":\"ro-RO\"}]}<\/script>\n<!-- \/ Yoast SEO plugin. -->","yoast_head_json":{"title":"Set 2 fete de perna Satul de iarn\u0103 fermecat 5D By Ariale, 70x70cm, Bumbac, Imprimare Digital\u0103, multicolor - Handmade Constanta","description":"Set 2 fe\u021be de pern\u0103 50x70 cm, bumbac 100%, imprimeu 5D realist. Calitate premium, realizate \u00een Rom\u00e2nia \u00een atelierul ARIALE.","robots":{"index":"index","follow":"follow","max-snippet":"max-snippet:-1","max-image-preview":"max-image-preview:large","max-video-preview":"max-video-preview:-1"},"canonical":"https:\/\/ariale.ro\/index.php\/product\/set-2-fete-de-perna-satul-de-iarna-fermecat-5d-by-ariale-70x70cm-bumbac-imprimare-digitala-multicolor\/","og_locale":"ro_RO","og_type":"article","og_title":"Set 2 fete de perna Satul de iarn\u0103 fermecat 5D By Ariale, 70x70cm, Bumbac, Imprimare Digital\u0103, multicolor - Handmade Constanta","og_description":"Set 2 fe\u021be de pern\u0103 50x70 cm, bumbac 100%, imprimeu 5D realist. Calitate premium, realizate \u00een Rom\u00e2nia \u00een atelierul ARIALE.","og_url":"https:\/\/ariale.ro\/index.php\/product\/set-2-fete-de-perna-satul-de-iarna-fermecat-5d-by-ariale-70x70cm-bumbac-imprimare-digitala-multicolor\/","og_site_name":"Handmade Constanta","article_modified_time":"2025-11-13T13:15:58+00:00","og_image":[{"width":800,"height":800,"url":"https:\/\/ariale.ro\/wp-content\/uploads\/2025\/09\/7-1.jpg","type":"image\/jpeg"}],"twitter_card":"summary_large_image","twitter_misc":{"Timp estimat pentru citire":"2 minute"},"schema":{"@context":"https:\/\/schema.org","@graph":[{"@type":"WebPage","@id":"https:\/\/ariale.ro\/index.php\/product\/set-2-fete-de-perna-satul-de-iarna-fermecat-5d-by-ariale-70x70cm-bumbac-imprimare-digitala-multicolor\/","url":"https:\/\/ariale.ro\/index.php\/product\/set-2-fete-de-perna-satul-de-iarna-fermecat-5d-by-ariale-70x70cm-bumbac-imprimare-digitala-multicolor\/","name":"Set 2 fete de perna Satul de iarn\u0103 fermecat 5D By Ariale, 70x70cm, Bumbac, Imprimare Digital\u0103, multicolor - Handmade Constanta","isPartOf":{"@id":"https:\/\/ariale.ro\/#website"},"primaryImageOfPage":{"@id":"https:\/\/ariale.ro\/index.php\/product\/set-2-fete-de-perna-satul-de-iarna-fermecat-5d-by-ariale-70x70cm-bumbac-imprimare-digitala-multicolor\/#primaryimage"},"image":{"@id":"https:\/\/ariale.ro\/index.php\/product\/set-2-fete-de-perna-satul-de-iarna-fermecat-5d-by-ariale-70x70cm-bumbac-imprimare-digitala-multicolor\/#primaryimage"},"thumbnailUrl":"https:\/\/ariale.ro\/wp-content\/uploads\/2025\/09\/7-1.jpg","datePublished":"2025-09-16T15:46:47+00:00","dateModified":"2025-11-13T13:15:58+00:00","description":"Set 2 fe\u021be de pern\u0103 50x70 cm, bumbac 100%, imprimeu 5D realist. Calitate premium, realizate \u00een Rom\u00e2nia \u00een atelierul ARIALE.","breadcrumb":{"@id":"https:\/\/ariale.ro\/index.php\/product\/set-2-fete-de-perna-satul-de-iarna-fermecat-5d-by-ariale-70x70cm-bumbac-imprimare-digitala-multicolor\/#breadcrumb"},"inLanguage":"ro-RO","potentialAction":[{"@type":"ReadAction","target":["https:\/\/ariale.ro\/index.php\/product\/set-2-fete-de-perna-satul-de-iarna-fermecat-5d-by-ariale-70x70cm-bumbac-imprimare-digitala-multicolor\/"]}]},{"@type":"ImageObject","inLanguage":"ro-RO","@id":"https:\/\/ariale.ro\/index.php\/product\/set-2-fete-de-perna-satul-de-iarna-fermecat-5d-by-ariale-70x70cm-bumbac-imprimare-digitala-multicolor\/#primaryimage","url":"https:\/\/ariale.ro\/wp-content\/uploads\/2025\/09\/7-1.jpg","contentUrl":"https:\/\/ariale.ro\/wp-content\/uploads\/2025\/09\/7-1.jpg","width":800,"height":800},{"@type":"BreadcrumbList","@id":"https:\/\/ariale.ro\/index.php\/product\/set-2-fete-de-perna-satul-de-iarna-fermecat-5d-by-ariale-70x70cm-bumbac-imprimare-digitala-multicolor\/#breadcrumb","itemListElement":[{"@type":"ListItem","position":1,"name":"Prima pagin\u0103","item":"https:\/\/ariale.ro\/"},{"@type":"ListItem","position":2,"name":"Shop","item":"https:\/\/ariale.ro\/index.php\/shop\/"},{"@type":"ListItem","position":3,"name":"Set 2 fete de perna Satul de iarn\u0103 fermecat 5D By Ariale, 70x70cm, Bumbac, Imprimare Digital\u0103, multicolor"}]},{"@type":"WebSite","@id":"https:\/\/ariale.ro\/#website","url":"https:\/\/ariale.ro\/","name":"Handmade Constanta","description":"Magazin online cu articole lucrate manual in Romania! Transport rapid! Preturi mici! Livrare din Stoc!","potentialAction":[{"@type":"SearchAction","target":{"@type":"EntryPoint","urlTemplate":"https:\/\/ariale.ro\/?s={search_term_string}"},"query-input":{"@type":"PropertyValueSpecification","valueRequired":true,"valueName":"search_term_string"}}],"inLanguage":"ro-RO"}]}},"_links":{"self":[{"href":"https:\/\/ariale.ro\/index.php\/wp-json\/wp\/v2\/product\/10890","targetHints":{"allow":["GET"]}}],"collection":[{"href":"https:\/\/ariale.ro\/index.php\/wp-json\/wp\/v2\/product"}],"about":[{"href":"https:\/\/ariale.ro\/index.php\/wp-json\/wp\/v2\/types\/product"}],"replies":[{"embeddable":true,"href":"https:\/\/ariale.ro\/index.php\/wp-json\/wp\/v2\/comments?post=10890"}],"wp:featuredmedia":[{"embeddable":true,"href":"https:\/\/ariale.ro\/index.php\/wp-json\/wp\/v2\/media\/10867"}],"wp:attachment":[{"href":"https:\/\/ariale.ro\/index.php\/wp-json\/wp\/v2\/media?parent=10890"}],"wp:term":[{"taxonomy":"product_brand","embeddable":true,"href":"https:\/\/ariale.ro\/index.php\/wp-json\/wp\/v2\/product_brand?post=10890"},{"taxonomy":"product_cat","embeddable":true,"href":"https:\/\/ariale.ro\/index.php\/wp-json\/wp\/v2\/product_cat?post=10890"},{"taxonomy":"product_tag","embeddable":true,"href":"https:\/\/ariale.ro\/index.php\/wp-json\/wp\/v2\/product_tag?post=10890"}],"curies":[{"name":"wp","href":"https:\/\/api.w.org\/{rel}","templated":true}]}}