{"id":10689,"date":"2025-01-29T04:55:25","date_gmt":"2025-01-29T04:55:25","guid":{"rendered":"https:\/\/ariale.ro\/?post_type=product&#038;p=10689"},"modified":"2025-10-15T23:57:22","modified_gmt":"2025-10-15T23:57:22","slug":"set-2-fete-de-perna-dragoste-la-doua-perne-ariale-50x70cm-varianta-8-bumbac-alb","status":"publish","type":"product","link":"https:\/\/ariale.ro\/index.php\/product\/set-2-fete-de-perna-dragoste-la-doua-perne-ariale-50x70cm-varianta-8-bumbac-alb\/","title":{"rendered":"Set 2 fete de perna, Dragoste la Doua Perne ARIALE, 50x70cm, varianta 8, bumbac, alb"},"content":{"rendered":"<p>Dragostea pluteste in aer&#8230; sau mai bine spus, pe perne! <img decoding=\"async\" src=\"https:\/\/static.xx.fbcdn.net\/images\/emoji.php\/v9\/t6c\/1\/16\/2764.png\" alt=\"\u2764\ufe0f\" data-cke-saved-src=\"https:\/\/static.xx.fbcdn.net\/images\/emoji.php\/v9\/t6c\/1\/16\/2764.png\" \/><\/p>\n<p><strong>\u201eDragoste la Doua Perne\u201d \u2013 Un Cadou Cu Suflet si Umor! \u2764\ufe0f<\/strong><\/p>\n<p>Transforma fiecare noapte intr-o poveste de iubire cu setul nostru exclusiv de <strong>fete de perna din bumbac ranforce de lux<\/strong>! Moale, placut la atingere si extrem de rezistent, acest material premium iti ofera confortul suprem, fiind totodata usor de intretinut.<\/p>\n<p>Dar adevarata magie sta in <strong>broderiile adorabile<\/strong>! Fiecare set este impodobit cu <strong>pictograme haioase inspirate din dragoste<\/strong>, avandu-i ca protagonisti pe simpaticii Nelu si Lenuta. Cu un strop de umor si multa tandrete, aceste fete de perna vor aduce zambete si vor transforma orice dormitor intr-un colt al iubirii.<\/p>\n<p>\ud83d\udc8c <strong>Perfecte pentru un cadou special<\/strong> sau pentru a-ti rasfata propriul somn cu un detaliu unic si personal!<\/p>\n<p>Daca visezi la lenjerii de pat cu adevarat speciale, exact pe gustul tau, atelierul ARIALE este aici sa-ti transforme dorintele in realitate!<br \/>\n\u2705 Daca dimensiunile standard nu se potrivesc nevoilor tale, nu-i nimic! Pe site vei gasi piese individuale pentru a-ti <strong>configura lenjeria exact pe dimensiunile de care ai nevoie<\/strong>.<br \/>\n\u2705Pe l\u00e2ng\u0103 modelele din colec\u021bia mea, po\u021bi ad\u0103uga \u0219i ceva personal \u2013 o monogram\u0103 brodat\u0103, ca totul s\u0103 fie cu adev\u0103rat unic.<\/p>\n<div class=\"x11i5rnm xat24cr x1mh8g0r x1vvkbs xtlvy1s x126k92a\">\n<div dir=\"auto\">Eu am ales albul ca fundal pentru dragostea brodat\u0103, dar dac\u0103 ai alt\u0103 culoare preferat\u0103, o pot face special pentru tine.<\/div>\n<\/div>\n<div class=\"x11i5rnm xat24cr x1mh8g0r x1vvkbs xtlvy1s x126k92a\">\n<div dir=\"auto\"><span class=\"html-span xexx8yu x4uap5 x18d9i69 xkhd6sd x1hl2dhg x16tdsg8 x1vvkbs x3nfvp2 x1j61x8r x1fcty0u xdj266r xat24cr xgzva0m xhhsvwb xxymvpz xlup9mm x1kky2od\">(<img loading=\"lazy\" decoding=\"async\" class=\"xz74otr\" src=\"https:\/\/static.xx.fbcdn.net\/images\/emoji.php\/v9\/tc0\/1\/16\/1f4e9.png\" alt=\"\ud83d\udce9\" width=\"16\" height=\"16\" \/><\/span> Scrie-mi un mesaj \u0219i hai s\u0103 aducem magia iubirii \u00een casa ta!)<\/div>\n<\/div>\n<p><strong>Destinatie:<\/strong><\/p>\n<ul>\n<li>uz domestic, pentru acasa<\/li>\n<\/ul>\n<p><strong>Caracteristici material:<\/strong><\/p>\n<ul>\n<li>Samforizat, adica are contractii foarte reduse la spalari repetate la temperatura inalta de spalare<\/li>\n<li>Utilizare indelungata<\/li>\n<\/ul>\n<h2>Componentele si dimensiuni:<\/h2>\n<ul>\n<li>2 x Fete de perna 50 x 70 cm.<\/li>\n<\/ul>\n<ul>\n<li><strong>Spalare<\/strong>: automata sau manuala,<\/li>\n<li><strong>Uscare<\/strong>: la uscatorul electric sau in aer liber,<\/li>\n<li><strong>Calcare<\/strong>: se poate calca conform temperaturilor pretabile pentru bumbac: 200 \u00b0C, cu sau fara abur.<\/li>\n<\/ul>\n","protected":false},"excerpt":{"rendered":"<p><strong>&#8222;Dragoste la Doua Perne\u201d \u2013 Un Cadou Cu Suflet si Umor! \u2764\ufe0f<\/strong><\/p>\n<p>Transforma fiecare noapte intr-o poveste de iubire cu setul nostru exclusiv de <strong>fete de perna din bumbac ranforce de lux<\/strong>! Moale, placut la atingere si extrem de rezistent, acest material premium iti ofera confortul suprem, fiind totodata usor de intretinut.<\/p>\n<p>Dar adevarata magie sta in <strong>broderiile adorabile<\/strong>! Fiecare set este impodobit cu <strong>pictograme haioase inspirate din dragoste<\/strong>, avandu-i ca protagonisti pe simpaticii Nelu si Lenuta. Cu un strop de umor si multa tandrete, aceste fete de perna vor aduce zambete si vor transforma orice dormitor intr-un colt al iubirii.<\/p>\n","protected":false},"featured_media":10673,"comment_status":"open","ping_status":"closed","template":"","meta":[],"product_brand":[],"product_cat":[70,29],"product_tag":[],"class_list":{"0":"post-10689","1":"product","2":"type-product","3":"status-publish","4":"has-post-thumbnail","6":"product_cat-cadouri-brodate","7":"product_cat-seturi-fete-perna","9":"first","10":"instock","11":"shipping-taxable","12":"purchasable","13":"product-type-simple"},"yoast_head":"<!-- This site is optimized with the Yoast SEO plugin v27.2 - https:\/\/yoast.com\/product\/yoast-seo-wordpress\/ -->\n<title>Set 2 fete de perna, Dragoste la Doua Perne ARIALE, 50x70cm, varianta 8, bumbac, alb - Handmade Constanta<\/title>\n<meta name=\"description\" content=\"\u201eDragoste la Doua Perne\u201d \u2013 Un Cadou Cu Suflet si Umor! Fiecare set este impodobit cu pictograme brodate haioase inspirate din dragoste!\" \/>\n<meta name=\"robots\" content=\"index, follow, max-snippet:-1, max-image-preview:large, max-video-preview:-1\" \/>\n<link rel=\"canonical\" href=\"https:\/\/ariale.ro\/index.php\/product\/set-2-fete-de-perna-dragoste-la-doua-perne-ariale-50x70cm-varianta-8-bumbac-alb\/\" \/>\n<meta property=\"og:locale\" content=\"ro_RO\" \/>\n<meta property=\"og:type\" content=\"article\" \/>\n<meta property=\"og:title\" content=\"Set 2 fete de perna, Dragoste la Doua Perne ARIALE, 50x70cm, varianta 8, bumbac, alb - Handmade Constanta\" \/>\n<meta property=\"og:description\" content=\"\u201eDragoste la Doua Perne\u201d \u2013 Un Cadou Cu Suflet si Umor! Fiecare set este impodobit cu pictograme brodate haioase inspirate din dragoste!\" \/>\n<meta property=\"og:url\" content=\"https:\/\/ariale.ro\/index.php\/product\/set-2-fete-de-perna-dragoste-la-doua-perne-ariale-50x70cm-varianta-8-bumbac-alb\/\" \/>\n<meta property=\"og:site_name\" content=\"Handmade Constanta\" \/>\n<meta property=\"article:modified_time\" content=\"2025-10-15T23:57:22+00:00\" \/>\n<meta property=\"og:image\" content=\"https:\/\/ariale.ro\/wp-content\/uploads\/2025\/01\/58.jpg\" \/>\n\t<meta property=\"og:image:width\" content=\"800\" \/>\n\t<meta property=\"og:image:height\" content=\"700\" \/>\n\t<meta property=\"og:image:type\" content=\"image\/jpeg\" \/>\n<meta name=\"twitter:card\" content=\"summary_large_image\" \/>\n<meta name=\"twitter:label1\" content=\"Timp estimat pentru citire\" \/>\n\t<meta name=\"twitter:data1\" content=\"3 minute\" \/>\n<script type=\"application\/ld+json\" class=\"yoast-schema-graph\">{\"@context\":\"https:\/\/schema.org\",\"@graph\":[{\"@type\":\"WebPage\",\"@id\":\"https:\/\/ariale.ro\/index.php\/product\/set-2-fete-de-perna-dragoste-la-doua-perne-ariale-50x70cm-varianta-8-bumbac-alb\/\",\"url\":\"https:\/\/ariale.ro\/index.php\/product\/set-2-fete-de-perna-dragoste-la-doua-perne-ariale-50x70cm-varianta-8-bumbac-alb\/\",\"name\":\"Set 2 fete de perna, Dragoste la Doua Perne ARIALE, 50x70cm, varianta 8, bumbac, alb - Handmade Constanta\",\"isPartOf\":{\"@id\":\"https:\/\/ariale.ro\/#website\"},\"primaryImageOfPage\":{\"@id\":\"https:\/\/ariale.ro\/index.php\/product\/set-2-fete-de-perna-dragoste-la-doua-perne-ariale-50x70cm-varianta-8-bumbac-alb\/#primaryimage\"},\"image\":{\"@id\":\"https:\/\/ariale.ro\/index.php\/product\/set-2-fete-de-perna-dragoste-la-doua-perne-ariale-50x70cm-varianta-8-bumbac-alb\/#primaryimage\"},\"thumbnailUrl\":\"https:\/\/ariale.ro\/wp-content\/uploads\/2025\/01\/58.jpg\",\"datePublished\":\"2025-01-29T04:55:25+00:00\",\"dateModified\":\"2025-10-15T23:57:22+00:00\",\"description\":\"\u201eDragoste la Doua Perne\u201d \u2013 Un Cadou Cu Suflet si Umor! Fiecare set este impodobit cu pictograme brodate haioase inspirate din dragoste!\",\"breadcrumb\":{\"@id\":\"https:\/\/ariale.ro\/index.php\/product\/set-2-fete-de-perna-dragoste-la-doua-perne-ariale-50x70cm-varianta-8-bumbac-alb\/#breadcrumb\"},\"inLanguage\":\"ro-RO\",\"potentialAction\":[{\"@type\":\"ReadAction\",\"target\":[\"https:\/\/ariale.ro\/index.php\/product\/set-2-fete-de-perna-dragoste-la-doua-perne-ariale-50x70cm-varianta-8-bumbac-alb\/\"]}]},{\"@type\":\"ImageObject\",\"inLanguage\":\"ro-RO\",\"@id\":\"https:\/\/ariale.ro\/index.php\/product\/set-2-fete-de-perna-dragoste-la-doua-perne-ariale-50x70cm-varianta-8-bumbac-alb\/#primaryimage\",\"url\":\"https:\/\/ariale.ro\/wp-content\/uploads\/2025\/01\/58.jpg\",\"contentUrl\":\"https:\/\/ariale.ro\/wp-content\/uploads\/2025\/01\/58.jpg\",\"width\":800,\"height\":700},{\"@type\":\"BreadcrumbList\",\"@id\":\"https:\/\/ariale.ro\/index.php\/product\/set-2-fete-de-perna-dragoste-la-doua-perne-ariale-50x70cm-varianta-8-bumbac-alb\/#breadcrumb\",\"itemListElement\":[{\"@type\":\"ListItem\",\"position\":1,\"name\":\"Prima pagin\u0103\",\"item\":\"https:\/\/ariale.ro\/\"},{\"@type\":\"ListItem\",\"position\":2,\"name\":\"Shop\",\"item\":\"https:\/\/ariale.ro\/index.php\/shop\/\"},{\"@type\":\"ListItem\",\"position\":3,\"name\":\"Set 2 fete de perna, Dragoste la Doua Perne ARIALE, 50x70cm, varianta 8, bumbac, alb\"}]},{\"@type\":\"WebSite\",\"@id\":\"https:\/\/ariale.ro\/#website\",\"url\":\"https:\/\/ariale.ro\/\",\"name\":\"Handmade Constanta\",\"description\":\"Magazin online cu articole lucrate manual in Romania! Transport rapid! Preturi mici! Livrare din Stoc!\",\"potentialAction\":[{\"@type\":\"SearchAction\",\"target\":{\"@type\":\"EntryPoint\",\"urlTemplate\":\"https:\/\/ariale.ro\/?s={search_term_string}\"},\"query-input\":{\"@type\":\"PropertyValueSpecification\",\"valueRequired\":true,\"valueName\":\"search_term_string\"}}],\"inLanguage\":\"ro-RO\"}]}<\/script>\n<!-- \/ Yoast SEO plugin. -->","yoast_head_json":{"title":"Set 2 fete de perna, Dragoste la Doua Perne ARIALE, 50x70cm, varianta 8, bumbac, alb - Handmade Constanta","description":"\u201eDragoste la Doua Perne\u201d \u2013 Un Cadou Cu Suflet si Umor! Fiecare set este impodobit cu pictograme brodate haioase inspirate din dragoste!","robots":{"index":"index","follow":"follow","max-snippet":"max-snippet:-1","max-image-preview":"max-image-preview:large","max-video-preview":"max-video-preview:-1"},"canonical":"https:\/\/ariale.ro\/index.php\/product\/set-2-fete-de-perna-dragoste-la-doua-perne-ariale-50x70cm-varianta-8-bumbac-alb\/","og_locale":"ro_RO","og_type":"article","og_title":"Set 2 fete de perna, Dragoste la Doua Perne ARIALE, 50x70cm, varianta 8, bumbac, alb - Handmade Constanta","og_description":"\u201eDragoste la Doua Perne\u201d \u2013 Un Cadou Cu Suflet si Umor! Fiecare set este impodobit cu pictograme brodate haioase inspirate din dragoste!","og_url":"https:\/\/ariale.ro\/index.php\/product\/set-2-fete-de-perna-dragoste-la-doua-perne-ariale-50x70cm-varianta-8-bumbac-alb\/","og_site_name":"Handmade Constanta","article_modified_time":"2025-10-15T23:57:22+00:00","og_image":[{"width":800,"height":700,"url":"https:\/\/ariale.ro\/wp-content\/uploads\/2025\/01\/58.jpg","type":"image\/jpeg"}],"twitter_card":"summary_large_image","twitter_misc":{"Timp estimat pentru citire":"3 minute"},"schema":{"@context":"https:\/\/schema.org","@graph":[{"@type":"WebPage","@id":"https:\/\/ariale.ro\/index.php\/product\/set-2-fete-de-perna-dragoste-la-doua-perne-ariale-50x70cm-varianta-8-bumbac-alb\/","url":"https:\/\/ariale.ro\/index.php\/product\/set-2-fete-de-perna-dragoste-la-doua-perne-ariale-50x70cm-varianta-8-bumbac-alb\/","name":"Set 2 fete de perna, Dragoste la Doua Perne ARIALE, 50x70cm, varianta 8, bumbac, alb - Handmade Constanta","isPartOf":{"@id":"https:\/\/ariale.ro\/#website"},"primaryImageOfPage":{"@id":"https:\/\/ariale.ro\/index.php\/product\/set-2-fete-de-perna-dragoste-la-doua-perne-ariale-50x70cm-varianta-8-bumbac-alb\/#primaryimage"},"image":{"@id":"https:\/\/ariale.ro\/index.php\/product\/set-2-fete-de-perna-dragoste-la-doua-perne-ariale-50x70cm-varianta-8-bumbac-alb\/#primaryimage"},"thumbnailUrl":"https:\/\/ariale.ro\/wp-content\/uploads\/2025\/01\/58.jpg","datePublished":"2025-01-29T04:55:25+00:00","dateModified":"2025-10-15T23:57:22+00:00","description":"\u201eDragoste la Doua Perne\u201d \u2013 Un Cadou Cu Suflet si Umor! Fiecare set este impodobit cu pictograme brodate haioase inspirate din dragoste!","breadcrumb":{"@id":"https:\/\/ariale.ro\/index.php\/product\/set-2-fete-de-perna-dragoste-la-doua-perne-ariale-50x70cm-varianta-8-bumbac-alb\/#breadcrumb"},"inLanguage":"ro-RO","potentialAction":[{"@type":"ReadAction","target":["https:\/\/ariale.ro\/index.php\/product\/set-2-fete-de-perna-dragoste-la-doua-perne-ariale-50x70cm-varianta-8-bumbac-alb\/"]}]},{"@type":"ImageObject","inLanguage":"ro-RO","@id":"https:\/\/ariale.ro\/index.php\/product\/set-2-fete-de-perna-dragoste-la-doua-perne-ariale-50x70cm-varianta-8-bumbac-alb\/#primaryimage","url":"https:\/\/ariale.ro\/wp-content\/uploads\/2025\/01\/58.jpg","contentUrl":"https:\/\/ariale.ro\/wp-content\/uploads\/2025\/01\/58.jpg","width":800,"height":700},{"@type":"BreadcrumbList","@id":"https:\/\/ariale.ro\/index.php\/product\/set-2-fete-de-perna-dragoste-la-doua-perne-ariale-50x70cm-varianta-8-bumbac-alb\/#breadcrumb","itemListElement":[{"@type":"ListItem","position":1,"name":"Prima pagin\u0103","item":"https:\/\/ariale.ro\/"},{"@type":"ListItem","position":2,"name":"Shop","item":"https:\/\/ariale.ro\/index.php\/shop\/"},{"@type":"ListItem","position":3,"name":"Set 2 fete de perna, Dragoste la Doua Perne ARIALE, 50x70cm, varianta 8, bumbac, alb"}]},{"@type":"WebSite","@id":"https:\/\/ariale.ro\/#website","url":"https:\/\/ariale.ro\/","name":"Handmade Constanta","description":"Magazin online cu articole lucrate manual in Romania! Transport rapid! Preturi mici! Livrare din Stoc!","potentialAction":[{"@type":"SearchAction","target":{"@type":"EntryPoint","urlTemplate":"https:\/\/ariale.ro\/?s={search_term_string}"},"query-input":{"@type":"PropertyValueSpecification","valueRequired":true,"valueName":"search_term_string"}}],"inLanguage":"ro-RO"}]}},"_links":{"self":[{"href":"https:\/\/ariale.ro\/index.php\/wp-json\/wp\/v2\/product\/10689","targetHints":{"allow":["GET"]}}],"collection":[{"href":"https:\/\/ariale.ro\/index.php\/wp-json\/wp\/v2\/product"}],"about":[{"href":"https:\/\/ariale.ro\/index.php\/wp-json\/wp\/v2\/types\/product"}],"replies":[{"embeddable":true,"href":"https:\/\/ariale.ro\/index.php\/wp-json\/wp\/v2\/comments?post=10689"}],"wp:featuredmedia":[{"embeddable":true,"href":"https:\/\/ariale.ro\/index.php\/wp-json\/wp\/v2\/media\/10673"}],"wp:attachment":[{"href":"https:\/\/ariale.ro\/index.php\/wp-json\/wp\/v2\/media?parent=10689"}],"wp:term":[{"taxonomy":"product_brand","embeddable":true,"href":"https:\/\/ariale.ro\/index.php\/wp-json\/wp\/v2\/product_brand?post=10689"},{"taxonomy":"product_cat","embeddable":true,"href":"https:\/\/ariale.ro\/index.php\/wp-json\/wp\/v2\/product_cat?post=10689"},{"taxonomy":"product_tag","embeddable":true,"href":"https:\/\/ariale.ro\/index.php\/wp-json\/wp\/v2\/product_tag?post=10689"}],"curies":[{"name":"wp","href":"https:\/\/api.w.org\/{rel}","templated":true}]}}