{"id":10491,"date":"2024-06-12T12:54:04","date_gmt":"2024-06-12T12:54:04","guid":{"rendered":"https:\/\/ariale.ro\/?post_type=product&#038;p=10491"},"modified":"2024-06-15T00:00:06","modified_gmt":"2024-06-15T00:00:06","slug":"lenjerie-de-pat-safari-magic-ariale-pentru-1-persoana-3-piese-bumbac-ranforce-multicolor","status":"publish","type":"product","link":"https:\/\/ariale.ro\/index.php\/product\/lenjerie-de-pat-safari-magic-ariale-pentru-1-persoana-3-piese-bumbac-ranforce-multicolor\/","title":{"rendered":"Lenjerie de pat Safari Magic Ariale, pentru 1 persoana, 3 piese, bumbac ranforce, Multicolor"},"content":{"rendered":"<p>Descoper\u0103 magia nop\u021bilor lini\u0219tite cu lenjeria de pat &#8222;Safari Magic&#8221; de la Ariale! Fabricat\u0103 din bumbac ranforce 100%, aceast\u0103 lenjerie este delicat\u0103 \u0219i confortabil\u0103, perfect\u0103 pentru pielea sensibil\u0103 a celor mici. Materialul de calitate superioar\u0103, imprimat digital, asigur\u0103 culori vii \u0219i rezistente \u00een timp.<\/p>\n<p>Designul fermec\u0103tor, cu animale prietenoase \u0219i colorate, va transforma orice dormitor \u00eentr-o lume de poveste. Panda pe biciclet\u0103, elefantul fericit \u0219i girafa juc\u0103u\u0219\u0103, toate se reunesc pentru a crea un univers de basm \u00een care copiii se vor sim\u021bi \u00een siguran\u021b\u0103 \u0219i ferici\u021bi.<\/p>\n<p>Lenjeria &#8222;Safari Magic&#8221; este produs\u0103 cu grij\u0103 \u00een atelierul Ariale, asigur\u00e2ndu-se c\u0103 fiecare detaliu este perfect. Materialul ranforce permite aerului s\u0103 circule, men\u021bin\u00e2nd un mediu r\u0103coros \u0219i confortabil pe tot parcursul nop\u021bii.<\/p>\n<p>Alege lenjeria de pat &#8222;Safari Magic&#8221; pentru a aduce un strop de fantezie \u0219i confort \u00een camera copilului t\u0103u!<\/p>\n<p>Produs\u0103 cu grij\u0103 in atelierul nostru Ariale, aceast\u0103 lenjerie ofer\u0103 o experien\u021b\u0103 de somn f\u0103r\u0103 egal. Setul include un cearceaf de pat 140&#215;200 cm, un cearceaf de pilota 140x200cm \u0219i 1\u00a0fata\u00a0de pern\u0103\u00a050x70cm.<\/p>\n<p>Bumbacul ranforce, utilizat in fabricarea acestui set, adaug\u0103 o senza\u021bie de catifelare \u0219i rezisten\u021b\u0103 la lenjerie, oferindu-\u021bi astfel nu doar confort, ci \u0219i durabilitate in timp. Culorile rezistente la sp\u0103lare men\u021bin prospe\u021bimea \u0219i str\u0103lucirea setului.<\/p>\n<p>Destinatie:<\/p>\n<p>uz domestic, pentru acasa<br \/>\nCaracteristici material:<\/p>\n<p>Compozitie material 100% bumbac, tip ranforce<br \/>\nDensitate 120 g\/m2<br \/>\nConstructie tesatura: 144 fire\/inch2<br \/>\nSamforizat, adica are contractii foarte reduse la spalari repetate la temperatura inalta de spalare<br \/>\nUtilizare indelungata<br \/>\nComponentele si dimensiunile setului de lenjerie de pat bumbac:<br \/>\n1 x Cearceaf de pat 140 x\u00a0200cm,<br \/>\n1 x Cearceaf pentru pilota 140 x 200cm,<br \/>\n1 x Fata\u00a0de perna 50 x 70 cm (total 3\u00a0piese, pentru o\u00a0persoana).<br \/>\nIntretinere:<\/p>\n<p>Spalare: automata sau manuala la temperatura maxima de 40 \u00b0C,<br \/>\nUscare: la uscatorul electric sau in aer liber,<br \/>\nCalcare: se poate calca conform temperaturilor pretabile pentru bumbac: 200 \u00b0C, cu sau fara abur.<\/p>\n","protected":false},"excerpt":{"rendered":"<p>Alege lenjeria de pat &#8222;Safari Magic&#8221; pentru a aduce un strop de fantezie \u0219i confort \u00een camera copilului t\u0103u!<\/p>\n","protected":false},"featured_media":10508,"comment_status":"open","ping_status":"closed","template":"","meta":[],"product_brand":[],"product_cat":[33,74],"product_tag":[215,216],"class_list":{"0":"post-10491","1":"product","2":"type-product","3":"status-publish","4":"has-post-thumbnail","6":"product_cat-lenjerii","7":"product_cat-lenjerii-copii","8":"product_tag-hot","9":"product_tag-new","11":"first","12":"instock","13":"shipping-taxable","14":"purchasable","15":"product-type-simple"},"yoast_head":"<!-- This site is optimized with the Yoast SEO plugin v27.2 - https:\/\/yoast.com\/product\/yoast-seo-wordpress\/ -->\n<title>Lenjerie de pat Safari Magic Ariale, pentru 1 persoana, 3 piese, bumbac ranforce, Multicolor - Handmade Constanta<\/title>\n<meta name=\"description\" content=\"&quot;Safari Magic&quot; -lenjerie fabricat\u0103 din bumbac ranforce 100%, este delicat\u0103 \u0219i confortabil\u0103, perfect\u0103 pentru pielea sensibil\u0103 a celor mici.\" \/>\n<meta name=\"robots\" content=\"index, follow, max-snippet:-1, max-image-preview:large, max-video-preview:-1\" \/>\n<link rel=\"canonical\" href=\"https:\/\/ariale.ro\/index.php\/product\/lenjerie-de-pat-safari-magic-ariale-pentru-1-persoana-3-piese-bumbac-ranforce-multicolor\/\" \/>\n<meta property=\"og:locale\" content=\"ro_RO\" \/>\n<meta property=\"og:type\" content=\"article\" \/>\n<meta property=\"og:title\" content=\"Lenjerie de pat Safari Magic Ariale, pentru 1 persoana, 3 piese, bumbac ranforce, Multicolor - Handmade Constanta\" \/>\n<meta property=\"og:description\" content=\"&quot;Safari Magic&quot; -lenjerie fabricat\u0103 din bumbac ranforce 100%, este delicat\u0103 \u0219i confortabil\u0103, perfect\u0103 pentru pielea sensibil\u0103 a celor mici.\" \/>\n<meta property=\"og:url\" content=\"https:\/\/ariale.ro\/index.php\/product\/lenjerie-de-pat-safari-magic-ariale-pentru-1-persoana-3-piese-bumbac-ranforce-multicolor\/\" \/>\n<meta property=\"og:site_name\" content=\"Handmade Constanta\" \/>\n<meta property=\"article:modified_time\" content=\"2024-06-15T00:00:06+00:00\" \/>\n<meta property=\"og:image\" content=\"https:\/\/ariale.ro\/wp-content\/uploads\/2024\/06\/17.jpg\" \/>\n\t<meta property=\"og:image:width\" content=\"800\" \/>\n\t<meta property=\"og:image:height\" content=\"700\" \/>\n\t<meta property=\"og:image:type\" content=\"image\/jpeg\" \/>\n<meta name=\"twitter:card\" content=\"summary_large_image\" \/>\n<meta name=\"twitter:label1\" content=\"Timp estimat pentru citire\" \/>\n\t<meta name=\"twitter:data1\" content=\"2 minute\" \/>\n<script type=\"application\/ld+json\" class=\"yoast-schema-graph\">{\"@context\":\"https:\/\/schema.org\",\"@graph\":[{\"@type\":\"WebPage\",\"@id\":\"https:\/\/ariale.ro\/index.php\/product\/lenjerie-de-pat-safari-magic-ariale-pentru-1-persoana-3-piese-bumbac-ranforce-multicolor\/\",\"url\":\"https:\/\/ariale.ro\/index.php\/product\/lenjerie-de-pat-safari-magic-ariale-pentru-1-persoana-3-piese-bumbac-ranforce-multicolor\/\",\"name\":\"Lenjerie de pat Safari Magic Ariale, pentru 1 persoana, 3 piese, bumbac ranforce, Multicolor - Handmade Constanta\",\"isPartOf\":{\"@id\":\"https:\/\/ariale.ro\/#website\"},\"primaryImageOfPage\":{\"@id\":\"https:\/\/ariale.ro\/index.php\/product\/lenjerie-de-pat-safari-magic-ariale-pentru-1-persoana-3-piese-bumbac-ranforce-multicolor\/#primaryimage\"},\"image\":{\"@id\":\"https:\/\/ariale.ro\/index.php\/product\/lenjerie-de-pat-safari-magic-ariale-pentru-1-persoana-3-piese-bumbac-ranforce-multicolor\/#primaryimage\"},\"thumbnailUrl\":\"https:\/\/ariale.ro\/wp-content\/uploads\/2024\/06\/17.jpg\",\"datePublished\":\"2024-06-12T12:54:04+00:00\",\"dateModified\":\"2024-06-15T00:00:06+00:00\",\"description\":\"\\\"Safari Magic\\\" -lenjerie fabricat\u0103 din bumbac ranforce 100%, este delicat\u0103 \u0219i confortabil\u0103, perfect\u0103 pentru pielea sensibil\u0103 a celor mici.\",\"breadcrumb\":{\"@id\":\"https:\/\/ariale.ro\/index.php\/product\/lenjerie-de-pat-safari-magic-ariale-pentru-1-persoana-3-piese-bumbac-ranforce-multicolor\/#breadcrumb\"},\"inLanguage\":\"ro-RO\",\"potentialAction\":[{\"@type\":\"ReadAction\",\"target\":[\"https:\/\/ariale.ro\/index.php\/product\/lenjerie-de-pat-safari-magic-ariale-pentru-1-persoana-3-piese-bumbac-ranforce-multicolor\/\"]}]},{\"@type\":\"ImageObject\",\"inLanguage\":\"ro-RO\",\"@id\":\"https:\/\/ariale.ro\/index.php\/product\/lenjerie-de-pat-safari-magic-ariale-pentru-1-persoana-3-piese-bumbac-ranforce-multicolor\/#primaryimage\",\"url\":\"https:\/\/ariale.ro\/wp-content\/uploads\/2024\/06\/17.jpg\",\"contentUrl\":\"https:\/\/ariale.ro\/wp-content\/uploads\/2024\/06\/17.jpg\",\"width\":800,\"height\":700},{\"@type\":\"BreadcrumbList\",\"@id\":\"https:\/\/ariale.ro\/index.php\/product\/lenjerie-de-pat-safari-magic-ariale-pentru-1-persoana-3-piese-bumbac-ranforce-multicolor\/#breadcrumb\",\"itemListElement\":[{\"@type\":\"ListItem\",\"position\":1,\"name\":\"Prima pagin\u0103\",\"item\":\"https:\/\/ariale.ro\/\"},{\"@type\":\"ListItem\",\"position\":2,\"name\":\"Shop\",\"item\":\"https:\/\/ariale.ro\/index.php\/shop\/\"},{\"@type\":\"ListItem\",\"position\":3,\"name\":\"Lenjerie de pat Safari Magic Ariale, pentru 1 persoana, 3 piese, bumbac ranforce, Multicolor\"}]},{\"@type\":\"WebSite\",\"@id\":\"https:\/\/ariale.ro\/#website\",\"url\":\"https:\/\/ariale.ro\/\",\"name\":\"Handmade Constanta\",\"description\":\"Magazin online cu articole lucrate manual in Romania! Transport rapid! Preturi mici! Livrare din Stoc!\",\"potentialAction\":[{\"@type\":\"SearchAction\",\"target\":{\"@type\":\"EntryPoint\",\"urlTemplate\":\"https:\/\/ariale.ro\/?s={search_term_string}\"},\"query-input\":{\"@type\":\"PropertyValueSpecification\",\"valueRequired\":true,\"valueName\":\"search_term_string\"}}],\"inLanguage\":\"ro-RO\"}]}<\/script>\n<!-- \/ Yoast SEO plugin. -->","yoast_head_json":{"title":"Lenjerie de pat Safari Magic Ariale, pentru 1 persoana, 3 piese, bumbac ranforce, Multicolor - Handmade Constanta","description":"\"Safari Magic\" -lenjerie fabricat\u0103 din bumbac ranforce 100%, este delicat\u0103 \u0219i confortabil\u0103, perfect\u0103 pentru pielea sensibil\u0103 a celor mici.","robots":{"index":"index","follow":"follow","max-snippet":"max-snippet:-1","max-image-preview":"max-image-preview:large","max-video-preview":"max-video-preview:-1"},"canonical":"https:\/\/ariale.ro\/index.php\/product\/lenjerie-de-pat-safari-magic-ariale-pentru-1-persoana-3-piese-bumbac-ranforce-multicolor\/","og_locale":"ro_RO","og_type":"article","og_title":"Lenjerie de pat Safari Magic Ariale, pentru 1 persoana, 3 piese, bumbac ranforce, Multicolor - Handmade Constanta","og_description":"\"Safari Magic\" -lenjerie fabricat\u0103 din bumbac ranforce 100%, este delicat\u0103 \u0219i confortabil\u0103, perfect\u0103 pentru pielea sensibil\u0103 a celor mici.","og_url":"https:\/\/ariale.ro\/index.php\/product\/lenjerie-de-pat-safari-magic-ariale-pentru-1-persoana-3-piese-bumbac-ranforce-multicolor\/","og_site_name":"Handmade Constanta","article_modified_time":"2024-06-15T00:00:06+00:00","og_image":[{"width":800,"height":700,"url":"https:\/\/ariale.ro\/wp-content\/uploads\/2024\/06\/17.jpg","type":"image\/jpeg"}],"twitter_card":"summary_large_image","twitter_misc":{"Timp estimat pentru citire":"2 minute"},"schema":{"@context":"https:\/\/schema.org","@graph":[{"@type":"WebPage","@id":"https:\/\/ariale.ro\/index.php\/product\/lenjerie-de-pat-safari-magic-ariale-pentru-1-persoana-3-piese-bumbac-ranforce-multicolor\/","url":"https:\/\/ariale.ro\/index.php\/product\/lenjerie-de-pat-safari-magic-ariale-pentru-1-persoana-3-piese-bumbac-ranforce-multicolor\/","name":"Lenjerie de pat Safari Magic Ariale, pentru 1 persoana, 3 piese, bumbac ranforce, Multicolor - Handmade Constanta","isPartOf":{"@id":"https:\/\/ariale.ro\/#website"},"primaryImageOfPage":{"@id":"https:\/\/ariale.ro\/index.php\/product\/lenjerie-de-pat-safari-magic-ariale-pentru-1-persoana-3-piese-bumbac-ranforce-multicolor\/#primaryimage"},"image":{"@id":"https:\/\/ariale.ro\/index.php\/product\/lenjerie-de-pat-safari-magic-ariale-pentru-1-persoana-3-piese-bumbac-ranforce-multicolor\/#primaryimage"},"thumbnailUrl":"https:\/\/ariale.ro\/wp-content\/uploads\/2024\/06\/17.jpg","datePublished":"2024-06-12T12:54:04+00:00","dateModified":"2024-06-15T00:00:06+00:00","description":"\"Safari Magic\" -lenjerie fabricat\u0103 din bumbac ranforce 100%, este delicat\u0103 \u0219i confortabil\u0103, perfect\u0103 pentru pielea sensibil\u0103 a celor mici.","breadcrumb":{"@id":"https:\/\/ariale.ro\/index.php\/product\/lenjerie-de-pat-safari-magic-ariale-pentru-1-persoana-3-piese-bumbac-ranforce-multicolor\/#breadcrumb"},"inLanguage":"ro-RO","potentialAction":[{"@type":"ReadAction","target":["https:\/\/ariale.ro\/index.php\/product\/lenjerie-de-pat-safari-magic-ariale-pentru-1-persoana-3-piese-bumbac-ranforce-multicolor\/"]}]},{"@type":"ImageObject","inLanguage":"ro-RO","@id":"https:\/\/ariale.ro\/index.php\/product\/lenjerie-de-pat-safari-magic-ariale-pentru-1-persoana-3-piese-bumbac-ranforce-multicolor\/#primaryimage","url":"https:\/\/ariale.ro\/wp-content\/uploads\/2024\/06\/17.jpg","contentUrl":"https:\/\/ariale.ro\/wp-content\/uploads\/2024\/06\/17.jpg","width":800,"height":700},{"@type":"BreadcrumbList","@id":"https:\/\/ariale.ro\/index.php\/product\/lenjerie-de-pat-safari-magic-ariale-pentru-1-persoana-3-piese-bumbac-ranforce-multicolor\/#breadcrumb","itemListElement":[{"@type":"ListItem","position":1,"name":"Prima pagin\u0103","item":"https:\/\/ariale.ro\/"},{"@type":"ListItem","position":2,"name":"Shop","item":"https:\/\/ariale.ro\/index.php\/shop\/"},{"@type":"ListItem","position":3,"name":"Lenjerie de pat Safari Magic Ariale, pentru 1 persoana, 3 piese, bumbac ranforce, Multicolor"}]},{"@type":"WebSite","@id":"https:\/\/ariale.ro\/#website","url":"https:\/\/ariale.ro\/","name":"Handmade Constanta","description":"Magazin online cu articole lucrate manual in Romania! Transport rapid! Preturi mici! Livrare din Stoc!","potentialAction":[{"@type":"SearchAction","target":{"@type":"EntryPoint","urlTemplate":"https:\/\/ariale.ro\/?s={search_term_string}"},"query-input":{"@type":"PropertyValueSpecification","valueRequired":true,"valueName":"search_term_string"}}],"inLanguage":"ro-RO"}]}},"_links":{"self":[{"href":"https:\/\/ariale.ro\/index.php\/wp-json\/wp\/v2\/product\/10491","targetHints":{"allow":["GET"]}}],"collection":[{"href":"https:\/\/ariale.ro\/index.php\/wp-json\/wp\/v2\/product"}],"about":[{"href":"https:\/\/ariale.ro\/index.php\/wp-json\/wp\/v2\/types\/product"}],"replies":[{"embeddable":true,"href":"https:\/\/ariale.ro\/index.php\/wp-json\/wp\/v2\/comments?post=10491"}],"wp:featuredmedia":[{"embeddable":true,"href":"https:\/\/ariale.ro\/index.php\/wp-json\/wp\/v2\/media\/10508"}],"wp:attachment":[{"href":"https:\/\/ariale.ro\/index.php\/wp-json\/wp\/v2\/media?parent=10491"}],"wp:term":[{"taxonomy":"product_brand","embeddable":true,"href":"https:\/\/ariale.ro\/index.php\/wp-json\/wp\/v2\/product_brand?post=10491"},{"taxonomy":"product_cat","embeddable":true,"href":"https:\/\/ariale.ro\/index.php\/wp-json\/wp\/v2\/product_cat?post=10491"},{"taxonomy":"product_tag","embeddable":true,"href":"https:\/\/ariale.ro\/index.php\/wp-json\/wp\/v2\/product_tag?post=10491"}],"curies":[{"name":"wp","href":"https:\/\/api.w.org\/{rel}","templated":true}]}}