{"id":10444,"date":"2024-05-14T20:46:38","date_gmt":"2024-05-14T20:46:38","guid":{"rendered":"https:\/\/ariale.ro\/?post_type=product&#038;p=10444"},"modified":"2024-05-14T20:52:24","modified_gmt":"2024-05-14T20:52:24","slug":"cearceaf-de-pat-cu-elastic-smaraldul-relaxarii-ariale-bumbac-ranforce-verde-inchis","status":"publish","type":"product","link":"https:\/\/ariale.ro\/index.php\/product\/cearceaf-de-pat-cu-elastic-smaraldul-relaxarii-ariale-bumbac-ranforce-verde-inchis\/","title":{"rendered":"Cearceaf de pat cu elastic Smaraldul Relax\u0103rii Ariale, bumbac ranforce, verde inchis"},"content":{"rendered":"<p>\u00cenv\u0103luie-\u021bi patul \u00eentr-o aur\u0103 de lini\u0219te \u0219i elegan\u021b\u0103 cu cearceaful de pat Smaraldul Relax\u0103rii. Produs cu aten\u021bie deosebit\u0103 \u00een atelierul nostru Ariale, acest cearceaful reprezint\u0103 echilibrul perfect \u00eentre stil \u0219i confort.<\/p>\n<p>Realizat din bumbac ranforce de cea mai \u00eenalt\u0103 calitate, 100% pur bumbac, fiecare fibr\u0103 a acestui cearceaful ofer\u0103 o atingere fin\u0103 \u0219i pl\u0103cut\u0103. Durabilitatea bumbacului ranforce asigur\u0103 un produs ce rezist\u0103 testului timpului, men\u021bin\u00e2ndu-\u0219i calitatea chiar \u0219i dup\u0103 numeroase utiliz\u0103ri \u0219i sp\u0103l\u0103ri.<\/p>\n<p>Elasticul rezistent de calitate superioar\u0103 garanteaz\u0103 o fixare perfect\u0103, asigur\u00e2nd c\u0103 cearceaful r\u0103m\u00e2ne ferm pe patul t\u0103u \u00een fiecare noapte de somn odihnitor. Fiecare cus\u0103tur\u0103 este realizat\u0103 cu aten\u021bie pentru a conferi o rezisten\u021b\u0103 sporit\u0103 \u0219i o durabilitate de lung\u0103 durat\u0103, oferindu-\u021bi astfel o experien\u021b\u0103 de somn f\u0103r\u0103 griji.<\/p>\n<p>Culoarea vibrant\u0103 \u0219i \u00eembietoare a verdeleui smarald adaug\u0103 un strop de prospe\u021bime \u0219i elegan\u021b\u0103 oric\u0103rui decor. Tonurile bogate \u0219i intense \u00ee\u021bi transform\u0103 dormitorul \u00eentr-un sanctuar al relax\u0103rii \u0219i odihnei. Verdele smarald este o culoare asociat\u0103 cu prosperitatea, pacea \u0219i regenerarea, aduc\u00e2nd un sentiment de lini\u0219te \u0219i echilibru \u00een spa\u021biul t\u0103u de odihn\u0103.<\/p>\n<p>Bucur\u0103-te de un somn odihnitor \u00eenconjurat de lux \u0219i rafinament cu cearceaful de pat Smaraldul Relax\u0103rii<\/p>\n<ul>\n<li>Setul contine 1 piesa:- 1 cearsaf de pat cu elastic (de jur-imprejur) recomandat pentru saltea cu inaltimea de\u00a0 maxim 20 cm.<\/li>\n<\/ul>\n<p>Mod ambalare: punga pvc.<\/p>\n<p><strong>INSTRUCTIUNI<\/strong><\/p>\n<p>Temperatura maxima de spalare 40\u00b0C, actiune mecanica normala, clatire normala, centrifugare normala. Clorinare interzisa. Culorile inchise se recomanda a fi spalate separat.<\/p>\n<p>Orice alte dimensiuni sunt posibile la comanda. O comanda dureaza intre 3 si 7 zile. Livrarea se face prin curier, oriunde in tara!<\/p>\n","protected":false},"excerpt":{"rendered":"<p>Cu cearceaful de pat cu elastic Smaraldul Relax\u0103rii Ariale, somnul devine o experien\u021b\u0103 de neuitat, incantandu-v\u0103 cu fiecare detaliu \u0219i oferindu-v\u0103 o noapte de odihn\u0103 perfect\u0103, de fiecare dat\u0103.<\/p>\n<p><strong>DETALII PRODUS<\/strong><\/p>\n<ul>\n<li>Setul contine 1 piesa:- 1 cearsaf de pat cu elastic (de jur-imprejur) recomandat pentru saltea cu inaltimea de\u00a0 maxim 20 cm.<\/li>\n<\/ul>\n","protected":false},"featured_media":10457,"comment_status":"open","ping_status":"closed","template":"","meta":[],"product_brand":[],"product_cat":[29],"product_tag":[215,216],"class_list":{"0":"post-10444","1":"product","2":"type-product","3":"status-publish","4":"has-post-thumbnail","6":"product_cat-seturi-fete-perna","7":"product_tag-hot","8":"product_tag-new","10":"first","11":"instock","12":"sale","13":"featured","14":"shipping-taxable","15":"purchasable","16":"product-type-variable"},"yoast_head":"<!-- This site is optimized with the Yoast SEO plugin v27.2 - https:\/\/yoast.com\/product\/yoast-seo-wordpress\/ -->\n<title>Cearceaf de pat cu elastic Smaraldul Relax\u0103rii Ariale, bumbac ranforce, verde inchis - Handmade Constanta<\/title>\n<meta name=\"description\" content=\"Cearceaf de pat cu elastic Smaraldul Relax\u0103rii Ariale. Nu mai este nevoie s\u0103 ajustezi cearceafurile \u00een fiecare diminea\u021b\u0103!\" \/>\n<meta name=\"robots\" content=\"index, follow, max-snippet:-1, max-image-preview:large, max-video-preview:-1\" \/>\n<link rel=\"canonical\" href=\"https:\/\/ariale.ro\/index.php\/product\/cearceaf-de-pat-cu-elastic-smaraldul-relaxarii-ariale-bumbac-ranforce-verde-inchis\/\" \/>\n<meta property=\"og:locale\" content=\"ro_RO\" \/>\n<meta property=\"og:type\" content=\"article\" \/>\n<meta property=\"og:title\" content=\"Cearceaf de pat cu elastic Smaraldul Relax\u0103rii Ariale, bumbac ranforce, verde inchis - Handmade Constanta\" \/>\n<meta property=\"og:description\" content=\"Cearceaf de pat cu elastic Smaraldul Relax\u0103rii Ariale. Nu mai este nevoie s\u0103 ajustezi cearceafurile \u00een fiecare diminea\u021b\u0103!\" \/>\n<meta property=\"og:url\" content=\"https:\/\/ariale.ro\/index.php\/product\/cearceaf-de-pat-cu-elastic-smaraldul-relaxarii-ariale-bumbac-ranforce-verde-inchis\/\" \/>\n<meta property=\"og:site_name\" content=\"Handmade Constanta\" \/>\n<meta property=\"article:modified_time\" content=\"2024-05-14T20:52:24+00:00\" \/>\n<meta property=\"og:image\" content=\"https:\/\/ariale.ro\/wp-content\/uploads\/2024\/05\/6-2.jpg\" \/>\n\t<meta property=\"og:image:width\" content=\"800\" \/>\n\t<meta property=\"og:image:height\" content=\"700\" \/>\n\t<meta property=\"og:image:type\" content=\"image\/jpeg\" \/>\n<meta name=\"twitter:card\" content=\"summary_large_image\" \/>\n<meta name=\"twitter:label1\" content=\"Timp estimat pentru citire\" \/>\n\t<meta name=\"twitter:data1\" content=\"2 minute\" \/>\n<script type=\"application\/ld+json\" class=\"yoast-schema-graph\">{\"@context\":\"https:\/\/schema.org\",\"@graph\":[{\"@type\":\"WebPage\",\"@id\":\"https:\/\/ariale.ro\/index.php\/product\/cearceaf-de-pat-cu-elastic-smaraldul-relaxarii-ariale-bumbac-ranforce-verde-inchis\/\",\"url\":\"https:\/\/ariale.ro\/index.php\/product\/cearceaf-de-pat-cu-elastic-smaraldul-relaxarii-ariale-bumbac-ranforce-verde-inchis\/\",\"name\":\"Cearceaf de pat cu elastic Smaraldul Relax\u0103rii Ariale, bumbac ranforce, verde inchis - Handmade Constanta\",\"isPartOf\":{\"@id\":\"https:\/\/ariale.ro\/#website\"},\"primaryImageOfPage\":{\"@id\":\"https:\/\/ariale.ro\/index.php\/product\/cearceaf-de-pat-cu-elastic-smaraldul-relaxarii-ariale-bumbac-ranforce-verde-inchis\/#primaryimage\"},\"image\":{\"@id\":\"https:\/\/ariale.ro\/index.php\/product\/cearceaf-de-pat-cu-elastic-smaraldul-relaxarii-ariale-bumbac-ranforce-verde-inchis\/#primaryimage\"},\"thumbnailUrl\":\"https:\/\/ariale.ro\/wp-content\/uploads\/2024\/05\/6-2.jpg\",\"datePublished\":\"2024-05-14T20:46:38+00:00\",\"dateModified\":\"2024-05-14T20:52:24+00:00\",\"description\":\"Cearceaf de pat cu elastic Smaraldul Relax\u0103rii Ariale. Nu mai este nevoie s\u0103 ajustezi cearceafurile \u00een fiecare diminea\u021b\u0103!\",\"breadcrumb\":{\"@id\":\"https:\/\/ariale.ro\/index.php\/product\/cearceaf-de-pat-cu-elastic-smaraldul-relaxarii-ariale-bumbac-ranforce-verde-inchis\/#breadcrumb\"},\"inLanguage\":\"ro-RO\",\"potentialAction\":[{\"@type\":\"ReadAction\",\"target\":[\"https:\/\/ariale.ro\/index.php\/product\/cearceaf-de-pat-cu-elastic-smaraldul-relaxarii-ariale-bumbac-ranforce-verde-inchis\/\"]}]},{\"@type\":\"ImageObject\",\"inLanguage\":\"ro-RO\",\"@id\":\"https:\/\/ariale.ro\/index.php\/product\/cearceaf-de-pat-cu-elastic-smaraldul-relaxarii-ariale-bumbac-ranforce-verde-inchis\/#primaryimage\",\"url\":\"https:\/\/ariale.ro\/wp-content\/uploads\/2024\/05\/6-2.jpg\",\"contentUrl\":\"https:\/\/ariale.ro\/wp-content\/uploads\/2024\/05\/6-2.jpg\",\"width\":800,\"height\":700},{\"@type\":\"BreadcrumbList\",\"@id\":\"https:\/\/ariale.ro\/index.php\/product\/cearceaf-de-pat-cu-elastic-smaraldul-relaxarii-ariale-bumbac-ranforce-verde-inchis\/#breadcrumb\",\"itemListElement\":[{\"@type\":\"ListItem\",\"position\":1,\"name\":\"Prima pagin\u0103\",\"item\":\"https:\/\/ariale.ro\/\"},{\"@type\":\"ListItem\",\"position\":2,\"name\":\"Shop\",\"item\":\"https:\/\/ariale.ro\/index.php\/shop\/\"},{\"@type\":\"ListItem\",\"position\":3,\"name\":\"Cearceaf de pat cu elastic Smaraldul Relax\u0103rii Ariale, bumbac ranforce, verde inchis\"}]},{\"@type\":\"WebSite\",\"@id\":\"https:\/\/ariale.ro\/#website\",\"url\":\"https:\/\/ariale.ro\/\",\"name\":\"Handmade Constanta\",\"description\":\"Magazin online cu articole lucrate manual in Romania! Transport rapid! Preturi mici! Livrare din Stoc!\",\"potentialAction\":[{\"@type\":\"SearchAction\",\"target\":{\"@type\":\"EntryPoint\",\"urlTemplate\":\"https:\/\/ariale.ro\/?s={search_term_string}\"},\"query-input\":{\"@type\":\"PropertyValueSpecification\",\"valueRequired\":true,\"valueName\":\"search_term_string\"}}],\"inLanguage\":\"ro-RO\"}]}<\/script>\n<!-- \/ Yoast SEO plugin. -->","yoast_head_json":{"title":"Cearceaf de pat cu elastic Smaraldul Relax\u0103rii Ariale, bumbac ranforce, verde inchis - Handmade Constanta","description":"Cearceaf de pat cu elastic Smaraldul Relax\u0103rii Ariale. Nu mai este nevoie s\u0103 ajustezi cearceafurile \u00een fiecare diminea\u021b\u0103!","robots":{"index":"index","follow":"follow","max-snippet":"max-snippet:-1","max-image-preview":"max-image-preview:large","max-video-preview":"max-video-preview:-1"},"canonical":"https:\/\/ariale.ro\/index.php\/product\/cearceaf-de-pat-cu-elastic-smaraldul-relaxarii-ariale-bumbac-ranforce-verde-inchis\/","og_locale":"ro_RO","og_type":"article","og_title":"Cearceaf de pat cu elastic Smaraldul Relax\u0103rii Ariale, bumbac ranforce, verde inchis - Handmade Constanta","og_description":"Cearceaf de pat cu elastic Smaraldul Relax\u0103rii Ariale. Nu mai este nevoie s\u0103 ajustezi cearceafurile \u00een fiecare diminea\u021b\u0103!","og_url":"https:\/\/ariale.ro\/index.php\/product\/cearceaf-de-pat-cu-elastic-smaraldul-relaxarii-ariale-bumbac-ranforce-verde-inchis\/","og_site_name":"Handmade Constanta","article_modified_time":"2024-05-14T20:52:24+00:00","og_image":[{"width":800,"height":700,"url":"https:\/\/ariale.ro\/wp-content\/uploads\/2024\/05\/6-2.jpg","type":"image\/jpeg"}],"twitter_card":"summary_large_image","twitter_misc":{"Timp estimat pentru citire":"2 minute"},"schema":{"@context":"https:\/\/schema.org","@graph":[{"@type":"WebPage","@id":"https:\/\/ariale.ro\/index.php\/product\/cearceaf-de-pat-cu-elastic-smaraldul-relaxarii-ariale-bumbac-ranforce-verde-inchis\/","url":"https:\/\/ariale.ro\/index.php\/product\/cearceaf-de-pat-cu-elastic-smaraldul-relaxarii-ariale-bumbac-ranforce-verde-inchis\/","name":"Cearceaf de pat cu elastic Smaraldul Relax\u0103rii Ariale, bumbac ranforce, verde inchis - Handmade Constanta","isPartOf":{"@id":"https:\/\/ariale.ro\/#website"},"primaryImageOfPage":{"@id":"https:\/\/ariale.ro\/index.php\/product\/cearceaf-de-pat-cu-elastic-smaraldul-relaxarii-ariale-bumbac-ranforce-verde-inchis\/#primaryimage"},"image":{"@id":"https:\/\/ariale.ro\/index.php\/product\/cearceaf-de-pat-cu-elastic-smaraldul-relaxarii-ariale-bumbac-ranforce-verde-inchis\/#primaryimage"},"thumbnailUrl":"https:\/\/ariale.ro\/wp-content\/uploads\/2024\/05\/6-2.jpg","datePublished":"2024-05-14T20:46:38+00:00","dateModified":"2024-05-14T20:52:24+00:00","description":"Cearceaf de pat cu elastic Smaraldul Relax\u0103rii Ariale. Nu mai este nevoie s\u0103 ajustezi cearceafurile \u00een fiecare diminea\u021b\u0103!","breadcrumb":{"@id":"https:\/\/ariale.ro\/index.php\/product\/cearceaf-de-pat-cu-elastic-smaraldul-relaxarii-ariale-bumbac-ranforce-verde-inchis\/#breadcrumb"},"inLanguage":"ro-RO","potentialAction":[{"@type":"ReadAction","target":["https:\/\/ariale.ro\/index.php\/product\/cearceaf-de-pat-cu-elastic-smaraldul-relaxarii-ariale-bumbac-ranforce-verde-inchis\/"]}]},{"@type":"ImageObject","inLanguage":"ro-RO","@id":"https:\/\/ariale.ro\/index.php\/product\/cearceaf-de-pat-cu-elastic-smaraldul-relaxarii-ariale-bumbac-ranforce-verde-inchis\/#primaryimage","url":"https:\/\/ariale.ro\/wp-content\/uploads\/2024\/05\/6-2.jpg","contentUrl":"https:\/\/ariale.ro\/wp-content\/uploads\/2024\/05\/6-2.jpg","width":800,"height":700},{"@type":"BreadcrumbList","@id":"https:\/\/ariale.ro\/index.php\/product\/cearceaf-de-pat-cu-elastic-smaraldul-relaxarii-ariale-bumbac-ranforce-verde-inchis\/#breadcrumb","itemListElement":[{"@type":"ListItem","position":1,"name":"Prima pagin\u0103","item":"https:\/\/ariale.ro\/"},{"@type":"ListItem","position":2,"name":"Shop","item":"https:\/\/ariale.ro\/index.php\/shop\/"},{"@type":"ListItem","position":3,"name":"Cearceaf de pat cu elastic Smaraldul Relax\u0103rii Ariale, bumbac ranforce, verde inchis"}]},{"@type":"WebSite","@id":"https:\/\/ariale.ro\/#website","url":"https:\/\/ariale.ro\/","name":"Handmade Constanta","description":"Magazin online cu articole lucrate manual in Romania! Transport rapid! Preturi mici! Livrare din Stoc!","potentialAction":[{"@type":"SearchAction","target":{"@type":"EntryPoint","urlTemplate":"https:\/\/ariale.ro\/?s={search_term_string}"},"query-input":{"@type":"PropertyValueSpecification","valueRequired":true,"valueName":"search_term_string"}}],"inLanguage":"ro-RO"}]}},"_links":{"self":[{"href":"https:\/\/ariale.ro\/index.php\/wp-json\/wp\/v2\/product\/10444","targetHints":{"allow":["GET"]}}],"collection":[{"href":"https:\/\/ariale.ro\/index.php\/wp-json\/wp\/v2\/product"}],"about":[{"href":"https:\/\/ariale.ro\/index.php\/wp-json\/wp\/v2\/types\/product"}],"replies":[{"embeddable":true,"href":"https:\/\/ariale.ro\/index.php\/wp-json\/wp\/v2\/comments?post=10444"}],"wp:featuredmedia":[{"embeddable":true,"href":"https:\/\/ariale.ro\/index.php\/wp-json\/wp\/v2\/media\/10457"}],"wp:attachment":[{"href":"https:\/\/ariale.ro\/index.php\/wp-json\/wp\/v2\/media?parent=10444"}],"wp:term":[{"taxonomy":"product_brand","embeddable":true,"href":"https:\/\/ariale.ro\/index.php\/wp-json\/wp\/v2\/product_brand?post=10444"},{"taxonomy":"product_cat","embeddable":true,"href":"https:\/\/ariale.ro\/index.php\/wp-json\/wp\/v2\/product_cat?post=10444"},{"taxonomy":"product_tag","embeddable":true,"href":"https:\/\/ariale.ro\/index.php\/wp-json\/wp\/v2\/product_tag?post=10444"}],"curies":[{"name":"wp","href":"https:\/\/api.w.org\/{rel}","templated":true}]}}