{"id":10418,"date":"2024-05-14T20:12:16","date_gmt":"2024-05-14T20:12:16","guid":{"rendered":"https:\/\/ariale.ro\/?post_type=product&#038;p=10418"},"modified":"2024-06-29T08:40:00","modified_gmt":"2024-06-29T08:40:00","slug":"lenjerie-de-pat-ariale-boho-bloom-pentru-2-persoane-4-piese-bumbac-ranforce-multicolor","status":"publish","type":"product","link":"https:\/\/ariale.ro\/index.php\/product\/lenjerie-de-pat-ariale-boho-bloom-pentru-2-persoane-4-piese-bumbac-ranforce-multicolor\/","title":{"rendered":"Lenjerie de pat Ariale Boho Bloom, pentru 2 persoane, 4 piese, bumbac ranforce, Multicolor"},"content":{"rendered":"<p>Imbrac\u0103-\u021bi patul intr-o oaz\u0103 de frumuse\u021be \u0219i relaxare cu lenjeria de pat Ariale Boho Bloom. Creat\u0103 cu migal\u0103 in atelierul nostru, fiecare pies\u0103 este o expresie a artei, imbinat\u0103 armonios cu tehnologia modern\u0103 de imprimare digital\u0103. Cu un design inspirat boem, pe un fundal alb insufle\u021bit de flori delicate in nuan\u021be calde de albastru, bej \u0219i placute, aceast\u0103 lenjerie te invit\u0103 s\u0103 visezi \u0219i s\u0103 te relaxezi in confortul propriei tale lumi. Fabricat\u0103 din bumbac ranforce de cea mai inalt\u0103 calitate, ofer\u0103 un contact pl\u0103cut cu pielea \u0219i o rezisten\u021b\u0103 de durat\u0103. Un cadou perfect pentru cei dragi sau pentru a-\u021bi r\u0103sf\u0103\u021ba propria oaz\u0103 de lini\u0219te, lenjeria de pat Ariale Boho Bloom reprezint\u0103 nu doar o achizi\u021bie, ci o investi\u021bie in calitate \u0219i confort. Experimenteaz\u0103 farmecul boem in fiecare noapte cu aceast\u0103 lenjerie de pat, care ofer\u0103 un raport calitate-pre\u021b excelent, pentru a transforma orice dormitor intr-un sanctuar al armoniei \u0219i frumuse\u021bii naturii.<\/p>\n<p>Produs\u0103 cu grij\u0103 in atelierul nostru Ariale, aceast\u0103 lenjerie ofer\u0103 o experien\u021b\u0103 de somn f\u0103r\u0103 egal. Setul include un cearceaf de pat 220&#215;240 cm, un cearceaf de pilota 200x220cm \u0219i 2\u00a0fete\u00a0de pern\u0103 de 50x70cm.<\/p>\n<p>Bumbacul ranforce, utilizat in fabricarea acestui set, adaug\u0103 o senza\u021bie de catifelare \u0219i rezisten\u021b\u0103 la lenjerie, oferindu-\u021bi astfel nu doar confort, ci \u0219i durabilitate in timp. Culorile rezistente la sp\u0103lare men\u021bin prospe\u021bimea \u0219i str\u0103lucirea setului.<\/p>\n<p>Destinatie:<\/p>\n<p>uz domestic, pentru acasa<br \/>\nCaracteristici material:<\/p>\n<p>Compozitie material 100% bumbac, tip ranforce<br \/>\nDensitate 120 g\/m2<br \/>\nConstructie tesatura: 144 fire\/inch2<br \/>\nSamforizat, adica are contractii foarte reduse la spalari repetate la temperatura inalta de spalare<br \/>\nUtilizare indelungata<br \/>\nComponentele si dimensiunile setului de lenjerie de pat bumbac:<br \/>\n1 x Cearceaf de pat 220 x\u00a0240cm,<br \/>\n1 x Cearceaf pentru pilota 200 x 220cm,<br \/>\n2 x Fata\u00a0de perna 50 x 70 cm (total 4\u00a0piese, pentru 2\u00a0persoane).<br \/>\nIntretinere:<\/p>\n<p>Spalare: automata sau manuala la temperatura maxima de 40 \u00b0C,<br \/>\nUscare: la uscatorul electric sau in aer liber,<br \/>\nCalcare: se poate calca conform temperaturilor pretabile pentru bumbac: 200 \u00b0C, cu sau fara abur.<\/p>\n","protected":false},"excerpt":{"rendered":"<p>Produs\u0103 cu grij\u0103 in atelierul nostru Ariale, aceast\u0103 lenjerie ofer\u0103 o experien\u021b\u0103 de somn f\u0103r\u0103 egal. Setul include un cearceaf de pat 220&#215;240 cm, un cearceaf de pilota 200x220cm \u0219i 2\u00a0fete\u00a0de pern\u0103 de 50x70cm.<\/p>\n","protected":false},"featured_media":10414,"comment_status":"open","ping_status":"closed","template":"","meta":[],"product_brand":[],"product_cat":[73],"product_tag":[194],"class_list":{"0":"post-10418","1":"product","2":"type-product","3":"status-publish","4":"has-post-thumbnail","6":"product_cat-lenjerii-clasice","7":"product_tag-nou","9":"first","10":"instock","11":"shipping-taxable","12":"purchasable","13":"product-type-simple"},"yoast_head":"<!-- This site is optimized with the Yoast SEO plugin v27.2 - https:\/\/yoast.com\/product\/yoast-seo-wordpress\/ -->\n<title>Lenjerie de pat Ariale Boho Bloom, pentru 2 persoane, 4 piese, bumbac ranforce, Multicolor - Handmade Constanta<\/title>\n<meta name=\"description\" content=\"Imbrac\u0103-\u021bi patul intr-o oaz\u0103 de frumuse\u021be \u0219i relaxare cu lenjeria de pat Ariale Boho. Un cadou perfect sau pentru a-\u021bi r\u0103sf\u0103\u021ba propria oaz\u0103 de lini\u0219te.\" \/>\n<meta name=\"robots\" content=\"index, follow, max-snippet:-1, max-image-preview:large, max-video-preview:-1\" \/>\n<link rel=\"canonical\" href=\"https:\/\/ariale.ro\/index.php\/product\/lenjerie-de-pat-ariale-boho-bloom-pentru-2-persoane-4-piese-bumbac-ranforce-multicolor\/\" \/>\n<meta property=\"og:locale\" content=\"ro_RO\" \/>\n<meta property=\"og:type\" content=\"article\" \/>\n<meta property=\"og:title\" content=\"Lenjerie de pat Ariale Boho Bloom, pentru 2 persoane, 4 piese, bumbac ranforce, Multicolor - Handmade Constanta\" \/>\n<meta property=\"og:description\" content=\"Imbrac\u0103-\u021bi patul intr-o oaz\u0103 de frumuse\u021be \u0219i relaxare cu lenjeria de pat Ariale Boho. Un cadou perfect sau pentru a-\u021bi r\u0103sf\u0103\u021ba propria oaz\u0103 de lini\u0219te.\" \/>\n<meta property=\"og:url\" content=\"https:\/\/ariale.ro\/index.php\/product\/lenjerie-de-pat-ariale-boho-bloom-pentru-2-persoane-4-piese-bumbac-ranforce-multicolor\/\" \/>\n<meta property=\"og:site_name\" content=\"Handmade Constanta\" \/>\n<meta property=\"article:modified_time\" content=\"2024-06-29T08:40:00+00:00\" \/>\n<meta property=\"og:image\" content=\"https:\/\/ariale.ro\/wp-content\/uploads\/2024\/05\/37.jpg\" \/>\n\t<meta property=\"og:image:width\" content=\"800\" \/>\n\t<meta property=\"og:image:height\" content=\"700\" \/>\n\t<meta property=\"og:image:type\" content=\"image\/jpeg\" \/>\n<meta name=\"twitter:card\" content=\"summary_large_image\" \/>\n<meta name=\"twitter:label1\" content=\"Timp estimat pentru citire\" \/>\n\t<meta name=\"twitter:data1\" content=\"3 minute\" \/>\n<script type=\"application\/ld+json\" class=\"yoast-schema-graph\">{\"@context\":\"https:\/\/schema.org\",\"@graph\":[{\"@type\":\"WebPage\",\"@id\":\"https:\/\/ariale.ro\/index.php\/product\/lenjerie-de-pat-ariale-boho-bloom-pentru-2-persoane-4-piese-bumbac-ranforce-multicolor\/\",\"url\":\"https:\/\/ariale.ro\/index.php\/product\/lenjerie-de-pat-ariale-boho-bloom-pentru-2-persoane-4-piese-bumbac-ranforce-multicolor\/\",\"name\":\"Lenjerie de pat Ariale Boho Bloom, pentru 2 persoane, 4 piese, bumbac ranforce, Multicolor - Handmade Constanta\",\"isPartOf\":{\"@id\":\"https:\/\/ariale.ro\/#website\"},\"primaryImageOfPage\":{\"@id\":\"https:\/\/ariale.ro\/index.php\/product\/lenjerie-de-pat-ariale-boho-bloom-pentru-2-persoane-4-piese-bumbac-ranforce-multicolor\/#primaryimage\"},\"image\":{\"@id\":\"https:\/\/ariale.ro\/index.php\/product\/lenjerie-de-pat-ariale-boho-bloom-pentru-2-persoane-4-piese-bumbac-ranforce-multicolor\/#primaryimage\"},\"thumbnailUrl\":\"https:\/\/ariale.ro\/wp-content\/uploads\/2024\/05\/37.jpg\",\"datePublished\":\"2024-05-14T20:12:16+00:00\",\"dateModified\":\"2024-06-29T08:40:00+00:00\",\"description\":\"Imbrac\u0103-\u021bi patul intr-o oaz\u0103 de frumuse\u021be \u0219i relaxare cu lenjeria de pat Ariale Boho. Un cadou perfect sau pentru a-\u021bi r\u0103sf\u0103\u021ba propria oaz\u0103 de lini\u0219te.\",\"breadcrumb\":{\"@id\":\"https:\/\/ariale.ro\/index.php\/product\/lenjerie-de-pat-ariale-boho-bloom-pentru-2-persoane-4-piese-bumbac-ranforce-multicolor\/#breadcrumb\"},\"inLanguage\":\"ro-RO\",\"potentialAction\":[{\"@type\":\"ReadAction\",\"target\":[\"https:\/\/ariale.ro\/index.php\/product\/lenjerie-de-pat-ariale-boho-bloom-pentru-2-persoane-4-piese-bumbac-ranforce-multicolor\/\"]}]},{\"@type\":\"ImageObject\",\"inLanguage\":\"ro-RO\",\"@id\":\"https:\/\/ariale.ro\/index.php\/product\/lenjerie-de-pat-ariale-boho-bloom-pentru-2-persoane-4-piese-bumbac-ranforce-multicolor\/#primaryimage\",\"url\":\"https:\/\/ariale.ro\/wp-content\/uploads\/2024\/05\/37.jpg\",\"contentUrl\":\"https:\/\/ariale.ro\/wp-content\/uploads\/2024\/05\/37.jpg\",\"width\":800,\"height\":700},{\"@type\":\"BreadcrumbList\",\"@id\":\"https:\/\/ariale.ro\/index.php\/product\/lenjerie-de-pat-ariale-boho-bloom-pentru-2-persoane-4-piese-bumbac-ranforce-multicolor\/#breadcrumb\",\"itemListElement\":[{\"@type\":\"ListItem\",\"position\":1,\"name\":\"Prima pagin\u0103\",\"item\":\"https:\/\/ariale.ro\/\"},{\"@type\":\"ListItem\",\"position\":2,\"name\":\"Shop\",\"item\":\"https:\/\/ariale.ro\/index.php\/shop\/\"},{\"@type\":\"ListItem\",\"position\":3,\"name\":\"Lenjerie de pat Ariale Boho Bloom, pentru 2 persoane, 4 piese, bumbac ranforce, Multicolor\"}]},{\"@type\":\"WebSite\",\"@id\":\"https:\/\/ariale.ro\/#website\",\"url\":\"https:\/\/ariale.ro\/\",\"name\":\"Handmade Constanta\",\"description\":\"Magazin online cu articole lucrate manual in Romania! Transport rapid! Preturi mici! Livrare din Stoc!\",\"potentialAction\":[{\"@type\":\"SearchAction\",\"target\":{\"@type\":\"EntryPoint\",\"urlTemplate\":\"https:\/\/ariale.ro\/?s={search_term_string}\"},\"query-input\":{\"@type\":\"PropertyValueSpecification\",\"valueRequired\":true,\"valueName\":\"search_term_string\"}}],\"inLanguage\":\"ro-RO\"}]}<\/script>\n<!-- \/ Yoast SEO plugin. -->","yoast_head_json":{"title":"Lenjerie de pat Ariale Boho Bloom, pentru 2 persoane, 4 piese, bumbac ranforce, Multicolor - Handmade Constanta","description":"Imbrac\u0103-\u021bi patul intr-o oaz\u0103 de frumuse\u021be \u0219i relaxare cu lenjeria de pat Ariale Boho. Un cadou perfect sau pentru a-\u021bi r\u0103sf\u0103\u021ba propria oaz\u0103 de lini\u0219te.","robots":{"index":"index","follow":"follow","max-snippet":"max-snippet:-1","max-image-preview":"max-image-preview:large","max-video-preview":"max-video-preview:-1"},"canonical":"https:\/\/ariale.ro\/index.php\/product\/lenjerie-de-pat-ariale-boho-bloom-pentru-2-persoane-4-piese-bumbac-ranforce-multicolor\/","og_locale":"ro_RO","og_type":"article","og_title":"Lenjerie de pat Ariale Boho Bloom, pentru 2 persoane, 4 piese, bumbac ranforce, Multicolor - Handmade Constanta","og_description":"Imbrac\u0103-\u021bi patul intr-o oaz\u0103 de frumuse\u021be \u0219i relaxare cu lenjeria de pat Ariale Boho. Un cadou perfect sau pentru a-\u021bi r\u0103sf\u0103\u021ba propria oaz\u0103 de lini\u0219te.","og_url":"https:\/\/ariale.ro\/index.php\/product\/lenjerie-de-pat-ariale-boho-bloom-pentru-2-persoane-4-piese-bumbac-ranforce-multicolor\/","og_site_name":"Handmade Constanta","article_modified_time":"2024-06-29T08:40:00+00:00","og_image":[{"width":800,"height":700,"url":"https:\/\/ariale.ro\/wp-content\/uploads\/2024\/05\/37.jpg","type":"image\/jpeg"}],"twitter_card":"summary_large_image","twitter_misc":{"Timp estimat pentru citire":"3 minute"},"schema":{"@context":"https:\/\/schema.org","@graph":[{"@type":"WebPage","@id":"https:\/\/ariale.ro\/index.php\/product\/lenjerie-de-pat-ariale-boho-bloom-pentru-2-persoane-4-piese-bumbac-ranforce-multicolor\/","url":"https:\/\/ariale.ro\/index.php\/product\/lenjerie-de-pat-ariale-boho-bloom-pentru-2-persoane-4-piese-bumbac-ranforce-multicolor\/","name":"Lenjerie de pat Ariale Boho Bloom, pentru 2 persoane, 4 piese, bumbac ranforce, Multicolor - Handmade Constanta","isPartOf":{"@id":"https:\/\/ariale.ro\/#website"},"primaryImageOfPage":{"@id":"https:\/\/ariale.ro\/index.php\/product\/lenjerie-de-pat-ariale-boho-bloom-pentru-2-persoane-4-piese-bumbac-ranforce-multicolor\/#primaryimage"},"image":{"@id":"https:\/\/ariale.ro\/index.php\/product\/lenjerie-de-pat-ariale-boho-bloom-pentru-2-persoane-4-piese-bumbac-ranforce-multicolor\/#primaryimage"},"thumbnailUrl":"https:\/\/ariale.ro\/wp-content\/uploads\/2024\/05\/37.jpg","datePublished":"2024-05-14T20:12:16+00:00","dateModified":"2024-06-29T08:40:00+00:00","description":"Imbrac\u0103-\u021bi patul intr-o oaz\u0103 de frumuse\u021be \u0219i relaxare cu lenjeria de pat Ariale Boho. Un cadou perfect sau pentru a-\u021bi r\u0103sf\u0103\u021ba propria oaz\u0103 de lini\u0219te.","breadcrumb":{"@id":"https:\/\/ariale.ro\/index.php\/product\/lenjerie-de-pat-ariale-boho-bloom-pentru-2-persoane-4-piese-bumbac-ranforce-multicolor\/#breadcrumb"},"inLanguage":"ro-RO","potentialAction":[{"@type":"ReadAction","target":["https:\/\/ariale.ro\/index.php\/product\/lenjerie-de-pat-ariale-boho-bloom-pentru-2-persoane-4-piese-bumbac-ranforce-multicolor\/"]}]},{"@type":"ImageObject","inLanguage":"ro-RO","@id":"https:\/\/ariale.ro\/index.php\/product\/lenjerie-de-pat-ariale-boho-bloom-pentru-2-persoane-4-piese-bumbac-ranforce-multicolor\/#primaryimage","url":"https:\/\/ariale.ro\/wp-content\/uploads\/2024\/05\/37.jpg","contentUrl":"https:\/\/ariale.ro\/wp-content\/uploads\/2024\/05\/37.jpg","width":800,"height":700},{"@type":"BreadcrumbList","@id":"https:\/\/ariale.ro\/index.php\/product\/lenjerie-de-pat-ariale-boho-bloom-pentru-2-persoane-4-piese-bumbac-ranforce-multicolor\/#breadcrumb","itemListElement":[{"@type":"ListItem","position":1,"name":"Prima pagin\u0103","item":"https:\/\/ariale.ro\/"},{"@type":"ListItem","position":2,"name":"Shop","item":"https:\/\/ariale.ro\/index.php\/shop\/"},{"@type":"ListItem","position":3,"name":"Lenjerie de pat Ariale Boho Bloom, pentru 2 persoane, 4 piese, bumbac ranforce, Multicolor"}]},{"@type":"WebSite","@id":"https:\/\/ariale.ro\/#website","url":"https:\/\/ariale.ro\/","name":"Handmade Constanta","description":"Magazin online cu articole lucrate manual in Romania! Transport rapid! Preturi mici! Livrare din Stoc!","potentialAction":[{"@type":"SearchAction","target":{"@type":"EntryPoint","urlTemplate":"https:\/\/ariale.ro\/?s={search_term_string}"},"query-input":{"@type":"PropertyValueSpecification","valueRequired":true,"valueName":"search_term_string"}}],"inLanguage":"ro-RO"}]}},"_links":{"self":[{"href":"https:\/\/ariale.ro\/index.php\/wp-json\/wp\/v2\/product\/10418","targetHints":{"allow":["GET"]}}],"collection":[{"href":"https:\/\/ariale.ro\/index.php\/wp-json\/wp\/v2\/product"}],"about":[{"href":"https:\/\/ariale.ro\/index.php\/wp-json\/wp\/v2\/types\/product"}],"replies":[{"embeddable":true,"href":"https:\/\/ariale.ro\/index.php\/wp-json\/wp\/v2\/comments?post=10418"}],"wp:featuredmedia":[{"embeddable":true,"href":"https:\/\/ariale.ro\/index.php\/wp-json\/wp\/v2\/media\/10414"}],"wp:attachment":[{"href":"https:\/\/ariale.ro\/index.php\/wp-json\/wp\/v2\/media?parent=10418"}],"wp:term":[{"taxonomy":"product_brand","embeddable":true,"href":"https:\/\/ariale.ro\/index.php\/wp-json\/wp\/v2\/product_brand?post=10418"},{"taxonomy":"product_cat","embeddable":true,"href":"https:\/\/ariale.ro\/index.php\/wp-json\/wp\/v2\/product_cat?post=10418"},{"taxonomy":"product_tag","embeddable":true,"href":"https:\/\/ariale.ro\/index.php\/wp-json\/wp\/v2\/product_tag?post=10418"}],"curies":[{"name":"wp","href":"https:\/\/api.w.org\/{rel}","templated":true}]}}