{"id":10064,"date":"2024-02-19T17:28:40","date_gmt":"2024-02-19T17:28:40","guid":{"rendered":"https:\/\/ariale.ro\/?post_type=product&#038;p=10064"},"modified":"2024-04-01T00:00:09","modified_gmt":"2024-04-01T00:00:09","slug":"set-2-fete-de-perna-dulce-visare-ariale-50x70cm-bumbac-ranforce-alb","status":"publish","type":"product","link":"https:\/\/ariale.ro\/index.php\/product\/set-2-fete-de-perna-dulce-visare-ariale-50x70cm-bumbac-ranforce-alb\/","title":{"rendered":"Set 2 fete de perna,  Dulce Visare Ariale, 50x70cm, bumbac ranforce, alb"},"content":{"rendered":"<p>Imbrac\u0103-\u021bi dormitorul intr-un dans romantic de dantel\u0103 \u0219i culoare cu colec\u021bia &#8222;Dulce Visare&#8221;. Creat\u0103 cu dragoste in atelierul Ariale, aceast\u0103 colec\u021bie aduce un zambet dulce pe chipul t\u0103u in fiecare sear\u0103.<\/p>\n<p>Dantela ivoire, plin\u0103 de motive juc\u0103u\u0219e de soare, lun\u0103 \u0219i stele, adaug\u0103 o not\u0103 de romantism fiec\u0103rui set. Fiecare fat\u0103 de pern\u0103 este imbr\u0103\u021bi\u0219at\u0103 de o dantel\u0103 delicat\u0103 cu o l\u0103\u021bime de 10 cm, transformandu-le in adev\u0103rate bijuterii de pat.<\/p>\n<p>&#8222;Dulce Visare&#8221; te invit\u0103 intr-o lume a viselor romantice \u0219i a confortului rafinat. Bumbacul ranforce de cea mai inalt\u0103 calitate garanteaz\u0103 o pl\u0103cere senzorial\u0103, iar detaliile juc\u0103u\u0219e aduc un farmec aparte fiec\u0103rei nop\u021bi.<\/p>\n<p>Alege &#8222;Dulce Visare&#8221; \u0219i transform\u0103-\u021bi dormitorul intr-un loc magic, unde fiecare noapte devine o poveste de iubire \u0219i romantism, iar fiecare lenjerie este o declara\u021bie de elegan\u021b\u0103 \u0219i bucurie.<\/p>\n<p>Destinatie:<\/p>\n<p>uz domestic, pentru acasa<br \/>\nCaracteristici material:<\/p>\n<p>Compozitie material 100% bumbac, tip ranforce<br \/>\nDensitate 120 g\/m2<br \/>\nConstructie tesatura: 144 fire\/inch2<br \/>\nSamforizat, adica are contractii foarte reduse la spalari repetate la temperatura inalta de spalare<br \/>\nUtilizare indelungata<br \/>\nComponentele si dimensiuni:<br \/>\n2 x Fete de perna 50 x 70 cm.<\/p>\n","protected":false},"excerpt":{"rendered":"<p>Fiecare fat\u0103 de pern\u0103 este imbr\u0103\u021bi\u0219at\u0103 de o dantel\u0103 delicat\u0103 cu o l\u0103\u021bime de 10 cm, transformandu-le in adev\u0103rate bijuterii de pat.<\/p>\n<p>Componentele si dimensiuni:<br \/>\n2 x Fete de perna 50 x 70 cm.<\/p>\n","protected":false},"featured_media":10065,"comment_status":"open","ping_status":"closed","template":"","meta":[],"product_brand":[],"product_cat":[29],"product_tag":[215,216],"class_list":{"0":"post-10064","1":"product","2":"type-product","3":"status-publish","4":"has-post-thumbnail","6":"product_cat-seturi-fete-perna","7":"product_tag-hot","8":"product_tag-new","10":"first","11":"instock","12":"shipping-taxable","13":"purchasable","14":"product-type-simple"},"yoast_head":"<!-- This site is optimized with the Yoast SEO plugin v27.2 - https:\/\/yoast.com\/product\/yoast-seo-wordpress\/ -->\n<title>Set 2 fete de perna, Dulce Visare Ariale, 50x70cm, bumbac ranforce, alb - Handmade Constanta<\/title>\n<meta name=\"description\" content=\"Creat\u0103 cu dragoste in atelierul Ariale, aceast\u0103 colec\u021bie aduce un zambet dulce pe chipul t\u0103u in fiecare sear\u0103.\" \/>\n<meta name=\"robots\" content=\"index, follow, max-snippet:-1, max-image-preview:large, max-video-preview:-1\" \/>\n<link rel=\"canonical\" href=\"https:\/\/ariale.ro\/index.php\/product\/set-2-fete-de-perna-dulce-visare-ariale-50x70cm-bumbac-ranforce-alb\/\" \/>\n<meta property=\"og:locale\" content=\"ro_RO\" \/>\n<meta property=\"og:type\" content=\"article\" \/>\n<meta property=\"og:title\" content=\"Set 2 fete de perna, Dulce Visare Ariale, 50x70cm, bumbac ranforce, alb - Handmade Constanta\" \/>\n<meta property=\"og:description\" content=\"Creat\u0103 cu dragoste in atelierul Ariale, aceast\u0103 colec\u021bie aduce un zambet dulce pe chipul t\u0103u in fiecare sear\u0103.\" \/>\n<meta property=\"og:url\" content=\"https:\/\/ariale.ro\/index.php\/product\/set-2-fete-de-perna-dulce-visare-ariale-50x70cm-bumbac-ranforce-alb\/\" \/>\n<meta property=\"og:site_name\" content=\"Handmade Constanta\" \/>\n<meta property=\"article:modified_time\" content=\"2024-04-01T00:00:09+00:00\" \/>\n<meta property=\"og:image\" content=\"https:\/\/ariale.ro\/wp-content\/uploads\/2024\/02\/1-6.jpg\" \/>\n\t<meta property=\"og:image:width\" content=\"800\" \/>\n\t<meta property=\"og:image:height\" content=\"700\" \/>\n\t<meta property=\"og:image:type\" content=\"image\/jpeg\" \/>\n<meta name=\"twitter:card\" content=\"summary_large_image\" \/>\n<meta name=\"twitter:label1\" content=\"Timp estimat pentru citire\" \/>\n\t<meta name=\"twitter:data1\" content=\"2 minute\" \/>\n<script type=\"application\/ld+json\" class=\"yoast-schema-graph\">{\"@context\":\"https:\/\/schema.org\",\"@graph\":[{\"@type\":\"WebPage\",\"@id\":\"https:\/\/ariale.ro\/index.php\/product\/set-2-fete-de-perna-dulce-visare-ariale-50x70cm-bumbac-ranforce-alb\/\",\"url\":\"https:\/\/ariale.ro\/index.php\/product\/set-2-fete-de-perna-dulce-visare-ariale-50x70cm-bumbac-ranforce-alb\/\",\"name\":\"Set 2 fete de perna, Dulce Visare Ariale, 50x70cm, bumbac ranforce, alb - Handmade Constanta\",\"isPartOf\":{\"@id\":\"https:\/\/ariale.ro\/#website\"},\"primaryImageOfPage\":{\"@id\":\"https:\/\/ariale.ro\/index.php\/product\/set-2-fete-de-perna-dulce-visare-ariale-50x70cm-bumbac-ranforce-alb\/#primaryimage\"},\"image\":{\"@id\":\"https:\/\/ariale.ro\/index.php\/product\/set-2-fete-de-perna-dulce-visare-ariale-50x70cm-bumbac-ranforce-alb\/#primaryimage\"},\"thumbnailUrl\":\"https:\/\/ariale.ro\/wp-content\/uploads\/2024\/02\/1-6.jpg\",\"datePublished\":\"2024-02-19T17:28:40+00:00\",\"dateModified\":\"2024-04-01T00:00:09+00:00\",\"description\":\"Creat\u0103 cu dragoste in atelierul Ariale, aceast\u0103 colec\u021bie aduce un zambet dulce pe chipul t\u0103u in fiecare sear\u0103.\",\"breadcrumb\":{\"@id\":\"https:\/\/ariale.ro\/index.php\/product\/set-2-fete-de-perna-dulce-visare-ariale-50x70cm-bumbac-ranforce-alb\/#breadcrumb\"},\"inLanguage\":\"ro-RO\",\"potentialAction\":[{\"@type\":\"ReadAction\",\"target\":[\"https:\/\/ariale.ro\/index.php\/product\/set-2-fete-de-perna-dulce-visare-ariale-50x70cm-bumbac-ranforce-alb\/\"]}]},{\"@type\":\"ImageObject\",\"inLanguage\":\"ro-RO\",\"@id\":\"https:\/\/ariale.ro\/index.php\/product\/set-2-fete-de-perna-dulce-visare-ariale-50x70cm-bumbac-ranforce-alb\/#primaryimage\",\"url\":\"https:\/\/ariale.ro\/wp-content\/uploads\/2024\/02\/1-6.jpg\",\"contentUrl\":\"https:\/\/ariale.ro\/wp-content\/uploads\/2024\/02\/1-6.jpg\",\"width\":800,\"height\":700},{\"@type\":\"BreadcrumbList\",\"@id\":\"https:\/\/ariale.ro\/index.php\/product\/set-2-fete-de-perna-dulce-visare-ariale-50x70cm-bumbac-ranforce-alb\/#breadcrumb\",\"itemListElement\":[{\"@type\":\"ListItem\",\"position\":1,\"name\":\"Prima pagin\u0103\",\"item\":\"https:\/\/ariale.ro\/\"},{\"@type\":\"ListItem\",\"position\":2,\"name\":\"Shop\",\"item\":\"https:\/\/ariale.ro\/index.php\/shop\/\"},{\"@type\":\"ListItem\",\"position\":3,\"name\":\"Set 2 fete de perna, Dulce Visare Ariale, 50x70cm, bumbac ranforce, alb\"}]},{\"@type\":\"WebSite\",\"@id\":\"https:\/\/ariale.ro\/#website\",\"url\":\"https:\/\/ariale.ro\/\",\"name\":\"Handmade Constanta\",\"description\":\"Magazin online cu articole lucrate manual in Romania! Transport rapid! Preturi mici! Livrare din Stoc!\",\"potentialAction\":[{\"@type\":\"SearchAction\",\"target\":{\"@type\":\"EntryPoint\",\"urlTemplate\":\"https:\/\/ariale.ro\/?s={search_term_string}\"},\"query-input\":{\"@type\":\"PropertyValueSpecification\",\"valueRequired\":true,\"valueName\":\"search_term_string\"}}],\"inLanguage\":\"ro-RO\"}]}<\/script>\n<!-- \/ Yoast SEO plugin. -->","yoast_head_json":{"title":"Set 2 fete de perna, Dulce Visare Ariale, 50x70cm, bumbac ranforce, alb - Handmade Constanta","description":"Creat\u0103 cu dragoste in atelierul Ariale, aceast\u0103 colec\u021bie aduce un zambet dulce pe chipul t\u0103u in fiecare sear\u0103.","robots":{"index":"index","follow":"follow","max-snippet":"max-snippet:-1","max-image-preview":"max-image-preview:large","max-video-preview":"max-video-preview:-1"},"canonical":"https:\/\/ariale.ro\/index.php\/product\/set-2-fete-de-perna-dulce-visare-ariale-50x70cm-bumbac-ranforce-alb\/","og_locale":"ro_RO","og_type":"article","og_title":"Set 2 fete de perna, Dulce Visare Ariale, 50x70cm, bumbac ranforce, alb - Handmade Constanta","og_description":"Creat\u0103 cu dragoste in atelierul Ariale, aceast\u0103 colec\u021bie aduce un zambet dulce pe chipul t\u0103u in fiecare sear\u0103.","og_url":"https:\/\/ariale.ro\/index.php\/product\/set-2-fete-de-perna-dulce-visare-ariale-50x70cm-bumbac-ranforce-alb\/","og_site_name":"Handmade Constanta","article_modified_time":"2024-04-01T00:00:09+00:00","og_image":[{"width":800,"height":700,"url":"https:\/\/ariale.ro\/wp-content\/uploads\/2024\/02\/1-6.jpg","type":"image\/jpeg"}],"twitter_card":"summary_large_image","twitter_misc":{"Timp estimat pentru citire":"2 minute"},"schema":{"@context":"https:\/\/schema.org","@graph":[{"@type":"WebPage","@id":"https:\/\/ariale.ro\/index.php\/product\/set-2-fete-de-perna-dulce-visare-ariale-50x70cm-bumbac-ranforce-alb\/","url":"https:\/\/ariale.ro\/index.php\/product\/set-2-fete-de-perna-dulce-visare-ariale-50x70cm-bumbac-ranforce-alb\/","name":"Set 2 fete de perna, Dulce Visare Ariale, 50x70cm, bumbac ranforce, alb - Handmade Constanta","isPartOf":{"@id":"https:\/\/ariale.ro\/#website"},"primaryImageOfPage":{"@id":"https:\/\/ariale.ro\/index.php\/product\/set-2-fete-de-perna-dulce-visare-ariale-50x70cm-bumbac-ranforce-alb\/#primaryimage"},"image":{"@id":"https:\/\/ariale.ro\/index.php\/product\/set-2-fete-de-perna-dulce-visare-ariale-50x70cm-bumbac-ranforce-alb\/#primaryimage"},"thumbnailUrl":"https:\/\/ariale.ro\/wp-content\/uploads\/2024\/02\/1-6.jpg","datePublished":"2024-02-19T17:28:40+00:00","dateModified":"2024-04-01T00:00:09+00:00","description":"Creat\u0103 cu dragoste in atelierul Ariale, aceast\u0103 colec\u021bie aduce un zambet dulce pe chipul t\u0103u in fiecare sear\u0103.","breadcrumb":{"@id":"https:\/\/ariale.ro\/index.php\/product\/set-2-fete-de-perna-dulce-visare-ariale-50x70cm-bumbac-ranforce-alb\/#breadcrumb"},"inLanguage":"ro-RO","potentialAction":[{"@type":"ReadAction","target":["https:\/\/ariale.ro\/index.php\/product\/set-2-fete-de-perna-dulce-visare-ariale-50x70cm-bumbac-ranforce-alb\/"]}]},{"@type":"ImageObject","inLanguage":"ro-RO","@id":"https:\/\/ariale.ro\/index.php\/product\/set-2-fete-de-perna-dulce-visare-ariale-50x70cm-bumbac-ranforce-alb\/#primaryimage","url":"https:\/\/ariale.ro\/wp-content\/uploads\/2024\/02\/1-6.jpg","contentUrl":"https:\/\/ariale.ro\/wp-content\/uploads\/2024\/02\/1-6.jpg","width":800,"height":700},{"@type":"BreadcrumbList","@id":"https:\/\/ariale.ro\/index.php\/product\/set-2-fete-de-perna-dulce-visare-ariale-50x70cm-bumbac-ranforce-alb\/#breadcrumb","itemListElement":[{"@type":"ListItem","position":1,"name":"Prima pagin\u0103","item":"https:\/\/ariale.ro\/"},{"@type":"ListItem","position":2,"name":"Shop","item":"https:\/\/ariale.ro\/index.php\/shop\/"},{"@type":"ListItem","position":3,"name":"Set 2 fete de perna, Dulce Visare Ariale, 50x70cm, bumbac ranforce, alb"}]},{"@type":"WebSite","@id":"https:\/\/ariale.ro\/#website","url":"https:\/\/ariale.ro\/","name":"Handmade Constanta","description":"Magazin online cu articole lucrate manual in Romania! Transport rapid! Preturi mici! Livrare din Stoc!","potentialAction":[{"@type":"SearchAction","target":{"@type":"EntryPoint","urlTemplate":"https:\/\/ariale.ro\/?s={search_term_string}"},"query-input":{"@type":"PropertyValueSpecification","valueRequired":true,"valueName":"search_term_string"}}],"inLanguage":"ro-RO"}]}},"_links":{"self":[{"href":"https:\/\/ariale.ro\/index.php\/wp-json\/wp\/v2\/product\/10064","targetHints":{"allow":["GET"]}}],"collection":[{"href":"https:\/\/ariale.ro\/index.php\/wp-json\/wp\/v2\/product"}],"about":[{"href":"https:\/\/ariale.ro\/index.php\/wp-json\/wp\/v2\/types\/product"}],"replies":[{"embeddable":true,"href":"https:\/\/ariale.ro\/index.php\/wp-json\/wp\/v2\/comments?post=10064"}],"wp:featuredmedia":[{"embeddable":true,"href":"https:\/\/ariale.ro\/index.php\/wp-json\/wp\/v2\/media\/10065"}],"wp:attachment":[{"href":"https:\/\/ariale.ro\/index.php\/wp-json\/wp\/v2\/media?parent=10064"}],"wp:term":[{"taxonomy":"product_brand","embeddable":true,"href":"https:\/\/ariale.ro\/index.php\/wp-json\/wp\/v2\/product_brand?post=10064"},{"taxonomy":"product_cat","embeddable":true,"href":"https:\/\/ariale.ro\/index.php\/wp-json\/wp\/v2\/product_cat?post=10064"},{"taxonomy":"product_tag","embeddable":true,"href":"https:\/\/ariale.ro\/index.php\/wp-json\/wp\/v2\/product_tag?post=10064"}],"curies":[{"name":"wp","href":"https:\/\/api.w.org\/{rel}","templated":true}]}}