{"id":10039,"date":"2024-02-14T09:15:08","date_gmt":"2024-02-14T09:15:08","guid":{"rendered":"https:\/\/ariale.ro\/?post_type=product&#038;p=10039"},"modified":"2026-01-19T11:49:28","modified_gmt":"2026-01-19T11:49:28","slug":"fata-de-perna-ancore","status":"publish","type":"product","link":"https:\/\/ariale.ro\/index.php\/product\/fata-de-perna-ancore\/","title":{"rendered":"Fata de perna Ancore"},"content":{"rendered":"<p>Fata de pern\u0103 &#8222;Ancore&#8221; reprezint\u0103 o pies\u0103 de lenjerie de pat excep\u021bional\u0103, confec\u021bionat\u0103 din bumbac ranforce de cea mai \u00eenalt\u0103 calitate. Cu un design maritim fermec\u0103tor, aceast\u0103 fata de perna adaug\u0103 o not\u0103 proasp\u0103t\u0103 \u0219i plin\u0103 de via\u021b\u0103 \u00een orice dormitor.<\/p>\n<p>Fondul alb al fetei de pern\u0103 ofer\u0103 un aspect curat \u0219i luminos, cre\u00e2nd o atmosfer\u0103 relaxant\u0103 \u0219i pl\u0103cut\u0103. Motivele marine subtile, precum b\u0103rci, faruri, timoane, ancore, busole \u0219i p\u0103s\u0103ri \u00een zbor, \u00eempr\u0103\u0219tiate armonios pe \u00eentreaga suprafa\u021b\u0103, aduc o not\u0103 de aventur\u0103 \u0219i romantism. Detaliile fine \u0219i culorile vibrante ale acestor elemente adaug\u0103 un farmec aparte \u0219i un aspect atr\u0103g\u0103tor fetei de pern\u0103.<\/p>\n<p>Bumbacul ranforce, utilizat \u00een fabricarea acestei fete de pern\u0103, confer\u0103 o senza\u021bie de catifelare \u0219i prospe\u021bime la atingere. Materialul de \u00eenalt\u0103 calitate asigur\u0103 durabilitate \u0219i rezisten\u021b\u0103, oferind o experien\u021b\u0103 de dormit confortabil\u0103 \u0219i pl\u0103cut\u0103. Cu aceast\u0103 fata de perna &#8222;Ancore&#8221;, pute\u021bi aduce un strop de poveste marin\u0103 \u00een propriul dormitor, transform\u00e2ndu-l \u00eentr-un spa\u021biu cu adev\u0103rat special \u0219i relaxant.<\/p>\n","protected":false},"excerpt":{"rendered":"<p>Fondul alb al fetei de pern\u0103 ofer\u0103 un aspect curat \u0219i luminos, cre\u00e2nd o atmosfer\u0103 relaxant\u0103 \u0219i pl\u0103cut\u0103. Motivele marine subtile, precum b\u0103rci, faruri, timoane, ancore, busole \u0219i p\u0103s\u0103ri \u00een zbor, \u00eempr\u0103\u0219tiate armonios pe \u00eentreaga suprafa\u021b\u0103, aduc o not\u0103 de aventur\u0103 \u0219i romantism. Detaliile fine \u0219i culorile vibrante ale acestor elemente adaug\u0103 un farmec aparte \u0219i un aspect atr\u0103g\u0103tor fetei de pern\u0103.<\/p>\n","protected":false},"featured_media":10043,"comment_status":"open","ping_status":"closed","template":"","meta":[],"product_brand":[],"product_cat":[292],"product_tag":[],"class_list":{"0":"post-10039","1":"product","2":"type-product","3":"status-publish","4":"has-post-thumbnail","6":"product_cat-soldare","8":"first","9":"instock","10":"sale","11":"shipping-taxable","12":"purchasable","13":"product-type-variable"},"yoast_head":"<!-- This site is optimized with the Yoast SEO plugin v27.2 - https:\/\/yoast.com\/product\/yoast-seo-wordpress\/ -->\n<title>Fata de perna Ancore - Handmade Constanta<\/title>\n<meta name=\"description\" content=\"Fata de pern\u0103 &quot;Ancore&quot; reprezint\u0103 o pies\u0103 de lenjerie de pat excep\u021bional\u0103, confec\u021bionat\u0103 din bumbac ranforce de cea mai \u00eenalt\u0103 calitate.\" \/>\n<meta name=\"robots\" content=\"index, follow, max-snippet:-1, max-image-preview:large, max-video-preview:-1\" \/>\n<link rel=\"canonical\" href=\"https:\/\/ariale.ro\/index.php\/product\/fata-de-perna-ancore\/\" \/>\n<meta property=\"og:locale\" content=\"ro_RO\" \/>\n<meta property=\"og:type\" content=\"article\" \/>\n<meta property=\"og:title\" content=\"Fata de perna Ancore - Handmade Constanta\" \/>\n<meta property=\"og:description\" content=\"Fata de pern\u0103 &quot;Ancore&quot; reprezint\u0103 o pies\u0103 de lenjerie de pat excep\u021bional\u0103, confec\u021bionat\u0103 din bumbac ranforce de cea mai \u00eenalt\u0103 calitate.\" \/>\n<meta property=\"og:url\" content=\"https:\/\/ariale.ro\/index.php\/product\/fata-de-perna-ancore\/\" \/>\n<meta property=\"og:site_name\" content=\"Handmade Constanta\" \/>\n<meta property=\"article:modified_time\" content=\"2026-01-19T11:49:28+00:00\" \/>\n<meta property=\"og:image\" content=\"https:\/\/ariale.ro\/wp-content\/uploads\/2024\/02\/4-3.jpg\" \/>\n\t<meta property=\"og:image:width\" content=\"800\" \/>\n\t<meta property=\"og:image:height\" content=\"700\" \/>\n\t<meta property=\"og:image:type\" content=\"image\/jpeg\" \/>\n<meta name=\"twitter:card\" content=\"summary_large_image\" \/>\n<meta name=\"twitter:label1\" content=\"Timp estimat pentru citire\" \/>\n\t<meta name=\"twitter:data1\" content=\"2 minute\" \/>\n<script type=\"application\/ld+json\" class=\"yoast-schema-graph\">{\"@context\":\"https:\/\/schema.org\",\"@graph\":[{\"@type\":\"WebPage\",\"@id\":\"https:\/\/ariale.ro\/index.php\/product\/fata-de-perna-ancore\/\",\"url\":\"https:\/\/ariale.ro\/index.php\/product\/fata-de-perna-ancore\/\",\"name\":\"Fata de perna Ancore - Handmade Constanta\",\"isPartOf\":{\"@id\":\"https:\/\/ariale.ro\/#website\"},\"primaryImageOfPage\":{\"@id\":\"https:\/\/ariale.ro\/index.php\/product\/fata-de-perna-ancore\/#primaryimage\"},\"image\":{\"@id\":\"https:\/\/ariale.ro\/index.php\/product\/fata-de-perna-ancore\/#primaryimage\"},\"thumbnailUrl\":\"https:\/\/ariale.ro\/wp-content\/uploads\/2024\/02\/4-3.jpg\",\"datePublished\":\"2024-02-14T09:15:08+00:00\",\"dateModified\":\"2026-01-19T11:49:28+00:00\",\"description\":\"Fata de pern\u0103 \\\"Ancore\\\" reprezint\u0103 o pies\u0103 de lenjerie de pat excep\u021bional\u0103, confec\u021bionat\u0103 din bumbac ranforce de cea mai \u00eenalt\u0103 calitate.\",\"breadcrumb\":{\"@id\":\"https:\/\/ariale.ro\/index.php\/product\/fata-de-perna-ancore\/#breadcrumb\"},\"inLanguage\":\"ro-RO\",\"potentialAction\":[{\"@type\":\"ReadAction\",\"target\":[\"https:\/\/ariale.ro\/index.php\/product\/fata-de-perna-ancore\/\"]}]},{\"@type\":\"ImageObject\",\"inLanguage\":\"ro-RO\",\"@id\":\"https:\/\/ariale.ro\/index.php\/product\/fata-de-perna-ancore\/#primaryimage\",\"url\":\"https:\/\/ariale.ro\/wp-content\/uploads\/2024\/02\/4-3.jpg\",\"contentUrl\":\"https:\/\/ariale.ro\/wp-content\/uploads\/2024\/02\/4-3.jpg\",\"width\":800,\"height\":700},{\"@type\":\"BreadcrumbList\",\"@id\":\"https:\/\/ariale.ro\/index.php\/product\/fata-de-perna-ancore\/#breadcrumb\",\"itemListElement\":[{\"@type\":\"ListItem\",\"position\":1,\"name\":\"Prima pagin\u0103\",\"item\":\"https:\/\/ariale.ro\/\"},{\"@type\":\"ListItem\",\"position\":2,\"name\":\"Shop\",\"item\":\"https:\/\/ariale.ro\/index.php\/shop\/\"},{\"@type\":\"ListItem\",\"position\":3,\"name\":\"Fata de perna Ancore\"}]},{\"@type\":\"WebSite\",\"@id\":\"https:\/\/ariale.ro\/#website\",\"url\":\"https:\/\/ariale.ro\/\",\"name\":\"Handmade Constanta\",\"description\":\"Magazin online cu articole lucrate manual in Romania! Transport rapid! Preturi mici! Livrare din Stoc!\",\"potentialAction\":[{\"@type\":\"SearchAction\",\"target\":{\"@type\":\"EntryPoint\",\"urlTemplate\":\"https:\/\/ariale.ro\/?s={search_term_string}\"},\"query-input\":{\"@type\":\"PropertyValueSpecification\",\"valueRequired\":true,\"valueName\":\"search_term_string\"}}],\"inLanguage\":\"ro-RO\"}]}<\/script>\n<!-- \/ Yoast SEO plugin. -->","yoast_head_json":{"title":"Fata de perna Ancore - Handmade Constanta","description":"Fata de pern\u0103 \"Ancore\" reprezint\u0103 o pies\u0103 de lenjerie de pat excep\u021bional\u0103, confec\u021bionat\u0103 din bumbac ranforce de cea mai \u00eenalt\u0103 calitate.","robots":{"index":"index","follow":"follow","max-snippet":"max-snippet:-1","max-image-preview":"max-image-preview:large","max-video-preview":"max-video-preview:-1"},"canonical":"https:\/\/ariale.ro\/index.php\/product\/fata-de-perna-ancore\/","og_locale":"ro_RO","og_type":"article","og_title":"Fata de perna Ancore - Handmade Constanta","og_description":"Fata de pern\u0103 \"Ancore\" reprezint\u0103 o pies\u0103 de lenjerie de pat excep\u021bional\u0103, confec\u021bionat\u0103 din bumbac ranforce de cea mai \u00eenalt\u0103 calitate.","og_url":"https:\/\/ariale.ro\/index.php\/product\/fata-de-perna-ancore\/","og_site_name":"Handmade Constanta","article_modified_time":"2026-01-19T11:49:28+00:00","og_image":[{"width":800,"height":700,"url":"https:\/\/ariale.ro\/wp-content\/uploads\/2024\/02\/4-3.jpg","type":"image\/jpeg"}],"twitter_card":"summary_large_image","twitter_misc":{"Timp estimat pentru citire":"2 minute"},"schema":{"@context":"https:\/\/schema.org","@graph":[{"@type":"WebPage","@id":"https:\/\/ariale.ro\/index.php\/product\/fata-de-perna-ancore\/","url":"https:\/\/ariale.ro\/index.php\/product\/fata-de-perna-ancore\/","name":"Fata de perna Ancore - Handmade Constanta","isPartOf":{"@id":"https:\/\/ariale.ro\/#website"},"primaryImageOfPage":{"@id":"https:\/\/ariale.ro\/index.php\/product\/fata-de-perna-ancore\/#primaryimage"},"image":{"@id":"https:\/\/ariale.ro\/index.php\/product\/fata-de-perna-ancore\/#primaryimage"},"thumbnailUrl":"https:\/\/ariale.ro\/wp-content\/uploads\/2024\/02\/4-3.jpg","datePublished":"2024-02-14T09:15:08+00:00","dateModified":"2026-01-19T11:49:28+00:00","description":"Fata de pern\u0103 \"Ancore\" reprezint\u0103 o pies\u0103 de lenjerie de pat excep\u021bional\u0103, confec\u021bionat\u0103 din bumbac ranforce de cea mai \u00eenalt\u0103 calitate.","breadcrumb":{"@id":"https:\/\/ariale.ro\/index.php\/product\/fata-de-perna-ancore\/#breadcrumb"},"inLanguage":"ro-RO","potentialAction":[{"@type":"ReadAction","target":["https:\/\/ariale.ro\/index.php\/product\/fata-de-perna-ancore\/"]}]},{"@type":"ImageObject","inLanguage":"ro-RO","@id":"https:\/\/ariale.ro\/index.php\/product\/fata-de-perna-ancore\/#primaryimage","url":"https:\/\/ariale.ro\/wp-content\/uploads\/2024\/02\/4-3.jpg","contentUrl":"https:\/\/ariale.ro\/wp-content\/uploads\/2024\/02\/4-3.jpg","width":800,"height":700},{"@type":"BreadcrumbList","@id":"https:\/\/ariale.ro\/index.php\/product\/fata-de-perna-ancore\/#breadcrumb","itemListElement":[{"@type":"ListItem","position":1,"name":"Prima pagin\u0103","item":"https:\/\/ariale.ro\/"},{"@type":"ListItem","position":2,"name":"Shop","item":"https:\/\/ariale.ro\/index.php\/shop\/"},{"@type":"ListItem","position":3,"name":"Fata de perna Ancore"}]},{"@type":"WebSite","@id":"https:\/\/ariale.ro\/#website","url":"https:\/\/ariale.ro\/","name":"Handmade Constanta","description":"Magazin online cu articole lucrate manual in Romania! Transport rapid! Preturi mici! Livrare din Stoc!","potentialAction":[{"@type":"SearchAction","target":{"@type":"EntryPoint","urlTemplate":"https:\/\/ariale.ro\/?s={search_term_string}"},"query-input":{"@type":"PropertyValueSpecification","valueRequired":true,"valueName":"search_term_string"}}],"inLanguage":"ro-RO"}]}},"_links":{"self":[{"href":"https:\/\/ariale.ro\/index.php\/wp-json\/wp\/v2\/product\/10039","targetHints":{"allow":["GET"]}}],"collection":[{"href":"https:\/\/ariale.ro\/index.php\/wp-json\/wp\/v2\/product"}],"about":[{"href":"https:\/\/ariale.ro\/index.php\/wp-json\/wp\/v2\/types\/product"}],"replies":[{"embeddable":true,"href":"https:\/\/ariale.ro\/index.php\/wp-json\/wp\/v2\/comments?post=10039"}],"wp:featuredmedia":[{"embeddable":true,"href":"https:\/\/ariale.ro\/index.php\/wp-json\/wp\/v2\/media\/10043"}],"wp:attachment":[{"href":"https:\/\/ariale.ro\/index.php\/wp-json\/wp\/v2\/media?parent=10039"}],"wp:term":[{"taxonomy":"product_brand","embeddable":true,"href":"https:\/\/ariale.ro\/index.php\/wp-json\/wp\/v2\/product_brand?post=10039"},{"taxonomy":"product_cat","embeddable":true,"href":"https:\/\/ariale.ro\/index.php\/wp-json\/wp\/v2\/product_cat?post=10039"},{"taxonomy":"product_tag","embeddable":true,"href":"https:\/\/ariale.ro\/index.php\/wp-json\/wp\/v2\/product_tag?post=10039"}],"curies":[{"name":"wp","href":"https:\/\/api.w.org\/{rel}","templated":true}]}}