{"id":3,"date":"2022-01-26T15:02:48","date_gmt":"2022-01-26T15:02:48","guid":{"rendered":"https:\/\/ariale.ro\/?page_id=3"},"modified":"2022-05-20T12:36:14","modified_gmt":"2022-05-20T12:36:14","slug":"privacy-policy","status":"publish","type":"page","link":"https:\/\/ariale.ro\/index.php\/privacy-policy\/","title":{"rendered":"Policita de Confidentialitate"},"content":{"rendered":"<section class=\"wpb-content-wrapper\"><p>[vc_row][vc_column][vc_column_text woodmart_inline=&#8221;no&#8221; text_larger=&#8221;no&#8221;]Datele solicitate<br \/>\nConform cerintelor Regulamentului General pentru Protectia Datelor (GDPR &#8211; General Data Protection Regulation (EU) 2016\/679 pentru prelucrarea datelor cu caracter personal si privind libera circulatie a acestor date, Ariale.ro are obligatia de a administra in conditii de siguranta si numai pentru scopurile specificate, datele personale pe care ni le furnizati.<\/p>\n<p>Ariale.ro este un Operator al datelor cu caracter personal pe care dvs. (persoana vizata) ni le transmiteti.<\/p>\n<p>De ce avem nevoie de date<br \/>\nAvem nevoie de datele dvs. cu caracter personal pentru a va putea furniza Serviciile, cu urmatoarele scopuri:<\/p>\n<p>Pentru prelucrarea comenzii si furnizarea produselor si serviciilor dorite;<br \/>\nPentru evaluarea produselor si serviciilor pe care vi le furnizam;<br \/>\nPentru a va oferi acces la functionalitatile site-ului in calitate de utilizator inregistrat;<br \/>\nPentru administrarea site-ului<br \/>\nPentru analiza si imbunatatirea site-ului, a ofertei comerciale si a publicitatii pe care o desfasuram;<br \/>\nPentru a va oferi posibilitatea de a participa la concursuri, promotii;<br \/>\nPentru a va transmite mesaje non-comerciale sau de tip administrativ (privind schimbari in site, contul de utilizator, etc);<br \/>\nPentru a va transmite oferte, promotii, mesaje publicitare si de marketing privind activitatea Ariale.ro, in cazul in care v-ati exprimat acordul in acest sens.<br \/>\nCe vom face cu datele<br \/>\nDatele dvs. cu caracter personal sunt prelucrate la sediul societatii. Gazduirea si stocarea datelor dvs. au loc pe teritoriul Romaniei.<\/p>\n<p>Putem furniza datele dvs. cu caracter personal altor companii cu care ne aflam in relatii de parteneriat, dar numai in temeiul unui angajament de confidentialitate din partea acestora si numai in scopurile mentionate in acest document. Informatiile solicitate in cazul platilor online intra sub incidenta conditiilor de utilizare a procesatorilor de plati, iar Ariale.ro nu va solicita si nu va stoca niciun detaliu referitor la cardul dumneavoastra.<\/p>\n<p>Vom dezvalui informatii daca acest lucru este justificat in scopul de a ne proteja impotriva fraudelor, a ne apara drepturile sau proprietatea. De asemenea, este posibil sa fie necesar sa dezvaluim informatiile dvs. pentru a ne conforma obligatiei legale de a raspunde la cererile legale ale autoritatilor. Datele dvs. cu caracter personal vor fi comunicate doar atunci cand consideram, cu buna credinta, ca avem obligatia de a face acest lucru in conformitate cu legea.<\/p>\n<p>Cat timp pastram datele<br \/>\nVom stoca informatiile dvs. atat timp cat ni se cere prin lege. Daca nu exista nicio cerinta legala, le vom stoca doar atat timp cat este necesar pentru a va putea oferi serviciile noastre. Pe baza unei solicitari trimise catre Ariale.ro prin email la adresa office@ariale.ro sau utilizand optiunile disponibile in contul de utilizator de pe site, ne puteti solicita anularea contului de utilizator si stergerea sau anonimizarea datelor.<\/p>\n<p>Orice date cu caracter personal pe care le detinem in scop de marketing le vom pastra pana in momentul in care ne anuntati ca nu mai doriti sa primiti aceste informari.<\/p>\n<p>Care sunt drepturile dvs.<br \/>\nIn cazul in care considerati ca orice date cu caracter personal ale dvs. pe care noi le detinem sunt incorecte sau incomplete, aveti posibilitatea sa solicitati consultarea, rectificarea sau stergerea acestor informatii. Ne puteti contacta in acest sens prin email la adresa office@ariale.ro.<\/p>\n<p>In cazul in care doriti sa reclamati modul in care am gestionat datele dvs., va rugam sa ne contactati pe email la adresa office@ariale.ro. Vom analiza reclamatia dvs. si vom colabora cu dvs. pentru rezolvarea problemei.<\/p>\n<p>\u00centregul con\u021binut al site-ului &#8211; imagini, texte, grafice, simboluri, elemente de grafic\u0103 web, scripturi, programe, logo-uri, baze de date &#8211; este proprietate personal\u0103 \u0219i a furnizorilor s\u0103i \u0219i este aparat de legea pentru protec\u021bia drepturilor de autor. Folosirea f\u0103r\u0103 acordul nostru direct a oric\u0103ror elemente enumerate mai sus se pedepse\u0219te conform legilor \u00een vigoare. Pentru orice nel\u0103muriri privind drepturile de autor, va rug\u0103m s\u0103 ne contacta\u021bi pe email.<br \/>\nDumneavoastr\u0103, c\u0103 utilizator sunte\u021bi pe deplin acord cu cele de mai sus.<\/p>\n<p>Promo\u021bii \u0219i concursuri<\/p>\n<p>Noi ne stabilim singuri regulamentele promo\u021biilor \u0219i ale concursurilor pe care le organiz\u0103m. Aceste regulamente sunt aduse la cuno\u0219tin\u021b\u0103 eventualilor participan\u021bi numai prin intermediul site-ului propriu,sau prin contractele de publicitate \u00eencheiate de noi \u0219i ter\u021bi. De promo\u021bii beneficiaz\u0103 doar acele comenzi care respect\u0103 \u00eentocmai regulile afi\u0219ate pe site.<\/p>\n<p>Toate cupoanele c\u00e2\u0219tigate la roat\u0103 norocului sau primite prin abonarea la newsletter se aplic\u0103 doar comenzilor cu o valoare minim\u0103 da 140 lei, f\u0103r\u0103 a lua \u00een calcul pre\u021bul transportului.<br \/>\nCadourile gratuite se aplic\u0103 comenzilor a c\u0103ror valoare total\u0103, excluz\u00e2nd costurile cu transportul, este de minim 250 RON.<br \/>\nDe asemenea promo\u021biile se aplic\u0103 doar comenzilor care sunt \u00eenregistrate de c\u0103tre companie \u00een perioada de timp \u00een care promo\u021bia este valida \u0219i numai \u00een limita stocului disponibil.<\/p>\n<p>Nu garant\u0103m disponibilitatea pe stoc a produselor pentru promo\u021bie \u0219i o putem \u00eentrerupe sau anula \u00een orice moment f\u0103r\u0103 nici o notificare prealabil\u0103.<\/p>\n<p>Limitare de responsabilitate<\/p>\n<p>Companiile, produsele sau serviciile men\u021bionate \u00een articolele publicate sunt m\u0103rci \u00eenregistrate ale companiilor respective. Utilizarea oric\u0103rui nume de marca \u00eenregistrat\u0103 este realizat\u0103 doar \u00een scopul analizei \u0219i nu constituie reclam\u0103 pentru compania respectiv\u0103.<br \/>\nNu vom fi responsabili \u00een fa\u021b\u0103 nici unei persoane sau companii care folose\u0219te sau se bazeaz\u0103 pe informa\u021bii sau opinii neconforme con\u021binute de acest site.<\/p>\n<p>De asemenea, nu vom fi r\u0103spunz\u0103tori pentru: orice fel de prejudiciu (direct, indirect, accidental sau nu) ce rezult\u0103 din folosirea sau din incapacitatea de folosire a informa\u021biei prezentate pe site, orice tip de erori sau omisiuni \u00een con\u021binut care pot conduce la orice fel pierderi.<br \/>\nInforma\u021biile pot fi reproduse prin tip\u0103rire numai pentru uz personal.<br \/>\nInforma\u021biile nu pot fi reproduse, distribuite sau transmise altei persoane sau \u00eencorporate \u00een orice fel \u00eentr-un alt document sau material f\u0103r\u0103 permisiunea prealabil\u0103 scris\u0103 a autorilor lor.<\/p>\n<p>Dispute \u0219i Conflicte<\/p>\n<p>Orice tentativ\u0103 de acces neautorizat la site \u0219i orice \u00eencercare de fraud\u0103 va fi raportat\u0103 autorit\u0103\u021bilor competen\u021be. Orice conflict ap\u0103rut \u00eentre companie \u0219i clien\u021bi se \u00eencearc\u0103 a fi rezolvat pe cale amiabil\u0103 prin \u00een\u021belegere \u00eentre cele dou\u0103 p\u0103r\u021bi. \u00cen cazul \u00een care acest lucru nu este posibil se vor aplic\u0103 prevederile legale rom\u00e2ne\u0219ti din acest domeniu iar solu\u021bionarea conflictelor este de compenten\u021ba instan\u021belor rom\u00e2ne\u0219ti.<\/p>\n<p>[\/vc_column_text][\/vc_column][\/vc_row]<\/p>\n<\/section>","protected":false},"excerpt":{"rendered":"<p>[vc_row][vc_column][vc_column_text woodmart_inline=&#8221;no&#8221; text_larger=&#8221;no&#8221;]Datele solicitate Conform cerintelor Regulamentului General pentru Protectia Datelor (GDPR &#8211; General Data Protection Regulation (EU) 2016\/679 pentru<\/p>\n","protected":false},"author":1,"featured_media":0,"parent":0,"menu_order":0,"comment_status":"closed","ping_status":"closed","template":"","meta":{"footnotes":""},"class_list":["post-3","page","type-page","status-publish","hentry"],"yoast_head":"<!-- This site is optimized with the Yoast SEO plugin v27.2 - https:\/\/yoast.com\/product\/yoast-seo-wordpress\/ -->\n<title>Policita de Confidentialitate - Handmade Constanta<\/title>\n<meta name=\"robots\" content=\"index, follow, max-snippet:-1, max-image-preview:large, max-video-preview:-1\" \/>\n<link rel=\"canonical\" href=\"https:\/\/ariale.ro\/index.php\/privacy-policy\/\" \/>\n<meta property=\"og:locale\" content=\"ro_RO\" \/>\n<meta property=\"og:type\" content=\"article\" \/>\n<meta property=\"og:title\" content=\"Policita de Confidentialitate - Handmade Constanta\" \/>\n<meta property=\"og:description\" content=\"[vc_row][vc_column][vc_column_text woodmart_inline=&#8221;no&#8221; text_larger=&#8221;no&#8221;]Datele solicitate Conform cerintelor Regulamentului General pentru Protectia Datelor (GDPR &#8211; General Data Protection Regulation (EU) 2016\/679 pentru\" \/>\n<meta property=\"og:url\" content=\"https:\/\/ariale.ro\/index.php\/privacy-policy\/\" \/>\n<meta property=\"og:site_name\" content=\"Handmade Constanta\" \/>\n<meta property=\"article:modified_time\" content=\"2022-05-20T12:36:14+00:00\" \/>\n<meta name=\"twitter:card\" content=\"summary_large_image\" \/>\n<meta name=\"twitter:label1\" content=\"Timp estimat pentru citire\" \/>\n\t<meta name=\"twitter:data1\" content=\"5 minute\" \/>\n<script type=\"application\/ld+json\" class=\"yoast-schema-graph\">{\"@context\":\"https:\/\/schema.org\",\"@graph\":[{\"@type\":\"WebPage\",\"@id\":\"https:\/\/ariale.ro\/index.php\/privacy-policy\/\",\"url\":\"https:\/\/ariale.ro\/index.php\/privacy-policy\/\",\"name\":\"Policita de Confidentialitate - Handmade Constanta\",\"isPartOf\":{\"@id\":\"https:\/\/ariale.ro\/#website\"},\"datePublished\":\"2022-01-26T15:02:48+00:00\",\"dateModified\":\"2022-05-20T12:36:14+00:00\",\"breadcrumb\":{\"@id\":\"https:\/\/ariale.ro\/index.php\/privacy-policy\/#breadcrumb\"},\"inLanguage\":\"ro-RO\",\"potentialAction\":[{\"@type\":\"ReadAction\",\"target\":[\"https:\/\/ariale.ro\/index.php\/privacy-policy\/\"]}]},{\"@type\":\"BreadcrumbList\",\"@id\":\"https:\/\/ariale.ro\/index.php\/privacy-policy\/#breadcrumb\",\"itemListElement\":[{\"@type\":\"ListItem\",\"position\":1,\"name\":\"Prima pagin\u0103\",\"item\":\"https:\/\/ariale.ro\/\"},{\"@type\":\"ListItem\",\"position\":2,\"name\":\"Policita de Confidentialitate\"}]},{\"@type\":\"WebSite\",\"@id\":\"https:\/\/ariale.ro\/#website\",\"url\":\"https:\/\/ariale.ro\/\",\"name\":\"Handmade Constanta\",\"description\":\"Magazin online cu articole lucrate manual in Romania! Transport rapid! Preturi mici! Livrare din Stoc!\",\"potentialAction\":[{\"@type\":\"SearchAction\",\"target\":{\"@type\":\"EntryPoint\",\"urlTemplate\":\"https:\/\/ariale.ro\/?s={search_term_string}\"},\"query-input\":{\"@type\":\"PropertyValueSpecification\",\"valueRequired\":true,\"valueName\":\"search_term_string\"}}],\"inLanguage\":\"ro-RO\"}]}<\/script>\n<!-- \/ Yoast SEO plugin. -->","yoast_head_json":{"title":"Policita de Confidentialitate - Handmade Constanta","robots":{"index":"index","follow":"follow","max-snippet":"max-snippet:-1","max-image-preview":"max-image-preview:large","max-video-preview":"max-video-preview:-1"},"canonical":"https:\/\/ariale.ro\/index.php\/privacy-policy\/","og_locale":"ro_RO","og_type":"article","og_title":"Policita de Confidentialitate - Handmade Constanta","og_description":"[vc_row][vc_column][vc_column_text woodmart_inline=&#8221;no&#8221; text_larger=&#8221;no&#8221;]Datele solicitate Conform cerintelor Regulamentului General pentru Protectia Datelor (GDPR &#8211; General Data Protection Regulation (EU) 2016\/679 pentru","og_url":"https:\/\/ariale.ro\/index.php\/privacy-policy\/","og_site_name":"Handmade Constanta","article_modified_time":"2022-05-20T12:36:14+00:00","twitter_card":"summary_large_image","twitter_misc":{"Timp estimat pentru citire":"5 minute"},"schema":{"@context":"https:\/\/schema.org","@graph":[{"@type":"WebPage","@id":"https:\/\/ariale.ro\/index.php\/privacy-policy\/","url":"https:\/\/ariale.ro\/index.php\/privacy-policy\/","name":"Policita de Confidentialitate - Handmade Constanta","isPartOf":{"@id":"https:\/\/ariale.ro\/#website"},"datePublished":"2022-01-26T15:02:48+00:00","dateModified":"2022-05-20T12:36:14+00:00","breadcrumb":{"@id":"https:\/\/ariale.ro\/index.php\/privacy-policy\/#breadcrumb"},"inLanguage":"ro-RO","potentialAction":[{"@type":"ReadAction","target":["https:\/\/ariale.ro\/index.php\/privacy-policy\/"]}]},{"@type":"BreadcrumbList","@id":"https:\/\/ariale.ro\/index.php\/privacy-policy\/#breadcrumb","itemListElement":[{"@type":"ListItem","position":1,"name":"Prima pagin\u0103","item":"https:\/\/ariale.ro\/"},{"@type":"ListItem","position":2,"name":"Policita de Confidentialitate"}]},{"@type":"WebSite","@id":"https:\/\/ariale.ro\/#website","url":"https:\/\/ariale.ro\/","name":"Handmade Constanta","description":"Magazin online cu articole lucrate manual in Romania! Transport rapid! Preturi mici! Livrare din Stoc!","potentialAction":[{"@type":"SearchAction","target":{"@type":"EntryPoint","urlTemplate":"https:\/\/ariale.ro\/?s={search_term_string}"},"query-input":{"@type":"PropertyValueSpecification","valueRequired":true,"valueName":"search_term_string"}}],"inLanguage":"ro-RO"}]}},"_links":{"self":[{"href":"https:\/\/ariale.ro\/index.php\/wp-json\/wp\/v2\/pages\/3","targetHints":{"allow":["GET"]}}],"collection":[{"href":"https:\/\/ariale.ro\/index.php\/wp-json\/wp\/v2\/pages"}],"about":[{"href":"https:\/\/ariale.ro\/index.php\/wp-json\/wp\/v2\/types\/page"}],"author":[{"embeddable":true,"href":"https:\/\/ariale.ro\/index.php\/wp-json\/wp\/v2\/users\/1"}],"replies":[{"embeddable":true,"href":"https:\/\/ariale.ro\/index.php\/wp-json\/wp\/v2\/comments?post=3"}],"version-history":[{"count":0,"href":"https:\/\/ariale.ro\/index.php\/wp-json\/wp\/v2\/pages\/3\/revisions"}],"wp:attachment":[{"href":"https:\/\/ariale.ro\/index.php\/wp-json\/wp\/v2\/media?parent=3"}],"curies":[{"name":"wp","href":"https:\/\/api.w.org\/{rel}","templated":true}]}}